{"id":10506,"date":"2025-05-15T15:48:31","date_gmt":"2025-05-15T13:48:31","guid":{"rendered":"https:\/\/beautybusinessholland.com\/datenschutzrichtlinie\/"},"modified":"2025-10-09T09:18:57","modified_gmt":"2025-10-09T07:18:57","slug":"datenschutzrichtlinie","status":"publish","type":"page","link":"https:\/\/beautybusinessholland.com\/de\/datenschutzrichtlinie\/","title":{"rendered":"Datenschutzrichtlinie"},"content":{"rendered":"\t\t<div data-elementor-type=\"wp-page\" data-elementor-id=\"10506\" class=\"elementor elementor-10506 elementor-3180\" data-elementor-post-type=\"page\">\n\t\t\t\t<div class=\"elementor-element elementor-element-f589ed7 e-flex e-con-boxed e-con e-parent\" data-id=\"f589ed7\" data-element_type=\"container\" data-e-type=\"container\">\n\t\t\t\t\t<div class=\"e-con-inner\">\n\t\t<div class=\"elementor-element elementor-element-6a40576 e-con-full e-flex e-con e-child\" data-id=\"6a40576\" data-element_type=\"container\" data-e-type=\"container\">\n\t\t\t\t<div class=\"elementor-element elementor-element-775acfb elementor-widget elementor-widget-heading\" data-id=\"775acfb\" data-element_type=\"widget\" data-e-type=\"widget\" data-widget_type=\"heading.default\">\n\t\t\t\t<div class=\"elementor-widget-container\">\n\t\t\t\t\t<h2 class=\"elementor-heading-title elementor-size-default\">Datenschutzrichtlinie<\/h2>\t\t\t\t<\/div>\n\t\t\t\t<\/div>\n\t\t\t\t<div class=\"elementor-element elementor-element-decdb17 elementor-widget elementor-widget-text-editor\" data-id=\"decdb17\" data-element_type=\"widget\" data-e-type=\"widget\" data-widget_type=\"text-editor.default\">\n\t\t\t\t<div class=\"elementor-widget-container\">\n\t\t\t\t\t\t\t\t\t<p>Diese Datenschutzrichtlinie beschreibt, wie wir Informationen sammeln, verwenden und sch\u00fctzen, die Sie uns bei der Nutzung unserer Website zur Verf\u00fcgung stellen.<\/p>\t\t\t\t\t\t\t\t<\/div>\n\t\t\t\t<\/div>\n\t\t\t\t<div class=\"elementor-element elementor-element-9e2d6c7 privacy-content-section elementor-widget elementor-widget-text-editor\" data-id=\"9e2d6c7\" data-element_type=\"widget\" data-e-type=\"widget\" data-widget_type=\"text-editor.default\">\n\t\t\t\t<div class=\"elementor-widget-container\">\n\t\t\t\t\t\t\t\t\t<p><strong>1. Sammlung von Informationen<\/strong><br>Wir erfassen Informationen, die Sie freiwillig zur Verf\u00fcgung stellen, wie z. B. Ihren Namen, Ihre E-Mail-Adresse und andere Kontaktinformationen, wenn Sie sich f\u00fcr unseren Newsletter anmelden, ein Konto erstellen oder an einer Umfrage oder Werbeaktion teilnehmen. Wir sammeln auch automatisch Informationen \u00fcber Ihre Nutzung unserer Website durch die Verwendung von Cookies und \u00e4hnlichen Technologien. Zu diesen Informationen geh\u00f6ren Ihre IP-Adresse, der Browsertyp, die besuchten Seiten, die Zeit und Dauer Ihres Besuchs sowie die Art und Weise, wie Sie mit unserer Website interagieren.  <\/p>\n<p><strong>2. Verwendung von Informationen<\/strong><br>Wir verwenden die von uns gesammelten Informationen, um:<\/p>\n<ul>\n<li>Verbesserung und Personalisierung unserer Website und Dienstleistungen;<\/li>\n<li>Bereitstellung von Kundendienst und Support;<\/li>\n<li>Aufrechterhaltung der Kommunikation mit Ihnen, einschlie\u00dflich der Zusendung von Updates und Werbeaktionen;<\/li>\n<li>Verbesserung der Sicherheit unserer Website und Verhinderung von Betrug;<\/li>\n<li>Einhaltung gesetzlicher Vorgaben.<\/li>\n<\/ul>\n<p><\/p>\n<p><strong>3. Weitergabe von Informationen<\/strong><br>Ihre personenbezogenen Daten werden nicht verkauft, vermietet oder an Dritte weitergegeben, au\u00dfer in den folgenden F\u00e4llen:<\/p>\n<ul>\n<li>Mit Dienstleistern, die in unserem Auftrag t\u00e4tig sind, wie z. B. Google Analytics, Google Ads und LinkedIn Ads, die uns bei der Analyse und Verbesserung unserer Website unterst\u00fctzen. Diese Anbieter haben nur Zugriff auf Ihre Daten, soweit dies zur Erf\u00fcllung dieser Aufgaben erforderlich ist, und sind verpflichtet, Ihre Daten nicht f\u00fcr andere Zwecke zu verwenden. <\/li>\n<li>Um Gesetzen, rechtlichen Verfahren oder beh\u00f6rdlichen Anfragen nachzukommen.<\/li>\n<\/ul>\n<p><\/p>\n<p><strong>4. Cookies und Tracking-Technologien<\/strong><br>Wir verwenden Cookies und \u00e4hnliche Tracking-Technologien, um Ihre Pr\u00e4ferenzen zu speichern, die Nutzung unserer Website zu analysieren und unsere Marketingbem\u00fchungen zu unterst\u00fctzen. Sie k\u00f6nnen Ihren Browser so einstellen, dass er alle Cookies ablehnt oder anzeigt, wenn ein Cookie gesendet wird. Bitte beachten Sie jedoch, dass einige Teile unserer Website m\u00f6glicherweise nicht richtig funktionieren, wenn Sie Cookies deaktivieren.  <\/p>\n<p><strong>5. Datensicherheit<\/strong><br>Wir nehmen die Sicherheit Ihrer personenbezogenen Daten ernst und ergreifen geeignete technische und organisatorische Ma\u00dfnahmen, um Ihre Daten vor unbefugtem Zugriff, \u00c4nderung, Offenlegung oder Zerst\u00f6rung zu sch\u00fctzen.<\/p>\n<p><strong>6. Ihre Rechte<\/strong><br>Sie haben das Recht auf Auskunft, Berichtigung, L\u00f6schung oder Einschr\u00e4nkung der Verarbeitung Ihrer personenbezogenen Daten. Bitte kontaktieren Sie uns unter <a href=\"mailto:info@beautybusinessholland.com\">info@beautybusinessholland.com<\/a> , wenn Sie diese Rechte aus\u00fcben m\u00f6chten. <\/p>\n<p><strong>7. \u00c4nderungen der Datenschutzerkl\u00e4rung<\/strong><br>Wir behalten uns das Recht vor, diese Datenschutzrichtlinie von Zeit zu Zeit zu aktualisieren. Wir werden alle \u00c4nderungen auf dieser Seite ver\u00f6ffentlichen und, wenn die \u00c4nderungen erheblich sind, einen deutlicheren Hinweis geben. <\/p>\n<p><strong>8. Kontaktdaten<\/strong><br>Wenn Sie Fragen zu dieser Datenschutzrichtlinie oder unserem Umgang mit Ihren personenbezogenen Daten haben, kontaktieren Sie uns bitte unter <a href=\"mailto:info@beautybusinessholland.com\">info@beautybusinessholland.com<\/a>.<\/p>\n<p>Durch die Nutzung unserer Website erkl\u00e4ren Sie sich mit der Erfassung und Verwendung von Informationen gem\u00e4\u00df dieser Datenschutzrichtlinie einverstanden.&nbsp;<\/p>\t\t\t\t\t\t\t\t<\/div>\n\t\t\t\t<\/div>\n\t\t\t\t<\/div>\n\t\t\t\t\t<\/div>\n\t\t\t\t<\/div>\n\t\t\t\t<\/div>\n\t\t","protected":false},"excerpt":{"rendered":"<p>Datenschutzrichtlinie Diese Datenschutzrichtlinie beschreibt, wie wir Informationen sammeln, verwenden und sch\u00fctzen, die Sie uns bei der Nutzung unserer Website zur Verf\u00fcgung stellen. 1. Sammlung von InformationenWir erfassen Informationen, die Sie freiwillig zur Verf\u00fcgung stellen, wie z. B. Ihren Namen, Ihre E-Mail-Adresse und andere Kontaktinformationen, wenn Sie sich f\u00fcr unseren Newsletter anmelden, ein Konto erstellen oder [&hellip;]<\/p>\n","protected":false},"author":1,"featured_media":0,"parent":0,"menu_order":0,"comment_status":"closed","ping_status":"closed","template":"elementor_header_footer","meta":{"_acf_changed":false,"footnotes":""},"class_list":["post-10506","page","type-page","status-publish","hentry"],"acf":[],"yoast_head":"<!-- This site is optimized with the Yoast SEO plugin v27.5 - https:\/\/yoast.com\/product\/yoast-seo-wordpress\/ -->\n<title>Datenschutzrichtlinie - Beauty Business Holland<\/title>\n<meta name=\"robots\" content=\"index, follow, max-snippet:-1, max-image-preview:large, max-video-preview:-1\" \/>\n<link rel=\"canonical\" href=\"https:\/\/beautybusinessholland.com\/de\/datenschutzrichtlinie\/\" \/>\n<meta property=\"og:locale\" content=\"de_DE\" \/>\n<meta property=\"og:type\" content=\"article\" \/>\n<meta property=\"og:title\" content=\"Datenschutzrichtlinie - Beauty Business Holland\" \/>\n<meta property=\"og:description\" content=\"Datenschutzrichtlinie Diese Datenschutzrichtlinie beschreibt, wie wir Informationen sammeln, verwenden und sch\u00fctzen, die Sie uns bei der Nutzung unserer Website zur Verf\u00fcgung stellen. 1. Sammlung von InformationenWir erfassen Informationen, die Sie freiwillig zur Verf\u00fcgung stellen, wie z. B. Ihren Namen, Ihre E-Mail-Adresse und andere Kontaktinformationen, wenn Sie sich f\u00fcr unseren Newsletter anmelden, ein Konto erstellen oder [&hellip;]\" \/>\n<meta property=\"og:url\" content=\"https:\/\/beautybusinessholland.com\/de\/datenschutzrichtlinie\/\" \/>\n<meta property=\"og:site_name\" content=\"Beauty Business Holland\" \/>\n<meta property=\"article:modified_time\" content=\"2025-10-09T07:18:57+00:00\" \/>\n<meta name=\"twitter:card\" content=\"summary_large_image\" \/>\n<meta name=\"twitter:label1\" content=\"Gesch\u00e4tzte Lesezeit\" \/>\n\t<meta name=\"twitter:data1\" content=\"2\u00a0Minute\" \/>\n<!-- \/ Yoast SEO plugin. -->","yoast_head_json":{"title":"Datenschutzrichtlinie - Beauty Business Holland","robots":{"index":"index","follow":"follow","max-snippet":"max-snippet:-1","max-image-preview":"max-image-preview:large","max-video-preview":"max-video-preview:-1"},"canonical":"https:\/\/beautybusinessholland.com\/de\/datenschutzrichtlinie\/","og_locale":"de_DE","og_type":"article","og_title":"Datenschutzrichtlinie - Beauty Business Holland","og_description":"Datenschutzrichtlinie Diese Datenschutzrichtlinie beschreibt, wie wir Informationen sammeln, verwenden und sch\u00fctzen, die Sie uns bei der Nutzung unserer Website zur Verf\u00fcgung stellen. 1. Sammlung von InformationenWir erfassen Informationen, die Sie freiwillig zur Verf\u00fcgung stellen, wie z. B. Ihren Namen, Ihre E-Mail-Adresse und andere Kontaktinformationen, wenn Sie sich f\u00fcr unseren Newsletter anmelden, ein Konto erstellen oder [&hellip;]","og_url":"https:\/\/beautybusinessholland.com\/de\/datenschutzrichtlinie\/","og_site_name":"Beauty Business Holland","article_modified_time":"2025-10-09T07:18:57+00:00","twitter_card":"summary_large_image","twitter_misc":{"Gesch\u00e4tzte Lesezeit":"2\u00a0Minute"},"schema":{"@context":"https:\/\/schema.org","@graph":[{"@type":"WebPage","@id":"https:\/\/beautybusinessholland.com\/de\/datenschutzrichtlinie\/","url":"https:\/\/beautybusinessholland.com\/de\/datenschutzrichtlinie\/","name":"Datenschutzrichtlinie - Beauty Business Holland","isPartOf":{"@id":"https:\/\/beautybusinessholland.com\/de\/#website"},"datePublished":"2025-05-15T13:48:31+00:00","dateModified":"2025-10-09T07:18:57+00:00","breadcrumb":{"@id":"https:\/\/beautybusinessholland.com\/de\/datenschutzrichtlinie\/#breadcrumb"},"inLanguage":"de","potentialAction":[{"@type":"ReadAction","target":["https:\/\/beautybusinessholland.com\/de\/datenschutzrichtlinie\/"]}]},{"@type":"BreadcrumbList","@id":"https:\/\/beautybusinessholland.com\/de\/datenschutzrichtlinie\/#breadcrumb","itemListElement":[{"@type":"ListItem","position":1,"name":"Heim","item":"https:\/\/beautybusinessholland.com\/de\/"},{"@type":"ListItem","position":2,"name":"Datenschutzrichtlinie"}]},{"@type":"WebSite","@id":"https:\/\/beautybusinessholland.com\/de\/#website","url":"https:\/\/beautybusinessholland.com\/de\/","name":"Beauty Business Holland","description":"Beauty &amp; Health Care","publisher":{"@id":"https:\/\/beautybusinessholland.com\/de\/#organization"},"potentialAction":[{"@type":"SearchAction","target":{"@type":"EntryPoint","urlTemplate":"https:\/\/beautybusinessholland.com\/de\/?s={search_term_string}"},"query-input":{"@type":"PropertyValueSpecification","valueRequired":true,"valueName":"search_term_string"}}],"inLanguage":"de"},{"@type":"Organization","@id":"https:\/\/beautybusinessholland.com\/de\/#organization","name":"Beauty Business Holland","url":"https:\/\/beautybusinessholland.com\/de\/","logo":{"@type":"ImageObject","inLanguage":"de","@id":"https:\/\/beautybusinessholland.com\/de\/#\/schema\/logo\/image\/","url":"https:\/\/beautybusinessholland.com\/wp-content\/uploads\/2025\/04\/email-logo.png","contentUrl":"https:\/\/beautybusinessholland.com\/wp-content\/uploads\/2025\/04\/email-logo.png","width":300,"height":79,"caption":"Beauty Business Holland"},"image":{"@id":"https:\/\/beautybusinessholland.com\/de\/#\/schema\/logo\/image\/"}}]}},"_links":{"self":[{"href":"https:\/\/beautybusinessholland.com\/de\/wp-json\/wp\/v2\/pages\/10506","targetHints":{"allow":["GET"]}}],"collection":[{"href":"https:\/\/beautybusinessholland.com\/de\/wp-json\/wp\/v2\/pages"}],"about":[{"href":"https:\/\/beautybusinessholland.com\/de\/wp-json\/wp\/v2\/types\/page"}],"author":[{"embeddable":true,"href":"https:\/\/beautybusinessholland.com\/de\/wp-json\/wp\/v2\/users\/1"}],"replies":[{"embeddable":true,"href":"https:\/\/beautybusinessholland.com\/de\/wp-json\/wp\/v2\/comments?post=10506"}],"version-history":[{"count":0,"href":"https:\/\/beautybusinessholland.com\/de\/wp-json\/wp\/v2\/pages\/10506\/revisions"}],"wp:attachment":[{"href":"https:\/\/beautybusinessholland.com\/de\/wp-json\/wp\/v2\/media?parent=10506"}],"curies":[{"name":"wp","href":"https:\/\/api.w.org\/{rel}","templated":true}]}}