{"id":10517,"date":"2025-05-16T13:22:09","date_gmt":"2025-05-16T11:22:09","guid":{"rendered":"https:\/\/beautybusinessholland.com\/allgemeine-mietbedingungen\/"},"modified":"2025-10-09T09:18:58","modified_gmt":"2025-10-09T07:18:58","slug":"allgemeine-mietbedingungen","status":"publish","type":"page","link":"https:\/\/beautybusinessholland.com\/de\/allgemeine-mietbedingungen\/","title":{"rendered":"Allgemeine Mietbedingungen"},"content":{"rendered":"\t\t<div data-elementor-type=\"wp-page\" data-elementor-id=\"10517\" class=\"elementor elementor-10517 elementor-3486\" data-elementor-post-type=\"page\">\n\t\t\t\t<div class=\"elementor-element elementor-element-4551e11 e-flex e-con-boxed e-con e-parent\" data-id=\"4551e11\" data-element_type=\"container\" data-e-type=\"container\">\n\t\t\t\t\t<div class=\"e-con-inner\">\n\t\t\t\t<div class=\"elementor-element elementor-element-2777bfe elementor-widget elementor-widget-heading\" data-id=\"2777bfe\" data-element_type=\"widget\" data-e-type=\"widget\" data-widget_type=\"heading.default\">\n\t\t\t\t<div class=\"elementor-widget-container\">\n\t\t\t\t\t<h2 class=\"elementor-heading-title elementor-size-default\">ALLGEMEINE MIETBEDINGUNGEN<\/h2>\t\t\t\t<\/div>\n\t\t\t\t<\/div>\n\t\t<div class=\"elementor-element elementor-element-e05a5cd e-con-full e-flex e-con e-child\" data-id=\"e05a5cd\" data-element_type=\"container\" data-e-type=\"container\">\n\t\t\t\t<div class=\"elementor-element elementor-element-609bc50 elementor-widget elementor-widget-heading\" data-id=\"609bc50\" data-element_type=\"widget\" data-e-type=\"widget\" data-widget_type=\"heading.default\">\n\t\t\t\t<div class=\"elementor-widget-container\">\n\t\t\t\t\t<h3 class=\"elementor-heading-title elementor-size-default\">1. Nutzung, Wartung und Reparatur<\/h3>\t\t\t\t<\/div>\n\t\t\t\t<\/div>\n\t\t\t\t<div class=\"elementor-element elementor-element-2af45c4 elementor-widget elementor-widget-text-editor\" data-id=\"2af45c4\" data-element_type=\"widget\" data-e-type=\"widget\" data-widget_type=\"text-editor.default\">\n\t\t\t\t<div class=\"elementor-widget-container\">\n\t\t\t\t\t\t\t\t\t<p><strong>1.1<\/strong> Der Mieter ist verpflichtet, die gemieteten R\u00e4umlichkeiten in \u00dcbereinstimmung mit allen geltenden Gesetzen und Vorschriften sowie Anforderungen und Vorschriften von Versorgungsunternehmen, die Gas, Wasser und\/oder Strom liefern, zu nutzen. Es liegt in der Verantwortung des Mieters, alle erforderlichen Genehmigungen, Genehmigungen und\/oder Ausnahmegenehmigungen bereitzustellen. <\/p><p><b>1.2<\/b> Der Mieter ist verpflichtet, die Mietsache pfleglich zu behandeln.<\/p><p><b>1.3<\/b> Der Mieter hat die vom Vermieter festgelegten Anforderungen und Vorschriften in Bezug auf die Instandhaltung und Nutzung des Mietobjekts einzuhalten.<\/p><p><b>1.4<\/b> F\u00fchrt der Mieter trotz schriftlicher Inverzugsetzung die in seiner Verantwortung liegenden Reparaturarbeiten nicht innerhalb einer angemessenen Frist in der Inverzugsetzung durch, kann der Vermieter die Arbeiten auf Kosten und Gefahr des Mieters durchf\u00fchren lassen.<\/p><p><b>1.5<\/b> Reparaturarbeiten, die nach dem Gesetz und dem Mietvertrag nicht zu Lasten des Mieters gehen, gehen zu Lasten des Vermieters. Der Mieter wird dem Vermieter die erforderlichen Wartungsarbeiten rechtzeitig melden und der Vermieter wird die Arbeiten innerhalb einer angemessenen Frist durchf\u00fchren. <\/p><p><b>1.6<\/b> Der Mieter hat dem Vermieter jederzeit Gelegenheit zu geben, allf\u00e4llige Wartungen und Reparaturen durchzuf\u00fchren.<\/p>\t\t\t\t\t\t\t\t<\/div>\n\t\t\t\t<\/div>\n\t\t\t\t<div class=\"elementor-element elementor-element-7baf68d elementor-widget elementor-widget-heading\" data-id=\"7baf68d\" data-element_type=\"widget\" data-e-type=\"widget\" data-widget_type=\"heading.default\">\n\t\t\t\t<div class=\"elementor-widget-container\">\n\t\t\t\t\t<h3 class=\"elementor-heading-title elementor-size-default\">2. Miete, Kaution und Steuern<\/h3>\t\t\t\t<\/div>\n\t\t\t\t<\/div>\n\t\t\t\t<div class=\"elementor-element elementor-element-8ba8ebc elementor-widget elementor-widget-text-editor\" data-id=\"8ba8ebc\" data-element_type=\"widget\" data-e-type=\"widget\" data-widget_type=\"text-editor.default\">\n\t\t\t\t<div class=\"elementor-widget-container\">\n\t\t\t\t\t\t\t\t\t<p><b>2.1<\/b> Der Vermieter hat das Recht, die Miete j\u00e4hrlich auf der Grundlage des Verbraucherpreisindex (VPI) zu erh\u00f6hen, der von der niederl\u00e4ndischen Statistik (CBS) ver\u00f6ffentlicht wird, und zwar erstmals am 1. Januar des Jahres, das auf das Jahr folgt, in dem der Mietvertrag abgeschlossen wurde, und danach j\u00e4hrlich am 1. Januar.<\/p><p><b>2.2<\/b> Der Vermieter kann eine Anpassung des Mietzinses vornehmen, ohne den Mieter vorher dar\u00fcber informieren zu m\u00fcssen.<\/p><p><b>2.3<\/b> Der Vermieter beh\u00e4lt sich das Recht vor, abgelaufene Mietraten sowie die Kosten f\u00fcr notwendige Reparaturen von der Kaution abzuziehen.<\/p><p><b>2.4<\/b> Alle Steuern, die in Bezug auf das Mietobjekt erhoben werden, gehen zu Lasten des Mieters, auch wenn sie dem Vermieter in Rechnung gestellt werden. Der Mieter zahlt diese Steuern auf erstes Anfordern des Vermieters. Wenn der Mieter die genannten Geb\u00fchren nicht innerhalb von 7 Tagen nach der ersten Aufforderung des Vermieters bezahlt hat, ist er von Rechts wegen in Verzug.    <\/p>\t\t\t\t\t\t\t\t<\/div>\n\t\t\t\t<\/div>\n\t\t\t\t<div class=\"elementor-element elementor-element-bd9b110 elementor-widget elementor-widget-heading\" data-id=\"bd9b110\" data-element_type=\"widget\" data-e-type=\"widget\" data-widget_type=\"heading.default\">\n\t\t\t\t<div class=\"elementor-widget-container\">\n\t\t\t\t\t<h3 class=\"elementor-heading-title elementor-size-default\">3. Haftung<\/h3>\t\t\t\t<\/div>\n\t\t\t\t<\/div>\n\t\t\t\t<div class=\"elementor-element elementor-element-e5ede43 elementor-widget elementor-widget-text-editor\" data-id=\"e5ede43\" data-element_type=\"widget\" data-e-type=\"widget\" data-widget_type=\"text-editor.default\">\n\t\t\t\t<div class=\"elementor-widget-container\">\n\t\t\t\t\t\t\t\t\t<p><b>3.1<\/b> Der Mieter haftet f\u00fcr alle Sch\u00e4den an der Mietsache, es sei denn, er weist nach, dass er und die Personen, f\u00fcr die er gegen\u00fcber dem Vermieter verantwortlich ist und\/oder haftet, kein Verschulden an der Entstehung des Schadens trifft.<\/p><p><b>3.2<\/b> Die Bestimmungen des ersten Absatzes ber\u00fchren nicht die Tatsache, dass der Mieter gesetzlich und durch den Mietvertrag verpflichtet ist, bestimmte Gegenst\u00e4nde des Mietobjekts zu warten, zu reparieren und\/oder zu ersetzen.<\/p><p><b>3.3<\/b> Der Vermieter haftet nicht f\u00fcr Sch\u00e4den, die dem Mieter durch M\u00e4ngel der Mietsache entstehen, es sei denn, (i) diese M\u00e4ngel waren dem Vermieter zu Beginn des Mietverh\u00e4ltnisses bekannt oder (ii) die M\u00e4ngel sind dem Vermieter aufgrund einer gesetzlichen Verpflichtung zuzurechnen.  <\/p><p><b>3.4<\/b> Der Vermieter haftet nicht f\u00fcr Sch\u00e4den, die dem Mieter infolge von M\u00e4ngeln an \u00c4nderungen oder Erg\u00e4nzungen des Mietgegenstandes durch den Mieter entstehen.<\/p><p><b>3.5<\/b> Der Vermieter haftet nicht f\u00fcr Sch\u00e4den, die durch Ursachen verursacht werden, die au\u00dferhalb der Kontrolle des Vermieters liegen, wie z. B. Frost, Sturm, Blitzschlag, Unruhen, bewaffnete Konflikte, Naturkatastrophen und andere Katastrophen.<\/p><p><b>3.6<\/b> Der Vermieter haftet nicht f\u00fcr den Gesch\u00e4ftsverlust des Mieters, es sei denn, es handelt sich um einen Handelsverlust, der auf Vorsatz oder grober Fahrl\u00e4ssigkeit des Vermieters selbst beruht.  <\/p>\t\t\t\t\t\t\t\t<\/div>\n\t\t\t\t<\/div>\n\t\t\t\t<div class=\"elementor-element elementor-element-dd43877 elementor-widget elementor-widget-heading\" data-id=\"dd43877\" data-element_type=\"widget\" data-e-type=\"widget\" data-widget_type=\"heading.default\">\n\t\t\t\t<div class=\"elementor-widget-container\">\n\t\t\t\t\t<h3 class=\"elementor-heading-title elementor-size-default\">4. Mieter in Verzug<\/h3>\t\t\t\t<\/div>\n\t\t\t\t<\/div>\n\t\t\t\t<div class=\"elementor-element elementor-element-cd60eb2 elementor-widget elementor-widget-text-editor\" data-id=\"cd60eb2\" data-element_type=\"widget\" data-e-type=\"widget\" data-widget_type=\"text-editor.default\">\n\t\t\t\t<div class=\"elementor-widget-container\">\n\t\t\t\t\t\t\t\t\t<p><b>4.1<\/b> Kommt der Mieter seinen Verpflichtungen aus dem Mietvertrag nicht nach, wird der Vermieter den Mieter in Verzug setzen, wobei dem Mieter eine angemessene Frist zur Erf\u00fcllung gesetzt wird, es sei denn, die Einhaltung ist (seiner Natur nach) dauerhaft unm\u00f6glich. Ist die Einhaltung dauerhaft unm\u00f6glich oder wird die Einhaltung nach Inverzugsetzung immer noch nicht rechtzeitig erbracht, kann der Vermieter: <\/p><p><b>4.1.1<\/b> das Mietverh\u00e4ltnis vorzeitig zu beenden; und\/oder<\/p><p><b>4.1.2<\/b> Dem Mieter eine sofort f\u00e4llige Vertragsstrafe in H\u00f6he von EUR 2.000 aufzuerlegen.  <\/p>\t\t\t\t\t\t\t\t<\/div>\n\t\t\t\t<\/div>\n\t\t\t\t<div class=\"elementor-element elementor-element-e68775d elementor-widget elementor-widget-heading\" data-id=\"e68775d\" data-element_type=\"widget\" data-e-type=\"widget\" data-widget_type=\"heading.default\">\n\t\t\t\t<div class=\"elementor-widget-container\">\n\t\t\t\t\t<h3 class=\"elementor-heading-title elementor-size-default\">5. Mietende und Lieferung<\/h3>\t\t\t\t<\/div>\n\t\t\t\t<\/div>\n\t\t\t\t<div class=\"elementor-element elementor-element-41c4bc2 elementor-widget elementor-widget-text-editor\" data-id=\"41c4bc2\" data-element_type=\"widget\" data-e-type=\"widget\" data-widget_type=\"text-editor.default\">\n\t\t\t\t<div class=\"elementor-widget-container\">\n\t\t\t\t\t\t\t\t\t<p><b>5.1<\/b> Bei Beendigung des Mietverh\u00e4ltnisses wird der Mieter die Mietr\u00e4ume in dem Zustand an den Vermieter \u00fcbergeben, wie er im offiziellen \u00dcbergabeprotokoll beschrieben ist, unter Ber\u00fccksichtigung normaler Abnutzung und Alterung.<\/p><p><b>5.2<\/b> Der Vermieter k\u00fcmmert sich selbst um die Lieferung und\/oder R\u00fcckgabe der Mietsache.<\/p><p><b>5.3<\/b> Hat der Mieter die M\u00e4ngel nicht rechtzeitig und vollst\u00e4ndig behoben oder die Mietsache bei Beendigung des Mietverh\u00e4ltnisses nicht gem\u00e4\u00df der Regelung in Absatz 1 geliefert, ist der Vermieter berechtigt, diese auf Kosten des Mieters selbst durchf\u00fchren zu lassen.<\/p><p><b>5.4<\/b> Der Mietvertrag endet auch im Falle der Zahlungseinstellung oder des Konkurses des Mieters.  <\/p>\t\t\t\t\t\t\t\t<\/div>\n\t\t\t\t<\/div>\n\t\t\t\t<div class=\"elementor-element elementor-element-24f3380 elementor-widget elementor-widget-heading\" data-id=\"24f3380\" data-element_type=\"widget\" data-e-type=\"widget\" data-widget_type=\"heading.default\">\n\t\t\t\t<div class=\"elementor-widget-container\">\n\t\t\t\t\t<h3 class=\"elementor-heading-title elementor-size-default\">6. Sonstiges<\/h3>\t\t\t\t<\/div>\n\t\t\t\t<\/div>\n\t\t\t\t<div class=\"elementor-element elementor-element-451c2f7 elementor-widget elementor-widget-text-editor\" data-id=\"451c2f7\" data-element_type=\"widget\" data-e-type=\"widget\" data-widget_type=\"text-editor.default\">\n\t\t\t\t<div class=\"elementor-widget-container\">\n\t\t\t\t\t\t\t\t\t<p><b>6.1<\/b> Sollte ein Teil des Mietverh\u00e4ltnisses nichtig oder anfechtbar sein, so bleiben die \u00fcbrigen Bestimmungen des Mietvertrages hiervon unber\u00fchrt. In diesem Fall wird eine Bestimmung, die nichtig oder anfechtbar ist, durch eine Bestimmung ersetzt, die dem am n\u00e4chsten kommt, was die Parteien beim Abschluss des Mietvertrags in diesem Punkt im Sinn hatten. <\/p><p><b>6.2<\/b> Der Mietvertrag und diese Allgemeinen Mietbedingungen unterliegen niederl\u00e4ndischem Recht.<\/p><p><b>6.3<\/b> Alle Streitigkeiten, die sich zwischen den Parteien aus oder im Zusammenhang mit dem Mietvertrag ergeben, werden dem Bezirksgericht Midden-Nederland vorgelegt.  <\/p>\t\t\t\t\t\t\t\t<\/div>\n\t\t\t\t<\/div>\n\t\t\t\t<div class=\"elementor-element elementor-element-2dfebf1 elementor-widget elementor-widget-heading\" data-id=\"2dfebf1\" data-element_type=\"widget\" data-e-type=\"widget\" data-widget_type=\"heading.default\">\n\t\t\t\t<div class=\"elementor-widget-container\">\n\t\t\t\t\t<h3 class=\"elementor-heading-title elementor-size-default\">7. Elektronische Signatur<\/h3>\t\t\t\t<\/div>\n\t\t\t\t<\/div>\n\t\t\t\t<div class=\"elementor-element elementor-element-d798086 elementor-widget elementor-widget-text-editor\" data-id=\"d798086\" data-element_type=\"widget\" data-e-type=\"widget\" data-widget_type=\"text-editor.default\">\n\t\t\t\t<div class=\"elementor-widget-container\">\n\t\t\t\t\t\t\t\t\t<p><b>7.1<\/b> Die Parteien vereinbaren, dass diese Vereinbarung elektronisch unterzeichnet werden kann.<\/p><p><b>7.2<\/b> Elektronische Signaturen, die im Rahmen dieser Vereinbarung platziert werden, haben gem\u00e4\u00df den Bestimmungen der eIDAS-Verordnung die gleiche Rechts- und Bindungskraft wie handschriftliche Unterschriften.<\/p><p><b>7.3<\/b> Die Parteien erkennen an, dass die elektronische Signatur ein g\u00fcltiger Beweis f\u00fcr ihre Zustimmung zum Vertragsgegenstand ist.<\/p><p><b>7.4<\/b> Verk\u00e4ufer und K\u00e4ufer erkl\u00e4ren, dass die unterzeichnete digitale Version dieses Vertrags als Originaldokument gilt.  <\/p>\t\t\t\t\t\t\t\t<\/div>\n\t\t\t\t<\/div>\n\t\t\t\t<\/div>\n\t\t\t\t\t<\/div>\n\t\t\t\t<\/div>\n\t\t\t\t<\/div>\n\t\t","protected":false},"excerpt":{"rendered":"<p>ALLGEMEINE MIETBEDINGUNGEN 1. Nutzung, Wartung und Reparatur 1.1 Der Mieter ist verpflichtet, die gemieteten R\u00e4umlichkeiten in \u00dcbereinstimmung mit allen geltenden Gesetzen und Vorschriften sowie Anforderungen und Vorschriften von Versorgungsunternehmen, die Gas, Wasser und\/oder Strom liefern, zu nutzen. Es liegt in der Verantwortung des Mieters, alle erforderlichen Genehmigungen, Genehmigungen und\/oder Ausnahmegenehmigungen bereitzustellen. 1.2 Der Mieter ist [&hellip;]<\/p>\n","protected":false},"author":1,"featured_media":0,"parent":0,"menu_order":0,"comment_status":"closed","ping_status":"closed","template":"elementor_header_footer","meta":{"_acf_changed":false,"footnotes":""},"class_list":["post-10517","page","type-page","status-publish","hentry"],"acf":[],"yoast_head":"<!-- This site is optimized with the Yoast SEO plugin v27.5 - https:\/\/yoast.com\/product\/yoast-seo-wordpress\/ -->\n<title>Allgemeine Mietbedingungen - Beauty Business Holland<\/title>\n<meta name=\"robots\" content=\"index, follow, max-snippet:-1, max-image-preview:large, max-video-preview:-1\" \/>\n<link rel=\"canonical\" href=\"https:\/\/beautybusinessholland.com\/de\/allgemeine-mietbedingungen\/\" \/>\n<meta property=\"og:locale\" content=\"de_DE\" \/>\n<meta property=\"og:type\" content=\"article\" \/>\n<meta property=\"og:title\" content=\"Allgemeine Mietbedingungen - Beauty Business Holland\" \/>\n<meta property=\"og:description\" content=\"ALLGEMEINE MIETBEDINGUNGEN 1. Nutzung, Wartung und Reparatur 1.1 Der Mieter ist verpflichtet, die gemieteten R\u00e4umlichkeiten in \u00dcbereinstimmung mit allen geltenden Gesetzen und Vorschriften sowie Anforderungen und Vorschriften von Versorgungsunternehmen, die Gas, Wasser und\/oder Strom liefern, zu nutzen. Es liegt in der Verantwortung des Mieters, alle erforderlichen Genehmigungen, Genehmigungen und\/oder Ausnahmegenehmigungen bereitzustellen. 1.2 Der Mieter ist [&hellip;]\" \/>\n<meta property=\"og:url\" content=\"https:\/\/beautybusinessholland.com\/de\/allgemeine-mietbedingungen\/\" \/>\n<meta property=\"og:site_name\" content=\"Beauty Business Holland\" \/>\n<meta property=\"article:modified_time\" content=\"2025-10-09T07:18:58+00:00\" \/>\n<meta name=\"twitter:card\" content=\"summary_large_image\" \/>\n<meta name=\"twitter:label1\" content=\"Gesch\u00e4tzte Lesezeit\" \/>\n\t<meta name=\"twitter:data1\" content=\"4\u00a0Minute\" \/>\n<!-- \/ Yoast SEO plugin. -->","yoast_head_json":{"title":"Allgemeine Mietbedingungen - Beauty Business Holland","robots":{"index":"index","follow":"follow","max-snippet":"max-snippet:-1","max-image-preview":"max-image-preview:large","max-video-preview":"max-video-preview:-1"},"canonical":"https:\/\/beautybusinessholland.com\/de\/allgemeine-mietbedingungen\/","og_locale":"de_DE","og_type":"article","og_title":"Allgemeine Mietbedingungen - Beauty Business Holland","og_description":"ALLGEMEINE MIETBEDINGUNGEN 1. Nutzung, Wartung und Reparatur 1.1 Der Mieter ist verpflichtet, die gemieteten R\u00e4umlichkeiten in \u00dcbereinstimmung mit allen geltenden Gesetzen und Vorschriften sowie Anforderungen und Vorschriften von Versorgungsunternehmen, die Gas, Wasser und\/oder Strom liefern, zu nutzen. Es liegt in der Verantwortung des Mieters, alle erforderlichen Genehmigungen, Genehmigungen und\/oder Ausnahmegenehmigungen bereitzustellen. 1.2 Der Mieter ist [&hellip;]","og_url":"https:\/\/beautybusinessholland.com\/de\/allgemeine-mietbedingungen\/","og_site_name":"Beauty Business Holland","article_modified_time":"2025-10-09T07:18:58+00:00","twitter_card":"summary_large_image","twitter_misc":{"Gesch\u00e4tzte Lesezeit":"4\u00a0Minute"},"schema":{"@context":"https:\/\/schema.org","@graph":[{"@type":"WebPage","@id":"https:\/\/beautybusinessholland.com\/de\/allgemeine-mietbedingungen\/","url":"https:\/\/beautybusinessholland.com\/de\/allgemeine-mietbedingungen\/","name":"Allgemeine Mietbedingungen - Beauty Business Holland","isPartOf":{"@id":"https:\/\/beautybusinessholland.com\/de\/#website"},"datePublished":"2025-05-16T11:22:09+00:00","dateModified":"2025-10-09T07:18:58+00:00","breadcrumb":{"@id":"https:\/\/beautybusinessholland.com\/de\/allgemeine-mietbedingungen\/#breadcrumb"},"inLanguage":"de","potentialAction":[{"@type":"ReadAction","target":["https:\/\/beautybusinessholland.com\/de\/allgemeine-mietbedingungen\/"]}]},{"@type":"BreadcrumbList","@id":"https:\/\/beautybusinessholland.com\/de\/allgemeine-mietbedingungen\/#breadcrumb","itemListElement":[{"@type":"ListItem","position":1,"name":"Heim","item":"https:\/\/beautybusinessholland.com\/de\/"},{"@type":"ListItem","position":2,"name":"Allgemeine Mietbedingungen"}]},{"@type":"WebSite","@id":"https:\/\/beautybusinessholland.com\/de\/#website","url":"https:\/\/beautybusinessholland.com\/de\/","name":"Beauty Business Holland","description":"Beauty &amp; Health Care","publisher":{"@id":"https:\/\/beautybusinessholland.com\/de\/#organization"},"potentialAction":[{"@type":"SearchAction","target":{"@type":"EntryPoint","urlTemplate":"https:\/\/beautybusinessholland.com\/de\/?s={search_term_string}"},"query-input":{"@type":"PropertyValueSpecification","valueRequired":true,"valueName":"search_term_string"}}],"inLanguage":"de"},{"@type":"Organization","@id":"https:\/\/beautybusinessholland.com\/de\/#organization","name":"Beauty Business Holland","url":"https:\/\/beautybusinessholland.com\/de\/","logo":{"@type":"ImageObject","inLanguage":"de","@id":"https:\/\/beautybusinessholland.com\/de\/#\/schema\/logo\/image\/","url":"https:\/\/beautybusinessholland.com\/wp-content\/uploads\/2025\/04\/email-logo.png","contentUrl":"https:\/\/beautybusinessholland.com\/wp-content\/uploads\/2025\/04\/email-logo.png","width":300,"height":79,"caption":"Beauty Business Holland"},"image":{"@id":"https:\/\/beautybusinessholland.com\/de\/#\/schema\/logo\/image\/"}}]}},"_links":{"self":[{"href":"https:\/\/beautybusinessholland.com\/de\/wp-json\/wp\/v2\/pages\/10517","targetHints":{"allow":["GET"]}}],"collection":[{"href":"https:\/\/beautybusinessholland.com\/de\/wp-json\/wp\/v2\/pages"}],"about":[{"href":"https:\/\/beautybusinessholland.com\/de\/wp-json\/wp\/v2\/types\/page"}],"author":[{"embeddable":true,"href":"https:\/\/beautybusinessholland.com\/de\/wp-json\/wp\/v2\/users\/1"}],"replies":[{"embeddable":true,"href":"https:\/\/beautybusinessholland.com\/de\/wp-json\/wp\/v2\/comments?post=10517"}],"version-history":[{"count":0,"href":"https:\/\/beautybusinessholland.com\/de\/wp-json\/wp\/v2\/pages\/10517\/revisions"}],"wp:attachment":[{"href":"https:\/\/beautybusinessholland.com\/de\/wp-json\/wp\/v2\/media?parent=10517"}],"curies":[{"name":"wp","href":"https:\/\/api.w.org\/{rel}","templated":true}]}}