{"id":10326,"date":"2025-04-28T13:50:25","date_gmt":"2025-04-28T11:50:25","guid":{"rendered":"https:\/\/beautybusinessholland.com\/product\/alexandrit-korea\/"},"modified":"2025-10-15T13:33:23","modified_gmt":"2025-10-15T11:33:23","slug":"alexandrite-korea","status":"publish","type":"product","link":"https:\/\/beautybusinessholland.com\/de\/produkt\/alexandrite-korea\/","title":{"rendered":"Alexandrite Korea"},"content":{"rendered":"<p>Der Alexandrite Korea ist ein Premium-Dual-Wellenl\u00e4ngen-Lasersystem, das speziell f\u00fcr fortschrittliche Haarentfernungs- und Pigmentierungsbehandlungen bei allen Hauttypen entwickelt wurde. Mit einer leistungsstarken Kombination aus 755 nm Alexandrit und 1064 nm Nd:YAG bietet dieses System maximale Effektivit\u00e4t und Sicherheit. Der innovative Hybrid-Modus pulsiert beide Wellenl\u00e4ngen nacheinander und erm\u00f6glicht so eine genauere Abstimmung der Behandlungen auf Hauttyp und Pigmentdichte. Dank des Skin Cooling Spray (SCS) wird die Haut aktiv gesch\u00fctzt und der Komfort erh\u00f6ht, auch bei h\u00f6heren Energiedosen. Mit Spotgr\u00f6\u00dfen von 2 bis 20 mm, automatischer Temperatur\u00fcberwachung und einem ergonomischen Handst\u00fcck ist der Alexandrite Korea auf Geschwindigkeit, Leistung und Benutzerfreundlichkeit ausgelegt. Diese fortschrittliche Technologie garantiert schnellere Sitzungen und lang anhaltende Ergebnisse.     <\/p>\n","protected":false},"excerpt":{"rendered":"<p><span class=\"NormalTextRun SCXW101633561 BCX0\">Der <\/span><span class=\"FindHit SCXW101633561 BCX0\">Alexandrite Korea<\/span><span class=\"NormalTextRun SCXW101633561 BCX0\"> ist ein Premium-Dual-Wellenl\u00e4ngen-Lasersystem, das speziell f\u00fcr die fortschrittliche Haarentfernung entwickelt wurde<\/span><\/p>\n","protected":false},"featured_media":10328,"template":"","meta":{"_acf_changed":false,"footnotes":""},"product_brand":[],"product_cat":[107,108],"product_tag":[],"class_list":{"0":"post-10326","1":"product","2":"type-product","3":"status-publish","4":"has-post-thumbnail","6":"product_cat-alexandrit","7":"product_cat-alle-ausrustungen","9":"first","10":"instock","11":"shipping-taxable","12":"purchasable","13":"product-type-simple"},"acf":[],"yoast_head":"<!-- This site is optimized with the Yoast SEO plugin v27.3 - https:\/\/yoast.com\/product\/yoast-seo-wordpress\/ -->\n<title>Alexandrite Korea - Beauty Business Holland<\/title>\n<meta name=\"robots\" content=\"index, follow, max-snippet:-1, max-image-preview:large, max-video-preview:-1\" \/>\n<link rel=\"canonical\" href=\"https:\/\/beautybusinessholland.com\/de\/produkt\/alexandrite-korea\/\" \/>\n<meta property=\"og:locale\" content=\"de_DE\" \/>\n<meta property=\"og:type\" content=\"article\" \/>\n<meta property=\"og:title\" content=\"Alexandrite Korea - Beauty Business Holland\" \/>\n<meta property=\"og:description\" content=\"Der Alexandrite Korea ist ein Premium-Dual-Wellenl\u00e4ngen-Lasersystem, das speziell f\u00fcr die fortschrittliche Haarentfernung entwickelt wurde\" \/>\n<meta property=\"og:url\" content=\"https:\/\/beautybusinessholland.com\/de\/produkt\/alexandrite-korea\/\" \/>\n<meta property=\"og:site_name\" content=\"Beauty Business Holland\" \/>\n<meta property=\"article:modified_time\" content=\"2025-10-15T11:33:23+00:00\" \/>\n<meta property=\"og:image\" content=\"https:\/\/beautybusinessholland.com\/wp-content\/uploads\/2025\/04\/alexandrite-korea1.png\" \/>\n\t<meta property=\"og:image:width\" content=\"1200\" \/>\n\t<meta property=\"og:image:height\" content=\"1200\" \/>\n\t<meta property=\"og:image:type\" content=\"image\/png\" \/>\n<meta name=\"twitter:card\" content=\"summary_large_image\" \/>\n<meta name=\"twitter:label1\" content=\"Gesch\u00e4tzte Lesezeit\" \/>\n\t<meta name=\"twitter:data1\" content=\"1\u00a0Minute\" \/>\n<script type=\"application\/ld+json\" class=\"yoast-schema-graph\">{\"@context\":\"https:\\\/\\\/schema.org\",\"@graph\":[{\"@type\":\"WebPage\",\"@id\":\"https:\\\/\\\/beautybusinessholland.com\\\/de\\\/produkt\\\/alexandrite-korea\\\/\",\"url\":\"https:\\\/\\\/beautybusinessholland.com\\\/de\\\/produkt\\\/alexandrite-korea\\\/\",\"name\":\"Alexandrite Korea - Beauty Business Holland\",\"isPartOf\":{\"@id\":\"https:\\\/\\\/beautybusinessholland.com\\\/de\\\/#website\"},\"primaryImageOfPage\":{\"@id\":\"https:\\\/\\\/beautybusinessholland.com\\\/de\\\/produkt\\\/alexandrite-korea\\\/#primaryimage\"},\"image\":{\"@id\":\"https:\\\/\\\/beautybusinessholland.com\\\/de\\\/produkt\\\/alexandrite-korea\\\/#primaryimage\"},\"thumbnailUrl\":\"https:\\\/\\\/beautybusinessholland.com\\\/wp-content\\\/uploads\\\/2025\\\/04\\\/alexandrite-korea1.png\",\"datePublished\":\"2025-04-28T11:50:25+00:00\",\"dateModified\":\"2025-10-15T11:33:23+00:00\",\"breadcrumb\":{\"@id\":\"https:\\\/\\\/beautybusinessholland.com\\\/de\\\/produkt\\\/alexandrite-korea\\\/#breadcrumb\"},\"inLanguage\":\"de\",\"potentialAction\":[{\"@type\":\"ReadAction\",\"target\":[\"https:\\\/\\\/beautybusinessholland.com\\\/de\\\/produkt\\\/alexandrite-korea\\\/\"]}]},{\"@type\":\"ImageObject\",\"inLanguage\":\"de\",\"@id\":\"https:\\\/\\\/beautybusinessholland.com\\\/de\\\/produkt\\\/alexandrite-korea\\\/#primaryimage\",\"url\":\"https:\\\/\\\/beautybusinessholland.com\\\/wp-content\\\/uploads\\\/2025\\\/04\\\/alexandrite-korea1.png\",\"contentUrl\":\"https:\\\/\\\/beautybusinessholland.com\\\/wp-content\\\/uploads\\\/2025\\\/04\\\/alexandrite-korea1.png\",\"width\":1200,\"height\":1200},{\"@type\":\"BreadcrumbList\",\"@id\":\"https:\\\/\\\/beautybusinessholland.com\\\/de\\\/produkt\\\/alexandrite-korea\\\/#breadcrumb\",\"itemListElement\":[{\"@type\":\"ListItem\",\"position\":1,\"name\":\"Heim\",\"item\":\"https:\\\/\\\/beautybusinessholland.com\\\/de\\\/beauty-business-holland\\\/\"},{\"@type\":\"ListItem\",\"position\":2,\"name\":\"Laden\",\"item\":\"https:\\\/\\\/beautybusinessholland.com\\\/winkel\\\/\"},{\"@type\":\"ListItem\",\"position\":3,\"name\":\"Alexandrite Korea\"}]},{\"@type\":\"WebSite\",\"@id\":\"https:\\\/\\\/beautybusinessholland.com\\\/de\\\/#website\",\"url\":\"https:\\\/\\\/beautybusinessholland.com\\\/de\\\/\",\"name\":\"Beauty Business Holland\",\"description\":\"Beauty &amp; Health Care\",\"publisher\":{\"@id\":\"https:\\\/\\\/beautybusinessholland.com\\\/de\\\/#organization\"},\"potentialAction\":[{\"@type\":\"SearchAction\",\"target\":{\"@type\":\"EntryPoint\",\"urlTemplate\":\"https:\\\/\\\/beautybusinessholland.com\\\/de\\\/?s={search_term_string}\"},\"query-input\":{\"@type\":\"PropertyValueSpecification\",\"valueRequired\":true,\"valueName\":\"search_term_string\"}}],\"inLanguage\":\"de\"},{\"@type\":\"Organization\",\"@id\":\"https:\\\/\\\/beautybusinessholland.com\\\/de\\\/#organization\",\"name\":\"Beauty Business Holland\",\"url\":\"https:\\\/\\\/beautybusinessholland.com\\\/de\\\/\",\"logo\":{\"@type\":\"ImageObject\",\"inLanguage\":\"de\",\"@id\":\"https:\\\/\\\/beautybusinessholland.com\\\/de\\\/#\\\/schema\\\/logo\\\/image\\\/\",\"url\":\"https:\\\/\\\/beautybusinessholland.com\\\/wp-content\\\/uploads\\\/2025\\\/04\\\/email-logo.png\",\"contentUrl\":\"https:\\\/\\\/beautybusinessholland.com\\\/wp-content\\\/uploads\\\/2025\\\/04\\\/email-logo.png\",\"width\":300,\"height\":79,\"caption\":\"Beauty Business Holland\"},\"image\":{\"@id\":\"https:\\\/\\\/beautybusinessholland.com\\\/de\\\/#\\\/schema\\\/logo\\\/image\\\/\"}}]}<\/script>\n<!-- \/ Yoast SEO plugin. -->","yoast_head_json":{"title":"Alexandrite Korea - Beauty Business Holland","robots":{"index":"index","follow":"follow","max-snippet":"max-snippet:-1","max-image-preview":"max-image-preview:large","max-video-preview":"max-video-preview:-1"},"canonical":"https:\/\/beautybusinessholland.com\/de\/produkt\/alexandrite-korea\/","og_locale":"de_DE","og_type":"article","og_title":"Alexandrite Korea - Beauty Business Holland","og_description":"Der Alexandrite Korea ist ein Premium-Dual-Wellenl\u00e4ngen-Lasersystem, das speziell f\u00fcr die fortschrittliche Haarentfernung entwickelt wurde","og_url":"https:\/\/beautybusinessholland.com\/de\/produkt\/alexandrite-korea\/","og_site_name":"Beauty Business Holland","article_modified_time":"2025-10-15T11:33:23+00:00","og_image":[{"width":1200,"height":1200,"url":"https:\/\/beautybusinessholland.com\/wp-content\/uploads\/2025\/04\/alexandrite-korea1.png","type":"image\/png"}],"twitter_card":"summary_large_image","twitter_misc":{"Gesch\u00e4tzte Lesezeit":"1\u00a0Minute"},"schema":{"@context":"https:\/\/schema.org","@graph":[{"@type":"WebPage","@id":"https:\/\/beautybusinessholland.com\/de\/produkt\/alexandrite-korea\/","url":"https:\/\/beautybusinessholland.com\/de\/produkt\/alexandrite-korea\/","name":"Alexandrite Korea - Beauty Business Holland","isPartOf":{"@id":"https:\/\/beautybusinessholland.com\/de\/#website"},"primaryImageOfPage":{"@id":"https:\/\/beautybusinessholland.com\/de\/produkt\/alexandrite-korea\/#primaryimage"},"image":{"@id":"https:\/\/beautybusinessholland.com\/de\/produkt\/alexandrite-korea\/#primaryimage"},"thumbnailUrl":"https:\/\/beautybusinessholland.com\/wp-content\/uploads\/2025\/04\/alexandrite-korea1.png","datePublished":"2025-04-28T11:50:25+00:00","dateModified":"2025-10-15T11:33:23+00:00","breadcrumb":{"@id":"https:\/\/beautybusinessholland.com\/de\/produkt\/alexandrite-korea\/#breadcrumb"},"inLanguage":"de","potentialAction":[{"@type":"ReadAction","target":["https:\/\/beautybusinessholland.com\/de\/produkt\/alexandrite-korea\/"]}]},{"@type":"ImageObject","inLanguage":"de","@id":"https:\/\/beautybusinessholland.com\/de\/produkt\/alexandrite-korea\/#primaryimage","url":"https:\/\/beautybusinessholland.com\/wp-content\/uploads\/2025\/04\/alexandrite-korea1.png","contentUrl":"https:\/\/beautybusinessholland.com\/wp-content\/uploads\/2025\/04\/alexandrite-korea1.png","width":1200,"height":1200},{"@type":"BreadcrumbList","@id":"https:\/\/beautybusinessholland.com\/de\/produkt\/alexandrite-korea\/#breadcrumb","itemListElement":[{"@type":"ListItem","position":1,"name":"Heim","item":"https:\/\/beautybusinessholland.com\/de\/beauty-business-holland\/"},{"@type":"ListItem","position":2,"name":"Laden","item":"https:\/\/beautybusinessholland.com\/winkel\/"},{"@type":"ListItem","position":3,"name":"Alexandrite Korea"}]},{"@type":"WebSite","@id":"https:\/\/beautybusinessholland.com\/de\/#website","url":"https:\/\/beautybusinessholland.com\/de\/","name":"Beauty Business Holland","description":"Beauty &amp; Health Care","publisher":{"@id":"https:\/\/beautybusinessholland.com\/de\/#organization"},"potentialAction":[{"@type":"SearchAction","target":{"@type":"EntryPoint","urlTemplate":"https:\/\/beautybusinessholland.com\/de\/?s={search_term_string}"},"query-input":{"@type":"PropertyValueSpecification","valueRequired":true,"valueName":"search_term_string"}}],"inLanguage":"de"},{"@type":"Organization","@id":"https:\/\/beautybusinessholland.com\/de\/#organization","name":"Beauty Business Holland","url":"https:\/\/beautybusinessholland.com\/de\/","logo":{"@type":"ImageObject","inLanguage":"de","@id":"https:\/\/beautybusinessholland.com\/de\/#\/schema\/logo\/image\/","url":"https:\/\/beautybusinessholland.com\/wp-content\/uploads\/2025\/04\/email-logo.png","contentUrl":"https:\/\/beautybusinessholland.com\/wp-content\/uploads\/2025\/04\/email-logo.png","width":300,"height":79,"caption":"Beauty Business Holland"},"image":{"@id":"https:\/\/beautybusinessholland.com\/de\/#\/schema\/logo\/image\/"}}]}},"_links":{"self":[{"href":"https:\/\/beautybusinessholland.com\/de\/wp-json\/wp\/v2\/product\/10326","targetHints":{"allow":["GET"]}}],"collection":[{"href":"https:\/\/beautybusinessholland.com\/de\/wp-json\/wp\/v2\/product"}],"about":[{"href":"https:\/\/beautybusinessholland.com\/de\/wp-json\/wp\/v2\/types\/product"}],"version-history":[{"count":0,"href":"https:\/\/beautybusinessholland.com\/de\/wp-json\/wp\/v2\/product\/10326\/revisions"}],"wp:featuredmedia":[{"embeddable":true,"href":"https:\/\/beautybusinessholland.com\/de\/wp-json\/wp\/v2\/media\/10328"}],"wp:attachment":[{"href":"https:\/\/beautybusinessholland.com\/de\/wp-json\/wp\/v2\/media?parent=10326"}],"wp:term":[{"taxonomy":"product_brand","embeddable":true,"href":"https:\/\/beautybusinessholland.com\/de\/wp-json\/wp\/v2\/product_brand?post=10326"},{"taxonomy":"product_cat","embeddable":true,"href":"https:\/\/beautybusinessholland.com\/de\/wp-json\/wp\/v2\/product_cat?post=10326"},{"taxonomy":"product_tag","embeddable":true,"href":"https:\/\/beautybusinessholland.com\/de\/wp-json\/wp\/v2\/product_tag?post=10326"}],"curies":[{"name":"wp","href":"https:\/\/api.w.org\/{rel}","templated":true}]}}