{"id":10367,"date":"2025-06-13T14:48:35","date_gmt":"2025-06-13T12:48:35","guid":{"rendered":"https:\/\/beautybusinessholland.com\/product\/premium-haarpflege-set\/"},"modified":"2025-12-02T17:39:42","modified_gmt":"2025-12-02T16:39:42","slug":"premium-hair-care-set","status":"publish","type":"product","link":"https:\/\/beautybusinessholland.com\/de\/produkt\/premium-hair-care-set\/","title":{"rendered":"Premium Hair Care Set"},"content":{"rendered":"<p><strong>Premium-Haarpflege mit Vedder LAB<\/strong><br \/>\n<em>Hergestellt in den Niederlanden<\/em><\/p>\n<p>Erleben Sie eine fortschrittliche Kopfhautpflege mit unserem Hyalurons\u00e4ure-Toner-Set, das speziell f\u00fcr eine sanfte und dennoch gr\u00fcndliche Reinigung entwickelt wurde. Dieser mit Hyalurons\u00e4ure angereicherte Toner wurde entwickelt, um den Feuchtigkeitsgehalt der Kopfhaut und des Haares wiederherzustellen und gleichzeitig gesunde Haarfollikel zu unterst\u00fctzen. F\u00fcr ein optimales Ergebnis in Kombination mit Aqua Peeling und Oxygen Jet Behandlungen verwenden. <\/p>\n<p>Schenken Sie Ihrer Kopfhaut eine gr\u00fcndliche Reinigung, erfrischende Reinheit und lang anhaltende Feuchtigkeit.<\/p>\n","protected":false},"excerpt":{"rendered":"<p>Erleben Sie eine fortschrittliche Kopfhautpflege mit unserem Hyalurons\u00e4ure-Toner-Set, das speziell f\u00fcr eine sanfte und dennoch gr\u00fcndliche Reinigung entwickelt wurde.<\/p>\n","protected":false},"featured_media":10368,"template":"","meta":{"_acf_changed":false,"footnotes":""},"product_brand":[],"product_cat":[114],"product_tag":[],"class_list":{"0":"post-10367","1":"product","2":"type-product","3":"status-publish","4":"has-post-thumbnail","6":"product_cat-garnituren","8":"first","9":"instock","10":"shipping-taxable","11":"purchasable","12":"product-type-simple"},"acf":[],"yoast_head":"<!-- This site is optimized with the Yoast SEO plugin v27.3 - https:\/\/yoast.com\/product\/yoast-seo-wordpress\/ -->\n<title>Premium Hair Care Set - Beauty Business Holland<\/title>\n<meta name=\"robots\" content=\"index, follow, max-snippet:-1, max-image-preview:large, max-video-preview:-1\" \/>\n<link rel=\"canonical\" href=\"https:\/\/beautybusinessholland.com\/de\/produkt\/premium-hair-care-set\/\" \/>\n<meta property=\"og:locale\" content=\"de_DE\" \/>\n<meta property=\"og:type\" content=\"article\" \/>\n<meta property=\"og:title\" content=\"Premium Hair Care Set - Beauty Business Holland\" \/>\n<meta property=\"og:description\" content=\"Erleben Sie eine fortschrittliche Kopfhautpflege mit unserem Hyalurons\u00e4ure-Toner-Set, das speziell f\u00fcr eine sanfte und dennoch gr\u00fcndliche Reinigung entwickelt wurde.\" \/>\n<meta property=\"og:url\" content=\"https:\/\/beautybusinessholland.com\/de\/produkt\/premium-hair-care-set\/\" \/>\n<meta property=\"og:site_name\" content=\"Beauty Business Holland\" \/>\n<meta property=\"article:modified_time\" content=\"2025-12-02T16:39:42+00:00\" \/>\n<meta property=\"og:image\" content=\"https:\/\/beautybusinessholland.com\/wp-content\/uploads\/2025\/06\/beauty-business-holland-premium-haircare-set.jpg\" \/>\n\t<meta property=\"og:image:width\" content=\"1400\" \/>\n\t<meta property=\"og:image:height\" content=\"1400\" \/>\n\t<meta property=\"og:image:type\" content=\"image\/jpeg\" \/>\n<meta name=\"twitter:card\" content=\"summary_large_image\" \/>\n<meta name=\"twitter:label1\" content=\"Gesch\u00e4tzte Lesezeit\" \/>\n\t<meta name=\"twitter:data1\" content=\"1\u00a0Minute\" \/>\n<!-- \/ Yoast SEO plugin. -->","yoast_head_json":{"title":"Premium Hair Care Set - Beauty Business Holland","robots":{"index":"index","follow":"follow","max-snippet":"max-snippet:-1","max-image-preview":"max-image-preview:large","max-video-preview":"max-video-preview:-1"},"canonical":"https:\/\/beautybusinessholland.com\/de\/produkt\/premium-hair-care-set\/","og_locale":"de_DE","og_type":"article","og_title":"Premium Hair Care Set - Beauty Business Holland","og_description":"Erleben Sie eine fortschrittliche Kopfhautpflege mit unserem Hyalurons\u00e4ure-Toner-Set, das speziell f\u00fcr eine sanfte und dennoch gr\u00fcndliche Reinigung entwickelt wurde.","og_url":"https:\/\/beautybusinessholland.com\/de\/produkt\/premium-hair-care-set\/","og_site_name":"Beauty Business Holland","article_modified_time":"2025-12-02T16:39:42+00:00","og_image":[{"width":1400,"height":1400,"url":"https:\/\/beautybusinessholland.com\/wp-content\/uploads\/2025\/06\/beauty-business-holland-premium-haircare-set.jpg","type":"image\/jpeg"}],"twitter_card":"summary_large_image","twitter_misc":{"Gesch\u00e4tzte Lesezeit":"1\u00a0Minute"},"schema":{"@context":"https:\/\/schema.org","@graph":[{"@type":"WebPage","@id":"https:\/\/beautybusinessholland.com\/de\/produkt\/premium-hair-care-set\/","url":"https:\/\/beautybusinessholland.com\/de\/produkt\/premium-hair-care-set\/","name":"Premium Hair Care Set - Beauty Business Holland","isPartOf":{"@id":"https:\/\/beautybusinessholland.com\/de\/#website"},"primaryImageOfPage":{"@id":"https:\/\/beautybusinessholland.com\/de\/produkt\/premium-hair-care-set\/#primaryimage"},"image":{"@id":"https:\/\/beautybusinessholland.com\/de\/produkt\/premium-hair-care-set\/#primaryimage"},"thumbnailUrl":"https:\/\/beautybusinessholland.com\/wp-content\/uploads\/2025\/06\/beauty-business-holland-premium-haircare-set.jpg","datePublished":"2025-06-13T12:48:35+00:00","dateModified":"2025-12-02T16:39:42+00:00","breadcrumb":{"@id":"https:\/\/beautybusinessholland.com\/de\/produkt\/premium-hair-care-set\/#breadcrumb"},"inLanguage":"de","potentialAction":[{"@type":"ReadAction","target":["https:\/\/beautybusinessholland.com\/de\/produkt\/premium-hair-care-set\/"]}]},{"@type":"ImageObject","inLanguage":"de","@id":"https:\/\/beautybusinessholland.com\/de\/produkt\/premium-hair-care-set\/#primaryimage","url":"https:\/\/beautybusinessholland.com\/wp-content\/uploads\/2025\/06\/beauty-business-holland-premium-haircare-set.jpg","contentUrl":"https:\/\/beautybusinessholland.com\/wp-content\/uploads\/2025\/06\/beauty-business-holland-premium-haircare-set.jpg","width":1400,"height":1400},{"@type":"BreadcrumbList","@id":"https:\/\/beautybusinessholland.com\/de\/produkt\/premium-hair-care-set\/#breadcrumb","itemListElement":[{"@type":"ListItem","position":1,"name":"Heim","item":"https:\/\/beautybusinessholland.com\/de\/beauty-business-holland\/"},{"@type":"ListItem","position":2,"name":"Laden","item":"https:\/\/beautybusinessholland.com\/winkel\/"},{"@type":"ListItem","position":3,"name":"Premium Hair Care Set"}]},{"@type":"WebSite","@id":"https:\/\/beautybusinessholland.com\/de\/#website","url":"https:\/\/beautybusinessholland.com\/de\/","name":"Beauty Business Holland","description":"Beauty &amp; Health Care","publisher":{"@id":"https:\/\/beautybusinessholland.com\/de\/#organization"},"potentialAction":[{"@type":"SearchAction","target":{"@type":"EntryPoint","urlTemplate":"https:\/\/beautybusinessholland.com\/de\/?s={search_term_string}"},"query-input":{"@type":"PropertyValueSpecification","valueRequired":true,"valueName":"search_term_string"}}],"inLanguage":"de"},{"@type":"Organization","@id":"https:\/\/beautybusinessholland.com\/de\/#organization","name":"Beauty Business Holland","url":"https:\/\/beautybusinessholland.com\/de\/","logo":{"@type":"ImageObject","inLanguage":"de","@id":"https:\/\/beautybusinessholland.com\/de\/#\/schema\/logo\/image\/","url":"https:\/\/beautybusinessholland.com\/wp-content\/uploads\/2025\/04\/email-logo.png","contentUrl":"https:\/\/beautybusinessholland.com\/wp-content\/uploads\/2025\/04\/email-logo.png","width":300,"height":79,"caption":"Beauty Business Holland"},"image":{"@id":"https:\/\/beautybusinessholland.com\/de\/#\/schema\/logo\/image\/"}}]}},"_links":{"self":[{"href":"https:\/\/beautybusinessholland.com\/de\/wp-json\/wp\/v2\/product\/10367","targetHints":{"allow":["GET"]}}],"collection":[{"href":"https:\/\/beautybusinessholland.com\/de\/wp-json\/wp\/v2\/product"}],"about":[{"href":"https:\/\/beautybusinessholland.com\/de\/wp-json\/wp\/v2\/types\/product"}],"version-history":[{"count":0,"href":"https:\/\/beautybusinessholland.com\/de\/wp-json\/wp\/v2\/product\/10367\/revisions"}],"wp:featuredmedia":[{"embeddable":true,"href":"https:\/\/beautybusinessholland.com\/de\/wp-json\/wp\/v2\/media\/10368"}],"wp:attachment":[{"href":"https:\/\/beautybusinessholland.com\/de\/wp-json\/wp\/v2\/media?parent=10367"}],"wp:term":[{"taxonomy":"product_brand","embeddable":true,"href":"https:\/\/beautybusinessholland.com\/de\/wp-json\/wp\/v2\/product_brand?post=10367"},{"taxonomy":"product_cat","embeddable":true,"href":"https:\/\/beautybusinessholland.com\/de\/wp-json\/wp\/v2\/product_cat?post=10367"},{"taxonomy":"product_tag","embeddable":true,"href":"https:\/\/beautybusinessholland.com\/de\/wp-json\/wp\/v2\/product_tag?post=10367"}],"curies":[{"name":"wp","href":"https:\/\/api.w.org\/{rel}","templated":true}]}}