{"id":10400,"date":"2025-08-21T13:32:32","date_gmt":"2025-08-21T11:32:32","guid":{"rendered":"https:\/\/beautybusinessholland.com\/product\/detox-pod\/"},"modified":"2025-11-18T11:35:34","modified_gmt":"2025-11-18T10:35:34","slug":"detox-pod","status":"publish","type":"product","link":"https:\/\/beautybusinessholland.com\/de\/produkt\/detox-pod\/","title":{"rendered":"Detox Pod"},"content":{"rendered":"<p>Der <strong><b>Detox Pod Oxygen Facial<\/b><\/strong> repariert und verj\u00fcngt die Haut durch starke Antioxidantien wie Rotalgen, Retinol und Ferulas\u00e4ure. Diese Behandlung reduziert feine Linien, sch\u00fctzt vor sch\u00e4dlichen \u00e4u\u00dferen Einfl\u00fcssen und verleiht der Haut ein gesundes, frisches Aussehen. Perfekt als <strong><b>Anti-Aging-Detox-Behandlung<\/b><\/strong>.  <\/p>\n","protected":false},"excerpt":{"rendered":"<p>Der Detox Pod Oxygen Facial repariert und verj\u00fcngt die Haut durch starke Antioxidantien wie Rotalgen, Retinol und Ferulas\u00e4ure. Diese Behandlung reduziert feine Linien, sch\u00fctzt vor sch\u00e4dlichen \u00e4u\u00dferen Einfl\u00fcssen und verleiht der Haut ein gesundes, frisches Aussehen. Perfekt als Anti-Aging-Detox-Behandlung.<\/p>\n","protected":false},"featured_media":10402,"template":"","meta":{"_acf_changed":false,"footnotes":""},"product_brand":[],"product_cat":[116],"product_tag":[],"class_list":{"0":"post-10400","1":"product","2":"type-product","3":"status-publish","4":"has-post-thumbnail","6":"product_cat-sauerstoff-pods","8":"first","9":"instock","10":"shipping-taxable","11":"purchasable","12":"product-type-simple"},"acf":[],"yoast_head":"<!-- This site is optimized with the Yoast SEO plugin v27.5 - https:\/\/yoast.com\/product\/yoast-seo-wordpress\/ -->\n<title>Detox Pod - Beauty Business Holland<\/title>\n<meta name=\"robots\" content=\"index, follow, max-snippet:-1, max-image-preview:large, max-video-preview:-1\" \/>\n<link rel=\"canonical\" href=\"https:\/\/beautybusinessholland.com\/de\/produkt\/detox-pod\/\" \/>\n<meta property=\"og:locale\" content=\"de_DE\" \/>\n<meta property=\"og:type\" content=\"article\" \/>\n<meta property=\"og:title\" content=\"Detox Pod - Beauty Business Holland\" \/>\n<meta property=\"og:description\" content=\"Der Detox Pod Oxygen Facial repariert und verj\u00fcngt die Haut durch starke Antioxidantien wie Rotalgen, Retinol und Ferulas\u00e4ure. Diese Behandlung reduziert feine Linien, sch\u00fctzt vor sch\u00e4dlichen \u00e4u\u00dferen Einfl\u00fcssen und verleiht der Haut ein gesundes, frisches Aussehen. Perfekt als Anti-Aging-Detox-Behandlung.\" \/>\n<meta property=\"og:url\" content=\"https:\/\/beautybusinessholland.com\/de\/produkt\/detox-pod\/\" \/>\n<meta property=\"og:site_name\" content=\"Beauty Business Holland\" \/>\n<meta property=\"article:modified_time\" content=\"2025-11-18T10:35:34+00:00\" \/>\n<meta property=\"og:image\" content=\"https:\/\/beautybusinessholland.com\/wp-content\/uploads\/2025\/08\/detox-oxygen-pods.webp\" \/>\n\t<meta property=\"og:image:width\" content=\"800\" \/>\n\t<meta property=\"og:image:height\" content=\"800\" \/>\n\t<meta property=\"og:image:type\" content=\"image\/webp\" \/>\n<meta name=\"twitter:card\" content=\"summary_large_image\" \/>\n<meta name=\"twitter:label1\" content=\"Gesch\u00e4tzte Lesezeit\" \/>\n\t<meta name=\"twitter:data1\" content=\"1\u00a0Minute\" \/>\n<!-- \/ Yoast SEO plugin. -->","yoast_head_json":{"title":"Detox Pod - Beauty Business Holland","robots":{"index":"index","follow":"follow","max-snippet":"max-snippet:-1","max-image-preview":"max-image-preview:large","max-video-preview":"max-video-preview:-1"},"canonical":"https:\/\/beautybusinessholland.com\/de\/produkt\/detox-pod\/","og_locale":"de_DE","og_type":"article","og_title":"Detox Pod - Beauty Business Holland","og_description":"Der Detox Pod Oxygen Facial repariert und verj\u00fcngt die Haut durch starke Antioxidantien wie Rotalgen, Retinol und Ferulas\u00e4ure. Diese Behandlung reduziert feine Linien, sch\u00fctzt vor sch\u00e4dlichen \u00e4u\u00dferen Einfl\u00fcssen und verleiht der Haut ein gesundes, frisches Aussehen. Perfekt als Anti-Aging-Detox-Behandlung.","og_url":"https:\/\/beautybusinessholland.com\/de\/produkt\/detox-pod\/","og_site_name":"Beauty Business Holland","article_modified_time":"2025-11-18T10:35:34+00:00","og_image":[{"width":800,"height":800,"url":"https:\/\/beautybusinessholland.com\/wp-content\/uploads\/2025\/08\/detox-oxygen-pods.webp","type":"image\/webp"}],"twitter_card":"summary_large_image","twitter_misc":{"Gesch\u00e4tzte Lesezeit":"1\u00a0Minute"},"schema":{"@context":"https:\/\/schema.org","@graph":[{"@type":"WebPage","@id":"https:\/\/beautybusinessholland.com\/de\/produkt\/detox-pod\/","url":"https:\/\/beautybusinessholland.com\/de\/produkt\/detox-pod\/","name":"Detox Pod - Beauty Business Holland","isPartOf":{"@id":"https:\/\/beautybusinessholland.com\/de\/#website"},"primaryImageOfPage":{"@id":"https:\/\/beautybusinessholland.com\/de\/produkt\/detox-pod\/#primaryimage"},"image":{"@id":"https:\/\/beautybusinessholland.com\/de\/produkt\/detox-pod\/#primaryimage"},"thumbnailUrl":"https:\/\/beautybusinessholland.com\/wp-content\/uploads\/2025\/08\/detox-oxygen-pods.webp","datePublished":"2025-08-21T11:32:32+00:00","dateModified":"2025-11-18T10:35:34+00:00","breadcrumb":{"@id":"https:\/\/beautybusinessholland.com\/de\/produkt\/detox-pod\/#breadcrumb"},"inLanguage":"de","potentialAction":[{"@type":"ReadAction","target":["https:\/\/beautybusinessholland.com\/de\/produkt\/detox-pod\/"]}]},{"@type":"ImageObject","inLanguage":"de","@id":"https:\/\/beautybusinessholland.com\/de\/produkt\/detox-pod\/#primaryimage","url":"https:\/\/beautybusinessholland.com\/wp-content\/uploads\/2025\/08\/detox-oxygen-pods.webp","contentUrl":"https:\/\/beautybusinessholland.com\/wp-content\/uploads\/2025\/08\/detox-oxygen-pods.webp","width":800,"height":800},{"@type":"BreadcrumbList","@id":"https:\/\/beautybusinessholland.com\/de\/produkt\/detox-pod\/#breadcrumb","itemListElement":[{"@type":"ListItem","position":1,"name":"Heim","item":"https:\/\/beautybusinessholland.com\/de\/"},{"@type":"ListItem","position":2,"name":"Laden","item":"https:\/\/beautybusinessholland.com\/winkel\/"},{"@type":"ListItem","position":3,"name":"Detox Pod"}]},{"@type":"WebSite","@id":"https:\/\/beautybusinessholland.com\/de\/#website","url":"https:\/\/beautybusinessholland.com\/de\/","name":"Beauty Business Holland","description":"Beauty &amp; Health Care","publisher":{"@id":"https:\/\/beautybusinessholland.com\/de\/#organization"},"potentialAction":[{"@type":"SearchAction","target":{"@type":"EntryPoint","urlTemplate":"https:\/\/beautybusinessholland.com\/de\/?s={search_term_string}"},"query-input":{"@type":"PropertyValueSpecification","valueRequired":true,"valueName":"search_term_string"}}],"inLanguage":"de"},{"@type":"Organization","@id":"https:\/\/beautybusinessholland.com\/de\/#organization","name":"Beauty Business Holland","url":"https:\/\/beautybusinessholland.com\/de\/","logo":{"@type":"ImageObject","inLanguage":"de","@id":"https:\/\/beautybusinessholland.com\/de\/#\/schema\/logo\/image\/","url":"https:\/\/beautybusinessholland.com\/wp-content\/uploads\/2025\/04\/email-logo.png","contentUrl":"https:\/\/beautybusinessholland.com\/wp-content\/uploads\/2025\/04\/email-logo.png","width":300,"height":79,"caption":"Beauty Business Holland"},"image":{"@id":"https:\/\/beautybusinessholland.com\/de\/#\/schema\/logo\/image\/"}}]}},"_links":{"self":[{"href":"https:\/\/beautybusinessholland.com\/de\/wp-json\/wp\/v2\/product\/10400","targetHints":{"allow":["GET"]}}],"collection":[{"href":"https:\/\/beautybusinessholland.com\/de\/wp-json\/wp\/v2\/product"}],"about":[{"href":"https:\/\/beautybusinessholland.com\/de\/wp-json\/wp\/v2\/types\/product"}],"version-history":[{"count":0,"href":"https:\/\/beautybusinessholland.com\/de\/wp-json\/wp\/v2\/product\/10400\/revisions"}],"wp:featuredmedia":[{"embeddable":true,"href":"https:\/\/beautybusinessholland.com\/de\/wp-json\/wp\/v2\/media\/10402"}],"wp:attachment":[{"href":"https:\/\/beautybusinessholland.com\/de\/wp-json\/wp\/v2\/media?parent=10400"}],"wp:term":[{"taxonomy":"product_brand","embeddable":true,"href":"https:\/\/beautybusinessholland.com\/de\/wp-json\/wp\/v2\/product_brand?post=10400"},{"taxonomy":"product_cat","embeddable":true,"href":"https:\/\/beautybusinessholland.com\/de\/wp-json\/wp\/v2\/product_cat?post=10400"},{"taxonomy":"product_tag","embeddable":true,"href":"https:\/\/beautybusinessholland.com\/de\/wp-json\/wp\/v2\/product_tag?post=10400"}],"curies":[{"name":"wp","href":"https:\/\/api.w.org\/{rel}","templated":true}]}}