{"id":10401,"date":"2025-10-03T12:37:50","date_gmt":"2025-10-03T10:37:50","guid":{"rendered":"https:\/\/beautybusinessholland.com\/product\/stayve-lachs-dna-gold-ampulle\/"},"modified":"2026-02-25T14:53:52","modified_gmt":"2026-02-25T13:53:52","slug":"stayve-salmon-dna-gold-ampoule","status":"publish","type":"product","link":"https:\/\/beautybusinessholland.com\/de\/produkt\/stayve-salmon-dna-gold-ampoule\/","title":{"rendered":"Stayve Salmon DNA Gold Ampoule"},"content":{"rendered":"<p>Sehr effektiv, um die Bed\u00fcrfnisse alternder Haut zu erf\u00fcllen und die Haut von innen heraus zu verj\u00fcngen und zu reparieren. Es hat eine unglaubliche Wirkung auf das Zellwachstum und die Geweberegeneration. <\/p>\n<p>Dabei handelt es sich um eine hochwirksame Formel zur Aufrechterhaltung der entz\u00fcndungshemmenden Eigenschaften der Haut und zur gesunden Hautregeneration. Diese Ampulle wurde speziell f\u00fcr Verfahren des Microneedling Therapy Systems entwickelt. <\/p>\n<p>Lachs-DNA gilt als sehr wirksam bei der Bek\u00e4mpfung der Hautalterung und hat sich von dermatologischen Kliniken als sowohl wirksam als auch sicher erwiesen. Es repariert und verj\u00fcngt die Haut von innen heraus. Es hat eine erstaunliche Wirkung auf die Geweberegeneration und das Zellwachstum.  <\/p>\n<p>Dieses Serum enth\u00e4lt 7 verschiedene Arten von Peptiden und au\u00dferdem 0,08 ml (1%) PDRN pro 8 ml. PDRN hilft bei der Heilung und Regeneration und wird aus dem Samen des Salons gewonnen. <\/p>\n<p>Es enth\u00e4lt auch 99,9% (24k) reines Goldpulver, das den Teint sehr effektiv reinigt und den aufhellenden Effekt durch Reinigung verst\u00e4rkt.<\/p>\n<p>Das Produkt enth\u00e4lt nicht: Parabene, Mineral\u00f6l, Benzophenon, Formaldehyd, synthetische Farbstoffe.<\/p>\n<p>Nicht an Tieren getestet.<\/p>\n<p>Herkunftsland: Stayve-Produkt hergestellt in S\u00fcdkorea<\/p>\n","protected":false},"excerpt":{"rendered":"<p>Sehr effektiv, um die Bed\u00fcrfnisse alternder Haut zu erf\u00fcllen und die Haut von innen heraus zu verj\u00fcngen und zu reparieren. Es hat eine unglaubliche Wirkung auf das Zellwachstum und die Geweberegeneration. Dabei handelt es sich um eine hochwirksame Formel zur Aufrechterhaltung der entz\u00fcndungshemmenden Eigenschaften der Haut und zur gesunden Hautregeneration. Diese Ampulle wurde speziell f\u00fcr [&hellip;]<\/p>\n","protected":false},"featured_media":10404,"template":"","meta":{"_acf_changed":false,"footnotes":""},"product_brand":[],"product_cat":[118],"product_tag":[],"class_list":{"0":"post-10401","1":"product","2":"type-product","3":"status-publish","4":"has-post-thumbnail","6":"product_cat-koreanische-kosmetik","8":"first","9":"instock","10":"shipping-taxable","11":"purchasable","12":"product-type-simple"},"acf":[],"yoast_head":"<!-- This site is optimized with the Yoast SEO plugin v27.3 - https:\/\/yoast.com\/product\/yoast-seo-wordpress\/ -->\n<title>Stayve Salmon DNA Goldampulle | Beruflicher Einsatz \u2014 BBH<\/title>\n<meta name=\"description\" content=\"Original Stayve Salmon DNA Gold Ampulle aus S\u00fcdkorea f\u00fcr Microneedling und Hautverbesserung. Geeignet f\u00fcr professionelle Salonnutzung. Direkt verf\u00fcgbar in NL &amp; BE. Bestellen Sie jetzt.\" \/>\n<meta name=\"robots\" content=\"index, follow, max-snippet:-1, max-image-preview:large, max-video-preview:-1\" \/>\n<link rel=\"canonical\" href=\"https:\/\/beautybusinessholland.com\/de\/produkt\/stayve-salmon-dna-gold-ampoule\/\" \/>\n<meta property=\"og:locale\" content=\"de_DE\" \/>\n<meta property=\"og:type\" content=\"article\" \/>\n<meta property=\"og:title\" content=\"Stayve Salmon DNA Goldampulle | Beruflicher Einsatz \u2014 BBH\" \/>\n<meta property=\"og:description\" content=\"Original Stayve Salmon DNA Gold Ampulle aus S\u00fcdkorea f\u00fcr Microneedling und Hautverbesserung. Geeignet f\u00fcr professionelle Salonnutzung. Direkt verf\u00fcgbar in NL &amp; BE. Bestellen Sie jetzt.\" \/>\n<meta property=\"og:url\" content=\"https:\/\/beautybusinessholland.com\/de\/produkt\/stayve-salmon-dna-gold-ampoule\/\" \/>\n<meta property=\"og:site_name\" content=\"Beauty Business Holland\" \/>\n<meta property=\"article:modified_time\" content=\"2026-02-25T13:53:52+00:00\" \/>\n<meta property=\"og:image\" content=\"https:\/\/beautybusinessholland.com\/wp-content\/uploads\/2025\/10\/stayve-salmon-dna-gold-ampul-1.jpg\" \/>\n\t<meta property=\"og:image:width\" content=\"600\" \/>\n\t<meta property=\"og:image:height\" content=\"600\" \/>\n\t<meta property=\"og:image:type\" content=\"image\/jpeg\" \/>\n<meta name=\"twitter:card\" content=\"summary_large_image\" \/>\n<meta name=\"twitter:label1\" content=\"Gesch\u00e4tzte Lesezeit\" \/>\n\t<meta name=\"twitter:data1\" content=\"2\u00a0Minute\" \/>\n<script type=\"application\/ld+json\" class=\"yoast-schema-graph\">{\"@context\":\"https:\\\/\\\/schema.org\",\"@graph\":[{\"@type\":\"WebPage\",\"@id\":\"https:\\\/\\\/beautybusinessholland.com\\\/de\\\/produkt\\\/stayve-salmon-dna-gold-ampoule\\\/\",\"url\":\"https:\\\/\\\/beautybusinessholland.com\\\/de\\\/produkt\\\/stayve-salmon-dna-gold-ampoule\\\/\",\"name\":\"Stayve Salmon DNA Goldampulle | Beruflicher Einsatz \u2014 BBH\",\"isPartOf\":{\"@id\":\"https:\\\/\\\/beautybusinessholland.com\\\/de\\\/#website\"},\"primaryImageOfPage\":{\"@id\":\"https:\\\/\\\/beautybusinessholland.com\\\/de\\\/produkt\\\/stayve-salmon-dna-gold-ampoule\\\/#primaryimage\"},\"image\":{\"@id\":\"https:\\\/\\\/beautybusinessholland.com\\\/de\\\/produkt\\\/stayve-salmon-dna-gold-ampoule\\\/#primaryimage\"},\"thumbnailUrl\":\"https:\\\/\\\/beautybusinessholland.com\\\/wp-content\\\/uploads\\\/2025\\\/10\\\/stayve-salmon-dna-gold-ampul-1.jpg\",\"datePublished\":\"2025-10-03T10:37:50+00:00\",\"dateModified\":\"2026-02-25T13:53:52+00:00\",\"description\":\"Original Stayve Salmon DNA Gold Ampulle aus S\u00fcdkorea f\u00fcr Microneedling und Hautverbesserung. Geeignet f\u00fcr professionelle Salonnutzung. Direkt verf\u00fcgbar in NL & BE. Bestellen Sie jetzt.\",\"breadcrumb\":{\"@id\":\"https:\\\/\\\/beautybusinessholland.com\\\/de\\\/produkt\\\/stayve-salmon-dna-gold-ampoule\\\/#breadcrumb\"},\"inLanguage\":\"de\",\"potentialAction\":[{\"@type\":\"ReadAction\",\"target\":[\"https:\\\/\\\/beautybusinessholland.com\\\/de\\\/produkt\\\/stayve-salmon-dna-gold-ampoule\\\/\"]}]},{\"@type\":\"ImageObject\",\"inLanguage\":\"de\",\"@id\":\"https:\\\/\\\/beautybusinessholland.com\\\/de\\\/produkt\\\/stayve-salmon-dna-gold-ampoule\\\/#primaryimage\",\"url\":\"https:\\\/\\\/beautybusinessholland.com\\\/wp-content\\\/uploads\\\/2025\\\/10\\\/stayve-salmon-dna-gold-ampul-1.jpg\",\"contentUrl\":\"https:\\\/\\\/beautybusinessholland.com\\\/wp-content\\\/uploads\\\/2025\\\/10\\\/stayve-salmon-dna-gold-ampul-1.jpg\",\"width\":600,\"height\":600},{\"@type\":\"BreadcrumbList\",\"@id\":\"https:\\\/\\\/beautybusinessholland.com\\\/de\\\/produkt\\\/stayve-salmon-dna-gold-ampoule\\\/#breadcrumb\",\"itemListElement\":[{\"@type\":\"ListItem\",\"position\":1,\"name\":\"Heim\",\"item\":\"https:\\\/\\\/beautybusinessholland.com\\\/de\\\/beauty-business-holland\\\/\"},{\"@type\":\"ListItem\",\"position\":2,\"name\":\"Laden\",\"item\":\"https:\\\/\\\/beautybusinessholland.com\\\/winkel\\\/\"},{\"@type\":\"ListItem\",\"position\":3,\"name\":\"Stayve Salmon DNA Gold Ampoule\"}]},{\"@type\":\"WebSite\",\"@id\":\"https:\\\/\\\/beautybusinessholland.com\\\/de\\\/#website\",\"url\":\"https:\\\/\\\/beautybusinessholland.com\\\/de\\\/\",\"name\":\"Beauty Business Holland\",\"description\":\"Beauty &amp; Health Care\",\"publisher\":{\"@id\":\"https:\\\/\\\/beautybusinessholland.com\\\/de\\\/#organization\"},\"potentialAction\":[{\"@type\":\"SearchAction\",\"target\":{\"@type\":\"EntryPoint\",\"urlTemplate\":\"https:\\\/\\\/beautybusinessholland.com\\\/de\\\/?s={search_term_string}\"},\"query-input\":{\"@type\":\"PropertyValueSpecification\",\"valueRequired\":true,\"valueName\":\"search_term_string\"}}],\"inLanguage\":\"de\"},{\"@type\":\"Organization\",\"@id\":\"https:\\\/\\\/beautybusinessholland.com\\\/de\\\/#organization\",\"name\":\"Beauty Business Holland\",\"url\":\"https:\\\/\\\/beautybusinessholland.com\\\/de\\\/\",\"logo\":{\"@type\":\"ImageObject\",\"inLanguage\":\"de\",\"@id\":\"https:\\\/\\\/beautybusinessholland.com\\\/de\\\/#\\\/schema\\\/logo\\\/image\\\/\",\"url\":\"https:\\\/\\\/beautybusinessholland.com\\\/wp-content\\\/uploads\\\/2025\\\/04\\\/email-logo.png\",\"contentUrl\":\"https:\\\/\\\/beautybusinessholland.com\\\/wp-content\\\/uploads\\\/2025\\\/04\\\/email-logo.png\",\"width\":300,\"height\":79,\"caption\":\"Beauty Business Holland\"},\"image\":{\"@id\":\"https:\\\/\\\/beautybusinessholland.com\\\/de\\\/#\\\/schema\\\/logo\\\/image\\\/\"}}]}<\/script>\n<!-- \/ Yoast SEO plugin. -->","yoast_head_json":{"title":"Stayve Salmon DNA Goldampulle | Beruflicher Einsatz \u2014 BBH","description":"Original Stayve Salmon DNA Gold Ampulle aus S\u00fcdkorea f\u00fcr Microneedling und Hautverbesserung. Geeignet f\u00fcr professionelle Salonnutzung. Direkt verf\u00fcgbar in NL & BE. Bestellen Sie jetzt.","robots":{"index":"index","follow":"follow","max-snippet":"max-snippet:-1","max-image-preview":"max-image-preview:large","max-video-preview":"max-video-preview:-1"},"canonical":"https:\/\/beautybusinessholland.com\/de\/produkt\/stayve-salmon-dna-gold-ampoule\/","og_locale":"de_DE","og_type":"article","og_title":"Stayve Salmon DNA Goldampulle | Beruflicher Einsatz \u2014 BBH","og_description":"Original Stayve Salmon DNA Gold Ampulle aus S\u00fcdkorea f\u00fcr Microneedling und Hautverbesserung. Geeignet f\u00fcr professionelle Salonnutzung. Direkt verf\u00fcgbar in NL & BE. Bestellen Sie jetzt.","og_url":"https:\/\/beautybusinessholland.com\/de\/produkt\/stayve-salmon-dna-gold-ampoule\/","og_site_name":"Beauty Business Holland","article_modified_time":"2026-02-25T13:53:52+00:00","og_image":[{"width":600,"height":600,"url":"https:\/\/beautybusinessholland.com\/wp-content\/uploads\/2025\/10\/stayve-salmon-dna-gold-ampul-1.jpg","type":"image\/jpeg"}],"twitter_card":"summary_large_image","twitter_misc":{"Gesch\u00e4tzte Lesezeit":"2\u00a0Minute"},"schema":{"@context":"https:\/\/schema.org","@graph":[{"@type":"WebPage","@id":"https:\/\/beautybusinessholland.com\/de\/produkt\/stayve-salmon-dna-gold-ampoule\/","url":"https:\/\/beautybusinessholland.com\/de\/produkt\/stayve-salmon-dna-gold-ampoule\/","name":"Stayve Salmon DNA Goldampulle | Beruflicher Einsatz \u2014 BBH","isPartOf":{"@id":"https:\/\/beautybusinessholland.com\/de\/#website"},"primaryImageOfPage":{"@id":"https:\/\/beautybusinessholland.com\/de\/produkt\/stayve-salmon-dna-gold-ampoule\/#primaryimage"},"image":{"@id":"https:\/\/beautybusinessholland.com\/de\/produkt\/stayve-salmon-dna-gold-ampoule\/#primaryimage"},"thumbnailUrl":"https:\/\/beautybusinessholland.com\/wp-content\/uploads\/2025\/10\/stayve-salmon-dna-gold-ampul-1.jpg","datePublished":"2025-10-03T10:37:50+00:00","dateModified":"2026-02-25T13:53:52+00:00","description":"Original Stayve Salmon DNA Gold Ampulle aus S\u00fcdkorea f\u00fcr Microneedling und Hautverbesserung. Geeignet f\u00fcr professionelle Salonnutzung. Direkt verf\u00fcgbar in NL & BE. Bestellen Sie jetzt.","breadcrumb":{"@id":"https:\/\/beautybusinessholland.com\/de\/produkt\/stayve-salmon-dna-gold-ampoule\/#breadcrumb"},"inLanguage":"de","potentialAction":[{"@type":"ReadAction","target":["https:\/\/beautybusinessholland.com\/de\/produkt\/stayve-salmon-dna-gold-ampoule\/"]}]},{"@type":"ImageObject","inLanguage":"de","@id":"https:\/\/beautybusinessholland.com\/de\/produkt\/stayve-salmon-dna-gold-ampoule\/#primaryimage","url":"https:\/\/beautybusinessholland.com\/wp-content\/uploads\/2025\/10\/stayve-salmon-dna-gold-ampul-1.jpg","contentUrl":"https:\/\/beautybusinessholland.com\/wp-content\/uploads\/2025\/10\/stayve-salmon-dna-gold-ampul-1.jpg","width":600,"height":600},{"@type":"BreadcrumbList","@id":"https:\/\/beautybusinessholland.com\/de\/produkt\/stayve-salmon-dna-gold-ampoule\/#breadcrumb","itemListElement":[{"@type":"ListItem","position":1,"name":"Heim","item":"https:\/\/beautybusinessholland.com\/de\/beauty-business-holland\/"},{"@type":"ListItem","position":2,"name":"Laden","item":"https:\/\/beautybusinessholland.com\/winkel\/"},{"@type":"ListItem","position":3,"name":"Stayve Salmon DNA Gold Ampoule"}]},{"@type":"WebSite","@id":"https:\/\/beautybusinessholland.com\/de\/#website","url":"https:\/\/beautybusinessholland.com\/de\/","name":"Beauty Business Holland","description":"Beauty &amp; Health Care","publisher":{"@id":"https:\/\/beautybusinessholland.com\/de\/#organization"},"potentialAction":[{"@type":"SearchAction","target":{"@type":"EntryPoint","urlTemplate":"https:\/\/beautybusinessholland.com\/de\/?s={search_term_string}"},"query-input":{"@type":"PropertyValueSpecification","valueRequired":true,"valueName":"search_term_string"}}],"inLanguage":"de"},{"@type":"Organization","@id":"https:\/\/beautybusinessholland.com\/de\/#organization","name":"Beauty Business Holland","url":"https:\/\/beautybusinessholland.com\/de\/","logo":{"@type":"ImageObject","inLanguage":"de","@id":"https:\/\/beautybusinessholland.com\/de\/#\/schema\/logo\/image\/","url":"https:\/\/beautybusinessholland.com\/wp-content\/uploads\/2025\/04\/email-logo.png","contentUrl":"https:\/\/beautybusinessholland.com\/wp-content\/uploads\/2025\/04\/email-logo.png","width":300,"height":79,"caption":"Beauty Business Holland"},"image":{"@id":"https:\/\/beautybusinessholland.com\/de\/#\/schema\/logo\/image\/"}}]}},"_links":{"self":[{"href":"https:\/\/beautybusinessholland.com\/de\/wp-json\/wp\/v2\/product\/10401","targetHints":{"allow":["GET"]}}],"collection":[{"href":"https:\/\/beautybusinessholland.com\/de\/wp-json\/wp\/v2\/product"}],"about":[{"href":"https:\/\/beautybusinessholland.com\/de\/wp-json\/wp\/v2\/types\/product"}],"version-history":[{"count":0,"href":"https:\/\/beautybusinessholland.com\/de\/wp-json\/wp\/v2\/product\/10401\/revisions"}],"wp:featuredmedia":[{"embeddable":true,"href":"https:\/\/beautybusinessholland.com\/de\/wp-json\/wp\/v2\/media\/10404"}],"wp:attachment":[{"href":"https:\/\/beautybusinessholland.com\/de\/wp-json\/wp\/v2\/media?parent=10401"}],"wp:term":[{"taxonomy":"product_brand","embeddable":true,"href":"https:\/\/beautybusinessholland.com\/de\/wp-json\/wp\/v2\/product_brand?post=10401"},{"taxonomy":"product_cat","embeddable":true,"href":"https:\/\/beautybusinessholland.com\/de\/wp-json\/wp\/v2\/product_cat?post=10401"},{"taxonomy":"product_tag","embeddable":true,"href":"https:\/\/beautybusinessholland.com\/de\/wp-json\/wp\/v2\/product_tag?post=10401"}],"curies":[{"name":"wp","href":"https:\/\/api.w.org\/{rel}","templated":true}]}}