{"id":10417,"date":"2025-10-03T12:24:07","date_gmt":"2025-10-03T10:24:07","guid":{"rendered":"https:\/\/beautybusinessholland.com\/product\/medisco-skinbooster-hyaluronsaeure\/"},"modified":"2025-11-18T11:16:50","modified_gmt":"2025-11-18T10:16:50","slug":"medisco-skinbooster-hyaluronzuur","status":"publish","type":"product","link":"https:\/\/beautybusinessholland.com\/de\/produkt\/medisco-skinbooster-hyaluronzuur\/","title":{"rendered":"Medisco Skinbooster Hyaluronzuur"},"content":{"rendered":"<p>Medisco Skinbooster Hyalurons\u00e4ure enth\u00e4lt nicht nur Hyalurons\u00e4ure f\u00fcr eine lang anhaltende Feuchtigkeitsversorgung, sondern auch Niacinamid zur Aufhellung, verschiedene Vitaminkomponenten, Natrium-DNA, um die Haut mit N\u00e4hrstoffen aufzuf\u00fcllen und f\u00fcr ein pralleres Aussehen zu regenerieren, Polyphenole f\u00fcr eine starke antioxidative Aktivit\u00e4t und viele weitere Wirkstoffe in der besten Kombination \u2013 bietet mehrere L\u00f6sungen in nur einem Fl\u00e4schchen,  Perfekt f\u00fcr alle, die mit mehreren Hautproblemen gleichzeitig zu k\u00e4mpfen haben. Es ist die einzige Mehrfachampulle von Medisco. <\/p>\n<p>Kein Mischen mehr verschiedener Ampullen, Sie brauchen nur noch Medisco Skinbooster Hyalurons\u00e4ure, um Ihre Hautprobleme zu l\u00f6sen!<\/p>\n<p>*Diese Ampulle ist speziell f\u00fcr Microneedling geeignet.<\/p>\n<p>F\u00fcr beste Ergebnisse empfehlen wir Nadeln mit einer L\u00e4nge von 0,6 mm \u2013 1,05 mm.<\/p>\n<p>*Inhalt: 10 Fl\u00e4schchen * 5ml<\/p>\n<p>Nicht an Tieren getestet.<\/p>\n<p>&nbsp;<\/p>\n","protected":false},"excerpt":{"rendered":"<p>Medisco Skinbooster Hyalurons\u00e4ure enth\u00e4lt nicht nur Hyalurons\u00e4ure f\u00fcr eine lang anhaltende Feuchtigkeitsversorgung, sondern auch Niacinamid zur Aufhellung, verschiedene Vitaminkomponenten, Natrium-DNA, um die Haut mit N\u00e4hrstoffen aufzuf\u00fcllen und f\u00fcr ein pralleres Aussehen zu regenerieren, Polyphenole f\u00fcr eine starke antioxidative Aktivit\u00e4t und viele weitere Wirkstoffe in der besten Kombination \u2013 bietet mehrere L\u00f6sungen in nur einem Fl\u00e4schchen, [&hellip;]<\/p>\n","protected":false},"featured_media":10422,"template":"","meta":{"_acf_changed":false,"footnotes":""},"product_brand":[],"product_cat":[118],"product_tag":[],"class_list":{"0":"post-10417","1":"product","2":"type-product","3":"status-publish","4":"has-post-thumbnail","6":"product_cat-koreanische-kosmetik","8":"first","9":"instock","10":"shipping-taxable","11":"purchasable","12":"product-type-simple"},"acf":[],"yoast_head":"<!-- This site is optimized with the Yoast SEO plugin v27.3 - https:\/\/yoast.com\/product\/yoast-seo-wordpress\/ -->\n<title>Medisco Skinbooster Hyaluronzuur - Beauty Business Holland<\/title>\n<meta name=\"robots\" content=\"index, follow, max-snippet:-1, max-image-preview:large, max-video-preview:-1\" \/>\n<link rel=\"canonical\" href=\"https:\/\/beautybusinessholland.com\/de\/produkt\/medisco-skinbooster-hyaluronzuur\/\" \/>\n<meta property=\"og:locale\" content=\"de_DE\" \/>\n<meta property=\"og:type\" content=\"article\" \/>\n<meta property=\"og:title\" content=\"Medisco Skinbooster Hyaluronzuur - Beauty Business Holland\" \/>\n<meta property=\"og:description\" content=\"Medisco Skinbooster Hyalurons\u00e4ure enth\u00e4lt nicht nur Hyalurons\u00e4ure f\u00fcr eine lang anhaltende Feuchtigkeitsversorgung, sondern auch Niacinamid zur Aufhellung, verschiedene Vitaminkomponenten, Natrium-DNA, um die Haut mit N\u00e4hrstoffen aufzuf\u00fcllen und f\u00fcr ein pralleres Aussehen zu regenerieren, Polyphenole f\u00fcr eine starke antioxidative Aktivit\u00e4t und viele weitere Wirkstoffe in der besten Kombination \u2013 bietet mehrere L\u00f6sungen in nur einem Fl\u00e4schchen, [&hellip;]\" \/>\n<meta property=\"og:url\" content=\"https:\/\/beautybusinessholland.com\/de\/produkt\/medisco-skinbooster-hyaluronzuur\/\" \/>\n<meta property=\"og:site_name\" content=\"Beauty Business Holland\" \/>\n<meta property=\"article:modified_time\" content=\"2025-11-18T10:16:50+00:00\" \/>\n<meta property=\"og:image\" content=\"https:\/\/beautybusinessholland.com\/wp-content\/uploads\/2025\/10\/medisco-skinbooster-hyaluronic-1.jpg\" \/>\n\t<meta property=\"og:image:width\" content=\"800\" \/>\n\t<meta property=\"og:image:height\" content=\"800\" \/>\n\t<meta property=\"og:image:type\" content=\"image\/jpeg\" \/>\n<meta name=\"twitter:card\" content=\"summary_large_image\" \/>\n<meta name=\"twitter:label1\" content=\"Gesch\u00e4tzte Lesezeit\" \/>\n\t<meta name=\"twitter:data1\" content=\"1\u00a0Minute\" \/>\n<script type=\"application\/ld+json\" class=\"yoast-schema-graph\">{\"@context\":\"https:\\\/\\\/schema.org\",\"@graph\":[{\"@type\":\"WebPage\",\"@id\":\"https:\\\/\\\/beautybusinessholland.com\\\/de\\\/produkt\\\/medisco-skinbooster-hyaluronzuur\\\/\",\"url\":\"https:\\\/\\\/beautybusinessholland.com\\\/de\\\/produkt\\\/medisco-skinbooster-hyaluronzuur\\\/\",\"name\":\"Medisco Skinbooster Hyaluronzuur - Beauty Business Holland\",\"isPartOf\":{\"@id\":\"https:\\\/\\\/beautybusinessholland.com\\\/de\\\/#website\"},\"primaryImageOfPage\":{\"@id\":\"https:\\\/\\\/beautybusinessholland.com\\\/de\\\/produkt\\\/medisco-skinbooster-hyaluronzuur\\\/#primaryimage\"},\"image\":{\"@id\":\"https:\\\/\\\/beautybusinessholland.com\\\/de\\\/produkt\\\/medisco-skinbooster-hyaluronzuur\\\/#primaryimage\"},\"thumbnailUrl\":\"https:\\\/\\\/beautybusinessholland.com\\\/wp-content\\\/uploads\\\/2025\\\/10\\\/medisco-skinbooster-hyaluronic-1.jpg\",\"datePublished\":\"2025-10-03T10:24:07+00:00\",\"dateModified\":\"2025-11-18T10:16:50+00:00\",\"breadcrumb\":{\"@id\":\"https:\\\/\\\/beautybusinessholland.com\\\/de\\\/produkt\\\/medisco-skinbooster-hyaluronzuur\\\/#breadcrumb\"},\"inLanguage\":\"de\",\"potentialAction\":[{\"@type\":\"ReadAction\",\"target\":[\"https:\\\/\\\/beautybusinessholland.com\\\/de\\\/produkt\\\/medisco-skinbooster-hyaluronzuur\\\/\"]}]},{\"@type\":\"ImageObject\",\"inLanguage\":\"de\",\"@id\":\"https:\\\/\\\/beautybusinessholland.com\\\/de\\\/produkt\\\/medisco-skinbooster-hyaluronzuur\\\/#primaryimage\",\"url\":\"https:\\\/\\\/beautybusinessholland.com\\\/wp-content\\\/uploads\\\/2025\\\/10\\\/medisco-skinbooster-hyaluronic-1.jpg\",\"contentUrl\":\"https:\\\/\\\/beautybusinessholland.com\\\/wp-content\\\/uploads\\\/2025\\\/10\\\/medisco-skinbooster-hyaluronic-1.jpg\",\"width\":800,\"height\":800},{\"@type\":\"BreadcrumbList\",\"@id\":\"https:\\\/\\\/beautybusinessholland.com\\\/de\\\/produkt\\\/medisco-skinbooster-hyaluronzuur\\\/#breadcrumb\",\"itemListElement\":[{\"@type\":\"ListItem\",\"position\":1,\"name\":\"Heim\",\"item\":\"https:\\\/\\\/beautybusinessholland.com\\\/de\\\/beauty-business-holland\\\/\"},{\"@type\":\"ListItem\",\"position\":2,\"name\":\"Laden\",\"item\":\"https:\\\/\\\/beautybusinessholland.com\\\/winkel\\\/\"},{\"@type\":\"ListItem\",\"position\":3,\"name\":\"Medisco Skinbooster Hyaluronzuur\"}]},{\"@type\":\"WebSite\",\"@id\":\"https:\\\/\\\/beautybusinessholland.com\\\/de\\\/#website\",\"url\":\"https:\\\/\\\/beautybusinessholland.com\\\/de\\\/\",\"name\":\"Beauty Business Holland\",\"description\":\"Beauty &amp; Health Care\",\"publisher\":{\"@id\":\"https:\\\/\\\/beautybusinessholland.com\\\/de\\\/#organization\"},\"potentialAction\":[{\"@type\":\"SearchAction\",\"target\":{\"@type\":\"EntryPoint\",\"urlTemplate\":\"https:\\\/\\\/beautybusinessholland.com\\\/de\\\/?s={search_term_string}\"},\"query-input\":{\"@type\":\"PropertyValueSpecification\",\"valueRequired\":true,\"valueName\":\"search_term_string\"}}],\"inLanguage\":\"de\"},{\"@type\":\"Organization\",\"@id\":\"https:\\\/\\\/beautybusinessholland.com\\\/de\\\/#organization\",\"name\":\"Beauty Business Holland\",\"url\":\"https:\\\/\\\/beautybusinessholland.com\\\/de\\\/\",\"logo\":{\"@type\":\"ImageObject\",\"inLanguage\":\"de\",\"@id\":\"https:\\\/\\\/beautybusinessholland.com\\\/de\\\/#\\\/schema\\\/logo\\\/image\\\/\",\"url\":\"https:\\\/\\\/beautybusinessholland.com\\\/wp-content\\\/uploads\\\/2025\\\/04\\\/email-logo.png\",\"contentUrl\":\"https:\\\/\\\/beautybusinessholland.com\\\/wp-content\\\/uploads\\\/2025\\\/04\\\/email-logo.png\",\"width\":300,\"height\":79,\"caption\":\"Beauty Business Holland\"},\"image\":{\"@id\":\"https:\\\/\\\/beautybusinessholland.com\\\/de\\\/#\\\/schema\\\/logo\\\/image\\\/\"}}]}<\/script>\n<!-- \/ Yoast SEO plugin. -->","yoast_head_json":{"title":"Medisco Skinbooster Hyaluronzuur - Beauty Business Holland","robots":{"index":"index","follow":"follow","max-snippet":"max-snippet:-1","max-image-preview":"max-image-preview:large","max-video-preview":"max-video-preview:-1"},"canonical":"https:\/\/beautybusinessholland.com\/de\/produkt\/medisco-skinbooster-hyaluronzuur\/","og_locale":"de_DE","og_type":"article","og_title":"Medisco Skinbooster Hyaluronzuur - Beauty Business Holland","og_description":"Medisco Skinbooster Hyalurons\u00e4ure enth\u00e4lt nicht nur Hyalurons\u00e4ure f\u00fcr eine lang anhaltende Feuchtigkeitsversorgung, sondern auch Niacinamid zur Aufhellung, verschiedene Vitaminkomponenten, Natrium-DNA, um die Haut mit N\u00e4hrstoffen aufzuf\u00fcllen und f\u00fcr ein pralleres Aussehen zu regenerieren, Polyphenole f\u00fcr eine starke antioxidative Aktivit\u00e4t und viele weitere Wirkstoffe in der besten Kombination \u2013 bietet mehrere L\u00f6sungen in nur einem Fl\u00e4schchen, [&hellip;]","og_url":"https:\/\/beautybusinessholland.com\/de\/produkt\/medisco-skinbooster-hyaluronzuur\/","og_site_name":"Beauty Business Holland","article_modified_time":"2025-11-18T10:16:50+00:00","og_image":[{"width":800,"height":800,"url":"https:\/\/beautybusinessholland.com\/wp-content\/uploads\/2025\/10\/medisco-skinbooster-hyaluronic-1.jpg","type":"image\/jpeg"}],"twitter_card":"summary_large_image","twitter_misc":{"Gesch\u00e4tzte Lesezeit":"1\u00a0Minute"},"schema":{"@context":"https:\/\/schema.org","@graph":[{"@type":"WebPage","@id":"https:\/\/beautybusinessholland.com\/de\/produkt\/medisco-skinbooster-hyaluronzuur\/","url":"https:\/\/beautybusinessholland.com\/de\/produkt\/medisco-skinbooster-hyaluronzuur\/","name":"Medisco Skinbooster Hyaluronzuur - Beauty Business Holland","isPartOf":{"@id":"https:\/\/beautybusinessholland.com\/de\/#website"},"primaryImageOfPage":{"@id":"https:\/\/beautybusinessholland.com\/de\/produkt\/medisco-skinbooster-hyaluronzuur\/#primaryimage"},"image":{"@id":"https:\/\/beautybusinessholland.com\/de\/produkt\/medisco-skinbooster-hyaluronzuur\/#primaryimage"},"thumbnailUrl":"https:\/\/beautybusinessholland.com\/wp-content\/uploads\/2025\/10\/medisco-skinbooster-hyaluronic-1.jpg","datePublished":"2025-10-03T10:24:07+00:00","dateModified":"2025-11-18T10:16:50+00:00","breadcrumb":{"@id":"https:\/\/beautybusinessholland.com\/de\/produkt\/medisco-skinbooster-hyaluronzuur\/#breadcrumb"},"inLanguage":"de","potentialAction":[{"@type":"ReadAction","target":["https:\/\/beautybusinessholland.com\/de\/produkt\/medisco-skinbooster-hyaluronzuur\/"]}]},{"@type":"ImageObject","inLanguage":"de","@id":"https:\/\/beautybusinessholland.com\/de\/produkt\/medisco-skinbooster-hyaluronzuur\/#primaryimage","url":"https:\/\/beautybusinessholland.com\/wp-content\/uploads\/2025\/10\/medisco-skinbooster-hyaluronic-1.jpg","contentUrl":"https:\/\/beautybusinessholland.com\/wp-content\/uploads\/2025\/10\/medisco-skinbooster-hyaluronic-1.jpg","width":800,"height":800},{"@type":"BreadcrumbList","@id":"https:\/\/beautybusinessholland.com\/de\/produkt\/medisco-skinbooster-hyaluronzuur\/#breadcrumb","itemListElement":[{"@type":"ListItem","position":1,"name":"Heim","item":"https:\/\/beautybusinessholland.com\/de\/beauty-business-holland\/"},{"@type":"ListItem","position":2,"name":"Laden","item":"https:\/\/beautybusinessholland.com\/winkel\/"},{"@type":"ListItem","position":3,"name":"Medisco Skinbooster Hyaluronzuur"}]},{"@type":"WebSite","@id":"https:\/\/beautybusinessholland.com\/de\/#website","url":"https:\/\/beautybusinessholland.com\/de\/","name":"Beauty Business Holland","description":"Beauty &amp; Health Care","publisher":{"@id":"https:\/\/beautybusinessholland.com\/de\/#organization"},"potentialAction":[{"@type":"SearchAction","target":{"@type":"EntryPoint","urlTemplate":"https:\/\/beautybusinessholland.com\/de\/?s={search_term_string}"},"query-input":{"@type":"PropertyValueSpecification","valueRequired":true,"valueName":"search_term_string"}}],"inLanguage":"de"},{"@type":"Organization","@id":"https:\/\/beautybusinessholland.com\/de\/#organization","name":"Beauty Business Holland","url":"https:\/\/beautybusinessholland.com\/de\/","logo":{"@type":"ImageObject","inLanguage":"de","@id":"https:\/\/beautybusinessholland.com\/de\/#\/schema\/logo\/image\/","url":"https:\/\/beautybusinessholland.com\/wp-content\/uploads\/2025\/04\/email-logo.png","contentUrl":"https:\/\/beautybusinessholland.com\/wp-content\/uploads\/2025\/04\/email-logo.png","width":300,"height":79,"caption":"Beauty Business Holland"},"image":{"@id":"https:\/\/beautybusinessholland.com\/de\/#\/schema\/logo\/image\/"}}]}},"_links":{"self":[{"href":"https:\/\/beautybusinessholland.com\/de\/wp-json\/wp\/v2\/product\/10417","targetHints":{"allow":["GET"]}}],"collection":[{"href":"https:\/\/beautybusinessholland.com\/de\/wp-json\/wp\/v2\/product"}],"about":[{"href":"https:\/\/beautybusinessholland.com\/de\/wp-json\/wp\/v2\/types\/product"}],"version-history":[{"count":0,"href":"https:\/\/beautybusinessholland.com\/de\/wp-json\/wp\/v2\/product\/10417\/revisions"}],"wp:featuredmedia":[{"embeddable":true,"href":"https:\/\/beautybusinessholland.com\/de\/wp-json\/wp\/v2\/media\/10422"}],"wp:attachment":[{"href":"https:\/\/beautybusinessholland.com\/de\/wp-json\/wp\/v2\/media?parent=10417"}],"wp:term":[{"taxonomy":"product_brand","embeddable":true,"href":"https:\/\/beautybusinessholland.com\/de\/wp-json\/wp\/v2\/product_brand?post=10417"},{"taxonomy":"product_cat","embeddable":true,"href":"https:\/\/beautybusinessholland.com\/de\/wp-json\/wp\/v2\/product_cat?post=10417"},{"taxonomy":"product_tag","embeddable":true,"href":"https:\/\/beautybusinessholland.com\/de\/wp-json\/wp\/v2\/product_tag?post=10417"}],"curies":[{"name":"wp","href":"https:\/\/api.w.org\/{rel}","templated":true}]}}