{"id":10474,"date":"2025-04-28T12:32:31","date_gmt":"2025-04-28T10:32:31","guid":{"rendered":"https:\/\/beautybusinessholland.com\/product\/ikonisches-diameneis\/"},"modified":"2026-03-12T22:44:37","modified_gmt":"2026-03-12T21:44:37","slug":"iconic-diamond-ice","status":"publish","type":"product","link":"https:\/\/beautybusinessholland.com\/de\/produkt\/iconic-diamond-ice\/","title":{"rendered":"ICONIC Diamond ICE"},"content":{"rendered":"<p><span data-contrast=\"auto\">Die ICONIC-Diodenlaser sind die ersten Diodenlaser, die in den Niederlanden entwickelt wurden. Patentierte Technologie aus niederl\u00e4ndischem Boden.  ICONIC-Maschinen verwenden die besten Teile, die l\u00e4nger halten, weniger L\u00e4rm erzeugen und komfortabler zu bedienen und zu warten sind.<\/span><span data-ccp-props=\"{}\"> <\/span><\/p>\n<p><span data-contrast=\"auto\">Der ICONIC Diamond ICE bietet dank einer extremen Leistung von 5000 W und der fortschrittlichen 4-Waves-Technologie eine leistungsstarke und schnelle Haarentfernung. Dieses Ger\u00e4t verf\u00fcgt \u00fcber ein einzigartiges KI-gesteuertes Assistenzsystem und einen integrierten Hair &amp; Skin Analyzer, der automatisch die optimalen Einstellungen f\u00fcr jede Haut und jeden Haartyp ermittelt. Dank des integrierten CRM-Systems werden Kundendaten, Behandlungshistorie und Fotos automatisch nachverfolgt. Mit nicht weniger als 100 Millionen Lasersch\u00fcssen und einem zus\u00e4tzlichen Detailaufsatz garantiert dieses System eine lang anhaltende Leistung und maximale Pr\u00e4zision f\u00fcr ein schmerzfreies Ergebnis.   <\/span><span data-ccp-props=\"{}\">  Schlie\u00dflich verf\u00fcgt die Maschine \u00fcber ein einzigartiges UV-Desinfektionshandst\u00fcck, mit dem Sie sowohl die Maschine als auch Ihren Arbeitsplatz im Handumdrehen desinfizieren k\u00f6nnen.<\/span><\/p>\n<p><iframe loading=\"lazy\" title=\"YouTube-Videoplayer\" src=\"https:\/\/www.youtube.com\/embed\/yHWavhPlE5c?si=Q_-iMj0-cxMoZf-u\" width=\"560\" height=\"315\" frameborder=\"0\" allowfullscreen=\"allowfullscreen\"><\/iframe><\/p>\n","protected":false},"excerpt":{"rendered":"<p><span style=\"vertical-align: inherit;\"><span style=\"vertical-align: inherit;\"><span class=\"TextRun SCXW251750564 BCX0\" lang=\"NL\" xml:lang=\"NL\" data-contrast=\"auto\"><span class=\"NormalTextRun SCXW251750564 BCX0\">Die ICONIC-Diodenlaser sind die ersten Diodenlaser, die in den Niederlanden entwickelt wurden. Patentierte Technologie aus niederl\u00e4ndischem Boden <\/span><\/span>.<\/span><\/span><\/p>\n","protected":false},"featured_media":13566,"template":"","meta":{"_acf_changed":false,"footnotes":""},"product_brand":[],"product_cat":[108,111],"product_tag":[],"class_list":{"0":"post-10474","1":"product","2":"type-product","3":"status-publish","4":"has-post-thumbnail","6":"product_cat-alle-ausrustungen","7":"product_cat-diodenlaser","9":"first","10":"instock","11":"sale","12":"shipping-taxable","13":"purchasable","14":"product-type-simple"},"acf":[],"yoast_head":"<!-- This site is optimized with the Yoast SEO plugin v27.3 - https:\/\/yoast.com\/product\/yoast-seo-wordpress\/ -->\n<title>Professioneller Diodenlaser | IKONISCH\u00ae | Kostenlose zweite Maschine | Besuchen Sie den Showroom<\/title>\n<meta name=\"description\" content=\"Professioneller Diodenlaser f\u00fcr schmerzfreie Haarentfernung. Leistungsstarke ICE-K\u00fchlung, geeignet f\u00fcr alle Hauttypen. Beinhaltet Schulung, Garantie und Installation. Vereinbaren Sie einen Demo.\" \/>\n<meta name=\"robots\" content=\"index, follow, max-snippet:-1, max-image-preview:large, max-video-preview:-1\" \/>\n<link rel=\"canonical\" href=\"https:\/\/beautybusinessholland.com\/de\/produkt\/iconic-diamond-ice\/\" \/>\n<meta property=\"og:locale\" content=\"de_DE\" \/>\n<meta property=\"og:type\" content=\"article\" \/>\n<meta property=\"og:title\" content=\"Professioneller Diodenlaser | IKONISCH\u00ae | Kostenlose zweite Maschine | Besuchen Sie den Showroom\" \/>\n<meta property=\"og:description\" content=\"Professioneller Diodenlaser f\u00fcr schmerzfreie Haarentfernung. Leistungsstarke ICE-K\u00fchlung, geeignet f\u00fcr alle Hauttypen. Beinhaltet Schulung, Garantie und Installation. Vereinbaren Sie einen Demo.\" \/>\n<meta property=\"og:url\" content=\"https:\/\/beautybusinessholland.com\/de\/produkt\/iconic-diamond-ice\/\" \/>\n<meta property=\"og:site_name\" content=\"Beauty Business Holland\" \/>\n<meta property=\"article:modified_time\" content=\"2026-03-12T21:44:37+00:00\" \/>\n<meta property=\"og:image\" content=\"https:\/\/beautybusinessholland.com\/wp-content\/uploads\/2025\/04\/468eb39d-40ef-496b-ada1-a85172f72a7e.jpg\" \/>\n\t<meta property=\"og:image:width\" content=\"1080\" \/>\n\t<meta property=\"og:image:height\" content=\"1080\" \/>\n\t<meta property=\"og:image:type\" content=\"image\/jpeg\" \/>\n<meta name=\"twitter:card\" content=\"summary_large_image\" \/>\n<meta name=\"twitter:label1\" content=\"Gesch\u00e4tzte Lesezeit\" \/>\n\t<meta name=\"twitter:data1\" content=\"1\u00a0Minute\" \/>\n<!-- \/ Yoast SEO plugin. -->","yoast_head_json":{"title":"Professioneller Diodenlaser | IKONISCH\u00ae | Kostenlose zweite Maschine | Besuchen Sie den Showroom","description":"Professioneller Diodenlaser f\u00fcr schmerzfreie Haarentfernung. Leistungsstarke ICE-K\u00fchlung, geeignet f\u00fcr alle Hauttypen. Beinhaltet Schulung, Garantie und Installation. Vereinbaren Sie einen Demo.","robots":{"index":"index","follow":"follow","max-snippet":"max-snippet:-1","max-image-preview":"max-image-preview:large","max-video-preview":"max-video-preview:-1"},"canonical":"https:\/\/beautybusinessholland.com\/de\/produkt\/iconic-diamond-ice\/","og_locale":"de_DE","og_type":"article","og_title":"Professioneller Diodenlaser | IKONISCH\u00ae | Kostenlose zweite Maschine | Besuchen Sie den Showroom","og_description":"Professioneller Diodenlaser f\u00fcr schmerzfreie Haarentfernung. Leistungsstarke ICE-K\u00fchlung, geeignet f\u00fcr alle Hauttypen. Beinhaltet Schulung, Garantie und Installation. Vereinbaren Sie einen Demo.","og_url":"https:\/\/beautybusinessholland.com\/de\/produkt\/iconic-diamond-ice\/","og_site_name":"Beauty Business Holland","article_modified_time":"2026-03-12T21:44:37+00:00","og_image":[{"width":1080,"height":1080,"url":"https:\/\/beautybusinessholland.com\/wp-content\/uploads\/2025\/04\/468eb39d-40ef-496b-ada1-a85172f72a7e.jpg","type":"image\/jpeg"}],"twitter_card":"summary_large_image","twitter_misc":{"Gesch\u00e4tzte Lesezeit":"1\u00a0Minute"},"schema":{"@context":"https:\/\/schema.org","@graph":[{"@type":"WebPage","@id":"https:\/\/beautybusinessholland.com\/de\/produkt\/iconic-diamond-ice\/","url":"https:\/\/beautybusinessholland.com\/de\/produkt\/iconic-diamond-ice\/","name":"Professioneller Diodenlaser | IKONISCH\u00ae | Kostenlose zweite Maschine | Besuchen Sie den Showroom","isPartOf":{"@id":"https:\/\/beautybusinessholland.com\/de\/#website"},"primaryImageOfPage":{"@id":"https:\/\/beautybusinessholland.com\/de\/produkt\/iconic-diamond-ice\/#primaryimage"},"image":{"@id":"https:\/\/beautybusinessholland.com\/de\/produkt\/iconic-diamond-ice\/#primaryimage"},"thumbnailUrl":"https:\/\/beautybusinessholland.com\/wp-content\/uploads\/2025\/04\/468eb39d-40ef-496b-ada1-a85172f72a7e.jpg","datePublished":"2025-04-28T10:32:31+00:00","dateModified":"2026-03-12T21:44:37+00:00","description":"Professioneller Diodenlaser f\u00fcr schmerzfreie Haarentfernung. Leistungsstarke ICE-K\u00fchlung, geeignet f\u00fcr alle Hauttypen. Beinhaltet Schulung, Garantie und Installation. Vereinbaren Sie einen Demo.","breadcrumb":{"@id":"https:\/\/beautybusinessholland.com\/de\/produkt\/iconic-diamond-ice\/#breadcrumb"},"inLanguage":"de","potentialAction":[{"@type":"ReadAction","target":["https:\/\/beautybusinessholland.com\/de\/produkt\/iconic-diamond-ice\/"]}]},{"@type":"ImageObject","inLanguage":"de","@id":"https:\/\/beautybusinessholland.com\/de\/produkt\/iconic-diamond-ice\/#primaryimage","url":"https:\/\/beautybusinessholland.com\/wp-content\/uploads\/2025\/04\/468eb39d-40ef-496b-ada1-a85172f72a7e.jpg","contentUrl":"https:\/\/beautybusinessholland.com\/wp-content\/uploads\/2025\/04\/468eb39d-40ef-496b-ada1-a85172f72a7e.jpg","width":1080,"height":1080},{"@type":"BreadcrumbList","@id":"https:\/\/beautybusinessholland.com\/de\/produkt\/iconic-diamond-ice\/#breadcrumb","itemListElement":[{"@type":"ListItem","position":1,"name":"Heim","item":"https:\/\/beautybusinessholland.com\/de\/beauty-business-holland\/"},{"@type":"ListItem","position":2,"name":"Laden","item":"https:\/\/beautybusinessholland.com\/winkel\/"},{"@type":"ListItem","position":3,"name":"ICONIC Diamond ICE"}]},{"@type":"WebSite","@id":"https:\/\/beautybusinessholland.com\/de\/#website","url":"https:\/\/beautybusinessholland.com\/de\/","name":"Beauty Business Holland","description":"Beauty &amp; Health Care","publisher":{"@id":"https:\/\/beautybusinessholland.com\/de\/#organization"},"potentialAction":[{"@type":"SearchAction","target":{"@type":"EntryPoint","urlTemplate":"https:\/\/beautybusinessholland.com\/de\/?s={search_term_string}"},"query-input":{"@type":"PropertyValueSpecification","valueRequired":true,"valueName":"search_term_string"}}],"inLanguage":"de"},{"@type":"Organization","@id":"https:\/\/beautybusinessholland.com\/de\/#organization","name":"Beauty Business Holland","url":"https:\/\/beautybusinessholland.com\/de\/","logo":{"@type":"ImageObject","inLanguage":"de","@id":"https:\/\/beautybusinessholland.com\/de\/#\/schema\/logo\/image\/","url":"https:\/\/beautybusinessholland.com\/wp-content\/uploads\/2025\/04\/email-logo.png","contentUrl":"https:\/\/beautybusinessholland.com\/wp-content\/uploads\/2025\/04\/email-logo.png","width":300,"height":79,"caption":"Beauty Business Holland"},"image":{"@id":"https:\/\/beautybusinessholland.com\/de\/#\/schema\/logo\/image\/"}}]}},"_links":{"self":[{"href":"https:\/\/beautybusinessholland.com\/de\/wp-json\/wp\/v2\/product\/10474","targetHints":{"allow":["GET"]}}],"collection":[{"href":"https:\/\/beautybusinessholland.com\/de\/wp-json\/wp\/v2\/product"}],"about":[{"href":"https:\/\/beautybusinessholland.com\/de\/wp-json\/wp\/v2\/types\/product"}],"version-history":[{"count":0,"href":"https:\/\/beautybusinessholland.com\/de\/wp-json\/wp\/v2\/product\/10474\/revisions"}],"wp:featuredmedia":[{"embeddable":true,"href":"https:\/\/beautybusinessholland.com\/de\/wp-json\/wp\/v2\/media\/13566"}],"wp:attachment":[{"href":"https:\/\/beautybusinessholland.com\/de\/wp-json\/wp\/v2\/media?parent=10474"}],"wp:term":[{"taxonomy":"product_brand","embeddable":true,"href":"https:\/\/beautybusinessholland.com\/de\/wp-json\/wp\/v2\/product_brand?post=10474"},{"taxonomy":"product_cat","embeddable":true,"href":"https:\/\/beautybusinessholland.com\/de\/wp-json\/wp\/v2\/product_cat?post=10474"},{"taxonomy":"product_tag","embeddable":true,"href":"https:\/\/beautybusinessholland.com\/de\/wp-json\/wp\/v2\/product_tag?post=10474"}],"curies":[{"name":"wp","href":"https:\/\/api.w.org\/{rel}","templated":true}]}}