{"id":10483,"date":"2025-04-28T14:06:23","date_gmt":"2025-04-28T12:06:23","guid":{"rendered":"https:\/\/beautybusinessholland.com\/product\/ikonisches-duo\/"},"modified":"2026-03-31T16:53:42","modified_gmt":"2026-03-31T14:53:42","slug":"iconic-duo","status":"publish","type":"product","link":"https:\/\/beautybusinessholland.com\/de\/produkt\/iconic-duo\/","title":{"rendered":"IKONISCHES Duo IPL\/Diode"},"content":{"rendered":"<p>Die ICONIC-Diodenlaser sind die ersten Diodenlaser, die in den Niederlanden entwickelt wurden. Patentierte Technologie aus niederl\u00e4ndischem Boden.  ICONIC-Maschinen verwenden die besten Teile, die l\u00e4nger halten, weniger L\u00e4rm erzeugen und komfortabler zu bedienen und zu warten sind.<\/p>\n<p>Das ICONIC Duo ist eine innovative All-in-One-L\u00f6sung, die fortschrittliche Laser-Haarentfernung mit einer effektiven NIR-Hautverj\u00fcngung kombiniert. Dank der Zero-Pain-Technologie mit intelligenter K\u00fchlung sind die Behandlungen komfortabel, schmerzfrei und sicher. Die einzigartige Kombination aus 4-Wellen-Diodentechnologie garantiert eine pr\u00e4zise und dauerhafte Haarentfernung, w\u00e4hrend das NIR-Handst\u00fcck (neueste IPL-Technologie) (900-1800 nm) die Hautstruktur verbessert, Pigmentflecken reduziert und einen strahlenden Teint verleiht. Dank der Schiebetechnologie ist jede Sitzung gleichm\u00e4\u00dfig und schnell, geeignet f\u00fcr Gesicht, K\u00f6rper und empfindliche Bereiche wie die Bikinizone. Genie\u00dfen Sie glatte Haut und sichtbare Verj\u00fcngung in einem Ger\u00e4t, mit kurzer Erholungszeit und lang anhaltender Wirkung.    <\/p>\n","protected":false},"excerpt":{"rendered":"<p>Die ICONIC-Diodenlaser sind die ersten Diodenlaser, die in den Niederlanden entwickelt wurden. Patentierte Technologie aus niederl\u00e4ndischem Boden. <\/p>\n","protected":false},"featured_media":10486,"template":"","meta":{"_acf_changed":false,"footnotes":""},"product_brand":[],"product_cat":[108,111,121],"product_tag":[],"class_list":{"0":"post-10483","1":"product","2":"type-product","3":"status-publish","4":"has-post-thumbnail","6":"product_cat-alle-ausrustungen","7":"product_cat-diodenlaser","8":"product_cat-gesichtspflege","10":"first","11":"instock","12":"shipping-taxable","13":"purchasable","14":"product-type-simple"},"acf":[],"yoast_head":"<!-- This site is optimized with the Yoast SEO plugin v27.3 - https:\/\/yoast.com\/product\/yoast-seo-wordpress\/ -->\n<title>IKONISCHES Duo IPL\/Diode - Beauty Business Holland<\/title>\n<meta name=\"robots\" content=\"index, follow, max-snippet:-1, max-image-preview:large, max-video-preview:-1\" \/>\n<link rel=\"canonical\" href=\"https:\/\/beautybusinessholland.com\/de\/produkt\/iconic-duo\/\" \/>\n<meta property=\"og:locale\" content=\"de_DE\" \/>\n<meta property=\"og:type\" content=\"article\" \/>\n<meta property=\"og:title\" content=\"IKONISCHES Duo IPL\/Diode - Beauty Business Holland\" \/>\n<meta property=\"og:description\" content=\"Die ICONIC-Diodenlaser sind die ersten Diodenlaser, die in den Niederlanden entwickelt wurden. Patentierte Technologie aus niederl\u00e4ndischem Boden.\" \/>\n<meta property=\"og:url\" content=\"https:\/\/beautybusinessholland.com\/de\/produkt\/iconic-duo\/\" \/>\n<meta property=\"og:site_name\" content=\"Beauty Business Holland\" \/>\n<meta property=\"article:modified_time\" content=\"2026-03-31T14:53:42+00:00\" \/>\n<meta property=\"og:image\" content=\"https:\/\/beautybusinessholland.com\/wp-content\/uploads\/2025\/04\/iconic-duo-1.jpg\" \/>\n\t<meta property=\"og:image:width\" content=\"1200\" \/>\n\t<meta property=\"og:image:height\" content=\"1200\" \/>\n\t<meta property=\"og:image:type\" content=\"image\/jpeg\" \/>\n<meta name=\"twitter:card\" content=\"summary_large_image\" \/>\n<meta name=\"twitter:label1\" content=\"Gesch\u00e4tzte Lesezeit\" \/>\n\t<meta name=\"twitter:data1\" content=\"1\u00a0Minute\" \/>\n<!-- \/ Yoast SEO plugin. -->","yoast_head_json":{"title":"IKONISCHES Duo IPL\/Diode - Beauty Business Holland","robots":{"index":"index","follow":"follow","max-snippet":"max-snippet:-1","max-image-preview":"max-image-preview:large","max-video-preview":"max-video-preview:-1"},"canonical":"https:\/\/beautybusinessholland.com\/de\/produkt\/iconic-duo\/","og_locale":"de_DE","og_type":"article","og_title":"IKONISCHES Duo IPL\/Diode - Beauty Business Holland","og_description":"Die ICONIC-Diodenlaser sind die ersten Diodenlaser, die in den Niederlanden entwickelt wurden. Patentierte Technologie aus niederl\u00e4ndischem Boden.","og_url":"https:\/\/beautybusinessholland.com\/de\/produkt\/iconic-duo\/","og_site_name":"Beauty Business Holland","article_modified_time":"2026-03-31T14:53:42+00:00","og_image":[{"width":1200,"height":1200,"url":"https:\/\/beautybusinessholland.com\/wp-content\/uploads\/2025\/04\/iconic-duo-1.jpg","type":"image\/jpeg"}],"twitter_card":"summary_large_image","twitter_misc":{"Gesch\u00e4tzte Lesezeit":"1\u00a0Minute"},"schema":{"@context":"https:\/\/schema.org","@graph":[{"@type":"WebPage","@id":"https:\/\/beautybusinessholland.com\/de\/produkt\/iconic-duo\/","url":"https:\/\/beautybusinessholland.com\/de\/produkt\/iconic-duo\/","name":"IKONISCHES Duo IPL\/Diode - Beauty Business Holland","isPartOf":{"@id":"https:\/\/beautybusinessholland.com\/de\/#website"},"primaryImageOfPage":{"@id":"https:\/\/beautybusinessholland.com\/de\/produkt\/iconic-duo\/#primaryimage"},"image":{"@id":"https:\/\/beautybusinessholland.com\/de\/produkt\/iconic-duo\/#primaryimage"},"thumbnailUrl":"https:\/\/beautybusinessholland.com\/wp-content\/uploads\/2025\/04\/iconic-duo-1.jpg","datePublished":"2025-04-28T12:06:23+00:00","dateModified":"2026-03-31T14:53:42+00:00","breadcrumb":{"@id":"https:\/\/beautybusinessholland.com\/de\/produkt\/iconic-duo\/#breadcrumb"},"inLanguage":"de","potentialAction":[{"@type":"ReadAction","target":["https:\/\/beautybusinessholland.com\/de\/produkt\/iconic-duo\/"]}]},{"@type":"ImageObject","inLanguage":"de","@id":"https:\/\/beautybusinessholland.com\/de\/produkt\/iconic-duo\/#primaryimage","url":"https:\/\/beautybusinessholland.com\/wp-content\/uploads\/2025\/04\/iconic-duo-1.jpg","contentUrl":"https:\/\/beautybusinessholland.com\/wp-content\/uploads\/2025\/04\/iconic-duo-1.jpg","width":1200,"height":1200},{"@type":"BreadcrumbList","@id":"https:\/\/beautybusinessholland.com\/de\/produkt\/iconic-duo\/#breadcrumb","itemListElement":[{"@type":"ListItem","position":1,"name":"Heim","item":"https:\/\/beautybusinessholland.com\/de\/beauty-business-holland\/"},{"@type":"ListItem","position":2,"name":"Laden","item":"https:\/\/beautybusinessholland.com\/winkel\/"},{"@type":"ListItem","position":3,"name":"IKONISCHES Duo IPL\/Diode"}]},{"@type":"WebSite","@id":"https:\/\/beautybusinessholland.com\/de\/#website","url":"https:\/\/beautybusinessholland.com\/de\/","name":"Beauty Business Holland","description":"Beauty &amp; Health Care","publisher":{"@id":"https:\/\/beautybusinessholland.com\/de\/#organization"},"potentialAction":[{"@type":"SearchAction","target":{"@type":"EntryPoint","urlTemplate":"https:\/\/beautybusinessholland.com\/de\/?s={search_term_string}"},"query-input":{"@type":"PropertyValueSpecification","valueRequired":true,"valueName":"search_term_string"}}],"inLanguage":"de"},{"@type":"Organization","@id":"https:\/\/beautybusinessholland.com\/de\/#organization","name":"Beauty Business Holland","url":"https:\/\/beautybusinessholland.com\/de\/","logo":{"@type":"ImageObject","inLanguage":"de","@id":"https:\/\/beautybusinessholland.com\/de\/#\/schema\/logo\/image\/","url":"https:\/\/beautybusinessholland.com\/wp-content\/uploads\/2025\/04\/email-logo.png","contentUrl":"https:\/\/beautybusinessholland.com\/wp-content\/uploads\/2025\/04\/email-logo.png","width":300,"height":79,"caption":"Beauty Business Holland"},"image":{"@id":"https:\/\/beautybusinessholland.com\/de\/#\/schema\/logo\/image\/"}}]}},"_links":{"self":[{"href":"https:\/\/beautybusinessholland.com\/de\/wp-json\/wp\/v2\/product\/10483","targetHints":{"allow":["GET"]}}],"collection":[{"href":"https:\/\/beautybusinessholland.com\/de\/wp-json\/wp\/v2\/product"}],"about":[{"href":"https:\/\/beautybusinessholland.com\/de\/wp-json\/wp\/v2\/types\/product"}],"version-history":[{"count":2,"href":"https:\/\/beautybusinessholland.com\/de\/wp-json\/wp\/v2\/product\/10483\/revisions"}],"predecessor-version":[{"id":14469,"href":"https:\/\/beautybusinessholland.com\/de\/wp-json\/wp\/v2\/product\/10483\/revisions\/14469"}],"wp:featuredmedia":[{"embeddable":true,"href":"https:\/\/beautybusinessholland.com\/de\/wp-json\/wp\/v2\/media\/10486"}],"wp:attachment":[{"href":"https:\/\/beautybusinessholland.com\/de\/wp-json\/wp\/v2\/media?parent=10483"}],"wp:term":[{"taxonomy":"product_brand","embeddable":true,"href":"https:\/\/beautybusinessholland.com\/de\/wp-json\/wp\/v2\/product_brand?post=10483"},{"taxonomy":"product_cat","embeddable":true,"href":"https:\/\/beautybusinessholland.com\/de\/wp-json\/wp\/v2\/product_cat?post=10483"},{"taxonomy":"product_tag","embeddable":true,"href":"https:\/\/beautybusinessholland.com\/de\/wp-json\/wp\/v2\/product_tag?post=10483"}],"curies":[{"name":"wp","href":"https:\/\/api.w.org\/{rel}","templated":true}]}}