{"id":10538,"date":"2025-04-29T08:47:30","date_gmt":"2025-04-29T06:47:30","guid":{"rendered":"https:\/\/beautybusinessholland.com\/product\/feuchtigkeitsspendendes-kollagen-serum\/"},"modified":"2025-10-15T13:10:05","modified_gmt":"2025-10-15T11:10:05","slug":"hydrating-collagen-serum","status":"publish","type":"product","link":"https:\/\/beautybusinessholland.com\/de\/produkt\/hydrating-collagen-serum\/","title":{"rendered":"Hydrating Collagen Serum"},"content":{"rendered":"<p>Ultra-Light Collagen Serum \u2013 spendet Feuchtigkeit, strafft und hellt auf<\/p>\n<p>Ein ultraleichtes und erfrischendes Serum mit Gel-Textur, das speziell f\u00fcr trockene, dehydrierte und\/oder reife Haut entwickelt wurde. Diese kraftvolle Formel kombiniert marines Kollagen, pflegende Pflanzenextrakte und feuchtigkeitsspendende Inhaltsstoffe f\u00fcr eine intensive Pflege, ohne sich schwer auf der Haut anzuf\u00fchlen. <\/p>\n<p>Meereskollagen hilft, die Haut zu straffen und das Erscheinungsbild feiner Linien sichtbar zu reduzieren, w\u00e4hrend Apfelextrakt den Hautton ausgleicht und die Haut mit essentiellen Vitaminen und Antioxidantien, einschlie\u00dflich nat\u00fcrlichem Vitamin C, versorgt. Aloe Vera optimiert die Aufnahme von Wirkstoffen \u2013 sowohl aus dem Serum selbst als auch aus anderen Hautpflegeprodukten, die Sie anschlie\u00dfend auftragen.<\/p>\n<p>Ideal als erster Schritt in Ihrer Pflegeroutine, sowohl morgens als auch abends.<\/p>\n","protected":false},"excerpt":{"rendered":"<p>Ultra-Light Collagen Serum \u2013 spendet Feuchtigkeit, strafft und hellt auf<\/p>\n","protected":false},"featured_media":10548,"template":"","meta":{"_acf_changed":false,"footnotes":""},"product_brand":[],"product_cat":[110],"product_tag":[],"class_list":{"0":"post-10538","1":"product","2":"type-product","3":"status-publish","4":"has-post-thumbnail","6":"product_cat-booster-seren","8":"first","9":"instock","10":"shipping-taxable","11":"purchasable","12":"product-type-simple"},"acf":[],"yoast_head":"<!-- This site is optimized with the Yoast SEO plugin v27.5 - https:\/\/yoast.com\/product\/yoast-seo-wordpress\/ -->\n<title>Hydrating Collagen Serum - Beauty Business Holland<\/title>\n<meta name=\"robots\" content=\"index, follow, max-snippet:-1, max-image-preview:large, max-video-preview:-1\" \/>\n<link rel=\"canonical\" href=\"https:\/\/beautybusinessholland.com\/de\/produkt\/hydrating-collagen-serum\/\" \/>\n<meta property=\"og:locale\" content=\"de_DE\" \/>\n<meta property=\"og:type\" content=\"article\" \/>\n<meta property=\"og:title\" content=\"Hydrating Collagen Serum - Beauty Business Holland\" \/>\n<meta property=\"og:description\" content=\"Ultra-Light Collagen Serum \u2013 spendet Feuchtigkeit, strafft und hellt auf\" \/>\n<meta property=\"og:url\" content=\"https:\/\/beautybusinessholland.com\/de\/produkt\/hydrating-collagen-serum\/\" \/>\n<meta property=\"og:site_name\" content=\"Beauty Business Holland\" \/>\n<meta property=\"article:modified_time\" content=\"2025-10-15T11:10:05+00:00\" \/>\n<meta property=\"og:image\" content=\"https:\/\/beautybusinessholland.com\/wp-content\/uploads\/2025\/04\/hydrating.png\" \/>\n\t<meta property=\"og:image:width\" content=\"1201\" \/>\n\t<meta property=\"og:image:height\" content=\"1200\" \/>\n\t<meta property=\"og:image:type\" content=\"image\/png\" \/>\n<meta name=\"twitter:card\" content=\"summary_large_image\" \/>\n<meta name=\"twitter:label1\" content=\"Gesch\u00e4tzte Lesezeit\" \/>\n\t<meta name=\"twitter:data1\" content=\"1\u00a0Minute\" \/>\n<!-- \/ Yoast SEO plugin. -->","yoast_head_json":{"title":"Hydrating Collagen Serum - Beauty Business Holland","robots":{"index":"index","follow":"follow","max-snippet":"max-snippet:-1","max-image-preview":"max-image-preview:large","max-video-preview":"max-video-preview:-1"},"canonical":"https:\/\/beautybusinessholland.com\/de\/produkt\/hydrating-collagen-serum\/","og_locale":"de_DE","og_type":"article","og_title":"Hydrating Collagen Serum - Beauty Business Holland","og_description":"Ultra-Light Collagen Serum \u2013 spendet Feuchtigkeit, strafft und hellt auf","og_url":"https:\/\/beautybusinessholland.com\/de\/produkt\/hydrating-collagen-serum\/","og_site_name":"Beauty Business Holland","article_modified_time":"2025-10-15T11:10:05+00:00","og_image":[{"width":1201,"height":1200,"url":"https:\/\/beautybusinessholland.com\/wp-content\/uploads\/2025\/04\/hydrating.png","type":"image\/png"}],"twitter_card":"summary_large_image","twitter_misc":{"Gesch\u00e4tzte Lesezeit":"1\u00a0Minute"},"schema":{"@context":"https:\/\/schema.org","@graph":[{"@type":"WebPage","@id":"https:\/\/beautybusinessholland.com\/de\/produkt\/hydrating-collagen-serum\/","url":"https:\/\/beautybusinessholland.com\/de\/produkt\/hydrating-collagen-serum\/","name":"Hydrating Collagen Serum - Beauty Business Holland","isPartOf":{"@id":"https:\/\/beautybusinessholland.com\/de\/#website"},"primaryImageOfPage":{"@id":"https:\/\/beautybusinessholland.com\/de\/produkt\/hydrating-collagen-serum\/#primaryimage"},"image":{"@id":"https:\/\/beautybusinessholland.com\/de\/produkt\/hydrating-collagen-serum\/#primaryimage"},"thumbnailUrl":"https:\/\/beautybusinessholland.com\/wp-content\/uploads\/2025\/04\/hydrating.png","datePublished":"2025-04-29T06:47:30+00:00","dateModified":"2025-10-15T11:10:05+00:00","breadcrumb":{"@id":"https:\/\/beautybusinessholland.com\/de\/produkt\/hydrating-collagen-serum\/#breadcrumb"},"inLanguage":"de","potentialAction":[{"@type":"ReadAction","target":["https:\/\/beautybusinessholland.com\/de\/produkt\/hydrating-collagen-serum\/"]}]},{"@type":"ImageObject","inLanguage":"de","@id":"https:\/\/beautybusinessholland.com\/de\/produkt\/hydrating-collagen-serum\/#primaryimage","url":"https:\/\/beautybusinessholland.com\/wp-content\/uploads\/2025\/04\/hydrating.png","contentUrl":"https:\/\/beautybusinessholland.com\/wp-content\/uploads\/2025\/04\/hydrating.png","width":1201,"height":1200},{"@type":"BreadcrumbList","@id":"https:\/\/beautybusinessholland.com\/de\/produkt\/hydrating-collagen-serum\/#breadcrumb","itemListElement":[{"@type":"ListItem","position":1,"name":"Heim","item":"https:\/\/beautybusinessholland.com\/de\/"},{"@type":"ListItem","position":2,"name":"Laden","item":"https:\/\/beautybusinessholland.com\/winkel\/"},{"@type":"ListItem","position":3,"name":"Hydrating Collagen Serum"}]},{"@type":"WebSite","@id":"https:\/\/beautybusinessholland.com\/de\/#website","url":"https:\/\/beautybusinessholland.com\/de\/","name":"Beauty Business Holland","description":"Beauty &amp; Health Care","publisher":{"@id":"https:\/\/beautybusinessholland.com\/de\/#organization"},"potentialAction":[{"@type":"SearchAction","target":{"@type":"EntryPoint","urlTemplate":"https:\/\/beautybusinessholland.com\/de\/?s={search_term_string}"},"query-input":{"@type":"PropertyValueSpecification","valueRequired":true,"valueName":"search_term_string"}}],"inLanguage":"de"},{"@type":"Organization","@id":"https:\/\/beautybusinessholland.com\/de\/#organization","name":"Beauty Business Holland","url":"https:\/\/beautybusinessholland.com\/de\/","logo":{"@type":"ImageObject","inLanguage":"de","@id":"https:\/\/beautybusinessholland.com\/de\/#\/schema\/logo\/image\/","url":"https:\/\/beautybusinessholland.com\/wp-content\/uploads\/2025\/04\/email-logo.png","contentUrl":"https:\/\/beautybusinessholland.com\/wp-content\/uploads\/2025\/04\/email-logo.png","width":300,"height":79,"caption":"Beauty Business Holland"},"image":{"@id":"https:\/\/beautybusinessholland.com\/de\/#\/schema\/logo\/image\/"}}]}},"_links":{"self":[{"href":"https:\/\/beautybusinessholland.com\/de\/wp-json\/wp\/v2\/product\/10538","targetHints":{"allow":["GET"]}}],"collection":[{"href":"https:\/\/beautybusinessholland.com\/de\/wp-json\/wp\/v2\/product"}],"about":[{"href":"https:\/\/beautybusinessholland.com\/de\/wp-json\/wp\/v2\/types\/product"}],"version-history":[{"count":0,"href":"https:\/\/beautybusinessholland.com\/de\/wp-json\/wp\/v2\/product\/10538\/revisions"}],"wp:featuredmedia":[{"embeddable":true,"href":"https:\/\/beautybusinessholland.com\/de\/wp-json\/wp\/v2\/media\/10548"}],"wp:attachment":[{"href":"https:\/\/beautybusinessholland.com\/de\/wp-json\/wp\/v2\/media?parent=10538"}],"wp:term":[{"taxonomy":"product_brand","embeddable":true,"href":"https:\/\/beautybusinessholland.com\/de\/wp-json\/wp\/v2\/product_brand?post=10538"},{"taxonomy":"product_cat","embeddable":true,"href":"https:\/\/beautybusinessholland.com\/de\/wp-json\/wp\/v2\/product_cat?post=10538"},{"taxonomy":"product_tag","embeddable":true,"href":"https:\/\/beautybusinessholland.com\/de\/wp-json\/wp\/v2\/product_tag?post=10538"}],"curies":[{"name":"wp","href":"https:\/\/api.w.org\/{rel}","templated":true}]}}