{"id":10550,"date":"2025-04-29T08:45:58","date_gmt":"2025-04-29T06:45:58","guid":{"rendered":"https:\/\/beautybusinessholland.com\/product\/vitamin-c-serum\/"},"modified":"2025-10-15T13:12:16","modified_gmt":"2025-10-15T11:12:16","slug":"vitamin-c-serum","status":"publish","type":"product","link":"https:\/\/beautybusinessholland.com\/de\/produkt\/vitamin-c-serum\/","title":{"rendered":"Vitamin C Serum"},"content":{"rendered":"<p>Bringen Sie Energie und Leuchtkraft in die Haut mit diesem leistungsstarken Vitamin-C-Serum, das speziell entwickelt wurde, um die Haut vor Umwelteinfl\u00fcssen zu sch\u00fctzen und gleichzeitig einen jugendlichen, strahlenden Teint zu f\u00f6rdern. Diese einzigartige Formel enth\u00e4lt 2 % nat\u00fcrliches Vitamin C, Ferulas\u00e4ure und Sanddornextrakt \u2013 eine leistungsstarke Kombination aus Antioxidantien und pflegenden Inhaltsstoffen. <\/p>\n<p>Durch die leichte Textur ist das Serum f\u00fcr die t\u00e4gliche Anwendung geeignet, w\u00e4hrend es schnell von der Haut aufgenommen wird. Vitamin C hilft, Pigmentflecken zu reduzieren und sorgt f\u00fcr einen ebenm\u00e4\u00dfigeren Teint. Ferulas\u00e4ure f\u00f6rdert die Festigkeit der Haut und wirkt zusammen mit Vitamin C, um oxidative Sch\u00e4den zu bek\u00e4mpfen. Hyalurons\u00e4ure spendet intensiv Feuchtigkeit und sorgt f\u00fcr eine geschmeidige, pralle Haut. Die hinzugef\u00fcgten pflegenden \u00d6le machen die Haut weich und hinterlassen einen gesunden Glanz.    <\/p>\n","protected":false},"excerpt":{"rendered":"<p>Bringen Sie Energie und Klarheit in die Haut mit diesem leistungsstarken Vitamin-C-Serum, das speziell entwickelt wurde, um die Haut vor<\/p>\n","protected":false},"featured_media":10551,"template":"","meta":{"_acf_changed":false,"footnotes":""},"product_brand":[],"product_cat":[110],"product_tag":[],"class_list":{"0":"post-10550","1":"product","2":"type-product","3":"status-publish","4":"has-post-thumbnail","6":"product_cat-booster-seren","8":"first","9":"instock","10":"shipping-taxable","11":"purchasable","12":"product-type-simple"},"acf":[],"yoast_head":"<!-- This site is optimized with the Yoast SEO plugin v27.5 - https:\/\/yoast.com\/product\/yoast-seo-wordpress\/ -->\n<title>Vitamin C Serum - Beauty Business Holland<\/title>\n<meta name=\"robots\" content=\"index, follow, max-snippet:-1, max-image-preview:large, max-video-preview:-1\" \/>\n<link rel=\"canonical\" href=\"https:\/\/beautybusinessholland.com\/de\/produkt\/vitamin-c-serum\/\" \/>\n<meta property=\"og:locale\" content=\"de_DE\" \/>\n<meta property=\"og:type\" content=\"article\" \/>\n<meta property=\"og:title\" content=\"Vitamin C Serum - Beauty Business Holland\" \/>\n<meta property=\"og:description\" content=\"Bringen Sie Energie und Klarheit in die Haut mit diesem leistungsstarken Vitamin-C-Serum, das speziell entwickelt wurde, um die Haut vor\" \/>\n<meta property=\"og:url\" content=\"https:\/\/beautybusinessholland.com\/de\/produkt\/vitamin-c-serum\/\" \/>\n<meta property=\"og:site_name\" content=\"Beauty Business Holland\" \/>\n<meta property=\"article:modified_time\" content=\"2025-10-15T11:12:16+00:00\" \/>\n<meta property=\"og:image\" content=\"https:\/\/beautybusinessholland.com\/wp-content\/uploads\/2025\/04\/vitamin-c.png\" \/>\n\t<meta property=\"og:image:width\" content=\"1201\" \/>\n\t<meta property=\"og:image:height\" content=\"1200\" \/>\n\t<meta property=\"og:image:type\" content=\"image\/png\" \/>\n<meta name=\"twitter:card\" content=\"summary_large_image\" \/>\n<meta name=\"twitter:label1\" content=\"Gesch\u00e4tzte Lesezeit\" \/>\n\t<meta name=\"twitter:data1\" content=\"1\u00a0Minute\" \/>\n<!-- \/ Yoast SEO plugin. -->","yoast_head_json":{"title":"Vitamin C Serum - Beauty Business Holland","robots":{"index":"index","follow":"follow","max-snippet":"max-snippet:-1","max-image-preview":"max-image-preview:large","max-video-preview":"max-video-preview:-1"},"canonical":"https:\/\/beautybusinessholland.com\/de\/produkt\/vitamin-c-serum\/","og_locale":"de_DE","og_type":"article","og_title":"Vitamin C Serum - Beauty Business Holland","og_description":"Bringen Sie Energie und Klarheit in die Haut mit diesem leistungsstarken Vitamin-C-Serum, das speziell entwickelt wurde, um die Haut vor","og_url":"https:\/\/beautybusinessholland.com\/de\/produkt\/vitamin-c-serum\/","og_site_name":"Beauty Business Holland","article_modified_time":"2025-10-15T11:12:16+00:00","og_image":[{"width":1201,"height":1200,"url":"https:\/\/beautybusinessholland.com\/wp-content\/uploads\/2025\/04\/vitamin-c.png","type":"image\/png"}],"twitter_card":"summary_large_image","twitter_misc":{"Gesch\u00e4tzte Lesezeit":"1\u00a0Minute"},"schema":{"@context":"https:\/\/schema.org","@graph":[{"@type":"WebPage","@id":"https:\/\/beautybusinessholland.com\/de\/produkt\/vitamin-c-serum\/","url":"https:\/\/beautybusinessholland.com\/de\/produkt\/vitamin-c-serum\/","name":"Vitamin C Serum - Beauty Business Holland","isPartOf":{"@id":"https:\/\/beautybusinessholland.com\/de\/#website"},"primaryImageOfPage":{"@id":"https:\/\/beautybusinessholland.com\/de\/produkt\/vitamin-c-serum\/#primaryimage"},"image":{"@id":"https:\/\/beautybusinessholland.com\/de\/produkt\/vitamin-c-serum\/#primaryimage"},"thumbnailUrl":"https:\/\/beautybusinessholland.com\/wp-content\/uploads\/2025\/04\/vitamin-c.png","datePublished":"2025-04-29T06:45:58+00:00","dateModified":"2025-10-15T11:12:16+00:00","breadcrumb":{"@id":"https:\/\/beautybusinessholland.com\/de\/produkt\/vitamin-c-serum\/#breadcrumb"},"inLanguage":"de","potentialAction":[{"@type":"ReadAction","target":["https:\/\/beautybusinessholland.com\/de\/produkt\/vitamin-c-serum\/"]}]},{"@type":"ImageObject","inLanguage":"de","@id":"https:\/\/beautybusinessholland.com\/de\/produkt\/vitamin-c-serum\/#primaryimage","url":"https:\/\/beautybusinessholland.com\/wp-content\/uploads\/2025\/04\/vitamin-c.png","contentUrl":"https:\/\/beautybusinessholland.com\/wp-content\/uploads\/2025\/04\/vitamin-c.png","width":1201,"height":1200},{"@type":"BreadcrumbList","@id":"https:\/\/beautybusinessholland.com\/de\/produkt\/vitamin-c-serum\/#breadcrumb","itemListElement":[{"@type":"ListItem","position":1,"name":"Heim","item":"https:\/\/beautybusinessholland.com\/de\/"},{"@type":"ListItem","position":2,"name":"Laden","item":"https:\/\/beautybusinessholland.com\/winkel\/"},{"@type":"ListItem","position":3,"name":"Vitamin C Serum"}]},{"@type":"WebSite","@id":"https:\/\/beautybusinessholland.com\/de\/#website","url":"https:\/\/beautybusinessholland.com\/de\/","name":"Beauty Business Holland","description":"Beauty &amp; Health Care","publisher":{"@id":"https:\/\/beautybusinessholland.com\/de\/#organization"},"potentialAction":[{"@type":"SearchAction","target":{"@type":"EntryPoint","urlTemplate":"https:\/\/beautybusinessholland.com\/de\/?s={search_term_string}"},"query-input":{"@type":"PropertyValueSpecification","valueRequired":true,"valueName":"search_term_string"}}],"inLanguage":"de"},{"@type":"Organization","@id":"https:\/\/beautybusinessholland.com\/de\/#organization","name":"Beauty Business Holland","url":"https:\/\/beautybusinessholland.com\/de\/","logo":{"@type":"ImageObject","inLanguage":"de","@id":"https:\/\/beautybusinessholland.com\/de\/#\/schema\/logo\/image\/","url":"https:\/\/beautybusinessholland.com\/wp-content\/uploads\/2025\/04\/email-logo.png","contentUrl":"https:\/\/beautybusinessholland.com\/wp-content\/uploads\/2025\/04\/email-logo.png","width":300,"height":79,"caption":"Beauty Business Holland"},"image":{"@id":"https:\/\/beautybusinessholland.com\/de\/#\/schema\/logo\/image\/"}}]}},"_links":{"self":[{"href":"https:\/\/beautybusinessholland.com\/de\/wp-json\/wp\/v2\/product\/10550","targetHints":{"allow":["GET"]}}],"collection":[{"href":"https:\/\/beautybusinessholland.com\/de\/wp-json\/wp\/v2\/product"}],"about":[{"href":"https:\/\/beautybusinessholland.com\/de\/wp-json\/wp\/v2\/types\/product"}],"version-history":[{"count":0,"href":"https:\/\/beautybusinessholland.com\/de\/wp-json\/wp\/v2\/product\/10550\/revisions"}],"wp:featuredmedia":[{"embeddable":true,"href":"https:\/\/beautybusinessholland.com\/de\/wp-json\/wp\/v2\/media\/10551"}],"wp:attachment":[{"href":"https:\/\/beautybusinessholland.com\/de\/wp-json\/wp\/v2\/media?parent=10550"}],"wp:term":[{"taxonomy":"product_brand","embeddable":true,"href":"https:\/\/beautybusinessholland.com\/de\/wp-json\/wp\/v2\/product_brand?post=10550"},{"taxonomy":"product_cat","embeddable":true,"href":"https:\/\/beautybusinessholland.com\/de\/wp-json\/wp\/v2\/product_cat?post=10550"},{"taxonomy":"product_tag","embeddable":true,"href":"https:\/\/beautybusinessholland.com\/de\/wp-json\/wp\/v2\/product_tag?post=10550"}],"curies":[{"name":"wp","href":"https:\/\/api.w.org\/{rel}","templated":true}]}}