{"id":10552,"date":"2025-04-29T07:45:08","date_gmt":"2025-04-29T05:45:08","guid":{"rendered":"https:\/\/beautybusinessholland.com\/product\/salicylsaeure-creme\/"},"modified":"2025-10-30T10:37:10","modified_gmt":"2025-10-30T09:37:10","slug":"salicylic-creme","status":"publish","type":"product","link":"https:\/\/beautybusinessholland.com\/de\/produkt\/salicylic-creme\/","title":{"rendered":"Salicylic Cr\u00e8me"},"content":{"rendered":"<p>Gegen verstopfte Poren &amp; Unreinheiten<\/p>\n<p>Diese luftige Creme in kosmezeutisch-Qualit\u00e4t wurde speziell f\u00fcr fettige oder unreine Haut entwickelt. Die Formel enth\u00e4lt Salicyls\u00e4ure, die tief in die Poren eindringt, um angesammelten Talg und abgestorbene Hautzellen aufzul\u00f6sen. Dadurch werden Mitesser und gro\u00dfe Poren sichtbar reduziert.  <\/p>\n<p>Die Creme hilft nicht nur, die Haut zu reinigen, sondern beugt dank ihrer beruhigenden, entz\u00fcndungshemmenden Inhaltsstoffe auch Narben und Entz\u00fcndungen vor. Die nicht austrocknende Formel sorgt daf\u00fcr, dass die Haut mit Feuchtigkeit versorgt bleibt und sich weich anf\u00fchlt. <\/p>\n<p>Hinweis: Salicyls\u00e4ure erh\u00f6ht die Empfindlichkeit der Haut gegen\u00fcber UV-Licht. Tragen Sie tags\u00fcber immer Sonnenschutz. <\/p>\n","protected":false},"excerpt":{"rendered":"<p>Gegen verstopfte Poren und Unreinheiten Diese leichte, kosmezeutische Creme<\/p>\n","protected":false},"featured_media":10553,"template":"","meta":{"_acf_changed":false,"footnotes":""},"product_brand":[],"product_cat":[122],"product_tag":[],"class_list":{"0":"post-10552","1":"product","2":"type-product","3":"status-publish","4":"has-post-thumbnail","6":"product_cat-cremes","8":"first","9":"instock","10":"shipping-taxable","11":"purchasable","12":"product-type-simple"},"acf":[],"yoast_head":"<!-- This site is optimized with the Yoast SEO plugin v27.3 - https:\/\/yoast.com\/product\/yoast-seo-wordpress\/ -->\n<title>Salicylic Cr\u00e8me - Beauty Business Holland<\/title>\n<meta name=\"robots\" content=\"index, follow, max-snippet:-1, max-image-preview:large, max-video-preview:-1\" \/>\n<link rel=\"canonical\" href=\"https:\/\/beautybusinessholland.com\/de\/produkt\/salicylic-creme\/\" \/>\n<meta property=\"og:locale\" content=\"de_DE\" \/>\n<meta property=\"og:type\" content=\"article\" \/>\n<meta property=\"og:title\" content=\"Salicylic Cr\u00e8me - Beauty Business Holland\" \/>\n<meta property=\"og:description\" content=\"Gegen verstopfte Poren und Unreinheiten Diese leichte, kosmezeutische Creme\" \/>\n<meta property=\"og:url\" content=\"https:\/\/beautybusinessholland.com\/de\/produkt\/salicylic-creme\/\" \/>\n<meta property=\"og:site_name\" content=\"Beauty Business Holland\" \/>\n<meta property=\"article:modified_time\" content=\"2025-10-30T09:37:10+00:00\" \/>\n<meta property=\"og:image\" content=\"https:\/\/beautybusinessholland.com\/wp-content\/uploads\/2025\/06\/beauty-business-holland-salicylic-cream.jpg\" \/>\n\t<meta property=\"og:image:width\" content=\"1328\" \/>\n\t<meta property=\"og:image:height\" content=\"1328\" \/>\n\t<meta property=\"og:image:type\" content=\"image\/jpeg\" \/>\n<meta name=\"twitter:card\" content=\"summary_large_image\" \/>\n<meta name=\"twitter:label1\" content=\"Gesch\u00e4tzte Lesezeit\" \/>\n\t<meta name=\"twitter:data1\" content=\"1\u00a0Minute\" \/>\n<!-- \/ Yoast SEO plugin. -->","yoast_head_json":{"title":"Salicylic Cr\u00e8me - Beauty Business Holland","robots":{"index":"index","follow":"follow","max-snippet":"max-snippet:-1","max-image-preview":"max-image-preview:large","max-video-preview":"max-video-preview:-1"},"canonical":"https:\/\/beautybusinessholland.com\/de\/produkt\/salicylic-creme\/","og_locale":"de_DE","og_type":"article","og_title":"Salicylic Cr\u00e8me - Beauty Business Holland","og_description":"Gegen verstopfte Poren und Unreinheiten Diese leichte, kosmezeutische Creme","og_url":"https:\/\/beautybusinessholland.com\/de\/produkt\/salicylic-creme\/","og_site_name":"Beauty Business Holland","article_modified_time":"2025-10-30T09:37:10+00:00","og_image":[{"width":1328,"height":1328,"url":"https:\/\/beautybusinessholland.com\/wp-content\/uploads\/2025\/06\/beauty-business-holland-salicylic-cream.jpg","type":"image\/jpeg"}],"twitter_card":"summary_large_image","twitter_misc":{"Gesch\u00e4tzte Lesezeit":"1\u00a0Minute"},"schema":{"@context":"https:\/\/schema.org","@graph":[{"@type":"WebPage","@id":"https:\/\/beautybusinessholland.com\/de\/produkt\/salicylic-creme\/","url":"https:\/\/beautybusinessholland.com\/de\/produkt\/salicylic-creme\/","name":"Salicylic Cr\u00e8me - Beauty Business Holland","isPartOf":{"@id":"https:\/\/beautybusinessholland.com\/de\/#website"},"primaryImageOfPage":{"@id":"https:\/\/beautybusinessholland.com\/de\/produkt\/salicylic-creme\/#primaryimage"},"image":{"@id":"https:\/\/beautybusinessholland.com\/de\/produkt\/salicylic-creme\/#primaryimage"},"thumbnailUrl":"https:\/\/beautybusinessholland.com\/wp-content\/uploads\/2025\/06\/beauty-business-holland-salicylic-cream.jpg","datePublished":"2025-04-29T05:45:08+00:00","dateModified":"2025-10-30T09:37:10+00:00","breadcrumb":{"@id":"https:\/\/beautybusinessholland.com\/de\/produkt\/salicylic-creme\/#breadcrumb"},"inLanguage":"de","potentialAction":[{"@type":"ReadAction","target":["https:\/\/beautybusinessholland.com\/de\/produkt\/salicylic-creme\/"]}]},{"@type":"ImageObject","inLanguage":"de","@id":"https:\/\/beautybusinessholland.com\/de\/produkt\/salicylic-creme\/#primaryimage","url":"https:\/\/beautybusinessholland.com\/wp-content\/uploads\/2025\/06\/beauty-business-holland-salicylic-cream.jpg","contentUrl":"https:\/\/beautybusinessholland.com\/wp-content\/uploads\/2025\/06\/beauty-business-holland-salicylic-cream.jpg","width":1328,"height":1328},{"@type":"BreadcrumbList","@id":"https:\/\/beautybusinessholland.com\/de\/produkt\/salicylic-creme\/#breadcrumb","itemListElement":[{"@type":"ListItem","position":1,"name":"Heim","item":"https:\/\/beautybusinessholland.com\/de\/beauty-business-holland\/"},{"@type":"ListItem","position":2,"name":"Laden","item":"https:\/\/beautybusinessholland.com\/winkel\/"},{"@type":"ListItem","position":3,"name":"Salicylic Cr\u00e8me"}]},{"@type":"WebSite","@id":"https:\/\/beautybusinessholland.com\/de\/#website","url":"https:\/\/beautybusinessholland.com\/de\/","name":"Beauty Business Holland","description":"Beauty &amp; Health Care","publisher":{"@id":"https:\/\/beautybusinessholland.com\/de\/#organization"},"potentialAction":[{"@type":"SearchAction","target":{"@type":"EntryPoint","urlTemplate":"https:\/\/beautybusinessholland.com\/de\/?s={search_term_string}"},"query-input":{"@type":"PropertyValueSpecification","valueRequired":true,"valueName":"search_term_string"}}],"inLanguage":"de"},{"@type":"Organization","@id":"https:\/\/beautybusinessholland.com\/de\/#organization","name":"Beauty Business Holland","url":"https:\/\/beautybusinessholland.com\/de\/","logo":{"@type":"ImageObject","inLanguage":"de","@id":"https:\/\/beautybusinessholland.com\/de\/#\/schema\/logo\/image\/","url":"https:\/\/beautybusinessholland.com\/wp-content\/uploads\/2025\/04\/email-logo.png","contentUrl":"https:\/\/beautybusinessholland.com\/wp-content\/uploads\/2025\/04\/email-logo.png","width":300,"height":79,"caption":"Beauty Business Holland"},"image":{"@id":"https:\/\/beautybusinessholland.com\/de\/#\/schema\/logo\/image\/"}}]}},"_links":{"self":[{"href":"https:\/\/beautybusinessholland.com\/de\/wp-json\/wp\/v2\/product\/10552","targetHints":{"allow":["GET"]}}],"collection":[{"href":"https:\/\/beautybusinessholland.com\/de\/wp-json\/wp\/v2\/product"}],"about":[{"href":"https:\/\/beautybusinessholland.com\/de\/wp-json\/wp\/v2\/types\/product"}],"version-history":[{"count":0,"href":"https:\/\/beautybusinessholland.com\/de\/wp-json\/wp\/v2\/product\/10552\/revisions"}],"wp:featuredmedia":[{"embeddable":true,"href":"https:\/\/beautybusinessholland.com\/de\/wp-json\/wp\/v2\/media\/10553"}],"wp:attachment":[{"href":"https:\/\/beautybusinessholland.com\/de\/wp-json\/wp\/v2\/media?parent=10552"}],"wp:term":[{"taxonomy":"product_brand","embeddable":true,"href":"https:\/\/beautybusinessholland.com\/de\/wp-json\/wp\/v2\/product_brand?post=10552"},{"taxonomy":"product_cat","embeddable":true,"href":"https:\/\/beautybusinessholland.com\/de\/wp-json\/wp\/v2\/product_cat?post=10552"},{"taxonomy":"product_tag","embeddable":true,"href":"https:\/\/beautybusinessholland.com\/de\/wp-json\/wp\/v2\/product_tag?post=10552"}],"curies":[{"name":"wp","href":"https:\/\/api.w.org\/{rel}","templated":true}]}}