{"id":10556,"date":"2025-04-29T07:39:49","date_gmt":"2025-04-29T05:39:49","guid":{"rendered":"https:\/\/beautybusinessholland.com\/product\/tagescreme-mit-strahlender-ausstrahlung\/"},"modified":"2025-10-15T13:21:38","modified_gmt":"2025-10-15T11:21:38","slug":"radiance-boosting-day-cream","status":"publish","type":"product","link":"https:\/\/beautybusinessholland.com\/de\/produkt\/radiance-boosting-day-cream\/","title":{"rendered":"Radiance-boosting Day Cream"},"content":{"rendered":"<p>Diese samtige Tagescreme wurde speziell entwickelt, um das Hautbild zu verbessern, den Hautton auszugleichen und der Haut einen nat\u00fcrlichen Glanz zu verleihen. Die Formel ist mit Hyalurons\u00e4ure und Fruchtextrakten, darunter Erdbeer- und Aprikosenkern\u00f6l, angereichert, die die Haut intensiv n\u00e4hren, weich machen und aufhellen. <\/p>\n<p>Ideal f\u00fcr normale bis trockene und reife Haut sowie f\u00fcr Hautverf\u00e4rbungen oder Hyperpigmentierungen. Die Creme enth\u00e4lt dank Zinkoxid einen nat\u00fcrlichen Lichtschutzfaktor von etwa 15, der vor t\u00e4glichen UV-Sch\u00e4den sch\u00fctzt. <\/p>\n<p>Die leichte Textur schmilzt auf der Haut, ohne sich fettig anzuf\u00fchlen, und sorgt f\u00fcr langanhaltende Feuchtigkeit, ein frisches Aussehen und einen ebenm\u00e4\u00dfigen Teint.<\/p>\n","protected":false},"excerpt":{"rendered":"<p>Diese samtige Tagescreme wurde speziell entwickelt, um das Hautbild zu verbessern, den Hautton auszugleichen und der Haut einen nat\u00fcrlichen Glanz zu verleihen.<\/p>\n","protected":false},"featured_media":10557,"template":"","meta":{"_acf_changed":false,"footnotes":""},"product_brand":[],"product_cat":[122],"product_tag":[],"class_list":{"0":"post-10556","1":"product","2":"type-product","3":"status-publish","4":"has-post-thumbnail","6":"product_cat-cremes","8":"first","9":"instock","10":"shipping-taxable","11":"purchasable","12":"product-type-simple"},"acf":[],"yoast_head":"<!-- This site is optimized with the Yoast SEO plugin v27.3 - https:\/\/yoast.com\/product\/yoast-seo-wordpress\/ -->\n<title>Radiance-boosting Day Cream - Beauty Business Holland<\/title>\n<meta name=\"robots\" content=\"index, follow, max-snippet:-1, max-image-preview:large, max-video-preview:-1\" \/>\n<link rel=\"canonical\" href=\"https:\/\/beautybusinessholland.com\/de\/produkt\/radiance-boosting-day-cream\/\" \/>\n<meta property=\"og:locale\" content=\"de_DE\" \/>\n<meta property=\"og:type\" content=\"article\" \/>\n<meta property=\"og:title\" content=\"Radiance-boosting Day Cream - Beauty Business Holland\" \/>\n<meta property=\"og:description\" content=\"Diese samtige Tagescreme wurde speziell entwickelt, um das Hautbild zu verbessern, den Hautton auszugleichen und der Haut einen nat\u00fcrlichen Glanz zu verleihen.\" \/>\n<meta property=\"og:url\" content=\"https:\/\/beautybusinessholland.com\/de\/produkt\/radiance-boosting-day-cream\/\" \/>\n<meta property=\"og:site_name\" content=\"Beauty Business Holland\" \/>\n<meta property=\"article:modified_time\" content=\"2025-10-15T11:21:38+00:00\" \/>\n<meta property=\"og:image\" content=\"https:\/\/beautybusinessholland.com\/wp-content\/uploads\/2025\/06\/beauty-business-holland-radiance-boosting-day-cream.jpg\" \/>\n\t<meta property=\"og:image:width\" content=\"1284\" \/>\n\t<meta property=\"og:image:height\" content=\"1284\" \/>\n\t<meta property=\"og:image:type\" content=\"image\/jpeg\" \/>\n<meta name=\"twitter:card\" content=\"summary_large_image\" \/>\n<meta name=\"twitter:label1\" content=\"Gesch\u00e4tzte Lesezeit\" \/>\n\t<meta name=\"twitter:data1\" content=\"1\u00a0Minute\" \/>\n<!-- \/ Yoast SEO plugin. -->","yoast_head_json":{"title":"Radiance-boosting Day Cream - Beauty Business Holland","robots":{"index":"index","follow":"follow","max-snippet":"max-snippet:-1","max-image-preview":"max-image-preview:large","max-video-preview":"max-video-preview:-1"},"canonical":"https:\/\/beautybusinessholland.com\/de\/produkt\/radiance-boosting-day-cream\/","og_locale":"de_DE","og_type":"article","og_title":"Radiance-boosting Day Cream - Beauty Business Holland","og_description":"Diese samtige Tagescreme wurde speziell entwickelt, um das Hautbild zu verbessern, den Hautton auszugleichen und der Haut einen nat\u00fcrlichen Glanz zu verleihen.","og_url":"https:\/\/beautybusinessholland.com\/de\/produkt\/radiance-boosting-day-cream\/","og_site_name":"Beauty Business Holland","article_modified_time":"2025-10-15T11:21:38+00:00","og_image":[{"width":1284,"height":1284,"url":"https:\/\/beautybusinessholland.com\/wp-content\/uploads\/2025\/06\/beauty-business-holland-radiance-boosting-day-cream.jpg","type":"image\/jpeg"}],"twitter_card":"summary_large_image","twitter_misc":{"Gesch\u00e4tzte Lesezeit":"1\u00a0Minute"},"schema":{"@context":"https:\/\/schema.org","@graph":[{"@type":"WebPage","@id":"https:\/\/beautybusinessholland.com\/de\/produkt\/radiance-boosting-day-cream\/","url":"https:\/\/beautybusinessholland.com\/de\/produkt\/radiance-boosting-day-cream\/","name":"Radiance-boosting Day Cream - Beauty Business Holland","isPartOf":{"@id":"https:\/\/beautybusinessholland.com\/de\/#website"},"primaryImageOfPage":{"@id":"https:\/\/beautybusinessholland.com\/de\/produkt\/radiance-boosting-day-cream\/#primaryimage"},"image":{"@id":"https:\/\/beautybusinessholland.com\/de\/produkt\/radiance-boosting-day-cream\/#primaryimage"},"thumbnailUrl":"https:\/\/beautybusinessholland.com\/wp-content\/uploads\/2025\/06\/beauty-business-holland-radiance-boosting-day-cream.jpg","datePublished":"2025-04-29T05:39:49+00:00","dateModified":"2025-10-15T11:21:38+00:00","breadcrumb":{"@id":"https:\/\/beautybusinessholland.com\/de\/produkt\/radiance-boosting-day-cream\/#breadcrumb"},"inLanguage":"de","potentialAction":[{"@type":"ReadAction","target":["https:\/\/beautybusinessholland.com\/de\/produkt\/radiance-boosting-day-cream\/"]}]},{"@type":"ImageObject","inLanguage":"de","@id":"https:\/\/beautybusinessholland.com\/de\/produkt\/radiance-boosting-day-cream\/#primaryimage","url":"https:\/\/beautybusinessholland.com\/wp-content\/uploads\/2025\/06\/beauty-business-holland-radiance-boosting-day-cream.jpg","contentUrl":"https:\/\/beautybusinessholland.com\/wp-content\/uploads\/2025\/06\/beauty-business-holland-radiance-boosting-day-cream.jpg","width":1284,"height":1284},{"@type":"BreadcrumbList","@id":"https:\/\/beautybusinessholland.com\/de\/produkt\/radiance-boosting-day-cream\/#breadcrumb","itemListElement":[{"@type":"ListItem","position":1,"name":"Heim","item":"https:\/\/beautybusinessholland.com\/de\/beauty-business-holland\/"},{"@type":"ListItem","position":2,"name":"Laden","item":"https:\/\/beautybusinessholland.com\/winkel\/"},{"@type":"ListItem","position":3,"name":"Radiance-boosting Day Cream"}]},{"@type":"WebSite","@id":"https:\/\/beautybusinessholland.com\/de\/#website","url":"https:\/\/beautybusinessholland.com\/de\/","name":"Beauty Business Holland","description":"Beauty &amp; Health Care","publisher":{"@id":"https:\/\/beautybusinessholland.com\/de\/#organization"},"potentialAction":[{"@type":"SearchAction","target":{"@type":"EntryPoint","urlTemplate":"https:\/\/beautybusinessholland.com\/de\/?s={search_term_string}"},"query-input":{"@type":"PropertyValueSpecification","valueRequired":true,"valueName":"search_term_string"}}],"inLanguage":"de"},{"@type":"Organization","@id":"https:\/\/beautybusinessholland.com\/de\/#organization","name":"Beauty Business Holland","url":"https:\/\/beautybusinessholland.com\/de\/","logo":{"@type":"ImageObject","inLanguage":"de","@id":"https:\/\/beautybusinessholland.com\/de\/#\/schema\/logo\/image\/","url":"https:\/\/beautybusinessholland.com\/wp-content\/uploads\/2025\/04\/email-logo.png","contentUrl":"https:\/\/beautybusinessholland.com\/wp-content\/uploads\/2025\/04\/email-logo.png","width":300,"height":79,"caption":"Beauty Business Holland"},"image":{"@id":"https:\/\/beautybusinessholland.com\/de\/#\/schema\/logo\/image\/"}}]}},"_links":{"self":[{"href":"https:\/\/beautybusinessholland.com\/de\/wp-json\/wp\/v2\/product\/10556","targetHints":{"allow":["GET"]}}],"collection":[{"href":"https:\/\/beautybusinessholland.com\/de\/wp-json\/wp\/v2\/product"}],"about":[{"href":"https:\/\/beautybusinessholland.com\/de\/wp-json\/wp\/v2\/types\/product"}],"version-history":[{"count":0,"href":"https:\/\/beautybusinessholland.com\/de\/wp-json\/wp\/v2\/product\/10556\/revisions"}],"wp:featuredmedia":[{"embeddable":true,"href":"https:\/\/beautybusinessholland.com\/de\/wp-json\/wp\/v2\/media\/10557"}],"wp:attachment":[{"href":"https:\/\/beautybusinessholland.com\/de\/wp-json\/wp\/v2\/media?parent=10556"}],"wp:term":[{"taxonomy":"product_brand","embeddable":true,"href":"https:\/\/beautybusinessholland.com\/de\/wp-json\/wp\/v2\/product_brand?post=10556"},{"taxonomy":"product_cat","embeddable":true,"href":"https:\/\/beautybusinessholland.com\/de\/wp-json\/wp\/v2\/product_cat?post=10556"},{"taxonomy":"product_tag","embeddable":true,"href":"https:\/\/beautybusinessholland.com\/de\/wp-json\/wp\/v2\/product_tag?post=10556"}],"curies":[{"name":"wp","href":"https:\/\/api.w.org\/{rel}","templated":true}]}}