{"id":10558,"date":"2025-04-29T08:39:55","date_gmt":"2025-04-29T06:39:55","guid":{"rendered":"https:\/\/beautybusinessholland.com\/product\/hyperpigmentation-brightening-booster-serum-mit-praebiotika\/"},"modified":"2025-10-15T13:15:44","modified_gmt":"2025-10-15T11:15:44","slug":"hyperpigmentation-brightening-booster-serum-with-pre-biotics","status":"publish","type":"product","link":"https:\/\/beautybusinessholland.com\/de\/produkt\/hyperpigmentation-brightening-booster-serum-with-pre-biotics\/","title":{"rendered":"Hyperpigmentation &#038; Brightening Booster Serum With Pre-biotics"},"content":{"rendered":"<p>Dieses leistungsstarke Serum zielt mit einer Mischung aus aufhellenden Inhaltsstoffen wie Niacinamid, Tranexams\u00e4ure, Arbutin und Kojis\u00e4ure auf Hyperpigmentierung und ungleichm\u00e4\u00dfigen Hautton ab. W\u00e4hrend Squalan, Glycerin und Aloe Vera die Haut hydrotisieren und beruhigen, reduziert dieses Serum effektiv dunkle Flecken und hellt den Teint auf, w\u00e4hrend es gleichzeitig die nat\u00fcrliche Feuchtigkeitsbarriere der Haut unterst\u00fctzt. Das Ergebnis ist eine weiche, elastische und strahlende Haut.  <\/p>\n","protected":false},"excerpt":{"rendered":"<p>Dieses leistungsstarke Serum zielt auf Hyperpigmentierung und ungleichm\u00e4\u00dfigen Hautton mit einer Mischung aus aufhellenden<\/p>\n","protected":false},"featured_media":10560,"template":"","meta":{"_acf_changed":false,"footnotes":""},"product_brand":[],"product_cat":[110],"product_tag":[],"class_list":{"0":"post-10558","1":"product","2":"type-product","3":"status-publish","4":"has-post-thumbnail","6":"product_cat-booster-seren","8":"first","9":"instock","10":"shipping-taxable","11":"purchasable","12":"product-type-simple"},"acf":[],"yoast_head":"<!-- This site is optimized with the Yoast SEO plugin v27.5 - https:\/\/yoast.com\/product\/yoast-seo-wordpress\/ -->\n<title>Hyperpigmentation &amp; Brightening Booster Serum With Pre-biotics - Beauty Business Holland<\/title>\n<meta name=\"robots\" content=\"index, follow, max-snippet:-1, max-image-preview:large, max-video-preview:-1\" \/>\n<link rel=\"canonical\" href=\"https:\/\/beautybusinessholland.com\/de\/produkt\/hyperpigmentation-brightening-booster-serum-with-pre-biotics\/\" \/>\n<meta property=\"og:locale\" content=\"de_DE\" \/>\n<meta property=\"og:type\" content=\"article\" \/>\n<meta property=\"og:title\" content=\"Hyperpigmentation &amp; Brightening Booster Serum With Pre-biotics - Beauty Business Holland\" \/>\n<meta property=\"og:description\" content=\"Dieses leistungsstarke Serum zielt auf Hyperpigmentierung und ungleichm\u00e4\u00dfigen Hautton mit einer Mischung aus aufhellenden\" \/>\n<meta property=\"og:url\" content=\"https:\/\/beautybusinessholland.com\/de\/produkt\/hyperpigmentation-brightening-booster-serum-with-pre-biotics\/\" \/>\n<meta property=\"og:site_name\" content=\"Beauty Business Holland\" \/>\n<meta property=\"article:modified_time\" content=\"2025-10-15T11:15:44+00:00\" \/>\n<meta property=\"og:image\" content=\"https:\/\/beautybusinessholland.com\/wp-content\/uploads\/2025\/04\/pigmentation.jpg\" \/>\n\t<meta property=\"og:image:width\" content=\"800\" \/>\n\t<meta property=\"og:image:height\" content=\"799\" \/>\n\t<meta property=\"og:image:type\" content=\"image\/jpeg\" \/>\n<meta name=\"twitter:card\" content=\"summary_large_image\" \/>\n<meta name=\"twitter:label1\" content=\"Gesch\u00e4tzte Lesezeit\" \/>\n\t<meta name=\"twitter:data1\" content=\"1\u00a0Minute\" \/>\n<!-- \/ Yoast SEO plugin. -->","yoast_head_json":{"title":"Hyperpigmentation & Brightening Booster Serum With Pre-biotics - Beauty Business Holland","robots":{"index":"index","follow":"follow","max-snippet":"max-snippet:-1","max-image-preview":"max-image-preview:large","max-video-preview":"max-video-preview:-1"},"canonical":"https:\/\/beautybusinessholland.com\/de\/produkt\/hyperpigmentation-brightening-booster-serum-with-pre-biotics\/","og_locale":"de_DE","og_type":"article","og_title":"Hyperpigmentation & Brightening Booster Serum With Pre-biotics - Beauty Business Holland","og_description":"Dieses leistungsstarke Serum zielt auf Hyperpigmentierung und ungleichm\u00e4\u00dfigen Hautton mit einer Mischung aus aufhellenden","og_url":"https:\/\/beautybusinessholland.com\/de\/produkt\/hyperpigmentation-brightening-booster-serum-with-pre-biotics\/","og_site_name":"Beauty Business Holland","article_modified_time":"2025-10-15T11:15:44+00:00","og_image":[{"width":800,"height":799,"url":"https:\/\/beautybusinessholland.com\/wp-content\/uploads\/2025\/04\/pigmentation.jpg","type":"image\/jpeg"}],"twitter_card":"summary_large_image","twitter_misc":{"Gesch\u00e4tzte Lesezeit":"1\u00a0Minute"},"schema":{"@context":"https:\/\/schema.org","@graph":[{"@type":"WebPage","@id":"https:\/\/beautybusinessholland.com\/de\/produkt\/hyperpigmentation-brightening-booster-serum-with-pre-biotics\/","url":"https:\/\/beautybusinessholland.com\/de\/produkt\/hyperpigmentation-brightening-booster-serum-with-pre-biotics\/","name":"Hyperpigmentation & Brightening Booster Serum With Pre-biotics - Beauty Business Holland","isPartOf":{"@id":"https:\/\/beautybusinessholland.com\/de\/#website"},"primaryImageOfPage":{"@id":"https:\/\/beautybusinessholland.com\/de\/produkt\/hyperpigmentation-brightening-booster-serum-with-pre-biotics\/#primaryimage"},"image":{"@id":"https:\/\/beautybusinessholland.com\/de\/produkt\/hyperpigmentation-brightening-booster-serum-with-pre-biotics\/#primaryimage"},"thumbnailUrl":"https:\/\/beautybusinessholland.com\/wp-content\/uploads\/2025\/04\/pigmentation.jpg","datePublished":"2025-04-29T06:39:55+00:00","dateModified":"2025-10-15T11:15:44+00:00","breadcrumb":{"@id":"https:\/\/beautybusinessholland.com\/de\/produkt\/hyperpigmentation-brightening-booster-serum-with-pre-biotics\/#breadcrumb"},"inLanguage":"de","potentialAction":[{"@type":"ReadAction","target":["https:\/\/beautybusinessholland.com\/de\/produkt\/hyperpigmentation-brightening-booster-serum-with-pre-biotics\/"]}]},{"@type":"ImageObject","inLanguage":"de","@id":"https:\/\/beautybusinessholland.com\/de\/produkt\/hyperpigmentation-brightening-booster-serum-with-pre-biotics\/#primaryimage","url":"https:\/\/beautybusinessholland.com\/wp-content\/uploads\/2025\/04\/pigmentation.jpg","contentUrl":"https:\/\/beautybusinessholland.com\/wp-content\/uploads\/2025\/04\/pigmentation.jpg","width":800,"height":799},{"@type":"BreadcrumbList","@id":"https:\/\/beautybusinessholland.com\/de\/produkt\/hyperpigmentation-brightening-booster-serum-with-pre-biotics\/#breadcrumb","itemListElement":[{"@type":"ListItem","position":1,"name":"Heim","item":"https:\/\/beautybusinessholland.com\/de\/"},{"@type":"ListItem","position":2,"name":"Laden","item":"https:\/\/beautybusinessholland.com\/winkel\/"},{"@type":"ListItem","position":3,"name":"Hyperpigmentation &#038; Brightening Booster Serum With Pre-biotics"}]},{"@type":"WebSite","@id":"https:\/\/beautybusinessholland.com\/de\/#website","url":"https:\/\/beautybusinessholland.com\/de\/","name":"Beauty Business Holland","description":"Beauty &amp; Health Care","publisher":{"@id":"https:\/\/beautybusinessholland.com\/de\/#organization"},"potentialAction":[{"@type":"SearchAction","target":{"@type":"EntryPoint","urlTemplate":"https:\/\/beautybusinessholland.com\/de\/?s={search_term_string}"},"query-input":{"@type":"PropertyValueSpecification","valueRequired":true,"valueName":"search_term_string"}}],"inLanguage":"de"},{"@type":"Organization","@id":"https:\/\/beautybusinessholland.com\/de\/#organization","name":"Beauty Business Holland","url":"https:\/\/beautybusinessholland.com\/de\/","logo":{"@type":"ImageObject","inLanguage":"de","@id":"https:\/\/beautybusinessholland.com\/de\/#\/schema\/logo\/image\/","url":"https:\/\/beautybusinessholland.com\/wp-content\/uploads\/2025\/04\/email-logo.png","contentUrl":"https:\/\/beautybusinessholland.com\/wp-content\/uploads\/2025\/04\/email-logo.png","width":300,"height":79,"caption":"Beauty Business Holland"},"image":{"@id":"https:\/\/beautybusinessholland.com\/de\/#\/schema\/logo\/image\/"}}]}},"_links":{"self":[{"href":"https:\/\/beautybusinessholland.com\/de\/wp-json\/wp\/v2\/product\/10558","targetHints":{"allow":["GET"]}}],"collection":[{"href":"https:\/\/beautybusinessholland.com\/de\/wp-json\/wp\/v2\/product"}],"about":[{"href":"https:\/\/beautybusinessholland.com\/de\/wp-json\/wp\/v2\/types\/product"}],"version-history":[{"count":0,"href":"https:\/\/beautybusinessholland.com\/de\/wp-json\/wp\/v2\/product\/10558\/revisions"}],"wp:featuredmedia":[{"embeddable":true,"href":"https:\/\/beautybusinessholland.com\/de\/wp-json\/wp\/v2\/media\/10560"}],"wp:attachment":[{"href":"https:\/\/beautybusinessholland.com\/de\/wp-json\/wp\/v2\/media?parent=10558"}],"wp:term":[{"taxonomy":"product_brand","embeddable":true,"href":"https:\/\/beautybusinessholland.com\/de\/wp-json\/wp\/v2\/product_brand?post=10558"},{"taxonomy":"product_cat","embeddable":true,"href":"https:\/\/beautybusinessholland.com\/de\/wp-json\/wp\/v2\/product_cat?post=10558"},{"taxonomy":"product_tag","embeddable":true,"href":"https:\/\/beautybusinessholland.com\/de\/wp-json\/wp\/v2\/product_tag?post=10558"}],"curies":[{"name":"wp","href":"https:\/\/api.w.org\/{rel}","templated":true}]}}