{"id":10563,"date":"2025-04-29T07:36:20","date_gmt":"2025-04-29T05:36:20","guid":{"rendered":"https:\/\/beautybusinessholland.com\/product\/naehrender-augenkomplex\/"},"modified":"2025-10-15T13:21:54","modified_gmt":"2025-10-15T11:21:54","slug":"nourishing-eye-complex","status":"publish","type":"product","link":"https:\/\/beautybusinessholland.com\/de\/produkt\/nourishing-eye-complex\/","title":{"rendered":"Nourishing Eye Complex"},"content":{"rendered":"<p>Diese leichte, aber dennoch pflegende Augencreme verleiht der Augenpartie sofort ein frisches, ausgeruhtes Aussehen. Dank einer sorgf\u00e4ltig zusammengestellten Mischung aus drei Bio-Pflanzenextrakten hilft die Formel, Schwellungen und Augenringe sichtbar zu reduzieren, w\u00e4hrend Hyalurons\u00e4ure mit unterschiedlichen Molekulargewichten feine Linien mit Feuchtigkeit versorgt und die Hautstruktur gl\u00e4ttet. <\/p>\n<p>Perfekt f\u00fcr die t\u00e4gliche Anwendung \u2013 sowohl morgens als auch abends \u2013 f\u00fcr eine klare, ebenm\u00e4\u00dfige Augenkontur.<\/p>\n","protected":false},"excerpt":{"rendered":"<p>Diese leichte, aber dennoch pflegende Augencreme verleiht der Augenpartie sofort ein frisches, ausgeruhtes Aussehen.<\/p>\n","protected":false},"featured_media":10565,"template":"","meta":{"_acf_changed":false,"footnotes":""},"product_brand":[],"product_cat":[122],"product_tag":[],"class_list":{"0":"post-10563","1":"product","2":"type-product","3":"status-publish","4":"has-post-thumbnail","6":"product_cat-cremes","8":"first","9":"instock","10":"shipping-taxable","11":"purchasable","12":"product-type-simple"},"acf":[],"yoast_head":"<!-- This site is optimized with the Yoast SEO plugin v27.3 - https:\/\/yoast.com\/product\/yoast-seo-wordpress\/ -->\n<title>Nourishing Eye Complex - Beauty Business Holland<\/title>\n<meta name=\"robots\" content=\"index, follow, max-snippet:-1, max-image-preview:large, max-video-preview:-1\" \/>\n<link rel=\"canonical\" href=\"https:\/\/beautybusinessholland.com\/de\/produkt\/nourishing-eye-complex\/\" \/>\n<meta property=\"og:locale\" content=\"de_DE\" \/>\n<meta property=\"og:type\" content=\"article\" \/>\n<meta property=\"og:title\" content=\"Nourishing Eye Complex - Beauty Business Holland\" \/>\n<meta property=\"og:description\" content=\"Diese leichte, aber dennoch pflegende Augencreme verleiht der Augenpartie sofort ein frisches, ausgeruhtes Aussehen.\" \/>\n<meta property=\"og:url\" content=\"https:\/\/beautybusinessholland.com\/de\/produkt\/nourishing-eye-complex\/\" \/>\n<meta property=\"og:site_name\" content=\"Beauty Business Holland\" \/>\n<meta property=\"article:modified_time\" content=\"2025-10-15T11:21:54+00:00\" \/>\n<meta property=\"og:image\" content=\"https:\/\/beautybusinessholland.com\/wp-content\/uploads\/2025\/06\/beauty-business-holland-cosmetica-nourishing-eye-complex.jpg\" \/>\n\t<meta property=\"og:image:width\" content=\"1250\" \/>\n\t<meta property=\"og:image:height\" content=\"1250\" \/>\n\t<meta property=\"og:image:type\" content=\"image\/jpeg\" \/>\n<meta name=\"twitter:card\" content=\"summary_large_image\" \/>\n<meta name=\"twitter:label1\" content=\"Gesch\u00e4tzte Lesezeit\" \/>\n\t<meta name=\"twitter:data1\" content=\"1\u00a0Minute\" \/>\n<!-- \/ Yoast SEO plugin. -->","yoast_head_json":{"title":"Nourishing Eye Complex - Beauty Business Holland","robots":{"index":"index","follow":"follow","max-snippet":"max-snippet:-1","max-image-preview":"max-image-preview:large","max-video-preview":"max-video-preview:-1"},"canonical":"https:\/\/beautybusinessholland.com\/de\/produkt\/nourishing-eye-complex\/","og_locale":"de_DE","og_type":"article","og_title":"Nourishing Eye Complex - Beauty Business Holland","og_description":"Diese leichte, aber dennoch pflegende Augencreme verleiht der Augenpartie sofort ein frisches, ausgeruhtes Aussehen.","og_url":"https:\/\/beautybusinessholland.com\/de\/produkt\/nourishing-eye-complex\/","og_site_name":"Beauty Business Holland","article_modified_time":"2025-10-15T11:21:54+00:00","og_image":[{"width":1250,"height":1250,"url":"https:\/\/beautybusinessholland.com\/wp-content\/uploads\/2025\/06\/beauty-business-holland-cosmetica-nourishing-eye-complex.jpg","type":"image\/jpeg"}],"twitter_card":"summary_large_image","twitter_misc":{"Gesch\u00e4tzte Lesezeit":"1\u00a0Minute"},"schema":{"@context":"https:\/\/schema.org","@graph":[{"@type":"WebPage","@id":"https:\/\/beautybusinessholland.com\/de\/produkt\/nourishing-eye-complex\/","url":"https:\/\/beautybusinessholland.com\/de\/produkt\/nourishing-eye-complex\/","name":"Nourishing Eye Complex - Beauty Business Holland","isPartOf":{"@id":"https:\/\/beautybusinessholland.com\/de\/#website"},"primaryImageOfPage":{"@id":"https:\/\/beautybusinessholland.com\/de\/produkt\/nourishing-eye-complex\/#primaryimage"},"image":{"@id":"https:\/\/beautybusinessholland.com\/de\/produkt\/nourishing-eye-complex\/#primaryimage"},"thumbnailUrl":"https:\/\/beautybusinessholland.com\/wp-content\/uploads\/2025\/06\/beauty-business-holland-cosmetica-nourishing-eye-complex.jpg","datePublished":"2025-04-29T05:36:20+00:00","dateModified":"2025-10-15T11:21:54+00:00","breadcrumb":{"@id":"https:\/\/beautybusinessholland.com\/de\/produkt\/nourishing-eye-complex\/#breadcrumb"},"inLanguage":"de","potentialAction":[{"@type":"ReadAction","target":["https:\/\/beautybusinessholland.com\/de\/produkt\/nourishing-eye-complex\/"]}]},{"@type":"ImageObject","inLanguage":"de","@id":"https:\/\/beautybusinessholland.com\/de\/produkt\/nourishing-eye-complex\/#primaryimage","url":"https:\/\/beautybusinessholland.com\/wp-content\/uploads\/2025\/06\/beauty-business-holland-cosmetica-nourishing-eye-complex.jpg","contentUrl":"https:\/\/beautybusinessholland.com\/wp-content\/uploads\/2025\/06\/beauty-business-holland-cosmetica-nourishing-eye-complex.jpg","width":1250,"height":1250},{"@type":"BreadcrumbList","@id":"https:\/\/beautybusinessholland.com\/de\/produkt\/nourishing-eye-complex\/#breadcrumb","itemListElement":[{"@type":"ListItem","position":1,"name":"Heim","item":"https:\/\/beautybusinessholland.com\/de\/beauty-business-holland\/"},{"@type":"ListItem","position":2,"name":"Laden","item":"https:\/\/beautybusinessholland.com\/winkel\/"},{"@type":"ListItem","position":3,"name":"Nourishing Eye Complex"}]},{"@type":"WebSite","@id":"https:\/\/beautybusinessholland.com\/de\/#website","url":"https:\/\/beautybusinessholland.com\/de\/","name":"Beauty Business Holland","description":"Beauty &amp; Health Care","publisher":{"@id":"https:\/\/beautybusinessholland.com\/de\/#organization"},"potentialAction":[{"@type":"SearchAction","target":{"@type":"EntryPoint","urlTemplate":"https:\/\/beautybusinessholland.com\/de\/?s={search_term_string}"},"query-input":{"@type":"PropertyValueSpecification","valueRequired":true,"valueName":"search_term_string"}}],"inLanguage":"de"},{"@type":"Organization","@id":"https:\/\/beautybusinessholland.com\/de\/#organization","name":"Beauty Business Holland","url":"https:\/\/beautybusinessholland.com\/de\/","logo":{"@type":"ImageObject","inLanguage":"de","@id":"https:\/\/beautybusinessholland.com\/de\/#\/schema\/logo\/image\/","url":"https:\/\/beautybusinessholland.com\/wp-content\/uploads\/2025\/04\/email-logo.png","contentUrl":"https:\/\/beautybusinessholland.com\/wp-content\/uploads\/2025\/04\/email-logo.png","width":300,"height":79,"caption":"Beauty Business Holland"},"image":{"@id":"https:\/\/beautybusinessholland.com\/de\/#\/schema\/logo\/image\/"}}]}},"_links":{"self":[{"href":"https:\/\/beautybusinessholland.com\/de\/wp-json\/wp\/v2\/product\/10563","targetHints":{"allow":["GET"]}}],"collection":[{"href":"https:\/\/beautybusinessholland.com\/de\/wp-json\/wp\/v2\/product"}],"about":[{"href":"https:\/\/beautybusinessholland.com\/de\/wp-json\/wp\/v2\/types\/product"}],"version-history":[{"count":0,"href":"https:\/\/beautybusinessholland.com\/de\/wp-json\/wp\/v2\/product\/10563\/revisions"}],"wp:featuredmedia":[{"embeddable":true,"href":"https:\/\/beautybusinessholland.com\/de\/wp-json\/wp\/v2\/media\/10565"}],"wp:attachment":[{"href":"https:\/\/beautybusinessholland.com\/de\/wp-json\/wp\/v2\/media?parent=10563"}],"wp:term":[{"taxonomy":"product_brand","embeddable":true,"href":"https:\/\/beautybusinessholland.com\/de\/wp-json\/wp\/v2\/product_brand?post=10563"},{"taxonomy":"product_cat","embeddable":true,"href":"https:\/\/beautybusinessholland.com\/de\/wp-json\/wp\/v2\/product_cat?post=10563"},{"taxonomy":"product_tag","embeddable":true,"href":"https:\/\/beautybusinessholland.com\/de\/wp-json\/wp\/v2\/product_tag?post=10563"}],"curies":[{"name":"wp","href":"https:\/\/api.w.org\/{rel}","templated":true}]}}