{"id":10573,"date":"2025-04-29T06:50:04","date_gmt":"2025-04-29T04:50:04","guid":{"rendered":"https:\/\/beautybusinessholland.com\/product\/anti-aging-tagescreme\/"},"modified":"2025-10-15T13:22:11","modified_gmt":"2025-10-15T11:22:11","slug":"anti-aging-day-cream","status":"publish","type":"product","link":"https:\/\/beautybusinessholland.com\/de\/produkt\/anti-aging-day-cream\/","title":{"rendered":"Anti-aging Day Cream"},"content":{"rendered":"<p>Diese reichhaltige, samtige Tagescreme wurde speziell f\u00fcr trockene und reife Haut entwickelt und kombiniert fortschrittliche marine Wirkstoffe, feuchtigkeitsspendende Pflanzen\u00f6le und einen leistungsstarken Peptid-Squalan-Komplex f\u00fcr eine sichtbar glattere und straffere Haut.<\/p>\n<p>Die Formel enth\u00e4lt Palmitoyl Tripeptide-5 (Syn-Coll), ein innovatives Anti-Aging-Peptid\u00ae, das die nat\u00fcrliche Kollagenproduktion stimuliert und so hilft, das Auftreten von feinen Linien und Falten zu reduzieren. Oliven-Squalan, das dem hauteigenen Squalen sehr \u00e4hnlich ist, spendet Feuchtigkeit und stellt das nat\u00fcrliche Lipidgleichgewicht wieder her, w\u00e4hrend pflanzliche Butter und \u00d6le die Haut n\u00e4hren und weich machen. <\/p>\n<p>Dank der multimolekularen Hyalurons\u00e4ure erh\u00e4lt die Haut eine intensive und lang anhaltende Feuchtigkeitsversorgung und tr\u00e4gt zu einer strafferen, jugendlich aussehenden Haut bei. Die Creme f\u00fchlt sich seidig weich an, zieht schnell ein, ohne zu fettig zu sein, und hinterl\u00e4sst ein angenehmes und gepflegtes Gef\u00fchl. <\/p>\n","protected":false},"excerpt":{"rendered":"<p>Diese reichhaltige, samtige Tagescreme wurde speziell f\u00fcr trockene und reife Haut entwickelt und kombiniert fortschrittliche marine Wirkstoffe<\/p>\n","protected":false},"featured_media":10577,"template":"","meta":{"_acf_changed":false,"footnotes":""},"product_brand":[],"product_cat":[122],"product_tag":[],"class_list":{"0":"post-10573","1":"product","2":"type-product","3":"status-publish","4":"has-post-thumbnail","6":"product_cat-cremes","8":"first","9":"instock","10":"shipping-taxable","11":"purchasable","12":"product-type-simple"},"acf":[],"yoast_head":"<!-- This site is optimized with the Yoast SEO plugin v27.3 - https:\/\/yoast.com\/product\/yoast-seo-wordpress\/ -->\n<title>Anti-aging Day Cream - Beauty Business Holland<\/title>\n<meta name=\"robots\" content=\"index, follow, max-snippet:-1, max-image-preview:large, max-video-preview:-1\" \/>\n<link rel=\"canonical\" href=\"https:\/\/beautybusinessholland.com\/de\/produkt\/anti-aging-day-cream\/\" \/>\n<meta property=\"og:locale\" content=\"de_DE\" \/>\n<meta property=\"og:type\" content=\"article\" \/>\n<meta property=\"og:title\" content=\"Anti-aging Day Cream - Beauty Business Holland\" \/>\n<meta property=\"og:description\" content=\"Diese reichhaltige, samtige Tagescreme wurde speziell f\u00fcr trockene und reife Haut entwickelt und kombiniert fortschrittliche marine Wirkstoffe\" \/>\n<meta property=\"og:url\" content=\"https:\/\/beautybusinessholland.com\/de\/produkt\/anti-aging-day-cream\/\" \/>\n<meta property=\"og:site_name\" content=\"Beauty Business Holland\" \/>\n<meta property=\"article:modified_time\" content=\"2025-10-15T11:22:11+00:00\" \/>\n<meta property=\"og:image\" content=\"https:\/\/beautybusinessholland.com\/wp-content\/uploads\/2025\/06\/beauty-business-holland-cosmetica-anti-aging-cream.jpg\" \/>\n\t<meta property=\"og:image:width\" content=\"1246\" \/>\n\t<meta property=\"og:image:height\" content=\"1246\" \/>\n\t<meta property=\"og:image:type\" content=\"image\/jpeg\" \/>\n<meta name=\"twitter:card\" content=\"summary_large_image\" \/>\n<meta name=\"twitter:label1\" content=\"Gesch\u00e4tzte Lesezeit\" \/>\n\t<meta name=\"twitter:data1\" content=\"1\u00a0Minute\" \/>\n<!-- \/ Yoast SEO plugin. -->","yoast_head_json":{"title":"Anti-aging Day Cream - Beauty Business Holland","robots":{"index":"index","follow":"follow","max-snippet":"max-snippet:-1","max-image-preview":"max-image-preview:large","max-video-preview":"max-video-preview:-1"},"canonical":"https:\/\/beautybusinessholland.com\/de\/produkt\/anti-aging-day-cream\/","og_locale":"de_DE","og_type":"article","og_title":"Anti-aging Day Cream - Beauty Business Holland","og_description":"Diese reichhaltige, samtige Tagescreme wurde speziell f\u00fcr trockene und reife Haut entwickelt und kombiniert fortschrittliche marine Wirkstoffe","og_url":"https:\/\/beautybusinessholland.com\/de\/produkt\/anti-aging-day-cream\/","og_site_name":"Beauty Business Holland","article_modified_time":"2025-10-15T11:22:11+00:00","og_image":[{"width":1246,"height":1246,"url":"https:\/\/beautybusinessholland.com\/wp-content\/uploads\/2025\/06\/beauty-business-holland-cosmetica-anti-aging-cream.jpg","type":"image\/jpeg"}],"twitter_card":"summary_large_image","twitter_misc":{"Gesch\u00e4tzte Lesezeit":"1\u00a0Minute"},"schema":{"@context":"https:\/\/schema.org","@graph":[{"@type":"WebPage","@id":"https:\/\/beautybusinessholland.com\/de\/produkt\/anti-aging-day-cream\/","url":"https:\/\/beautybusinessholland.com\/de\/produkt\/anti-aging-day-cream\/","name":"Anti-aging Day Cream - Beauty Business Holland","isPartOf":{"@id":"https:\/\/beautybusinessholland.com\/de\/#website"},"primaryImageOfPage":{"@id":"https:\/\/beautybusinessholland.com\/de\/produkt\/anti-aging-day-cream\/#primaryimage"},"image":{"@id":"https:\/\/beautybusinessholland.com\/de\/produkt\/anti-aging-day-cream\/#primaryimage"},"thumbnailUrl":"https:\/\/beautybusinessholland.com\/wp-content\/uploads\/2025\/06\/beauty-business-holland-cosmetica-anti-aging-cream.jpg","datePublished":"2025-04-29T04:50:04+00:00","dateModified":"2025-10-15T11:22:11+00:00","breadcrumb":{"@id":"https:\/\/beautybusinessholland.com\/de\/produkt\/anti-aging-day-cream\/#breadcrumb"},"inLanguage":"de","potentialAction":[{"@type":"ReadAction","target":["https:\/\/beautybusinessholland.com\/de\/produkt\/anti-aging-day-cream\/"]}]},{"@type":"ImageObject","inLanguage":"de","@id":"https:\/\/beautybusinessholland.com\/de\/produkt\/anti-aging-day-cream\/#primaryimage","url":"https:\/\/beautybusinessholland.com\/wp-content\/uploads\/2025\/06\/beauty-business-holland-cosmetica-anti-aging-cream.jpg","contentUrl":"https:\/\/beautybusinessholland.com\/wp-content\/uploads\/2025\/06\/beauty-business-holland-cosmetica-anti-aging-cream.jpg","width":1246,"height":1246},{"@type":"BreadcrumbList","@id":"https:\/\/beautybusinessholland.com\/de\/produkt\/anti-aging-day-cream\/#breadcrumb","itemListElement":[{"@type":"ListItem","position":1,"name":"Heim","item":"https:\/\/beautybusinessholland.com\/de\/beauty-business-holland\/"},{"@type":"ListItem","position":2,"name":"Laden","item":"https:\/\/beautybusinessholland.com\/winkel\/"},{"@type":"ListItem","position":3,"name":"Anti-aging Day Cream"}]},{"@type":"WebSite","@id":"https:\/\/beautybusinessholland.com\/de\/#website","url":"https:\/\/beautybusinessholland.com\/de\/","name":"Beauty Business Holland","description":"Beauty &amp; Health Care","publisher":{"@id":"https:\/\/beautybusinessholland.com\/de\/#organization"},"potentialAction":[{"@type":"SearchAction","target":{"@type":"EntryPoint","urlTemplate":"https:\/\/beautybusinessholland.com\/de\/?s={search_term_string}"},"query-input":{"@type":"PropertyValueSpecification","valueRequired":true,"valueName":"search_term_string"}}],"inLanguage":"de"},{"@type":"Organization","@id":"https:\/\/beautybusinessholland.com\/de\/#organization","name":"Beauty Business Holland","url":"https:\/\/beautybusinessholland.com\/de\/","logo":{"@type":"ImageObject","inLanguage":"de","@id":"https:\/\/beautybusinessholland.com\/de\/#\/schema\/logo\/image\/","url":"https:\/\/beautybusinessholland.com\/wp-content\/uploads\/2025\/04\/email-logo.png","contentUrl":"https:\/\/beautybusinessholland.com\/wp-content\/uploads\/2025\/04\/email-logo.png","width":300,"height":79,"caption":"Beauty Business Holland"},"image":{"@id":"https:\/\/beautybusinessholland.com\/de\/#\/schema\/logo\/image\/"}}]}},"_links":{"self":[{"href":"https:\/\/beautybusinessholland.com\/de\/wp-json\/wp\/v2\/product\/10573","targetHints":{"allow":["GET"]}}],"collection":[{"href":"https:\/\/beautybusinessholland.com\/de\/wp-json\/wp\/v2\/product"}],"about":[{"href":"https:\/\/beautybusinessholland.com\/de\/wp-json\/wp\/v2\/types\/product"}],"version-history":[{"count":0,"href":"https:\/\/beautybusinessholland.com\/de\/wp-json\/wp\/v2\/product\/10573\/revisions"}],"wp:featuredmedia":[{"embeddable":true,"href":"https:\/\/beautybusinessholland.com\/de\/wp-json\/wp\/v2\/media\/10577"}],"wp:attachment":[{"href":"https:\/\/beautybusinessholland.com\/de\/wp-json\/wp\/v2\/media?parent=10573"}],"wp:term":[{"taxonomy":"product_brand","embeddable":true,"href":"https:\/\/beautybusinessholland.com\/de\/wp-json\/wp\/v2\/product_brand?post=10573"},{"taxonomy":"product_cat","embeddable":true,"href":"https:\/\/beautybusinessholland.com\/de\/wp-json\/wp\/v2\/product_cat?post=10573"},{"taxonomy":"product_tag","embeddable":true,"href":"https:\/\/beautybusinessholland.com\/de\/wp-json\/wp\/v2\/product_tag?post=10573"}],"curies":[{"name":"wp","href":"https:\/\/api.w.org\/{rel}","templated":true}]}}