{"id":10578,"date":"2025-04-28T16:11:48","date_gmt":"2025-04-28T14:11:48","guid":{"rendered":"https:\/\/beautybusinessholland.com\/product\/botulinumtoxin-effekt-booster-serum-mit-praebiotika\/"},"modified":"2025-10-15T13:23:22","modified_gmt":"2025-10-15T11:23:22","slug":"botuline-toxine-effect-booster-serum-with-pre-biotics","status":"publish","type":"product","link":"https:\/\/beautybusinessholland.com\/de\/produkt\/botuline-toxine-effect-booster-serum-with-pre-biotics\/","title":{"rendered":"\u201cBotuline Toxine\u201d effect booster serum with pre-biotics"},"content":{"rendered":"<p><span data-contrast=\"auto\">Dieses revolution\u00e4re Serum ahmt die Wirkung von Botulinumtoxin nach, indem es Mimikfalten und Falten bek\u00e4mpft, was zu einer glatteren und j\u00fcnger aussehenden Haut f\u00fchrt.<\/span><span data-ccp-props=\"{\"335559738\":240,\"335559739\":240}\"> <\/span><\/p>\n<p><span data-contrast=\"auto\">Angereichert mit Acetyl Hexapeptide-8, einem Peptid, das Falten entspannt, hilft dieses Serum, das Auftreten von feinen Linien und Falten, insbesondere um die Augen und die Stirn, zu reduzieren. Aloe Vera und andere Weichmacher spenden Feuchtigkeit und beruhigen die Haut und lassen die Haut strahlender und glatter aussehen. <\/span><span data-ccp-props=\"{\"335559738\":240,\"335559739\":240}\"> <\/span><\/p>\n","protected":false},"excerpt":{"rendered":"<p><span data-contrast=\"auto\">Dieses revolution\u00e4re Serum ahmt die Wirkung von Botulinumtoxin nach, indem es Mimikfalten und Falten bek\u00e4mpft<\/span><\/p>\n","protected":false},"featured_media":10580,"template":"","meta":{"_acf_changed":false,"footnotes":""},"product_brand":[],"product_cat":[110],"product_tag":[],"class_list":{"0":"post-10578","1":"product","2":"type-product","3":"status-publish","4":"has-post-thumbnail","6":"product_cat-booster-seren","8":"first","9":"instock","10":"shipping-taxable","11":"purchasable","12":"product-type-simple"},"acf":[],"yoast_head":"<!-- This site is optimized with the Yoast SEO plugin v27.5 - https:\/\/yoast.com\/product\/yoast-seo-wordpress\/ -->\n<title>\u201cBotuline Toxine\u201d effect booster serum with pre-biotics - Beauty Business Holland<\/title>\n<meta name=\"robots\" content=\"index, follow, max-snippet:-1, max-image-preview:large, max-video-preview:-1\" \/>\n<link rel=\"canonical\" href=\"https:\/\/beautybusinessholland.com\/de\/produkt\/botuline-toxine-effect-booster-serum-with-pre-biotics\/\" \/>\n<meta property=\"og:locale\" content=\"de_DE\" \/>\n<meta property=\"og:type\" content=\"article\" \/>\n<meta property=\"og:title\" content=\"\u201cBotuline Toxine\u201d effect booster serum with pre-biotics - Beauty Business Holland\" \/>\n<meta property=\"og:description\" content=\"Dieses revolution\u00e4re Serum ahmt die Wirkung von Botulinumtoxin nach, indem es Mimikfalten und Falten bek\u00e4mpft\" \/>\n<meta property=\"og:url\" content=\"https:\/\/beautybusinessholland.com\/de\/produkt\/botuline-toxine-effect-booster-serum-with-pre-biotics\/\" \/>\n<meta property=\"og:site_name\" content=\"Beauty Business Holland\" \/>\n<meta property=\"article:modified_time\" content=\"2025-10-15T11:23:22+00:00\" \/>\n<meta property=\"og:image\" content=\"https:\/\/beautybusinessholland.com\/wp-content\/uploads\/2025\/04\/beauty-business-holland-botox-effect-booster-serum.jpg\" \/>\n\t<meta property=\"og:image:width\" content=\"1272\" \/>\n\t<meta property=\"og:image:height\" content=\"1273\" \/>\n\t<meta property=\"og:image:type\" content=\"image\/jpeg\" \/>\n<meta name=\"twitter:card\" content=\"summary_large_image\" \/>\n<meta name=\"twitter:label1\" content=\"Gesch\u00e4tzte Lesezeit\" \/>\n\t<meta name=\"twitter:data1\" content=\"1\u00a0Minute\" \/>\n<!-- \/ Yoast SEO plugin. -->","yoast_head_json":{"title":"\u201cBotuline Toxine\u201d effect booster serum with pre-biotics - Beauty Business Holland","robots":{"index":"index","follow":"follow","max-snippet":"max-snippet:-1","max-image-preview":"max-image-preview:large","max-video-preview":"max-video-preview:-1"},"canonical":"https:\/\/beautybusinessholland.com\/de\/produkt\/botuline-toxine-effect-booster-serum-with-pre-biotics\/","og_locale":"de_DE","og_type":"article","og_title":"\u201cBotuline Toxine\u201d effect booster serum with pre-biotics - Beauty Business Holland","og_description":"Dieses revolution\u00e4re Serum ahmt die Wirkung von Botulinumtoxin nach, indem es Mimikfalten und Falten bek\u00e4mpft","og_url":"https:\/\/beautybusinessholland.com\/de\/produkt\/botuline-toxine-effect-booster-serum-with-pre-biotics\/","og_site_name":"Beauty Business Holland","article_modified_time":"2025-10-15T11:23:22+00:00","og_image":[{"width":1272,"height":1273,"url":"https:\/\/beautybusinessholland.com\/wp-content\/uploads\/2025\/04\/beauty-business-holland-botox-effect-booster-serum.jpg","type":"image\/jpeg"}],"twitter_card":"summary_large_image","twitter_misc":{"Gesch\u00e4tzte Lesezeit":"1\u00a0Minute"},"schema":{"@context":"https:\/\/schema.org","@graph":[{"@type":"WebPage","@id":"https:\/\/beautybusinessholland.com\/de\/produkt\/botuline-toxine-effect-booster-serum-with-pre-biotics\/","url":"https:\/\/beautybusinessholland.com\/de\/produkt\/botuline-toxine-effect-booster-serum-with-pre-biotics\/","name":"\u201cBotuline Toxine\u201d effect booster serum with pre-biotics - Beauty Business Holland","isPartOf":{"@id":"https:\/\/beautybusinessholland.com\/de\/#website"},"primaryImageOfPage":{"@id":"https:\/\/beautybusinessholland.com\/de\/produkt\/botuline-toxine-effect-booster-serum-with-pre-biotics\/#primaryimage"},"image":{"@id":"https:\/\/beautybusinessholland.com\/de\/produkt\/botuline-toxine-effect-booster-serum-with-pre-biotics\/#primaryimage"},"thumbnailUrl":"https:\/\/beautybusinessholland.com\/wp-content\/uploads\/2025\/04\/beauty-business-holland-botox-effect-booster-serum.jpg","datePublished":"2025-04-28T14:11:48+00:00","dateModified":"2025-10-15T11:23:22+00:00","breadcrumb":{"@id":"https:\/\/beautybusinessholland.com\/de\/produkt\/botuline-toxine-effect-booster-serum-with-pre-biotics\/#breadcrumb"},"inLanguage":"de","potentialAction":[{"@type":"ReadAction","target":["https:\/\/beautybusinessholland.com\/de\/produkt\/botuline-toxine-effect-booster-serum-with-pre-biotics\/"]}]},{"@type":"ImageObject","inLanguage":"de","@id":"https:\/\/beautybusinessholland.com\/de\/produkt\/botuline-toxine-effect-booster-serum-with-pre-biotics\/#primaryimage","url":"https:\/\/beautybusinessholland.com\/wp-content\/uploads\/2025\/04\/beauty-business-holland-botox-effect-booster-serum.jpg","contentUrl":"https:\/\/beautybusinessholland.com\/wp-content\/uploads\/2025\/04\/beauty-business-holland-botox-effect-booster-serum.jpg","width":1272,"height":1273},{"@type":"BreadcrumbList","@id":"https:\/\/beautybusinessholland.com\/de\/produkt\/botuline-toxine-effect-booster-serum-with-pre-biotics\/#breadcrumb","itemListElement":[{"@type":"ListItem","position":1,"name":"Heim","item":"https:\/\/beautybusinessholland.com\/de\/"},{"@type":"ListItem","position":2,"name":"Laden","item":"https:\/\/beautybusinessholland.com\/winkel\/"},{"@type":"ListItem","position":3,"name":"\u201cBotuline Toxine\u201d effect booster serum with pre-biotics"}]},{"@type":"WebSite","@id":"https:\/\/beautybusinessholland.com\/de\/#website","url":"https:\/\/beautybusinessholland.com\/de\/","name":"Beauty Business Holland","description":"Beauty &amp; Health Care","publisher":{"@id":"https:\/\/beautybusinessholland.com\/de\/#organization"},"potentialAction":[{"@type":"SearchAction","target":{"@type":"EntryPoint","urlTemplate":"https:\/\/beautybusinessholland.com\/de\/?s={search_term_string}"},"query-input":{"@type":"PropertyValueSpecification","valueRequired":true,"valueName":"search_term_string"}}],"inLanguage":"de"},{"@type":"Organization","@id":"https:\/\/beautybusinessholland.com\/de\/#organization","name":"Beauty Business Holland","url":"https:\/\/beautybusinessholland.com\/de\/","logo":{"@type":"ImageObject","inLanguage":"de","@id":"https:\/\/beautybusinessholland.com\/de\/#\/schema\/logo\/image\/","url":"https:\/\/beautybusinessholland.com\/wp-content\/uploads\/2025\/04\/email-logo.png","contentUrl":"https:\/\/beautybusinessholland.com\/wp-content\/uploads\/2025\/04\/email-logo.png","width":300,"height":79,"caption":"Beauty Business Holland"},"image":{"@id":"https:\/\/beautybusinessholland.com\/de\/#\/schema\/logo\/image\/"}}]}},"_links":{"self":[{"href":"https:\/\/beautybusinessholland.com\/de\/wp-json\/wp\/v2\/product\/10578","targetHints":{"allow":["GET"]}}],"collection":[{"href":"https:\/\/beautybusinessholland.com\/de\/wp-json\/wp\/v2\/product"}],"about":[{"href":"https:\/\/beautybusinessholland.com\/de\/wp-json\/wp\/v2\/types\/product"}],"version-history":[{"count":0,"href":"https:\/\/beautybusinessholland.com\/de\/wp-json\/wp\/v2\/product\/10578\/revisions"}],"wp:featuredmedia":[{"embeddable":true,"href":"https:\/\/beautybusinessholland.com\/de\/wp-json\/wp\/v2\/media\/10580"}],"wp:attachment":[{"href":"https:\/\/beautybusinessholland.com\/de\/wp-json\/wp\/v2\/media?parent=10578"}],"wp:term":[{"taxonomy":"product_brand","embeddable":true,"href":"https:\/\/beautybusinessholland.com\/de\/wp-json\/wp\/v2\/product_brand?post=10578"},{"taxonomy":"product_cat","embeddable":true,"href":"https:\/\/beautybusinessholland.com\/de\/wp-json\/wp\/v2\/product_cat?post=10578"},{"taxonomy":"product_tag","embeddable":true,"href":"https:\/\/beautybusinessholland.com\/de\/wp-json\/wp\/v2\/product_tag?post=10578"}],"curies":[{"name":"wp","href":"https:\/\/api.w.org\/{rel}","templated":true}]}}