{"id":10582,"date":"2025-04-28T16:09:06","date_gmt":"2025-04-28T14:09:06","guid":{"rendered":"https:\/\/beautybusinessholland.com\/product\/peptid-booster-serum-mit-praebiotika\/"},"modified":"2025-10-15T13:23:51","modified_gmt":"2025-10-15T11:23:51","slug":"peptide-booster-serum-with-prebiotics","status":"publish","type":"product","link":"https:\/\/beautybusinessholland.com\/de\/produkt\/peptide-booster-serum-with-prebiotics\/","title":{"rendered":"Peptide booster serum with prebiotics"},"content":{"rendered":"<p><span data-contrast=\"auto\">Dieses revolution\u00e4re Serum nutzt die Kraft fortschrittlicher Inhaltsstoffe, um die sichtbaren Zeichen der Hautalterung zu bek\u00e4mpfen und einen j\u00fcngeren, strahlenderen Teint zu enth\u00fcllen.<\/span><span data-ccp-props=\"{}\"> <\/span><\/p>\n<p><span data-contrast=\"auto\">Das Serum enth\u00e4lt ein leistungsstarkes Peptidduo, MATRIXYL\u2122 Synthe&#8217;6 und MATRIXYL\u2122 Morphomix, die zusammenarbeiten, um die Kollagenproduktion und die Elastinproduktion zu stimulieren und das Auftreten von Falten und feinen Linien sichtbar zu reduzieren.<\/span><span data-ccp-props=\"{}\"> <\/span><\/p>\n<p><span data-contrast=\"auto\">Argireline, ein bekanntes faltenreduzierendes Peptid, zielt auf Mimikfalten ab, insbesondere um die Augen und die Stirn, und hilft, die Haut zu entspannen und Falten zu reduzieren.<\/span><span data-ccp-props=\"{}\"> <\/span><\/p>\n<p><span data-contrast=\"auto\">Syn-Coll, ein Extrakt aus Meereskollagen, stellt die Elastizit\u00e4t der Haut wieder her und sorgt f\u00fcr ein strafferes, pralleres und jugendlicheres Aussehen.<\/span><span data-ccp-props=\"{}\"> <\/span><\/p>\n<p><span data-contrast=\"auto\">Um die Gesundheit und Widerstandsf\u00e4higkeit der Haut weiter zu verbessern, n\u00e4hren Pr\u00e4biotika das Hautmikrobiom, das empfindliche \u00d6kosystem n\u00fctzlicher Bakterien, das f\u00fcr die Aufrechterhaltung eines ausgeglichenen Teints unerl\u00e4sslich ist. Durch die Unterst\u00fctzung des Mikrobioms tragen Pr\u00e4biotika dazu bei, die nat\u00fcrlichen Abwehrmechanismen der Haut zu st\u00e4rken, Entz\u00fcndungen zu reduzieren und die allgemeine Hautgesundheit zu f\u00f6rdern. <\/span><\/p>\n","protected":false},"excerpt":{"rendered":"<p><span data-contrast=\"auto\">Dieses revolution\u00e4re Serum nutzt die Kraft fortschrittlicher Inhaltsstoffe, um die sichtbare  <\/span><\/p>\n","protected":false},"featured_media":10583,"template":"","meta":{"_acf_changed":false,"footnotes":""},"product_brand":[],"product_cat":[110],"product_tag":[],"class_list":{"0":"post-10582","1":"product","2":"type-product","3":"status-publish","4":"has-post-thumbnail","6":"product_cat-booster-seren","8":"first","9":"instock","10":"shipping-taxable","11":"purchasable","12":"product-type-simple"},"acf":[],"yoast_head":"<!-- This site is optimized with the Yoast SEO plugin v27.5 - https:\/\/yoast.com\/product\/yoast-seo-wordpress\/ -->\n<title>Peptide booster serum with prebiotics - Beauty Business Holland<\/title>\n<meta name=\"robots\" content=\"index, follow, max-snippet:-1, max-image-preview:large, max-video-preview:-1\" \/>\n<link rel=\"canonical\" href=\"https:\/\/beautybusinessholland.com\/de\/produkt\/peptide-booster-serum-with-prebiotics\/\" \/>\n<meta property=\"og:locale\" content=\"de_DE\" \/>\n<meta property=\"og:type\" content=\"article\" \/>\n<meta property=\"og:title\" content=\"Peptide booster serum with prebiotics - Beauty Business Holland\" \/>\n<meta property=\"og:description\" content=\"Dieses revolution\u00e4re Serum nutzt die Kraft fortschrittlicher Inhaltsstoffe, um die sichtbare\" \/>\n<meta property=\"og:url\" content=\"https:\/\/beautybusinessholland.com\/de\/produkt\/peptide-booster-serum-with-prebiotics\/\" \/>\n<meta property=\"og:site_name\" content=\"Beauty Business Holland\" \/>\n<meta property=\"article:modified_time\" content=\"2025-10-15T11:23:51+00:00\" \/>\n<meta property=\"og:image\" content=\"https:\/\/beautybusinessholland.com\/wp-content\/uploads\/2025\/04\/peptide.png\" \/>\n\t<meta property=\"og:image:width\" content=\"1201\" \/>\n\t<meta property=\"og:image:height\" content=\"1200\" \/>\n\t<meta property=\"og:image:type\" content=\"image\/png\" \/>\n<meta name=\"twitter:card\" content=\"summary_large_image\" \/>\n<meta name=\"twitter:label1\" content=\"Gesch\u00e4tzte Lesezeit\" \/>\n\t<meta name=\"twitter:data1\" content=\"1\u00a0Minute\" \/>\n<!-- \/ Yoast SEO plugin. -->","yoast_head_json":{"title":"Peptide booster serum with prebiotics - Beauty Business Holland","robots":{"index":"index","follow":"follow","max-snippet":"max-snippet:-1","max-image-preview":"max-image-preview:large","max-video-preview":"max-video-preview:-1"},"canonical":"https:\/\/beautybusinessholland.com\/de\/produkt\/peptide-booster-serum-with-prebiotics\/","og_locale":"de_DE","og_type":"article","og_title":"Peptide booster serum with prebiotics - Beauty Business Holland","og_description":"Dieses revolution\u00e4re Serum nutzt die Kraft fortschrittlicher Inhaltsstoffe, um die sichtbare","og_url":"https:\/\/beautybusinessholland.com\/de\/produkt\/peptide-booster-serum-with-prebiotics\/","og_site_name":"Beauty Business Holland","article_modified_time":"2025-10-15T11:23:51+00:00","og_image":[{"width":1201,"height":1200,"url":"https:\/\/beautybusinessholland.com\/wp-content\/uploads\/2025\/04\/peptide.png","type":"image\/png"}],"twitter_card":"summary_large_image","twitter_misc":{"Gesch\u00e4tzte Lesezeit":"1\u00a0Minute"},"schema":{"@context":"https:\/\/schema.org","@graph":[{"@type":"WebPage","@id":"https:\/\/beautybusinessholland.com\/de\/produkt\/peptide-booster-serum-with-prebiotics\/","url":"https:\/\/beautybusinessholland.com\/de\/produkt\/peptide-booster-serum-with-prebiotics\/","name":"Peptide booster serum with prebiotics - Beauty Business Holland","isPartOf":{"@id":"https:\/\/beautybusinessholland.com\/de\/#website"},"primaryImageOfPage":{"@id":"https:\/\/beautybusinessholland.com\/de\/produkt\/peptide-booster-serum-with-prebiotics\/#primaryimage"},"image":{"@id":"https:\/\/beautybusinessholland.com\/de\/produkt\/peptide-booster-serum-with-prebiotics\/#primaryimage"},"thumbnailUrl":"https:\/\/beautybusinessholland.com\/wp-content\/uploads\/2025\/04\/peptide.png","datePublished":"2025-04-28T14:09:06+00:00","dateModified":"2025-10-15T11:23:51+00:00","breadcrumb":{"@id":"https:\/\/beautybusinessholland.com\/de\/produkt\/peptide-booster-serum-with-prebiotics\/#breadcrumb"},"inLanguage":"de","potentialAction":[{"@type":"ReadAction","target":["https:\/\/beautybusinessholland.com\/de\/produkt\/peptide-booster-serum-with-prebiotics\/"]}]},{"@type":"ImageObject","inLanguage":"de","@id":"https:\/\/beautybusinessholland.com\/de\/produkt\/peptide-booster-serum-with-prebiotics\/#primaryimage","url":"https:\/\/beautybusinessholland.com\/wp-content\/uploads\/2025\/04\/peptide.png","contentUrl":"https:\/\/beautybusinessholland.com\/wp-content\/uploads\/2025\/04\/peptide.png","width":1201,"height":1200},{"@type":"BreadcrumbList","@id":"https:\/\/beautybusinessholland.com\/de\/produkt\/peptide-booster-serum-with-prebiotics\/#breadcrumb","itemListElement":[{"@type":"ListItem","position":1,"name":"Heim","item":"https:\/\/beautybusinessholland.com\/de\/"},{"@type":"ListItem","position":2,"name":"Laden","item":"https:\/\/beautybusinessholland.com\/winkel\/"},{"@type":"ListItem","position":3,"name":"Peptide booster serum with prebiotics"}]},{"@type":"WebSite","@id":"https:\/\/beautybusinessholland.com\/de\/#website","url":"https:\/\/beautybusinessholland.com\/de\/","name":"Beauty Business Holland","description":"Beauty &amp; Health Care","publisher":{"@id":"https:\/\/beautybusinessholland.com\/de\/#organization"},"potentialAction":[{"@type":"SearchAction","target":{"@type":"EntryPoint","urlTemplate":"https:\/\/beautybusinessholland.com\/de\/?s={search_term_string}"},"query-input":{"@type":"PropertyValueSpecification","valueRequired":true,"valueName":"search_term_string"}}],"inLanguage":"de"},{"@type":"Organization","@id":"https:\/\/beautybusinessholland.com\/de\/#organization","name":"Beauty Business Holland","url":"https:\/\/beautybusinessholland.com\/de\/","logo":{"@type":"ImageObject","inLanguage":"de","@id":"https:\/\/beautybusinessholland.com\/de\/#\/schema\/logo\/image\/","url":"https:\/\/beautybusinessholland.com\/wp-content\/uploads\/2025\/04\/email-logo.png","contentUrl":"https:\/\/beautybusinessholland.com\/wp-content\/uploads\/2025\/04\/email-logo.png","width":300,"height":79,"caption":"Beauty Business Holland"},"image":{"@id":"https:\/\/beautybusinessholland.com\/de\/#\/schema\/logo\/image\/"}}]}},"_links":{"self":[{"href":"https:\/\/beautybusinessholland.com\/de\/wp-json\/wp\/v2\/product\/10582","targetHints":{"allow":["GET"]}}],"collection":[{"href":"https:\/\/beautybusinessholland.com\/de\/wp-json\/wp\/v2\/product"}],"about":[{"href":"https:\/\/beautybusinessholland.com\/de\/wp-json\/wp\/v2\/types\/product"}],"version-history":[{"count":0,"href":"https:\/\/beautybusinessholland.com\/de\/wp-json\/wp\/v2\/product\/10582\/revisions"}],"wp:featuredmedia":[{"embeddable":true,"href":"https:\/\/beautybusinessholland.com\/de\/wp-json\/wp\/v2\/media\/10583"}],"wp:attachment":[{"href":"https:\/\/beautybusinessholland.com\/de\/wp-json\/wp\/v2\/media?parent=10582"}],"wp:term":[{"taxonomy":"product_brand","embeddable":true,"href":"https:\/\/beautybusinessholland.com\/de\/wp-json\/wp\/v2\/product_brand?post=10582"},{"taxonomy":"product_cat","embeddable":true,"href":"https:\/\/beautybusinessholland.com\/de\/wp-json\/wp\/v2\/product_cat?post=10582"},{"taxonomy":"product_tag","embeddable":true,"href":"https:\/\/beautybusinessholland.com\/de\/wp-json\/wp\/v2\/product_tag?post=10582"}],"curies":[{"name":"wp","href":"https:\/\/api.w.org\/{rel}","templated":true}]}}