{"id":10588,"date":"2025-04-28T15:08:26","date_gmt":"2025-04-28T13:08:26","guid":{"rendered":"https:\/\/beautybusinessholland.com\/product\/astero-thulium\/"},"modified":"2026-01-07T15:08:20","modified_gmt":"2026-01-07T14:08:20","slug":"astero-thulium","status":"publish","type":"product","link":"https:\/\/beautybusinessholland.com\/de\/produkt\/astero-thulium\/","title":{"rendered":"ASTERO Thulium"},"content":{"rendered":"<p>ASTERO Maschinen werden in den Niederlanden entwickelt und patentiert. ASTERO steht f\u00fcr die beste Qualit\u00e4t f\u00fcr Ihren Salon und enth\u00e4lt die revolution\u00e4rsten Techniken im Bereich der Sch\u00f6nheits- und K\u00f6rperkonturierung, die sie leiser machen, l\u00e4nger halten und pflegeleichter sind. <\/p>\n<p>Der ASTERO Thulium Laser ist ein fortschrittliches Hautverj\u00fcngungsger\u00e4t, das mit der Mikropeeling-Rekonstruktionstechnologie arbeitet. Dank der pr\u00e4zisen Wirkung der Thuliumwellenl\u00e4nge von 1927 nm stimuliert das Ger\u00e4t die Produktion von Kollagen und erneuert sowohl die Epidermis als auch die Dermis. Der Laser ist \u00e4u\u00dferst effektiv bei der Behandlung von Pigmentflecken, feinen Linien, gro\u00dfen Poren, Aknenarben und R\u00f6tungen mit einem geringen Risiko f\u00fcr postinflammatorische Hyperpigmentierung. Mit vier einzigartigen Behandlungsmodi \u2013 gleitend, fraktioniert, nicht-invasiv und privat \u2013 bietet das Ger\u00e4t vielseitige L\u00f6sungen sowohl f\u00fcr \u00e4sthetische Gesichtsbehandlungen als auch f\u00fcr die Intimpflege. Der ASTERO Thulium Laser vereint Sicherheit, Komfort und Effektivit\u00e4t und ist f\u00fcr eine breite Zielgruppe geeignet. Es ist eine leistungsstarke L\u00f6sung f\u00fcr Kliniken, die eine nachgewiesene Hautverbesserung mit minimalen Ausfallzeiten suchen.     <\/p>\n","protected":false},"excerpt":{"rendered":"<p><span data-contrast=\"auto\">ASTERO Beauty &amp; Bodyshaping Maschinen werden in den Niederlanden entwickelt und patentiert.  <\/span><\/p>\n","protected":false},"featured_media":10589,"template":"","meta":{"_acf_changed":false,"footnotes":""},"product_brand":[],"product_cat":[108,121],"product_tag":[],"class_list":{"0":"post-10588","1":"product","2":"type-product","3":"status-publish","4":"has-post-thumbnail","6":"product_cat-alle-ausrustungen","7":"product_cat-gesichtspflege","9":"first","10":"instock","11":"shipping-taxable","12":"purchasable","13":"product-type-simple"},"acf":[],"yoast_head":"<!-- This site is optimized with the Yoast SEO plugin v27.3 - https:\/\/yoast.com\/product\/yoast-seo-wordpress\/ -->\n<title>ASTERO Thulium - Beauty Business Holland<\/title>\n<meta name=\"robots\" content=\"index, follow, max-snippet:-1, max-image-preview:large, max-video-preview:-1\" \/>\n<link rel=\"canonical\" href=\"https:\/\/beautybusinessholland.com\/de\/produkt\/astero-thulium\/\" \/>\n<meta property=\"og:locale\" content=\"de_DE\" \/>\n<meta property=\"og:type\" content=\"article\" \/>\n<meta property=\"og:title\" content=\"ASTERO Thulium - Beauty Business Holland\" \/>\n<meta property=\"og:description\" content=\"ASTERO Beauty &amp; Bodyshaping Maschinen werden in den Niederlanden entwickelt und patentiert.\" \/>\n<meta property=\"og:url\" content=\"https:\/\/beautybusinessholland.com\/de\/produkt\/astero-thulium\/\" \/>\n<meta property=\"og:site_name\" content=\"Beauty Business Holland\" \/>\n<meta property=\"article:modified_time\" content=\"2026-01-07T14:08:20+00:00\" \/>\n<meta property=\"og:image\" content=\"https:\/\/beautybusinessholland.com\/wp-content\/uploads\/2025\/04\/beauty-business-holland-astro-thulium-1.jpg\" \/>\n\t<meta property=\"og:image:width\" content=\"2532\" \/>\n\t<meta property=\"og:image:height\" content=\"2531\" \/>\n\t<meta property=\"og:image:type\" content=\"image\/jpeg\" \/>\n<meta name=\"twitter:card\" content=\"summary_large_image\" \/>\n<meta name=\"twitter:label1\" content=\"Gesch\u00e4tzte Lesezeit\" \/>\n\t<meta name=\"twitter:data1\" content=\"1\u00a0Minute\" \/>\n<!-- \/ Yoast SEO plugin. -->","yoast_head_json":{"title":"ASTERO Thulium - Beauty Business Holland","robots":{"index":"index","follow":"follow","max-snippet":"max-snippet:-1","max-image-preview":"max-image-preview:large","max-video-preview":"max-video-preview:-1"},"canonical":"https:\/\/beautybusinessholland.com\/de\/produkt\/astero-thulium\/","og_locale":"de_DE","og_type":"article","og_title":"ASTERO Thulium - Beauty Business Holland","og_description":"ASTERO Beauty &amp; Bodyshaping Maschinen werden in den Niederlanden entwickelt und patentiert.","og_url":"https:\/\/beautybusinessholland.com\/de\/produkt\/astero-thulium\/","og_site_name":"Beauty Business Holland","article_modified_time":"2026-01-07T14:08:20+00:00","og_image":[{"width":2532,"height":2531,"url":"https:\/\/beautybusinessholland.com\/wp-content\/uploads\/2025\/04\/beauty-business-holland-astro-thulium-1.jpg","type":"image\/jpeg"}],"twitter_card":"summary_large_image","twitter_misc":{"Gesch\u00e4tzte Lesezeit":"1\u00a0Minute"},"schema":{"@context":"https:\/\/schema.org","@graph":[{"@type":"WebPage","@id":"https:\/\/beautybusinessholland.com\/de\/produkt\/astero-thulium\/","url":"https:\/\/beautybusinessholland.com\/de\/produkt\/astero-thulium\/","name":"ASTERO Thulium - Beauty Business Holland","isPartOf":{"@id":"https:\/\/beautybusinessholland.com\/de\/#website"},"primaryImageOfPage":{"@id":"https:\/\/beautybusinessholland.com\/de\/produkt\/astero-thulium\/#primaryimage"},"image":{"@id":"https:\/\/beautybusinessholland.com\/de\/produkt\/astero-thulium\/#primaryimage"},"thumbnailUrl":"https:\/\/beautybusinessholland.com\/wp-content\/uploads\/2025\/04\/beauty-business-holland-astro-thulium-1.jpg","datePublished":"2025-04-28T13:08:26+00:00","dateModified":"2026-01-07T14:08:20+00:00","breadcrumb":{"@id":"https:\/\/beautybusinessholland.com\/de\/produkt\/astero-thulium\/#breadcrumb"},"inLanguage":"de","potentialAction":[{"@type":"ReadAction","target":["https:\/\/beautybusinessholland.com\/de\/produkt\/astero-thulium\/"]}]},{"@type":"ImageObject","inLanguage":"de","@id":"https:\/\/beautybusinessholland.com\/de\/produkt\/astero-thulium\/#primaryimage","url":"https:\/\/beautybusinessholland.com\/wp-content\/uploads\/2025\/04\/beauty-business-holland-astro-thulium-1.jpg","contentUrl":"https:\/\/beautybusinessholland.com\/wp-content\/uploads\/2025\/04\/beauty-business-holland-astro-thulium-1.jpg","width":2532,"height":2531},{"@type":"BreadcrumbList","@id":"https:\/\/beautybusinessholland.com\/de\/produkt\/astero-thulium\/#breadcrumb","itemListElement":[{"@type":"ListItem","position":1,"name":"Heim","item":"https:\/\/beautybusinessholland.com\/de\/beauty-business-holland\/"},{"@type":"ListItem","position":2,"name":"Laden","item":"https:\/\/beautybusinessholland.com\/winkel\/"},{"@type":"ListItem","position":3,"name":"ASTERO Thulium"}]},{"@type":"WebSite","@id":"https:\/\/beautybusinessholland.com\/de\/#website","url":"https:\/\/beautybusinessholland.com\/de\/","name":"Beauty Business Holland","description":"Beauty &amp; Health Care","publisher":{"@id":"https:\/\/beautybusinessholland.com\/de\/#organization"},"potentialAction":[{"@type":"SearchAction","target":{"@type":"EntryPoint","urlTemplate":"https:\/\/beautybusinessholland.com\/de\/?s={search_term_string}"},"query-input":{"@type":"PropertyValueSpecification","valueRequired":true,"valueName":"search_term_string"}}],"inLanguage":"de"},{"@type":"Organization","@id":"https:\/\/beautybusinessholland.com\/de\/#organization","name":"Beauty Business Holland","url":"https:\/\/beautybusinessholland.com\/de\/","logo":{"@type":"ImageObject","inLanguage":"de","@id":"https:\/\/beautybusinessholland.com\/de\/#\/schema\/logo\/image\/","url":"https:\/\/beautybusinessholland.com\/wp-content\/uploads\/2025\/04\/email-logo.png","contentUrl":"https:\/\/beautybusinessholland.com\/wp-content\/uploads\/2025\/04\/email-logo.png","width":300,"height":79,"caption":"Beauty Business Holland"},"image":{"@id":"https:\/\/beautybusinessholland.com\/de\/#\/schema\/logo\/image\/"}}]}},"_links":{"self":[{"href":"https:\/\/beautybusinessholland.com\/de\/wp-json\/wp\/v2\/product\/10588","targetHints":{"allow":["GET"]}}],"collection":[{"href":"https:\/\/beautybusinessholland.com\/de\/wp-json\/wp\/v2\/product"}],"about":[{"href":"https:\/\/beautybusinessholland.com\/de\/wp-json\/wp\/v2\/types\/product"}],"version-history":[{"count":0,"href":"https:\/\/beautybusinessholland.com\/de\/wp-json\/wp\/v2\/product\/10588\/revisions"}],"wp:featuredmedia":[{"embeddable":true,"href":"https:\/\/beautybusinessholland.com\/de\/wp-json\/wp\/v2\/media\/10589"}],"wp:attachment":[{"href":"https:\/\/beautybusinessholland.com\/de\/wp-json\/wp\/v2\/media?parent=10588"}],"wp:term":[{"taxonomy":"product_brand","embeddable":true,"href":"https:\/\/beautybusinessholland.com\/de\/wp-json\/wp\/v2\/product_brand?post=10588"},{"taxonomy":"product_cat","embeddable":true,"href":"https:\/\/beautybusinessholland.com\/de\/wp-json\/wp\/v2\/product_cat?post=10588"},{"taxonomy":"product_tag","embeddable":true,"href":"https:\/\/beautybusinessholland.com\/de\/wp-json\/wp\/v2\/product_tag?post=10588"}],"curies":[{"name":"wp","href":"https:\/\/api.w.org\/{rel}","templated":true}]}}