{"id":10594,"date":"2025-04-28T14:52:31","date_gmt":"2025-04-28T12:52:31","guid":{"rendered":"https:\/\/beautybusinessholland.com\/product\/astero-hifu-10d\/"},"modified":"2026-03-09T17:04:30","modified_gmt":"2026-03-09T16:04:30","slug":"astero-hifu-10d","status":"publish","type":"product","link":"https:\/\/beautybusinessholland.com\/de\/produkt\/astero-hifu-10d\/","title":{"rendered":"ASTERO HIFU 10D"},"content":{"rendered":"<p>ASTERO Maschinen werden in den Niederlanden entwickelt und patentiert. ASTERO steht f\u00fcr die beste Qualit\u00e4t f\u00fcr Ihren Salon und enth\u00e4lt die revolution\u00e4rsten Techniken im Bereich der Sch\u00f6nheits- und K\u00f6rperkonturierung, die sie leiser machen, l\u00e4nger halten und pflegeleichter sind. <\/p>\n<p>Das ASTERO HIFU 10D ist ein fortschrittliches Hautstraffungssystem, das mit mikrofokussiertem Ultraschall (MFU) und Synergy Dotting (SD) Technologie f\u00fcr nicht-invasives Lifting und Konturverbesserung arbeitet. Dank der Kombination aus linearer und punktorientierter Energie\u00fcbertragung bietet dieses Ger\u00e4t doppelte Auftriebseffekte mit minimalem Aufquellen und praktisch keinen Ausfallzeiten. ASTERO HiFu erreicht verschiedene Hautschichten, einschlie\u00dflich SMAS, Faszien und Dermis, mit einstellbaren Tiefen von 1,5 mm bis 9 mm, so dass sowohl Gesicht als auch K\u00f6rper effektiv behandelt werden k\u00f6nnen. Die patentierten Sicherheitssensoren sorgen f\u00fcr optimalen Hautschutz und pr\u00e4zise Energieabgabe. Mit einem intuitiven Android-Betriebssystem und bis zu 10 verschiedenen Kartuschen ist diese HiFu-Technologie perfekt auf die Bed\u00fcrfnisse moderner Kliniken zugeschnitten.    <\/p>\n<p><iframe loading=\"lazy\" title=\"YouTube-Videoplayer\" src=\"https:\/\/www.youtube.com\/embed\/qvbbvUEiZjw?si=RXA7AiLqMLw5KUcS\" width=\"560\" height=\"315\" frameborder=\"0\" allowfullscreen=\"allowfullscreen\"><\/iframe><\/p>\n","protected":false},"excerpt":{"rendered":"<p>Das ASTERO HiFu ist ein fortschrittliches Hautstraffungssystem, das mit mikrofokussiertem Ultraschall (MFU) und Synergy Dotting (SD) Technologie f\u00fcr nicht-invasives Lifting und Konturverbesserung arbeitet.<\/p>\n","protected":false},"featured_media":14075,"template":"","meta":{"_acf_changed":false,"footnotes":""},"product_brand":[],"product_cat":[108,124],"product_tag":[],"class_list":{"0":"post-10594","1":"product","2":"type-product","3":"status-publish","4":"has-post-thumbnail","6":"product_cat-alle-ausrustungen","7":"product_cat-hifu","9":"first","10":"instock","11":"sale","12":"shipping-taxable","13":"purchasable","14":"product-type-simple"},"acf":[],"yoast_head":"<!-- This site is optimized with the Yoast SEO plugin v27.3 - https:\/\/yoast.com\/product\/yoast-seo-wordpress\/ -->\n<title>Kauf eine professionelle HIFU-Maschine \u2013 ASTERO HIFU 10D | Mit Kurs<\/title>\n<meta name=\"description\" content=\"M\u00f6chten Sie eine professionelle HIFU-Maschine kaufen? Entdecken Sie das ASTERO HIFU 10D aus S\u00fcdkorea. Ideal zum Straffen und Heben der Haut. Einschlie\u00dflich Schulung, Installation und Support.\" \/>\n<meta name=\"robots\" content=\"index, follow, max-snippet:-1, max-image-preview:large, max-video-preview:-1\" \/>\n<link rel=\"canonical\" href=\"https:\/\/beautybusinessholland.com\/de\/produkt\/astero-hifu-10d\/\" \/>\n<meta property=\"og:locale\" content=\"de_DE\" \/>\n<meta property=\"og:type\" content=\"article\" \/>\n<meta property=\"og:title\" content=\"Kauf eine professionelle HIFU-Maschine \u2013 ASTERO HIFU 10D | Mit Kurs\" \/>\n<meta property=\"og:description\" content=\"M\u00f6chten Sie eine professionelle HIFU-Maschine kaufen? Entdecken Sie das ASTERO HIFU 10D aus S\u00fcdkorea. Ideal zum Straffen und Heben der Haut. Einschlie\u00dflich Schulung, Installation und Support.\" \/>\n<meta property=\"og:url\" content=\"https:\/\/beautybusinessholland.com\/de\/produkt\/astero-hifu-10d\/\" \/>\n<meta property=\"og:site_name\" content=\"Beauty Business Holland\" \/>\n<meta property=\"article:modified_time\" content=\"2026-03-09T16:04:30+00:00\" \/>\n<meta property=\"og:image\" content=\"https:\/\/beautybusinessholland.com\/wp-content\/uploads\/2025\/04\/ChatGPT-Image-Mar-9-2026-05_01_34-PM.png\" \/>\n\t<meta property=\"og:image:width\" content=\"1024\" \/>\n\t<meta property=\"og:image:height\" content=\"1536\" \/>\n\t<meta property=\"og:image:type\" content=\"image\/png\" \/>\n<meta name=\"twitter:card\" content=\"summary_large_image\" \/>\n<meta name=\"twitter:label1\" content=\"Gesch\u00e4tzte Lesezeit\" \/>\n\t<meta name=\"twitter:data1\" content=\"1\u00a0Minute\" \/>\n<script type=\"application\/ld+json\" class=\"yoast-schema-graph\">{\"@context\":\"https:\\\/\\\/schema.org\",\"@graph\":[{\"@type\":\"WebPage\",\"@id\":\"https:\\\/\\\/beautybusinessholland.com\\\/de\\\/produkt\\\/astero-hifu-10d\\\/\",\"url\":\"https:\\\/\\\/beautybusinessholland.com\\\/de\\\/produkt\\\/astero-hifu-10d\\\/\",\"name\":\"Kauf eine professionelle HIFU-Maschine \u2013 ASTERO HIFU 10D | Mit Kurs\",\"isPartOf\":{\"@id\":\"https:\\\/\\\/beautybusinessholland.com\\\/de\\\/#website\"},\"primaryImageOfPage\":{\"@id\":\"https:\\\/\\\/beautybusinessholland.com\\\/de\\\/produkt\\\/astero-hifu-10d\\\/#primaryimage\"},\"image\":{\"@id\":\"https:\\\/\\\/beautybusinessholland.com\\\/de\\\/produkt\\\/astero-hifu-10d\\\/#primaryimage\"},\"thumbnailUrl\":\"https:\\\/\\\/beautybusinessholland.com\\\/wp-content\\\/uploads\\\/2025\\\/04\\\/ChatGPT-Image-Mar-9-2026-05_09_08-PM.png\",\"datePublished\":\"2025-04-28T12:52:31+00:00\",\"dateModified\":\"2026-03-09T16:04:30+00:00\",\"description\":\"M\u00f6chten Sie eine professionelle HIFU-Maschine kaufen? Entdecken Sie das ASTERO HIFU 10D aus S\u00fcdkorea. Ideal zum Straffen und Heben der Haut. Einschlie\u00dflich Schulung, Installation und Support.\",\"breadcrumb\":{\"@id\":\"https:\\\/\\\/beautybusinessholland.com\\\/de\\\/produkt\\\/astero-hifu-10d\\\/#breadcrumb\"},\"inLanguage\":\"de\",\"potentialAction\":[{\"@type\":\"ReadAction\",\"target\":[\"https:\\\/\\\/beautybusinessholland.com\\\/de\\\/produkt\\\/astero-hifu-10d\\\/\"]}]},{\"@type\":\"ImageObject\",\"inLanguage\":\"de\",\"@id\":\"https:\\\/\\\/beautybusinessholland.com\\\/de\\\/produkt\\\/astero-hifu-10d\\\/#primaryimage\",\"url\":\"https:\\\/\\\/beautybusinessholland.com\\\/wp-content\\\/uploads\\\/2025\\\/04\\\/ChatGPT-Image-Mar-9-2026-05_09_08-PM.png\",\"contentUrl\":\"https:\\\/\\\/beautybusinessholland.com\\\/wp-content\\\/uploads\\\/2025\\\/04\\\/ChatGPT-Image-Mar-9-2026-05_09_08-PM.png\",\"width\":1024,\"height\":1024},{\"@type\":\"BreadcrumbList\",\"@id\":\"https:\\\/\\\/beautybusinessholland.com\\\/de\\\/produkt\\\/astero-hifu-10d\\\/#breadcrumb\",\"itemListElement\":[{\"@type\":\"ListItem\",\"position\":1,\"name\":\"Heim\",\"item\":\"https:\\\/\\\/beautybusinessholland.com\\\/de\\\/beauty-business-holland\\\/\"},{\"@type\":\"ListItem\",\"position\":2,\"name\":\"Laden\",\"item\":\"https:\\\/\\\/beautybusinessholland.com\\\/winkel\\\/\"},{\"@type\":\"ListItem\",\"position\":3,\"name\":\"ASTERO HIFU 10D\"}]},{\"@type\":\"WebSite\",\"@id\":\"https:\\\/\\\/beautybusinessholland.com\\\/de\\\/#website\",\"url\":\"https:\\\/\\\/beautybusinessholland.com\\\/de\\\/\",\"name\":\"Beauty Business Holland\",\"description\":\"Beauty &amp; Health Care\",\"publisher\":{\"@id\":\"https:\\\/\\\/beautybusinessholland.com\\\/de\\\/#organization\"},\"potentialAction\":[{\"@type\":\"SearchAction\",\"target\":{\"@type\":\"EntryPoint\",\"urlTemplate\":\"https:\\\/\\\/beautybusinessholland.com\\\/de\\\/?s={search_term_string}\"},\"query-input\":{\"@type\":\"PropertyValueSpecification\",\"valueRequired\":true,\"valueName\":\"search_term_string\"}}],\"inLanguage\":\"de\"},{\"@type\":\"Organization\",\"@id\":\"https:\\\/\\\/beautybusinessholland.com\\\/de\\\/#organization\",\"name\":\"Beauty Business Holland\",\"url\":\"https:\\\/\\\/beautybusinessholland.com\\\/de\\\/\",\"logo\":{\"@type\":\"ImageObject\",\"inLanguage\":\"de\",\"@id\":\"https:\\\/\\\/beautybusinessholland.com\\\/de\\\/#\\\/schema\\\/logo\\\/image\\\/\",\"url\":\"https:\\\/\\\/beautybusinessholland.com\\\/wp-content\\\/uploads\\\/2025\\\/04\\\/email-logo.png\",\"contentUrl\":\"https:\\\/\\\/beautybusinessholland.com\\\/wp-content\\\/uploads\\\/2025\\\/04\\\/email-logo.png\",\"width\":300,\"height\":79,\"caption\":\"Beauty Business Holland\"},\"image\":{\"@id\":\"https:\\\/\\\/beautybusinessholland.com\\\/de\\\/#\\\/schema\\\/logo\\\/image\\\/\"}}]}<\/script>\n<!-- \/ Yoast SEO plugin. -->","yoast_head_json":{"title":"Kauf eine professionelle HIFU-Maschine \u2013 ASTERO HIFU 10D | Mit Kurs","description":"M\u00f6chten Sie eine professionelle HIFU-Maschine kaufen? Entdecken Sie das ASTERO HIFU 10D aus S\u00fcdkorea. Ideal zum Straffen und Heben der Haut. Einschlie\u00dflich Schulung, Installation und Support.","robots":{"index":"index","follow":"follow","max-snippet":"max-snippet:-1","max-image-preview":"max-image-preview:large","max-video-preview":"max-video-preview:-1"},"canonical":"https:\/\/beautybusinessholland.com\/de\/produkt\/astero-hifu-10d\/","og_locale":"de_DE","og_type":"article","og_title":"Kauf eine professionelle HIFU-Maschine \u2013 ASTERO HIFU 10D | Mit Kurs","og_description":"M\u00f6chten Sie eine professionelle HIFU-Maschine kaufen? Entdecken Sie das ASTERO HIFU 10D aus S\u00fcdkorea. Ideal zum Straffen und Heben der Haut. Einschlie\u00dflich Schulung, Installation und Support.","og_url":"https:\/\/beautybusinessholland.com\/de\/produkt\/astero-hifu-10d\/","og_site_name":"Beauty Business Holland","article_modified_time":"2026-03-09T16:04:30+00:00","og_image":[{"width":1024,"height":1536,"url":"https:\/\/beautybusinessholland.com\/wp-content\/uploads\/2025\/04\/ChatGPT-Image-Mar-9-2026-05_01_34-PM.png","type":"image\/png"}],"twitter_card":"summary_large_image","twitter_misc":{"Gesch\u00e4tzte Lesezeit":"1\u00a0Minute"},"schema":{"@context":"https:\/\/schema.org","@graph":[{"@type":"WebPage","@id":"https:\/\/beautybusinessholland.com\/de\/produkt\/astero-hifu-10d\/","url":"https:\/\/beautybusinessholland.com\/de\/produkt\/astero-hifu-10d\/","name":"Kauf eine professionelle HIFU-Maschine \u2013 ASTERO HIFU 10D | Mit Kurs","isPartOf":{"@id":"https:\/\/beautybusinessholland.com\/de\/#website"},"primaryImageOfPage":{"@id":"https:\/\/beautybusinessholland.com\/de\/produkt\/astero-hifu-10d\/#primaryimage"},"image":{"@id":"https:\/\/beautybusinessholland.com\/de\/produkt\/astero-hifu-10d\/#primaryimage"},"thumbnailUrl":"https:\/\/beautybusinessholland.com\/wp-content\/uploads\/2025\/04\/ChatGPT-Image-Mar-9-2026-05_09_08-PM.png","datePublished":"2025-04-28T12:52:31+00:00","dateModified":"2026-03-09T16:04:30+00:00","description":"M\u00f6chten Sie eine professionelle HIFU-Maschine kaufen? Entdecken Sie das ASTERO HIFU 10D aus S\u00fcdkorea. Ideal zum Straffen und Heben der Haut. Einschlie\u00dflich Schulung, Installation und Support.","breadcrumb":{"@id":"https:\/\/beautybusinessholland.com\/de\/produkt\/astero-hifu-10d\/#breadcrumb"},"inLanguage":"de","potentialAction":[{"@type":"ReadAction","target":["https:\/\/beautybusinessholland.com\/de\/produkt\/astero-hifu-10d\/"]}]},{"@type":"ImageObject","inLanguage":"de","@id":"https:\/\/beautybusinessholland.com\/de\/produkt\/astero-hifu-10d\/#primaryimage","url":"https:\/\/beautybusinessholland.com\/wp-content\/uploads\/2025\/04\/ChatGPT-Image-Mar-9-2026-05_09_08-PM.png","contentUrl":"https:\/\/beautybusinessholland.com\/wp-content\/uploads\/2025\/04\/ChatGPT-Image-Mar-9-2026-05_09_08-PM.png","width":1024,"height":1024},{"@type":"BreadcrumbList","@id":"https:\/\/beautybusinessholland.com\/de\/produkt\/astero-hifu-10d\/#breadcrumb","itemListElement":[{"@type":"ListItem","position":1,"name":"Heim","item":"https:\/\/beautybusinessholland.com\/de\/beauty-business-holland\/"},{"@type":"ListItem","position":2,"name":"Laden","item":"https:\/\/beautybusinessholland.com\/winkel\/"},{"@type":"ListItem","position":3,"name":"ASTERO HIFU 10D"}]},{"@type":"WebSite","@id":"https:\/\/beautybusinessholland.com\/de\/#website","url":"https:\/\/beautybusinessholland.com\/de\/","name":"Beauty Business Holland","description":"Beauty &amp; Health Care","publisher":{"@id":"https:\/\/beautybusinessholland.com\/de\/#organization"},"potentialAction":[{"@type":"SearchAction","target":{"@type":"EntryPoint","urlTemplate":"https:\/\/beautybusinessholland.com\/de\/?s={search_term_string}"},"query-input":{"@type":"PropertyValueSpecification","valueRequired":true,"valueName":"search_term_string"}}],"inLanguage":"de"},{"@type":"Organization","@id":"https:\/\/beautybusinessholland.com\/de\/#organization","name":"Beauty Business Holland","url":"https:\/\/beautybusinessholland.com\/de\/","logo":{"@type":"ImageObject","inLanguage":"de","@id":"https:\/\/beautybusinessholland.com\/de\/#\/schema\/logo\/image\/","url":"https:\/\/beautybusinessholland.com\/wp-content\/uploads\/2025\/04\/email-logo.png","contentUrl":"https:\/\/beautybusinessholland.com\/wp-content\/uploads\/2025\/04\/email-logo.png","width":300,"height":79,"caption":"Beauty Business Holland"},"image":{"@id":"https:\/\/beautybusinessholland.com\/de\/#\/schema\/logo\/image\/"}}]}},"_links":{"self":[{"href":"https:\/\/beautybusinessholland.com\/de\/wp-json\/wp\/v2\/product\/10594","targetHints":{"allow":["GET"]}}],"collection":[{"href":"https:\/\/beautybusinessholland.com\/de\/wp-json\/wp\/v2\/product"}],"about":[{"href":"https:\/\/beautybusinessholland.com\/de\/wp-json\/wp\/v2\/types\/product"}],"version-history":[{"count":0,"href":"https:\/\/beautybusinessholland.com\/de\/wp-json\/wp\/v2\/product\/10594\/revisions"}],"wp:featuredmedia":[{"embeddable":true,"href":"https:\/\/beautybusinessholland.com\/de\/wp-json\/wp\/v2\/media\/14075"}],"wp:attachment":[{"href":"https:\/\/beautybusinessholland.com\/de\/wp-json\/wp\/v2\/media?parent=10594"}],"wp:term":[{"taxonomy":"product_brand","embeddable":true,"href":"https:\/\/beautybusinessholland.com\/de\/wp-json\/wp\/v2\/product_brand?post=10594"},{"taxonomy":"product_cat","embeddable":true,"href":"https:\/\/beautybusinessholland.com\/de\/wp-json\/wp\/v2\/product_cat?post=10594"},{"taxonomy":"product_tag","embeddable":true,"href":"https:\/\/beautybusinessholland.com\/de\/wp-json\/wp\/v2\/product_tag?post=10594"}],"curies":[{"name":"wp","href":"https:\/\/api.w.org\/{rel}","templated":true}]}}