{"id":13985,"date":"2026-02-26T13:58:24","date_gmt":"2026-02-26T12:58:24","guid":{"rendered":"https:\/\/beautybusinessholland.com\/?post_type=product&#038;p=13985"},"modified":"2026-02-26T14:07:11","modified_gmt":"2026-02-26T13:07:11","slug":"astero-frax-co2-kopie","status":"publish","type":"product","link":"https:\/\/beautybusinessholland.com\/de\/produkt\/astero-frax-co2-kopie\/","title":{"rendered":"Frax Co2 Korea"},"content":{"rendered":"<p data-start=\"98\" data-end=\"573\">Der Frax CO\u2082 Korea ist ein fortschrittlicher medizinischer CO\u2082-Laser zur Hautverj\u00fcngung, Hautverbesserung und chirurgischen Anwendungen. Dieser hochwertige Laser wird zu 100 % in S\u00fcdkorea hergestellt und ist bekannt f\u00fcr seine Zuverl\u00e4ssigkeit, Pr\u00e4zision und klinische Ergebnisse. Dank der leistungsstarken 10.600-nm-CO\u2082-Technologie kann der Laser kontrollierte Mikrosch\u00e4den in der Haut verursachen, was die intensive Kollagenproduktion anregt und die Haut sichtbar erneuert.  <\/p>\n<p data-start=\"575\" data-end=\"796\">Die Maschine verf\u00fcgt \u00fcber mehrere Behandlungsarten, darunter fraktionierte, chirurgische und optionale gyn\u00e4kologische Anwendungen. Das macht es zu einer vielseitigen All-in-One-L\u00f6sung f\u00fcr professionelle Kliniken und hochwertige Salons. <\/p>\n<p data-start=\"798\" data-end=\"985\">Der Frax CO\u2082 Korea erf\u00fcllt die strengsten europ\u00e4ischen Vorschriften und verf\u00fcgt \u00fcber das obligatorische MDR 2028-Zertifikat, was eine zukunftssichere Investition gew\u00e4hrleistet.<\/p>\n<p>Optionales vaginales Handst\u00fcck f\u00fcr 1.000 EUR.<\/p>\n","protected":false},"excerpt":{"rendered":"<p>Das Frax Co2 Korea ist ein fortschrittliches fraktioniertes CO\u2082-Lasersystem, das bei einer Wellenl\u00e4nge von 10.600 arbeitet<\/p>\n","protected":false},"featured_media":14002,"template":"","meta":{"_acf_changed":false,"footnotes":""},"product_brand":[],"product_cat":[108,112],"product_tag":[],"class_list":{"0":"post-13985","1":"product","2":"type-product","3":"status-publish","4":"has-post-thumbnail","6":"product_cat-alle-ausrustungen","7":"product_cat-co2-laser","9":"first","10":"instock","11":"sale","12":"shipping-taxable","13":"purchasable","14":"product-type-simple"},"acf":[],"yoast_head":"<!-- This site is optimized with the Yoast SEO plugin v27.3 - https:\/\/yoast.com\/product\/yoast-seo-wordpress\/ -->\n<title>Frax Co2 Korea - Beauty Business Holland<\/title>\n<meta name=\"robots\" content=\"index, follow, max-snippet:-1, max-image-preview:large, max-video-preview:-1\" \/>\n<link rel=\"canonical\" href=\"https:\/\/beautybusinessholland.com\/de\/produkt\/astero-frax-co2-kopie\/\" \/>\n<meta property=\"og:locale\" content=\"de_DE\" \/>\n<meta property=\"og:type\" content=\"article\" \/>\n<meta property=\"og:title\" content=\"Frax Co2 Korea - Beauty Business Holland\" \/>\n<meta property=\"og:description\" content=\"Das Frax Co2 Korea ist ein fortschrittliches fraktioniertes CO\u2082-Lasersystem, das bei einer Wellenl\u00e4nge von 10.600 arbeitet\" \/>\n<meta property=\"og:url\" content=\"https:\/\/beautybusinessholland.com\/de\/produkt\/astero-frax-co2-kopie\/\" \/>\n<meta property=\"og:site_name\" content=\"Beauty Business Holland\" \/>\n<meta property=\"article:modified_time\" content=\"2026-02-26T13:07:11+00:00\" \/>\n<meta property=\"og:image\" content=\"https:\/\/beautybusinessholland.com\/wp-content\/uploads\/2026\/02\/506128fc-f8d9-4221-9e3c-e4967ed7deec-1.jpg\" \/>\n\t<meta property=\"og:image:width\" content=\"1492\" \/>\n\t<meta property=\"og:image:height\" content=\"2048\" \/>\n\t<meta property=\"og:image:type\" content=\"image\/jpeg\" \/>\n<meta name=\"twitter:card\" content=\"summary_large_image\" \/>\n<meta name=\"twitter:label1\" content=\"Gesch\u00e4tzte Lesezeit\" \/>\n\t<meta name=\"twitter:data1\" content=\"1\u00a0Minute\" \/>\n<!-- \/ Yoast SEO plugin. -->","yoast_head_json":{"title":"Frax Co2 Korea - Beauty Business Holland","robots":{"index":"index","follow":"follow","max-snippet":"max-snippet:-1","max-image-preview":"max-image-preview:large","max-video-preview":"max-video-preview:-1"},"canonical":"https:\/\/beautybusinessholland.com\/de\/produkt\/astero-frax-co2-kopie\/","og_locale":"de_DE","og_type":"article","og_title":"Frax Co2 Korea - Beauty Business Holland","og_description":"Das Frax Co2 Korea ist ein fortschrittliches fraktioniertes CO\u2082-Lasersystem, das bei einer Wellenl\u00e4nge von 10.600 arbeitet","og_url":"https:\/\/beautybusinessholland.com\/de\/produkt\/astero-frax-co2-kopie\/","og_site_name":"Beauty Business Holland","article_modified_time":"2026-02-26T13:07:11+00:00","og_image":[{"width":1492,"height":2048,"url":"https:\/\/beautybusinessholland.com\/wp-content\/uploads\/2026\/02\/506128fc-f8d9-4221-9e3c-e4967ed7deec-1.jpg","type":"image\/jpeg"}],"twitter_card":"summary_large_image","twitter_misc":{"Gesch\u00e4tzte Lesezeit":"1\u00a0Minute"},"schema":{"@context":"https:\/\/schema.org","@graph":[{"@type":"WebPage","@id":"https:\/\/beautybusinessholland.com\/de\/produkt\/astero-frax-co2-kopie\/","url":"https:\/\/beautybusinessholland.com\/de\/produkt\/astero-frax-co2-kopie\/","name":"Frax Co2 Korea - Beauty Business Holland","isPartOf":{"@id":"https:\/\/beautybusinessholland.com\/de\/#website"},"primaryImageOfPage":{"@id":"https:\/\/beautybusinessholland.com\/de\/produkt\/astero-frax-co2-kopie\/#primaryimage"},"image":{"@id":"https:\/\/beautybusinessholland.com\/de\/produkt\/astero-frax-co2-kopie\/#primaryimage"},"thumbnailUrl":"https:\/\/beautybusinessholland.com\/wp-content\/uploads\/2026\/02\/506128fc-f8d9-4221-9e3c-e4967ed7deec-1.jpg","datePublished":"2026-02-26T12:58:24+00:00","dateModified":"2026-02-26T13:07:11+00:00","breadcrumb":{"@id":"https:\/\/beautybusinessholland.com\/de\/produkt\/astero-frax-co2-kopie\/#breadcrumb"},"inLanguage":"de","potentialAction":[{"@type":"ReadAction","target":["https:\/\/beautybusinessholland.com\/de\/produkt\/astero-frax-co2-kopie\/"]}]},{"@type":"ImageObject","inLanguage":"de","@id":"https:\/\/beautybusinessholland.com\/de\/produkt\/astero-frax-co2-kopie\/#primaryimage","url":"https:\/\/beautybusinessholland.com\/wp-content\/uploads\/2026\/02\/506128fc-f8d9-4221-9e3c-e4967ed7deec-1.jpg","contentUrl":"https:\/\/beautybusinessholland.com\/wp-content\/uploads\/2026\/02\/506128fc-f8d9-4221-9e3c-e4967ed7deec-1.jpg","width":1492,"height":2048},{"@type":"BreadcrumbList","@id":"https:\/\/beautybusinessholland.com\/de\/produkt\/astero-frax-co2-kopie\/#breadcrumb","itemListElement":[{"@type":"ListItem","position":1,"name":"Heim","item":"https:\/\/beautybusinessholland.com\/de\/beauty-business-holland\/"},{"@type":"ListItem","position":2,"name":"Laden","item":"https:\/\/beautybusinessholland.com\/winkel\/"},{"@type":"ListItem","position":3,"name":"Frax Co2 Korea"}]},{"@type":"WebSite","@id":"https:\/\/beautybusinessholland.com\/de\/#website","url":"https:\/\/beautybusinessholland.com\/de\/","name":"Beauty Business Holland","description":"Beauty &amp; Health Care","publisher":{"@id":"https:\/\/beautybusinessholland.com\/de\/#organization"},"potentialAction":[{"@type":"SearchAction","target":{"@type":"EntryPoint","urlTemplate":"https:\/\/beautybusinessholland.com\/de\/?s={search_term_string}"},"query-input":{"@type":"PropertyValueSpecification","valueRequired":true,"valueName":"search_term_string"}}],"inLanguage":"de"},{"@type":"Organization","@id":"https:\/\/beautybusinessholland.com\/de\/#organization","name":"Beauty Business Holland","url":"https:\/\/beautybusinessholland.com\/de\/","logo":{"@type":"ImageObject","inLanguage":"de","@id":"https:\/\/beautybusinessholland.com\/de\/#\/schema\/logo\/image\/","url":"https:\/\/beautybusinessholland.com\/wp-content\/uploads\/2025\/04\/email-logo.png","contentUrl":"https:\/\/beautybusinessholland.com\/wp-content\/uploads\/2025\/04\/email-logo.png","width":300,"height":79,"caption":"Beauty Business Holland"},"image":{"@id":"https:\/\/beautybusinessholland.com\/de\/#\/schema\/logo\/image\/"}}]}},"_links":{"self":[{"href":"https:\/\/beautybusinessholland.com\/de\/wp-json\/wp\/v2\/product\/13985","targetHints":{"allow":["GET"]}}],"collection":[{"href":"https:\/\/beautybusinessholland.com\/de\/wp-json\/wp\/v2\/product"}],"about":[{"href":"https:\/\/beautybusinessholland.com\/de\/wp-json\/wp\/v2\/types\/product"}],"version-history":[{"count":0,"href":"https:\/\/beautybusinessholland.com\/de\/wp-json\/wp\/v2\/product\/13985\/revisions"}],"wp:featuredmedia":[{"embeddable":true,"href":"https:\/\/beautybusinessholland.com\/de\/wp-json\/wp\/v2\/media\/14002"}],"wp:attachment":[{"href":"https:\/\/beautybusinessholland.com\/de\/wp-json\/wp\/v2\/media?parent=13985"}],"wp:term":[{"taxonomy":"product_brand","embeddable":true,"href":"https:\/\/beautybusinessholland.com\/de\/wp-json\/wp\/v2\/product_brand?post=13985"},{"taxonomy":"product_cat","embeddable":true,"href":"https:\/\/beautybusinessholland.com\/de\/wp-json\/wp\/v2\/product_cat?post=13985"},{"taxonomy":"product_tag","embeddable":true,"href":"https:\/\/beautybusinessholland.com\/de\/wp-json\/wp\/v2\/product_tag?post=13985"}],"curies":[{"name":"wp","href":"https:\/\/api.w.org\/{rel}","templated":true}]}}