{"id":14519,"date":"2026-04-09T14:59:10","date_gmt":"2026-04-09T12:59:10","guid":{"rendered":"https:\/\/beautybusinessholland.com\/?post_type=product&#038;p=14519"},"modified":"2026-04-09T15:28:19","modified_gmt":"2026-04-09T13:28:19","slug":"medisco-skinbooster-hyaluronzuur-kopie-kopie","status":"publish","type":"product","link":"https:\/\/beautybusinessholland.com\/de\/produkt\/medisco-skinbooster-hyaluronzuur-kopie-kopie\/","title":{"rendered":"MEDISCO SKINBOOSTER AC BHA"},"content":{"rendered":"<p>MEDISCO SKINBOOSTER AC BHA \u2013 die kraftvolle L\u00f6sung f\u00fcr klare, gleichm\u00e4\u00dfige und gesunde Haut<\/p>\n<p>Dieser fortschrittliche Hautbooster wurde speziell f\u00fcr die Behandlung problematischer Haut entwickelt, mit einer hohen Konzentration von AHA (10.080 PPM) und BHA (1.900 PPM), um abgestorbene Hautzellen und \u00fcbersch\u00fcssiges Talg effektiv zu entfernen und verstopfte Poren gr\u00fcndlich zu reinigen.<\/p>\n<p>Zus\u00e4tzlich enth\u00e4lt die Formel CICA-BIOTICS (5.000 PPM), Panthenol (3.500 PPM) und Allantoin (500 PPM), um die Haut zu beruhigen, die Hautbarriere zu st\u00e4rken und intensiv mit Feuchtigkeit zu versorgen.<\/p>\n<p>Durch die Kombination von Peeling mit Pflege und Reparatur hilft dieser Booster, die Haut sichtbar zu verbessern und ein strahlenderes, glatteres und ges\u00fcnderes Aussehen zu erzielen.<\/p>\n<p>Vorteile und Auswirkungen<\/p>\n<p>* Reguliert \u00fcbersch\u00fcssiges Talg und peelt sanft<br \/>\n* Reduziert verstopfte und vergr\u00f6\u00dferte Poren<br \/>\n* Behandelt Mitesser<br \/>\n, Mitesser und Unreinheiten effektiv* Beruhigt gereizte Haut und hilft, Hautunreinheiten zu verhindern<br \/>\n* Hydratisiert und st\u00e4rkt empfindliche, schnell reagierende Haut<br \/>\n * Unterst\u00fctzt die Erholung<br \/>\n der Hautbarriere* Verbessert die Hautstruktur und verleiht einen frischen, strahlenden Glow<\/p>\n<p>Schl\u00fcsselbestandteile:<\/p>\n<p>* CICA-BIOTICS (patentierter Inhaltsstoff)<br \/>\n* AHA (Milchs\u00e4ure, Glykols\u00e4ure)<br \/>\n* BHA (Salicyls\u00e4ure)<br \/>\n* LHA (Capryloyl-Salicyls\u00e4ure)<\/p>\n<p>Die perfekte Kombination f\u00fcr klare, glatte und ausgewogene Haut<\/p>\n","protected":false},"excerpt":{"rendered":"<p>MEDISCO SKINBOOSTER AC BHA \u2013 die kraftvolle L\u00f6sung f\u00fcr klare, gleichm\u00e4\u00dfige und gesunde Haut Dieser fortschrittliche Hautbooster wurde speziell f\u00fcr die Behandlung problematischer Haut entwickelt, mit einer hohen Konzentration von AHA (10.080 PPM) und BHA (1.900 PPM), um abgestorbene Hautzellen und \u00fcbersch\u00fcssiges Talg effektiv zu entfernen und verstopfte Poren gr\u00fcndlich zu reinigen. Zus\u00e4tzlich enth\u00e4lt die [&hellip;]<\/p>\n","protected":false},"featured_media":14574,"template":"","meta":{"_acf_changed":false,"footnotes":""},"product_brand":[],"product_cat":[118],"product_tag":[],"class_list":{"0":"post-14519","1":"product","2":"type-product","3":"status-publish","4":"has-post-thumbnail","6":"product_cat-koreanische-kosmetik","8":"first","9":"instock","10":"shipping-taxable","11":"purchasable","12":"product-type-simple"},"acf":[],"yoast_head":"<!-- This site is optimized with the Yoast SEO plugin v27.3 - https:\/\/yoast.com\/product\/yoast-seo-wordpress\/ -->\n<title>MEDISCO SKINBOOSTER AC BHA - Beauty Business Holland<\/title>\n<meta name=\"robots\" content=\"index, follow, max-snippet:-1, max-image-preview:large, max-video-preview:-1\" \/>\n<link rel=\"canonical\" href=\"https:\/\/beautybusinessholland.com\/de\/produkt\/medisco-skinbooster-hyaluronzuur-kopie-kopie\/\" \/>\n<meta property=\"og:locale\" content=\"de_DE\" \/>\n<meta property=\"og:type\" content=\"article\" \/>\n<meta property=\"og:title\" content=\"MEDISCO SKINBOOSTER AC BHA - Beauty Business Holland\" \/>\n<meta property=\"og:description\" content=\"MEDISCO SKINBOOSTER AC BHA \u2013 die kraftvolle L\u00f6sung f\u00fcr klare, gleichm\u00e4\u00dfige und gesunde Haut Dieser fortschrittliche Hautbooster wurde speziell f\u00fcr die Behandlung problematischer Haut entwickelt, mit einer hohen Konzentration von AHA (10.080 PPM) und BHA (1.900 PPM), um abgestorbene Hautzellen und \u00fcbersch\u00fcssiges Talg effektiv zu entfernen und verstopfte Poren gr\u00fcndlich zu reinigen. Zus\u00e4tzlich enth\u00e4lt die [&hellip;]\" \/>\n<meta property=\"og:url\" content=\"https:\/\/beautybusinessholland.com\/de\/produkt\/medisco-skinbooster-hyaluronzuur-kopie-kopie\/\" \/>\n<meta property=\"og:site_name\" content=\"Beauty Business Holland\" \/>\n<meta property=\"article:modified_time\" content=\"2026-04-09T13:28:19+00:00\" \/>\n<meta property=\"og:image\" content=\"https:\/\/beautybusinessholland.com\/wp-content\/uploads\/2026\/04\/WhatsApp-Image-2026-04-09-at-15.21.46.jpeg\" \/>\n\t<meta property=\"og:image:width\" content=\"590\" \/>\n\t<meta property=\"og:image:height\" content=\"726\" \/>\n\t<meta property=\"og:image:type\" content=\"image\/jpeg\" \/>\n<meta name=\"twitter:card\" content=\"summary_large_image\" \/>\n<meta name=\"twitter:label1\" content=\"Gesch\u00e4tzte Lesezeit\" \/>\n\t<meta name=\"twitter:data1\" content=\"1\u00a0Minute\" \/>\n<!-- \/ Yoast SEO plugin. -->","yoast_head_json":{"title":"MEDISCO SKINBOOSTER AC BHA - Beauty Business Holland","robots":{"index":"index","follow":"follow","max-snippet":"max-snippet:-1","max-image-preview":"max-image-preview:large","max-video-preview":"max-video-preview:-1"},"canonical":"https:\/\/beautybusinessholland.com\/de\/produkt\/medisco-skinbooster-hyaluronzuur-kopie-kopie\/","og_locale":"de_DE","og_type":"article","og_title":"MEDISCO SKINBOOSTER AC BHA - Beauty Business Holland","og_description":"MEDISCO SKINBOOSTER AC BHA \u2013 die kraftvolle L\u00f6sung f\u00fcr klare, gleichm\u00e4\u00dfige und gesunde Haut Dieser fortschrittliche Hautbooster wurde speziell f\u00fcr die Behandlung problematischer Haut entwickelt, mit einer hohen Konzentration von AHA (10.080 PPM) und BHA (1.900 PPM), um abgestorbene Hautzellen und \u00fcbersch\u00fcssiges Talg effektiv zu entfernen und verstopfte Poren gr\u00fcndlich zu reinigen. Zus\u00e4tzlich enth\u00e4lt die [&hellip;]","og_url":"https:\/\/beautybusinessholland.com\/de\/produkt\/medisco-skinbooster-hyaluronzuur-kopie-kopie\/","og_site_name":"Beauty Business Holland","article_modified_time":"2026-04-09T13:28:19+00:00","og_image":[{"width":590,"height":726,"url":"https:\/\/beautybusinessholland.com\/wp-content\/uploads\/2026\/04\/WhatsApp-Image-2026-04-09-at-15.21.46.jpeg","type":"image\/jpeg"}],"twitter_card":"summary_large_image","twitter_misc":{"Gesch\u00e4tzte Lesezeit":"1\u00a0Minute"},"schema":{"@context":"https:\/\/schema.org","@graph":[{"@type":"WebPage","@id":"https:\/\/beautybusinessholland.com\/de\/produkt\/medisco-skinbooster-hyaluronzuur-kopie-kopie\/","url":"https:\/\/beautybusinessholland.com\/de\/produkt\/medisco-skinbooster-hyaluronzuur-kopie-kopie\/","name":"MEDISCO SKINBOOSTER AC BHA - Beauty Business Holland","isPartOf":{"@id":"https:\/\/beautybusinessholland.com\/de\/#website"},"primaryImageOfPage":{"@id":"https:\/\/beautybusinessholland.com\/de\/produkt\/medisco-skinbooster-hyaluronzuur-kopie-kopie\/#primaryimage"},"image":{"@id":"https:\/\/beautybusinessholland.com\/de\/produkt\/medisco-skinbooster-hyaluronzuur-kopie-kopie\/#primaryimage"},"thumbnailUrl":"https:\/\/beautybusinessholland.com\/wp-content\/uploads\/2026\/04\/WhatsApp-Image-2026-04-09-at-15.21.46.jpeg","datePublished":"2026-04-09T12:59:10+00:00","dateModified":"2026-04-09T13:28:19+00:00","breadcrumb":{"@id":"https:\/\/beautybusinessholland.com\/de\/produkt\/medisco-skinbooster-hyaluronzuur-kopie-kopie\/#breadcrumb"},"inLanguage":"de","potentialAction":[{"@type":"ReadAction","target":["https:\/\/beautybusinessholland.com\/de\/produkt\/medisco-skinbooster-hyaluronzuur-kopie-kopie\/"]}]},{"@type":"ImageObject","inLanguage":"de","@id":"https:\/\/beautybusinessholland.com\/de\/produkt\/medisco-skinbooster-hyaluronzuur-kopie-kopie\/#primaryimage","url":"https:\/\/beautybusinessholland.com\/wp-content\/uploads\/2026\/04\/WhatsApp-Image-2026-04-09-at-15.21.46.jpeg","contentUrl":"https:\/\/beautybusinessholland.com\/wp-content\/uploads\/2026\/04\/WhatsApp-Image-2026-04-09-at-15.21.46.jpeg","width":590,"height":726},{"@type":"BreadcrumbList","@id":"https:\/\/beautybusinessholland.com\/de\/produkt\/medisco-skinbooster-hyaluronzuur-kopie-kopie\/#breadcrumb","itemListElement":[{"@type":"ListItem","position":1,"name":"Heim","item":"https:\/\/beautybusinessholland.com\/de\/beauty-business-holland\/"},{"@type":"ListItem","position":2,"name":"Laden","item":"https:\/\/beautybusinessholland.com\/winkel\/"},{"@type":"ListItem","position":3,"name":"MEDISCO SKINBOOSTER AC BHA"}]},{"@type":"WebSite","@id":"https:\/\/beautybusinessholland.com\/de\/#website","url":"https:\/\/beautybusinessholland.com\/de\/","name":"Beauty Business Holland","description":"Beauty &amp; Health Care","publisher":{"@id":"https:\/\/beautybusinessholland.com\/de\/#organization"},"potentialAction":[{"@type":"SearchAction","target":{"@type":"EntryPoint","urlTemplate":"https:\/\/beautybusinessholland.com\/de\/?s={search_term_string}"},"query-input":{"@type":"PropertyValueSpecification","valueRequired":true,"valueName":"search_term_string"}}],"inLanguage":"de"},{"@type":"Organization","@id":"https:\/\/beautybusinessholland.com\/de\/#organization","name":"Beauty Business Holland","url":"https:\/\/beautybusinessholland.com\/de\/","logo":{"@type":"ImageObject","inLanguage":"de","@id":"https:\/\/beautybusinessholland.com\/de\/#\/schema\/logo\/image\/","url":"https:\/\/beautybusinessholland.com\/wp-content\/uploads\/2025\/04\/email-logo.png","contentUrl":"https:\/\/beautybusinessholland.com\/wp-content\/uploads\/2025\/04\/email-logo.png","width":300,"height":79,"caption":"Beauty Business Holland"},"image":{"@id":"https:\/\/beautybusinessholland.com\/de\/#\/schema\/logo\/image\/"}}]}},"_links":{"self":[{"href":"https:\/\/beautybusinessholland.com\/de\/wp-json\/wp\/v2\/product\/14519","targetHints":{"allow":["GET"]}}],"collection":[{"href":"https:\/\/beautybusinessholland.com\/de\/wp-json\/wp\/v2\/product"}],"about":[{"href":"https:\/\/beautybusinessholland.com\/de\/wp-json\/wp\/v2\/types\/product"}],"version-history":[{"count":2,"href":"https:\/\/beautybusinessholland.com\/de\/wp-json\/wp\/v2\/product\/14519\/revisions"}],"predecessor-version":[{"id":14579,"href":"https:\/\/beautybusinessholland.com\/de\/wp-json\/wp\/v2\/product\/14519\/revisions\/14579"}],"wp:featuredmedia":[{"embeddable":true,"href":"https:\/\/beautybusinessholland.com\/de\/wp-json\/wp\/v2\/media\/14574"}],"wp:attachment":[{"href":"https:\/\/beautybusinessholland.com\/de\/wp-json\/wp\/v2\/media?parent=14519"}],"wp:term":[{"taxonomy":"product_brand","embeddable":true,"href":"https:\/\/beautybusinessholland.com\/de\/wp-json\/wp\/v2\/product_brand?post=14519"},{"taxonomy":"product_cat","embeddable":true,"href":"https:\/\/beautybusinessholland.com\/de\/wp-json\/wp\/v2\/product_cat?post=14519"},{"taxonomy":"product_tag","embeddable":true,"href":"https:\/\/beautybusinessholland.com\/de\/wp-json\/wp\/v2\/product_tag?post=14519"}],"curies":[{"name":"wp","href":"https:\/\/api.w.org\/{rel}","templated":true}]}}