{"id":14524,"date":"2026-04-09T15:00:17","date_gmt":"2026-04-09T13:00:17","guid":{"rendered":"https:\/\/beautybusinessholland.com\/?post_type=product&#038;p=14524"},"modified":"2026-04-10T07:13:58","modified_gmt":"2026-04-10T05:13:58","slug":"medisco-skinbooster-hyaluronzuur-kopie-kopie-kopie","status":"publish","type":"product","link":"https:\/\/beautybusinessholland.com\/de\/produkt\/medisco-skinbooster-hyaluronzuur-kopie-kopie-kopie\/","title":{"rendered":"MEDISCO MESO GLUTATHIONE"},"content":{"rendered":"<p>Dual: geeignet sowohl f\u00fcr Injektionen als auch f\u00fcr Microneedling!<\/p>\n<p>Glutathion, auch bekannt als die Mutter der Antioxidantien, ist unerl\u00e4sslich, um eine gesunde Haut zu erhalten. Es ist auch ein wichtiger Inhaltsstoff, um Pigmentflecken zu reduzieren und zu verhindern.<br \/>\nMedico Glutathion <\/p>\n<p>Die Produktmerkmale<br \/>\nMedisco Meso Glutathion enth\u00e4lt Glutathion, auch bekannt als das &#8216;Master-Antioxidans&#8217;, das Zellsch\u00e4den durch freie Radikale verhindert, aber auch hilft, besch\u00e4digte DNA zu reparieren. Dies tr\u00e4gt zur Hautverbesserung und Anti-Aging-Bewegung bei. Au\u00dferdem hilft es, die Melaninsynthese zu hemmen und die Haut heller zu machen.  <\/p>\n<p>Vorteile und Auswirkungen<br \/>\n \u2013 Antioxidativ<br \/>\n \u2013 Aufhellung<\/p>\n<p>Wirkstoffe<br \/>\n \u2013 Glutathion<\/p>\n<p>Anwendungsbereiche<br \/>\n \u2013 Gesicht<\/p>\n<p>Anwendung und Behandlungsintervall<br \/>\n* MISCHEN Sie die Produktlinien von Medisco Meso NICHT. Verwenden Sie jedes Produkt einzeln in Abst\u00e4nden von 1-2 Wochen. <\/p>\n<p>Injizierbarer Hautbooster<br \/>\nInjizieren Sie 0,05 \u2013 0,1 ml pro Spitze mit Abstand von 0,3 \u2013 0,5 cm in einer Tiefe von 0,2 \u2013 0,6 mm.<br \/>\nDie empfohlene Behandlungsfrequenz betr\u00e4gt 2 aufeinanderfolgende Sitzungen alle 7-10 Tage, gefolgt von periodischen Sitzungen mit einer Sitzung alle 2 Wochen<\/p>\n<p>2. MTS (Microneedling Therapy System)<br \/>\n Das Produkt gleichm\u00e4\u00dfig auftragen und das Verfahren mit dem Microneedling Therapy System (MTS) Ger\u00e4t durchf\u00fchren.<br \/>\nW\u00e4hrend der Behandlung beginnen Sie am Kiefer und bewegen Sie sich zur Stirn hin (entgegengesetzte Richtung der Muskeln).<\/p>\n<p>Zusammensetzung<br \/>\n \u2013 4 ml x 5 Phiolen<\/p>\n<p>Lagertemperatur<br \/>\n \u2013 Halten Sie das Produkt von direktem Sonnenlicht fern.<br \/>\n\u2013 Lagern Sie an einem k\u00fchlen, trockenen Ort bei einer Temperatur von 2 bis 28 \u00b0C.<br \/>\n\u2013 Schlie\u00dfen Sie den Deckel und bewahren Sie es nach dem \u00d6ffnen im K\u00fchlschrank auf.<\/p>\n","protected":false},"excerpt":{"rendered":"<p>Dual: geeignet sowohl f\u00fcr Injektionen als auch f\u00fcr Microneedling! Glutathion, auch bekannt als die Mutter der Antioxidantien, ist unerl\u00e4sslich, um eine gesunde Haut zu erhalten. Es ist auch ein wichtiger Inhaltsstoff, um Pigmentflecken zu reduzieren und zu verhindern. Medico Glutathion Die Produktmerkmale Medisco Meso Glutathion enth\u00e4lt Glutathion, auch bekannt als das &#8216;Master-Antioxidans&#8217;, das Zellsch\u00e4den durch [&hellip;]<\/p>\n","protected":false},"featured_media":14585,"template":"","meta":{"_acf_changed":false,"footnotes":""},"product_brand":[],"product_cat":[118],"product_tag":[],"class_list":{"0":"post-14524","1":"product","2":"type-product","3":"status-publish","4":"has-post-thumbnail","6":"product_cat-koreanische-kosmetik","8":"first","9":"instock","10":"shipping-taxable","11":"purchasable","12":"product-type-simple"},"acf":[],"yoast_head":"<!-- This site is optimized with the Yoast SEO plugin v27.3 - https:\/\/yoast.com\/product\/yoast-seo-wordpress\/ -->\n<title>MEDISCO MESO GLUTATHIONE - Beauty Business Holland<\/title>\n<meta name=\"robots\" content=\"index, follow, max-snippet:-1, max-image-preview:large, max-video-preview:-1\" \/>\n<link rel=\"canonical\" href=\"https:\/\/beautybusinessholland.com\/de\/produkt\/medisco-skinbooster-hyaluronzuur-kopie-kopie-kopie\/\" \/>\n<meta property=\"og:locale\" content=\"de_DE\" \/>\n<meta property=\"og:type\" content=\"article\" \/>\n<meta property=\"og:title\" content=\"MEDISCO MESO GLUTATHIONE - Beauty Business Holland\" \/>\n<meta property=\"og:description\" content=\"Dual: geeignet sowohl f\u00fcr Injektionen als auch f\u00fcr Microneedling! Glutathion, auch bekannt als die Mutter der Antioxidantien, ist unerl\u00e4sslich, um eine gesunde Haut zu erhalten. Es ist auch ein wichtiger Inhaltsstoff, um Pigmentflecken zu reduzieren und zu verhindern. Medico Glutathion Die Produktmerkmale Medisco Meso Glutathion enth\u00e4lt Glutathion, auch bekannt als das &#8216;Master-Antioxidans&#8217;, das Zellsch\u00e4den durch [&hellip;]\" \/>\n<meta property=\"og:url\" content=\"https:\/\/beautybusinessholland.com\/de\/produkt\/medisco-skinbooster-hyaluronzuur-kopie-kopie-kopie\/\" \/>\n<meta property=\"og:site_name\" content=\"Beauty Business Holland\" \/>\n<meta property=\"article:modified_time\" content=\"2026-04-10T05:13:58+00:00\" \/>\n<meta property=\"og:image\" content=\"https:\/\/beautybusinessholland.com\/wp-content\/uploads\/2026\/04\/WhatsApp-Image-2026-04-09-at-15.21.49.jpeg\" \/>\n\t<meta property=\"og:image:width\" content=\"1365\" \/>\n\t<meta property=\"og:image:height\" content=\"1337\" \/>\n\t<meta property=\"og:image:type\" content=\"image\/jpeg\" \/>\n<meta name=\"twitter:card\" content=\"summary_large_image\" \/>\n<meta name=\"twitter:label1\" content=\"Gesch\u00e4tzte Lesezeit\" \/>\n\t<meta name=\"twitter:data1\" content=\"1\u00a0Minute\" \/>\n<!-- \/ Yoast SEO plugin. -->","yoast_head_json":{"title":"MEDISCO MESO GLUTATHIONE - Beauty Business Holland","robots":{"index":"index","follow":"follow","max-snippet":"max-snippet:-1","max-image-preview":"max-image-preview:large","max-video-preview":"max-video-preview:-1"},"canonical":"https:\/\/beautybusinessholland.com\/de\/produkt\/medisco-skinbooster-hyaluronzuur-kopie-kopie-kopie\/","og_locale":"de_DE","og_type":"article","og_title":"MEDISCO MESO GLUTATHIONE - Beauty Business Holland","og_description":"Dual: geeignet sowohl f\u00fcr Injektionen als auch f\u00fcr Microneedling! Glutathion, auch bekannt als die Mutter der Antioxidantien, ist unerl\u00e4sslich, um eine gesunde Haut zu erhalten. Es ist auch ein wichtiger Inhaltsstoff, um Pigmentflecken zu reduzieren und zu verhindern. Medico Glutathion Die Produktmerkmale Medisco Meso Glutathion enth\u00e4lt Glutathion, auch bekannt als das &#8216;Master-Antioxidans&#8217;, das Zellsch\u00e4den durch [&hellip;]","og_url":"https:\/\/beautybusinessholland.com\/de\/produkt\/medisco-skinbooster-hyaluronzuur-kopie-kopie-kopie\/","og_site_name":"Beauty Business Holland","article_modified_time":"2026-04-10T05:13:58+00:00","og_image":[{"width":1365,"height":1337,"url":"https:\/\/beautybusinessholland.com\/wp-content\/uploads\/2026\/04\/WhatsApp-Image-2026-04-09-at-15.21.49.jpeg","type":"image\/jpeg"}],"twitter_card":"summary_large_image","twitter_misc":{"Gesch\u00e4tzte Lesezeit":"1\u00a0Minute"},"schema":{"@context":"https:\/\/schema.org","@graph":[{"@type":"WebPage","@id":"https:\/\/beautybusinessholland.com\/de\/produkt\/medisco-skinbooster-hyaluronzuur-kopie-kopie-kopie\/","url":"https:\/\/beautybusinessholland.com\/de\/produkt\/medisco-skinbooster-hyaluronzuur-kopie-kopie-kopie\/","name":"MEDISCO MESO GLUTATHIONE - Beauty Business Holland","isPartOf":{"@id":"https:\/\/beautybusinessholland.com\/de\/#website"},"primaryImageOfPage":{"@id":"https:\/\/beautybusinessholland.com\/de\/produkt\/medisco-skinbooster-hyaluronzuur-kopie-kopie-kopie\/#primaryimage"},"image":{"@id":"https:\/\/beautybusinessholland.com\/de\/produkt\/medisco-skinbooster-hyaluronzuur-kopie-kopie-kopie\/#primaryimage"},"thumbnailUrl":"https:\/\/beautybusinessholland.com\/wp-content\/uploads\/2026\/04\/WhatsApp-Image-2026-04-09-at-15.21.49.jpeg","datePublished":"2026-04-09T13:00:17+00:00","dateModified":"2026-04-10T05:13:58+00:00","breadcrumb":{"@id":"https:\/\/beautybusinessholland.com\/de\/produkt\/medisco-skinbooster-hyaluronzuur-kopie-kopie-kopie\/#breadcrumb"},"inLanguage":"de","potentialAction":[{"@type":"ReadAction","target":["https:\/\/beautybusinessholland.com\/de\/produkt\/medisco-skinbooster-hyaluronzuur-kopie-kopie-kopie\/"]}]},{"@type":"ImageObject","inLanguage":"de","@id":"https:\/\/beautybusinessholland.com\/de\/produkt\/medisco-skinbooster-hyaluronzuur-kopie-kopie-kopie\/#primaryimage","url":"https:\/\/beautybusinessholland.com\/wp-content\/uploads\/2026\/04\/WhatsApp-Image-2026-04-09-at-15.21.49.jpeg","contentUrl":"https:\/\/beautybusinessholland.com\/wp-content\/uploads\/2026\/04\/WhatsApp-Image-2026-04-09-at-15.21.49.jpeg","width":1365,"height":1337},{"@type":"BreadcrumbList","@id":"https:\/\/beautybusinessholland.com\/de\/produkt\/medisco-skinbooster-hyaluronzuur-kopie-kopie-kopie\/#breadcrumb","itemListElement":[{"@type":"ListItem","position":1,"name":"Heim","item":"https:\/\/beautybusinessholland.com\/de\/beauty-business-holland\/"},{"@type":"ListItem","position":2,"name":"Laden","item":"https:\/\/beautybusinessholland.com\/winkel\/"},{"@type":"ListItem","position":3,"name":"MEDISCO MESO GLUTATHIONE"}]},{"@type":"WebSite","@id":"https:\/\/beautybusinessholland.com\/de\/#website","url":"https:\/\/beautybusinessholland.com\/de\/","name":"Beauty Business Holland","description":"Beauty &amp; Health Care","publisher":{"@id":"https:\/\/beautybusinessholland.com\/de\/#organization"},"potentialAction":[{"@type":"SearchAction","target":{"@type":"EntryPoint","urlTemplate":"https:\/\/beautybusinessholland.com\/de\/?s={search_term_string}"},"query-input":{"@type":"PropertyValueSpecification","valueRequired":true,"valueName":"search_term_string"}}],"inLanguage":"de"},{"@type":"Organization","@id":"https:\/\/beautybusinessholland.com\/de\/#organization","name":"Beauty Business Holland","url":"https:\/\/beautybusinessholland.com\/de\/","logo":{"@type":"ImageObject","inLanguage":"de","@id":"https:\/\/beautybusinessholland.com\/de\/#\/schema\/logo\/image\/","url":"https:\/\/beautybusinessholland.com\/wp-content\/uploads\/2025\/04\/email-logo.png","contentUrl":"https:\/\/beautybusinessholland.com\/wp-content\/uploads\/2025\/04\/email-logo.png","width":300,"height":79,"caption":"Beauty Business Holland"},"image":{"@id":"https:\/\/beautybusinessholland.com\/de\/#\/schema\/logo\/image\/"}}]}},"_links":{"self":[{"href":"https:\/\/beautybusinessholland.com\/de\/wp-json\/wp\/v2\/product\/14524","targetHints":{"allow":["GET"]}}],"collection":[{"href":"https:\/\/beautybusinessholland.com\/de\/wp-json\/wp\/v2\/product"}],"about":[{"href":"https:\/\/beautybusinessholland.com\/de\/wp-json\/wp\/v2\/types\/product"}],"version-history":[{"count":2,"href":"https:\/\/beautybusinessholland.com\/de\/wp-json\/wp\/v2\/product\/14524\/revisions"}],"predecessor-version":[{"id":14597,"href":"https:\/\/beautybusinessholland.com\/de\/wp-json\/wp\/v2\/product\/14524\/revisions\/14597"}],"wp:featuredmedia":[{"embeddable":true,"href":"https:\/\/beautybusinessholland.com\/de\/wp-json\/wp\/v2\/media\/14585"}],"wp:attachment":[{"href":"https:\/\/beautybusinessholland.com\/de\/wp-json\/wp\/v2\/media?parent=14524"}],"wp:term":[{"taxonomy":"product_brand","embeddable":true,"href":"https:\/\/beautybusinessholland.com\/de\/wp-json\/wp\/v2\/product_brand?post=14524"},{"taxonomy":"product_cat","embeddable":true,"href":"https:\/\/beautybusinessholland.com\/de\/wp-json\/wp\/v2\/product_cat?post=14524"},{"taxonomy":"product_tag","embeddable":true,"href":"https:\/\/beautybusinessholland.com\/de\/wp-json\/wp\/v2\/product_tag?post=14524"}],"curies":[{"name":"wp","href":"https:\/\/api.w.org\/{rel}","templated":true}]}}