{"id":14529,"date":"2026-04-09T15:02:53","date_gmt":"2026-04-09T13:02:53","guid":{"rendered":"https:\/\/beautybusinessholland.com\/?post_type=product&#038;p=14529"},"modified":"2026-04-09T15:32:36","modified_gmt":"2026-04-09T13:32:36","slug":"medisco-skinbooster-hyaluronzuur-kopie-kopie-kopie-kopie","status":"publish","type":"product","link":"https:\/\/beautybusinessholland.com\/de\/produkt\/medisco-skinbooster-hyaluronzuur-kopie-kopie-kopie-kopie\/","title":{"rendered":"Medisco SkinGlow Mask"},"content":{"rendered":"<p>MEDISCO SkinGlow Mask \u2013 eine luxuri\u00f6se Peel-off-Maske f\u00fcr strahlende, hydratisierte und gehobene Haut.<br \/>\nDas ber\u00fchmte koreanische Leuchten, gest\u00fctzt auf jahrelange wissenschaftliche Fortschritte.<\/p>\n<p>Die Supple Collagen Cream bildet eine transparente Schicht, die perfekt an der Haut haftet und sie intensiv mit Kollagen und reichhaltigen Wirkstoffen n\u00e4hrt.<\/p>\n<p>* Verleiht der Haut einen nat\u00fcrlichen Glow<br \/>\n* Unterst\u00fctzt die Aufnahme der aktiven Inhaltsstoffe nach Microneedling<br \/>\n* Sorgt durch die<br \/>\n Haftung f\u00fcr einen sichtbaren Lift-Effekt* Bereitet die Haut optimal auf Make-up vor, dank tiefer Feuchtigkeit,<\/p>\n<p>Vorteile und Auswirkungen:<\/p>\n<p>* Verbessert die Hautelastizit\u00e4t<br \/>\n* Stimuliert die Hautregeneration<br \/>\n* Anti-Aging-Wirkung<br \/>\n* Hellt die Haut<br \/>\n auf* Beruhigt und macht<br \/>\n weich* Intensiv feuchtigkeitsspendend<br \/>\n* Lifting-Effekt<\/p>\n<p>Schl\u00fcsselbestandteile:<\/p>\n<p>* Kollagenextrakt 70%<br \/>\n* Natrium-DNA (PDRN)<br \/>\n* Adenosin*<br \/>\n Niacinamid<br \/>\n* Centella Asiatica-Extrakt<br \/>\n* Natriumhyaluronat<\/p>\n<p>Wichtige Punkte<\/p>\n<p>* Enth\u00e4lt mehr als 700.000 ppm hydrolysierten Kollagenextrakt<br \/>\n* 300 Da Niedermolekulares Kollagen sorgt f\u00fcr eine schnellere und tiefere Aufnahme<br \/>\n* Haftet eng an der Haut und verst\u00e4rkt die Aufnahme der Wirkstoffe nach einer Microneedling-Behandlung<\/p>\n<p>F\u00fcr sichtbar glattere, festere und strahlende Haut<\/p>\n","protected":false},"excerpt":{"rendered":"<p>MEDISCO SkinGlow Mask \u2013 eine luxuri\u00f6se Peel-off-Maske f\u00fcr strahlende, hydratisierte und gehobene Haut. Das ber\u00fchmte koreanische Leuchten, gest\u00fctzt auf jahrelange wissenschaftliche Fortschritte. Die Supple Collagen Cream bildet eine transparente Schicht, die perfekt an der Haut haftet und sie intensiv mit Kollagen und reichhaltigen Wirkstoffen n\u00e4hrt. * Verleiht der Haut einen nat\u00fcrlichen Glow * Unterst\u00fctzt die [&hellip;]<\/p>\n","protected":false},"featured_media":14604,"template":"","meta":{"_acf_changed":false,"footnotes":""},"product_brand":[],"product_cat":[118],"product_tag":[],"class_list":{"0":"post-14529","1":"product","2":"type-product","3":"status-publish","4":"has-post-thumbnail","6":"product_cat-koreanische-kosmetik","8":"first","9":"instock","10":"shipping-taxable","11":"purchasable","12":"product-type-simple"},"acf":[],"yoast_head":"<!-- This site is optimized with the Yoast SEO plugin v27.3 - https:\/\/yoast.com\/product\/yoast-seo-wordpress\/ -->\n<title>Medisco SkinGlow Mask - Beauty Business Holland<\/title>\n<meta name=\"robots\" content=\"index, follow, max-snippet:-1, max-image-preview:large, max-video-preview:-1\" \/>\n<link rel=\"canonical\" href=\"https:\/\/beautybusinessholland.com\/de\/produkt\/medisco-skinbooster-hyaluronzuur-kopie-kopie-kopie-kopie\/\" \/>\n<meta property=\"og:locale\" content=\"de_DE\" \/>\n<meta property=\"og:type\" content=\"article\" \/>\n<meta property=\"og:title\" content=\"Medisco SkinGlow Mask - Beauty Business Holland\" \/>\n<meta property=\"og:description\" content=\"MEDISCO SkinGlow Mask \u2013 eine luxuri\u00f6se Peel-off-Maske f\u00fcr strahlende, hydratisierte und gehobene Haut. Das ber\u00fchmte koreanische Leuchten, gest\u00fctzt auf jahrelange wissenschaftliche Fortschritte. Die Supple Collagen Cream bildet eine transparente Schicht, die perfekt an der Haut haftet und sie intensiv mit Kollagen und reichhaltigen Wirkstoffen n\u00e4hrt. * Verleiht der Haut einen nat\u00fcrlichen Glow * Unterst\u00fctzt die [&hellip;]\" \/>\n<meta property=\"og:url\" content=\"https:\/\/beautybusinessholland.com\/de\/produkt\/medisco-skinbooster-hyaluronzuur-kopie-kopie-kopie-kopie\/\" \/>\n<meta property=\"og:site_name\" content=\"Beauty Business Holland\" \/>\n<meta property=\"article:modified_time\" content=\"2026-04-09T13:32:36+00:00\" \/>\n<meta property=\"og:image\" content=\"https:\/\/beautybusinessholland.com\/wp-content\/uploads\/2026\/04\/WhatsApp-Image-2026-04-09-at-15.21.52.jpeg\" \/>\n\t<meta property=\"og:image:width\" content=\"1237\" \/>\n\t<meta property=\"og:image:height\" content=\"1232\" \/>\n\t<meta property=\"og:image:type\" content=\"image\/jpeg\" \/>\n<meta name=\"twitter:card\" content=\"summary_large_image\" \/>\n<meta name=\"twitter:label1\" content=\"Gesch\u00e4tzte Lesezeit\" \/>\n\t<meta name=\"twitter:data1\" content=\"1\u00a0Minute\" \/>\n<!-- \/ Yoast SEO plugin. -->","yoast_head_json":{"title":"Medisco SkinGlow Mask - Beauty Business Holland","robots":{"index":"index","follow":"follow","max-snippet":"max-snippet:-1","max-image-preview":"max-image-preview:large","max-video-preview":"max-video-preview:-1"},"canonical":"https:\/\/beautybusinessholland.com\/de\/produkt\/medisco-skinbooster-hyaluronzuur-kopie-kopie-kopie-kopie\/","og_locale":"de_DE","og_type":"article","og_title":"Medisco SkinGlow Mask - Beauty Business Holland","og_description":"MEDISCO SkinGlow Mask \u2013 eine luxuri\u00f6se Peel-off-Maske f\u00fcr strahlende, hydratisierte und gehobene Haut. Das ber\u00fchmte koreanische Leuchten, gest\u00fctzt auf jahrelange wissenschaftliche Fortschritte. Die Supple Collagen Cream bildet eine transparente Schicht, die perfekt an der Haut haftet und sie intensiv mit Kollagen und reichhaltigen Wirkstoffen n\u00e4hrt. * Verleiht der Haut einen nat\u00fcrlichen Glow * Unterst\u00fctzt die [&hellip;]","og_url":"https:\/\/beautybusinessholland.com\/de\/produkt\/medisco-skinbooster-hyaluronzuur-kopie-kopie-kopie-kopie\/","og_site_name":"Beauty Business Holland","article_modified_time":"2026-04-09T13:32:36+00:00","og_image":[{"width":1237,"height":1232,"url":"https:\/\/beautybusinessholland.com\/wp-content\/uploads\/2026\/04\/WhatsApp-Image-2026-04-09-at-15.21.52.jpeg","type":"image\/jpeg"}],"twitter_card":"summary_large_image","twitter_misc":{"Gesch\u00e4tzte Lesezeit":"1\u00a0Minute"},"schema":{"@context":"https:\/\/schema.org","@graph":[{"@type":"WebPage","@id":"https:\/\/beautybusinessholland.com\/de\/produkt\/medisco-skinbooster-hyaluronzuur-kopie-kopie-kopie-kopie\/","url":"https:\/\/beautybusinessholland.com\/de\/produkt\/medisco-skinbooster-hyaluronzuur-kopie-kopie-kopie-kopie\/","name":"Medisco SkinGlow Mask - Beauty Business Holland","isPartOf":{"@id":"https:\/\/beautybusinessholland.com\/de\/#website"},"primaryImageOfPage":{"@id":"https:\/\/beautybusinessholland.com\/de\/produkt\/medisco-skinbooster-hyaluronzuur-kopie-kopie-kopie-kopie\/#primaryimage"},"image":{"@id":"https:\/\/beautybusinessholland.com\/de\/produkt\/medisco-skinbooster-hyaluronzuur-kopie-kopie-kopie-kopie\/#primaryimage"},"thumbnailUrl":"https:\/\/beautybusinessholland.com\/wp-content\/uploads\/2026\/04\/WhatsApp-Image-2026-04-09-at-15.21.52.jpeg","datePublished":"2026-04-09T13:02:53+00:00","dateModified":"2026-04-09T13:32:36+00:00","breadcrumb":{"@id":"https:\/\/beautybusinessholland.com\/de\/produkt\/medisco-skinbooster-hyaluronzuur-kopie-kopie-kopie-kopie\/#breadcrumb"},"inLanguage":"de","potentialAction":[{"@type":"ReadAction","target":["https:\/\/beautybusinessholland.com\/de\/produkt\/medisco-skinbooster-hyaluronzuur-kopie-kopie-kopie-kopie\/"]}]},{"@type":"ImageObject","inLanguage":"de","@id":"https:\/\/beautybusinessholland.com\/de\/produkt\/medisco-skinbooster-hyaluronzuur-kopie-kopie-kopie-kopie\/#primaryimage","url":"https:\/\/beautybusinessholland.com\/wp-content\/uploads\/2026\/04\/WhatsApp-Image-2026-04-09-at-15.21.52.jpeg","contentUrl":"https:\/\/beautybusinessholland.com\/wp-content\/uploads\/2026\/04\/WhatsApp-Image-2026-04-09-at-15.21.52.jpeg","width":1237,"height":1232},{"@type":"BreadcrumbList","@id":"https:\/\/beautybusinessholland.com\/de\/produkt\/medisco-skinbooster-hyaluronzuur-kopie-kopie-kopie-kopie\/#breadcrumb","itemListElement":[{"@type":"ListItem","position":1,"name":"Heim","item":"https:\/\/beautybusinessholland.com\/de\/beauty-business-holland\/"},{"@type":"ListItem","position":2,"name":"Laden","item":"https:\/\/beautybusinessholland.com\/winkel\/"},{"@type":"ListItem","position":3,"name":"Medisco SkinGlow Mask"}]},{"@type":"WebSite","@id":"https:\/\/beautybusinessholland.com\/de\/#website","url":"https:\/\/beautybusinessholland.com\/de\/","name":"Beauty Business Holland","description":"Beauty &amp; Health Care","publisher":{"@id":"https:\/\/beautybusinessholland.com\/de\/#organization"},"potentialAction":[{"@type":"SearchAction","target":{"@type":"EntryPoint","urlTemplate":"https:\/\/beautybusinessholland.com\/de\/?s={search_term_string}"},"query-input":{"@type":"PropertyValueSpecification","valueRequired":true,"valueName":"search_term_string"}}],"inLanguage":"de"},{"@type":"Organization","@id":"https:\/\/beautybusinessholland.com\/de\/#organization","name":"Beauty Business Holland","url":"https:\/\/beautybusinessholland.com\/de\/","logo":{"@type":"ImageObject","inLanguage":"de","@id":"https:\/\/beautybusinessholland.com\/de\/#\/schema\/logo\/image\/","url":"https:\/\/beautybusinessholland.com\/wp-content\/uploads\/2025\/04\/email-logo.png","contentUrl":"https:\/\/beautybusinessholland.com\/wp-content\/uploads\/2025\/04\/email-logo.png","width":300,"height":79,"caption":"Beauty Business Holland"},"image":{"@id":"https:\/\/beautybusinessholland.com\/de\/#\/schema\/logo\/image\/"}}]}},"_links":{"self":[{"href":"https:\/\/beautybusinessholland.com\/de\/wp-json\/wp\/v2\/product\/14529","targetHints":{"allow":["GET"]}}],"collection":[{"href":"https:\/\/beautybusinessholland.com\/de\/wp-json\/wp\/v2\/product"}],"about":[{"href":"https:\/\/beautybusinessholland.com\/de\/wp-json\/wp\/v2\/types\/product"}],"version-history":[{"count":2,"href":"https:\/\/beautybusinessholland.com\/de\/wp-json\/wp\/v2\/product\/14529\/revisions"}],"predecessor-version":[{"id":14609,"href":"https:\/\/beautybusinessholland.com\/de\/wp-json\/wp\/v2\/product\/14529\/revisions\/14609"}],"wp:featuredmedia":[{"embeddable":true,"href":"https:\/\/beautybusinessholland.com\/de\/wp-json\/wp\/v2\/media\/14604"}],"wp:attachment":[{"href":"https:\/\/beautybusinessholland.com\/de\/wp-json\/wp\/v2\/media?parent=14529"}],"wp:term":[{"taxonomy":"product_brand","embeddable":true,"href":"https:\/\/beautybusinessholland.com\/de\/wp-json\/wp\/v2\/product_brand?post=14529"},{"taxonomy":"product_cat","embeddable":true,"href":"https:\/\/beautybusinessholland.com\/de\/wp-json\/wp\/v2\/product_cat?post=14529"},{"taxonomy":"product_tag","embeddable":true,"href":"https:\/\/beautybusinessholland.com\/de\/wp-json\/wp\/v2\/product_tag?post=14529"}],"curies":[{"name":"wp","href":"https:\/\/api.w.org\/{rel}","templated":true}]}}