{"id":14534,"date":"2026-04-09T15:04:31","date_gmt":"2026-04-09T13:04:31","guid":{"rendered":"https:\/\/beautybusinessholland.com\/?post_type=product&#038;p=14534"},"modified":"2026-04-15T23:28:33","modified_gmt":"2026-04-15T21:28:33","slug":"medisco-skinbooster-hyaluronzuur-kopie-kopie-kopie-kopie-kopie","status":"publish","type":"product","link":"https:\/\/beautybusinessholland.com\/de\/produkt\/medisco-skinbooster-hyaluronzuur-kopie-kopie-kopie-kopie-kopie\/","title":{"rendered":"Lesimo Hyaluronic Acid Aqua Serum Mask 10x"},"content":{"rendered":"<p>Professionelle koreanische Feuchtigkeitsschutzmaske f\u00fcr Kliniken.<\/p>\n<p>Lesimo Hyaluronic Acid Aqua Serum Mask \u2013 intensive Feuchtigkeit und sofortiger Glow.<\/p>\n<p>Geben Sie der Haut einen kr\u00e4ftigen Schub mit dieser luxuri\u00f6sen Serummaske, angereichert mit Hyalurons\u00e4ure f\u00fcr tiefe und langanhaltende Feuchtigkeit. Ideal f\u00fcr trockene, m\u00fcde oder stumpfe Haut, die Erholung und Pflege ben\u00f6tigt. <\/p>\n<p>Was macht es?<br \/>\n* Hydratisiert intensiv und h\u00e4lt die Haut<br \/>\n feucht * Verbessert die Hautelastizit\u00e4t und Geschmeidigkeit<br \/>\n* Verleiht sofort einen frischen, strahlenden Glow<br \/>\n* Beruhigt und weicht die Haut<\/p>\n<p>Perfekt f\u00fcr:<br \/>\n* Trockene und dehydrierte Haut<br \/>\n* Empfindliche oder gereizte Haut<br \/>\n* Haut mit feinen Linien wegen<br \/>\n Feuchtigkeitsmangel* Jeder, der einen schnellen Glow-up m\u00f6chte<\/p>\n<p>Ergebnis:<br \/>\n Sichtbar glattere, prallere und strahlende Haut \u2013 als h\u00e4ttest du gerade eine professionelle Gesichtsbehandlung bekommen.<\/p>\n","protected":false},"excerpt":{"rendered":"<p>Professionelle koreanische Feuchtigkeitsschutzmaske f\u00fcr Kliniken. Lesimo Hyaluronic Acid Aqua Serum Mask \u2013 intensive Feuchtigkeit und sofortiger Glow. Geben Sie der Haut einen kr\u00e4ftigen Schub mit dieser luxuri\u00f6sen Serummaske, angereichert mit Hyalurons\u00e4ure f\u00fcr tiefe und langanhaltende Feuchtigkeit. Ideal f\u00fcr trockene, m\u00fcde oder stumpfe Haut, die Erholung und Pflege ben\u00f6tigt. Was macht es? * Hydratisiert intensiv und [&hellip;]<\/p>\n","protected":false},"featured_media":14614,"template":"","meta":{"_acf_changed":false,"footnotes":""},"product_brand":[],"product_cat":[118],"product_tag":[],"class_list":{"0":"post-14534","1":"product","2":"type-product","3":"status-publish","4":"has-post-thumbnail","6":"product_cat-koreanische-kosmetik","8":"first","9":"instock","10":"shipping-taxable","11":"purchasable","12":"product-type-simple"},"acf":[],"yoast_head":"<!-- This site is optimized with the Yoast SEO plugin v27.3 - https:\/\/yoast.com\/product\/yoast-seo-wordpress\/ -->\n<title>Lesimo Hyaluronic Acid Aqua Serum Mask 10x - Beauty Business Holland<\/title>\n<meta name=\"robots\" content=\"index, follow, max-snippet:-1, max-image-preview:large, max-video-preview:-1\" \/>\n<link rel=\"canonical\" href=\"https:\/\/beautybusinessholland.com\/de\/produkt\/medisco-skinbooster-hyaluronzuur-kopie-kopie-kopie-kopie-kopie\/\" \/>\n<meta property=\"og:locale\" content=\"de_DE\" \/>\n<meta property=\"og:type\" content=\"article\" \/>\n<meta property=\"og:title\" content=\"Lesimo Hyaluronic Acid Aqua Serum Mask 10x - Beauty Business Holland\" \/>\n<meta property=\"og:description\" content=\"Professionelle koreanische Feuchtigkeitsschutzmaske f\u00fcr Kliniken. Lesimo Hyaluronic Acid Aqua Serum Mask \u2013 intensive Feuchtigkeit und sofortiger Glow. Geben Sie der Haut einen kr\u00e4ftigen Schub mit dieser luxuri\u00f6sen Serummaske, angereichert mit Hyalurons\u00e4ure f\u00fcr tiefe und langanhaltende Feuchtigkeit. Ideal f\u00fcr trockene, m\u00fcde oder stumpfe Haut, die Erholung und Pflege ben\u00f6tigt. Was macht es? * Hydratisiert intensiv und [&hellip;]\" \/>\n<meta property=\"og:url\" content=\"https:\/\/beautybusinessholland.com\/de\/produkt\/medisco-skinbooster-hyaluronzuur-kopie-kopie-kopie-kopie-kopie\/\" \/>\n<meta property=\"og:site_name\" content=\"Beauty Business Holland\" \/>\n<meta property=\"article:modified_time\" content=\"2026-04-15T21:28:33+00:00\" \/>\n<meta property=\"og:image\" content=\"https:\/\/beautybusinessholland.com\/wp-content\/uploads\/2026\/04\/WhatsApp-Image-2026-04-09-at-15.21.56.jpeg\" \/>\n\t<meta property=\"og:image:width\" content=\"1440\" \/>\n\t<meta property=\"og:image:height\" content=\"1772\" \/>\n\t<meta property=\"og:image:type\" content=\"image\/jpeg\" \/>\n<meta name=\"twitter:card\" content=\"summary_large_image\" \/>\n<meta name=\"twitter:label1\" content=\"Gesch\u00e4tzte Lesezeit\" \/>\n\t<meta name=\"twitter:data1\" content=\"1\u00a0Minute\" \/>\n<!-- \/ Yoast SEO plugin. -->","yoast_head_json":{"title":"Lesimo Hyaluronic Acid Aqua Serum Mask 10x - Beauty Business Holland","robots":{"index":"index","follow":"follow","max-snippet":"max-snippet:-1","max-image-preview":"max-image-preview:large","max-video-preview":"max-video-preview:-1"},"canonical":"https:\/\/beautybusinessholland.com\/de\/produkt\/medisco-skinbooster-hyaluronzuur-kopie-kopie-kopie-kopie-kopie\/","og_locale":"de_DE","og_type":"article","og_title":"Lesimo Hyaluronic Acid Aqua Serum Mask 10x - Beauty Business Holland","og_description":"Professionelle koreanische Feuchtigkeitsschutzmaske f\u00fcr Kliniken. Lesimo Hyaluronic Acid Aqua Serum Mask \u2013 intensive Feuchtigkeit und sofortiger Glow. Geben Sie der Haut einen kr\u00e4ftigen Schub mit dieser luxuri\u00f6sen Serummaske, angereichert mit Hyalurons\u00e4ure f\u00fcr tiefe und langanhaltende Feuchtigkeit. Ideal f\u00fcr trockene, m\u00fcde oder stumpfe Haut, die Erholung und Pflege ben\u00f6tigt. Was macht es? * Hydratisiert intensiv und [&hellip;]","og_url":"https:\/\/beautybusinessholland.com\/de\/produkt\/medisco-skinbooster-hyaluronzuur-kopie-kopie-kopie-kopie-kopie\/","og_site_name":"Beauty Business Holland","article_modified_time":"2026-04-15T21:28:33+00:00","og_image":[{"width":1440,"height":1772,"url":"https:\/\/beautybusinessholland.com\/wp-content\/uploads\/2026\/04\/WhatsApp-Image-2026-04-09-at-15.21.56.jpeg","type":"image\/jpeg"}],"twitter_card":"summary_large_image","twitter_misc":{"Gesch\u00e4tzte Lesezeit":"1\u00a0Minute"},"schema":{"@context":"https:\/\/schema.org","@graph":[{"@type":"WebPage","@id":"https:\/\/beautybusinessholland.com\/de\/produkt\/medisco-skinbooster-hyaluronzuur-kopie-kopie-kopie-kopie-kopie\/","url":"https:\/\/beautybusinessholland.com\/de\/produkt\/medisco-skinbooster-hyaluronzuur-kopie-kopie-kopie-kopie-kopie\/","name":"Lesimo Hyaluronic Acid Aqua Serum Mask 10x - Beauty Business Holland","isPartOf":{"@id":"https:\/\/beautybusinessholland.com\/de\/#website"},"primaryImageOfPage":{"@id":"https:\/\/beautybusinessholland.com\/de\/produkt\/medisco-skinbooster-hyaluronzuur-kopie-kopie-kopie-kopie-kopie\/#primaryimage"},"image":{"@id":"https:\/\/beautybusinessholland.com\/de\/produkt\/medisco-skinbooster-hyaluronzuur-kopie-kopie-kopie-kopie-kopie\/#primaryimage"},"thumbnailUrl":"https:\/\/beautybusinessholland.com\/wp-content\/uploads\/2026\/04\/WhatsApp-Image-2026-04-09-at-15.21.56.jpeg","datePublished":"2026-04-09T13:04:31+00:00","dateModified":"2026-04-15T21:28:33+00:00","breadcrumb":{"@id":"https:\/\/beautybusinessholland.com\/de\/produkt\/medisco-skinbooster-hyaluronzuur-kopie-kopie-kopie-kopie-kopie\/#breadcrumb"},"inLanguage":"de","potentialAction":[{"@type":"ReadAction","target":["https:\/\/beautybusinessholland.com\/de\/produkt\/medisco-skinbooster-hyaluronzuur-kopie-kopie-kopie-kopie-kopie\/"]}]},{"@type":"ImageObject","inLanguage":"de","@id":"https:\/\/beautybusinessholland.com\/de\/produkt\/medisco-skinbooster-hyaluronzuur-kopie-kopie-kopie-kopie-kopie\/#primaryimage","url":"https:\/\/beautybusinessholland.com\/wp-content\/uploads\/2026\/04\/WhatsApp-Image-2026-04-09-at-15.21.56.jpeg","contentUrl":"https:\/\/beautybusinessholland.com\/wp-content\/uploads\/2026\/04\/WhatsApp-Image-2026-04-09-at-15.21.56.jpeg","width":1440,"height":1772},{"@type":"BreadcrumbList","@id":"https:\/\/beautybusinessholland.com\/de\/produkt\/medisco-skinbooster-hyaluronzuur-kopie-kopie-kopie-kopie-kopie\/#breadcrumb","itemListElement":[{"@type":"ListItem","position":1,"name":"Heim","item":"https:\/\/beautybusinessholland.com\/de\/beauty-business-holland\/"},{"@type":"ListItem","position":2,"name":"Laden","item":"https:\/\/beautybusinessholland.com\/winkel\/"},{"@type":"ListItem","position":3,"name":"Lesimo Hyaluronic Acid Aqua Serum Mask 10x"}]},{"@type":"WebSite","@id":"https:\/\/beautybusinessholland.com\/de\/#website","url":"https:\/\/beautybusinessholland.com\/de\/","name":"Beauty Business Holland","description":"Beauty &amp; Health Care","publisher":{"@id":"https:\/\/beautybusinessholland.com\/de\/#organization"},"potentialAction":[{"@type":"SearchAction","target":{"@type":"EntryPoint","urlTemplate":"https:\/\/beautybusinessholland.com\/de\/?s={search_term_string}"},"query-input":{"@type":"PropertyValueSpecification","valueRequired":true,"valueName":"search_term_string"}}],"inLanguage":"de"},{"@type":"Organization","@id":"https:\/\/beautybusinessholland.com\/de\/#organization","name":"Beauty Business Holland","url":"https:\/\/beautybusinessholland.com\/de\/","logo":{"@type":"ImageObject","inLanguage":"de","@id":"https:\/\/beautybusinessholland.com\/de\/#\/schema\/logo\/image\/","url":"https:\/\/beautybusinessholland.com\/wp-content\/uploads\/2025\/04\/email-logo.png","contentUrl":"https:\/\/beautybusinessholland.com\/wp-content\/uploads\/2025\/04\/email-logo.png","width":300,"height":79,"caption":"Beauty Business Holland"},"image":{"@id":"https:\/\/beautybusinessholland.com\/de\/#\/schema\/logo\/image\/"}}]}},"_links":{"self":[{"href":"https:\/\/beautybusinessholland.com\/de\/wp-json\/wp\/v2\/product\/14534","targetHints":{"allow":["GET"]}}],"collection":[{"href":"https:\/\/beautybusinessholland.com\/de\/wp-json\/wp\/v2\/product"}],"about":[{"href":"https:\/\/beautybusinessholland.com\/de\/wp-json\/wp\/v2\/types\/product"}],"version-history":[{"count":3,"href":"https:\/\/beautybusinessholland.com\/de\/wp-json\/wp\/v2\/product\/14534\/revisions"}],"predecessor-version":[{"id":15129,"href":"https:\/\/beautybusinessholland.com\/de\/wp-json\/wp\/v2\/product\/14534\/revisions\/15129"}],"wp:featuredmedia":[{"embeddable":true,"href":"https:\/\/beautybusinessholland.com\/de\/wp-json\/wp\/v2\/media\/14614"}],"wp:attachment":[{"href":"https:\/\/beautybusinessholland.com\/de\/wp-json\/wp\/v2\/media?parent=14534"}],"wp:term":[{"taxonomy":"product_brand","embeddable":true,"href":"https:\/\/beautybusinessholland.com\/de\/wp-json\/wp\/v2\/product_brand?post=14534"},{"taxonomy":"product_cat","embeddable":true,"href":"https:\/\/beautybusinessholland.com\/de\/wp-json\/wp\/v2\/product_cat?post=14534"},{"taxonomy":"product_tag","embeddable":true,"href":"https:\/\/beautybusinessholland.com\/de\/wp-json\/wp\/v2\/product_tag?post=14534"}],"curies":[{"name":"wp","href":"https:\/\/api.w.org\/{rel}","templated":true}]}}