{"id":14539,"date":"2026-04-09T15:05:47","date_gmt":"2026-04-09T13:05:47","guid":{"rendered":"https:\/\/beautybusinessholland.com\/?post_type=product&#038;p=14539"},"modified":"2026-04-09T15:34:43","modified_gmt":"2026-04-09T13:34:43","slug":"medisco-skinbooster-hyaluronzuur-kopie-kopie-kopie-kopie-kopie-kopie","status":"publish","type":"product","link":"https:\/\/beautybusinessholland.com\/de\/produkt\/medisco-skinbooster-hyaluronzuur-kopie-kopie-kopie-kopie-kopie-kopie\/","title":{"rendered":"MEDISCO MESO PDRN"},"content":{"rendered":"<p>Dual: geeignet sowohl f\u00fcr Injektionen als auch f\u00fcr Microneedling!<\/p>\n<p>Medisco Meso PDRN enth\u00e4lt Natrium-DNA, das die Kollagensynthese und Hautregeneration schnell stimuliert und so die Hautreparatur und Gesundheit f\u00f6rdert. Dar\u00fcber hinaus sorgt Natriumhyaluronat f\u00fcr Feuchtigkeit, Feuchtigkeit, Vorbeugung von Falten und hilft, Hauttrockenheit zu lindern. <\/p>\n<p>Niacinamid hemmt die Bewegung der Melaninpigmente, reduziert die in der Epidermis ablagernde Menge und h\u00e4lt die Haut klar und sauber. Adenosin, mit seinem Beitrag zur Produktion und \u00dcbertragung von zellul\u00e4rer Energie, verleiht Hautzellen Vitalit\u00e4t und Gesundheit. Neben der blo\u00dfen N\u00e4hrstoffversorgung der Haut verbessert es die Haut grundlegend und vervollst\u00e4ndigt einen gesunden und sch\u00f6nen Teint.  <\/p>\n<p>Vorteile und Auswirkungen<\/p>\n<p>\u2013 Zellregeneration und Zellproliferation<br \/>\n \u2013 Reparatur besch\u00e4digter Zellen und St\u00e4rkung der Hautbarriere<br \/>\n \u2013 Feuchtigkeitspflege<br \/>\n \u2013 Verbesserung der Falten durch Kollagenproduktion<br \/>\n \u2013 Verbesserte Elastizit\u00e4t durch die Kombination mit Elastinfasern<br \/>\n \u2013 Hemmung der Bewegung von Melaninpigmenten bei Ver\u00e4nderungen des Hauttons<\/p>\n<p>Wirkstoffe<\/p>\n<p>\u2013 Natriumhyaluronat<br \/>\n \u2013 Natrium-DNA \u2013<br \/>\n Glutathion<br \/>\n \u2013 Niacinamid<br \/>\n \u2013 Adenosin<\/p>\n","protected":false},"excerpt":{"rendered":"<p>Dual: geeignet sowohl f\u00fcr Injektionen als auch f\u00fcr Microneedling! Medisco Meso PDRN enth\u00e4lt Natrium-DNA, das die Kollagensynthese und Hautregeneration schnell stimuliert und so die Hautreparatur und Gesundheit f\u00f6rdert. Dar\u00fcber hinaus sorgt Natriumhyaluronat f\u00fcr Feuchtigkeit, Feuchtigkeit, Vorbeugung von Falten und hilft, Hauttrockenheit zu lindern. Niacinamid hemmt die Bewegung der Melaninpigmente, reduziert die in der Epidermis ablagernde [&hellip;]<\/p>\n","protected":false},"featured_media":14625,"template":"","meta":{"_acf_changed":false,"footnotes":""},"product_brand":[],"product_cat":[118],"product_tag":[],"class_list":{"0":"post-14539","1":"product","2":"type-product","3":"status-publish","4":"has-post-thumbnail","6":"product_cat-koreanische-kosmetik","8":"first","9":"instock","10":"shipping-taxable","11":"purchasable","12":"product-type-simple"},"acf":[],"yoast_head":"<!-- This site is optimized with the Yoast SEO plugin v27.3 - https:\/\/yoast.com\/product\/yoast-seo-wordpress\/ -->\n<title>MEDISCO MESO PDRN - Beauty Business Holland<\/title>\n<meta name=\"robots\" content=\"index, follow, max-snippet:-1, max-image-preview:large, max-video-preview:-1\" \/>\n<link rel=\"canonical\" href=\"https:\/\/beautybusinessholland.com\/de\/produkt\/medisco-skinbooster-hyaluronzuur-kopie-kopie-kopie-kopie-kopie-kopie\/\" \/>\n<meta property=\"og:locale\" content=\"de_DE\" \/>\n<meta property=\"og:type\" content=\"article\" \/>\n<meta property=\"og:title\" content=\"MEDISCO MESO PDRN - Beauty Business Holland\" \/>\n<meta property=\"og:description\" content=\"Dual: geeignet sowohl f\u00fcr Injektionen als auch f\u00fcr Microneedling! Medisco Meso PDRN enth\u00e4lt Natrium-DNA, das die Kollagensynthese und Hautregeneration schnell stimuliert und so die Hautreparatur und Gesundheit f\u00f6rdert. Dar\u00fcber hinaus sorgt Natriumhyaluronat f\u00fcr Feuchtigkeit, Feuchtigkeit, Vorbeugung von Falten und hilft, Hauttrockenheit zu lindern. Niacinamid hemmt die Bewegung der Melaninpigmente, reduziert die in der Epidermis ablagernde [&hellip;]\" \/>\n<meta property=\"og:url\" content=\"https:\/\/beautybusinessholland.com\/de\/produkt\/medisco-skinbooster-hyaluronzuur-kopie-kopie-kopie-kopie-kopie-kopie\/\" \/>\n<meta property=\"og:site_name\" content=\"Beauty Business Holland\" \/>\n<meta property=\"article:modified_time\" content=\"2026-04-09T13:34:43+00:00\" \/>\n<meta property=\"og:image\" content=\"https:\/\/beautybusinessholland.com\/wp-content\/uploads\/2026\/04\/WhatsApp-Image-2026-04-09-at-15.22.03.jpeg\" \/>\n\t<meta property=\"og:image:width\" content=\"1233\" \/>\n\t<meta property=\"og:image:height\" content=\"1232\" \/>\n\t<meta property=\"og:image:type\" content=\"image\/jpeg\" \/>\n<meta name=\"twitter:card\" content=\"summary_large_image\" \/>\n<meta name=\"twitter:label1\" content=\"Gesch\u00e4tzte Lesezeit\" \/>\n\t<meta name=\"twitter:data1\" content=\"1\u00a0Minute\" \/>\n<!-- \/ Yoast SEO plugin. -->","yoast_head_json":{"title":"MEDISCO MESO PDRN - Beauty Business Holland","robots":{"index":"index","follow":"follow","max-snippet":"max-snippet:-1","max-image-preview":"max-image-preview:large","max-video-preview":"max-video-preview:-1"},"canonical":"https:\/\/beautybusinessholland.com\/de\/produkt\/medisco-skinbooster-hyaluronzuur-kopie-kopie-kopie-kopie-kopie-kopie\/","og_locale":"de_DE","og_type":"article","og_title":"MEDISCO MESO PDRN - Beauty Business Holland","og_description":"Dual: geeignet sowohl f\u00fcr Injektionen als auch f\u00fcr Microneedling! Medisco Meso PDRN enth\u00e4lt Natrium-DNA, das die Kollagensynthese und Hautregeneration schnell stimuliert und so die Hautreparatur und Gesundheit f\u00f6rdert. Dar\u00fcber hinaus sorgt Natriumhyaluronat f\u00fcr Feuchtigkeit, Feuchtigkeit, Vorbeugung von Falten und hilft, Hauttrockenheit zu lindern. Niacinamid hemmt die Bewegung der Melaninpigmente, reduziert die in der Epidermis ablagernde [&hellip;]","og_url":"https:\/\/beautybusinessholland.com\/de\/produkt\/medisco-skinbooster-hyaluronzuur-kopie-kopie-kopie-kopie-kopie-kopie\/","og_site_name":"Beauty Business Holland","article_modified_time":"2026-04-09T13:34:43+00:00","og_image":[{"width":1233,"height":1232,"url":"https:\/\/beautybusinessholland.com\/wp-content\/uploads\/2026\/04\/WhatsApp-Image-2026-04-09-at-15.22.03.jpeg","type":"image\/jpeg"}],"twitter_card":"summary_large_image","twitter_misc":{"Gesch\u00e4tzte Lesezeit":"1\u00a0Minute"},"schema":{"@context":"https:\/\/schema.org","@graph":[{"@type":"WebPage","@id":"https:\/\/beautybusinessholland.com\/de\/produkt\/medisco-skinbooster-hyaluronzuur-kopie-kopie-kopie-kopie-kopie-kopie\/","url":"https:\/\/beautybusinessholland.com\/de\/produkt\/medisco-skinbooster-hyaluronzuur-kopie-kopie-kopie-kopie-kopie-kopie\/","name":"MEDISCO MESO PDRN - Beauty Business Holland","isPartOf":{"@id":"https:\/\/beautybusinessholland.com\/de\/#website"},"primaryImageOfPage":{"@id":"https:\/\/beautybusinessholland.com\/de\/produkt\/medisco-skinbooster-hyaluronzuur-kopie-kopie-kopie-kopie-kopie-kopie\/#primaryimage"},"image":{"@id":"https:\/\/beautybusinessholland.com\/de\/produkt\/medisco-skinbooster-hyaluronzuur-kopie-kopie-kopie-kopie-kopie-kopie\/#primaryimage"},"thumbnailUrl":"https:\/\/beautybusinessholland.com\/wp-content\/uploads\/2026\/04\/WhatsApp-Image-2026-04-09-at-15.22.03.jpeg","datePublished":"2026-04-09T13:05:47+00:00","dateModified":"2026-04-09T13:34:43+00:00","breadcrumb":{"@id":"https:\/\/beautybusinessholland.com\/de\/produkt\/medisco-skinbooster-hyaluronzuur-kopie-kopie-kopie-kopie-kopie-kopie\/#breadcrumb"},"inLanguage":"de","potentialAction":[{"@type":"ReadAction","target":["https:\/\/beautybusinessholland.com\/de\/produkt\/medisco-skinbooster-hyaluronzuur-kopie-kopie-kopie-kopie-kopie-kopie\/"]}]},{"@type":"ImageObject","inLanguage":"de","@id":"https:\/\/beautybusinessholland.com\/de\/produkt\/medisco-skinbooster-hyaluronzuur-kopie-kopie-kopie-kopie-kopie-kopie\/#primaryimage","url":"https:\/\/beautybusinessholland.com\/wp-content\/uploads\/2026\/04\/WhatsApp-Image-2026-04-09-at-15.22.03.jpeg","contentUrl":"https:\/\/beautybusinessholland.com\/wp-content\/uploads\/2026\/04\/WhatsApp-Image-2026-04-09-at-15.22.03.jpeg","width":1233,"height":1232},{"@type":"BreadcrumbList","@id":"https:\/\/beautybusinessholland.com\/de\/produkt\/medisco-skinbooster-hyaluronzuur-kopie-kopie-kopie-kopie-kopie-kopie\/#breadcrumb","itemListElement":[{"@type":"ListItem","position":1,"name":"Heim","item":"https:\/\/beautybusinessholland.com\/de\/beauty-business-holland\/"},{"@type":"ListItem","position":2,"name":"Laden","item":"https:\/\/beautybusinessholland.com\/winkel\/"},{"@type":"ListItem","position":3,"name":"MEDISCO MESO PDRN"}]},{"@type":"WebSite","@id":"https:\/\/beautybusinessholland.com\/de\/#website","url":"https:\/\/beautybusinessholland.com\/de\/","name":"Beauty Business Holland","description":"Beauty &amp; Health Care","publisher":{"@id":"https:\/\/beautybusinessholland.com\/de\/#organization"},"potentialAction":[{"@type":"SearchAction","target":{"@type":"EntryPoint","urlTemplate":"https:\/\/beautybusinessholland.com\/de\/?s={search_term_string}"},"query-input":{"@type":"PropertyValueSpecification","valueRequired":true,"valueName":"search_term_string"}}],"inLanguage":"de"},{"@type":"Organization","@id":"https:\/\/beautybusinessholland.com\/de\/#organization","name":"Beauty Business Holland","url":"https:\/\/beautybusinessholland.com\/de\/","logo":{"@type":"ImageObject","inLanguage":"de","@id":"https:\/\/beautybusinessholland.com\/de\/#\/schema\/logo\/image\/","url":"https:\/\/beautybusinessholland.com\/wp-content\/uploads\/2025\/04\/email-logo.png","contentUrl":"https:\/\/beautybusinessholland.com\/wp-content\/uploads\/2025\/04\/email-logo.png","width":300,"height":79,"caption":"Beauty Business Holland"},"image":{"@id":"https:\/\/beautybusinessholland.com\/de\/#\/schema\/logo\/image\/"}}]}},"_links":{"self":[{"href":"https:\/\/beautybusinessholland.com\/de\/wp-json\/wp\/v2\/product\/14539","targetHints":{"allow":["GET"]}}],"collection":[{"href":"https:\/\/beautybusinessholland.com\/de\/wp-json\/wp\/v2\/product"}],"about":[{"href":"https:\/\/beautybusinessholland.com\/de\/wp-json\/wp\/v2\/types\/product"}],"version-history":[{"count":2,"href":"https:\/\/beautybusinessholland.com\/de\/wp-json\/wp\/v2\/product\/14539\/revisions"}],"predecessor-version":[{"id":14633,"href":"https:\/\/beautybusinessholland.com\/de\/wp-json\/wp\/v2\/product\/14539\/revisions\/14633"}],"wp:featuredmedia":[{"embeddable":true,"href":"https:\/\/beautybusinessholland.com\/de\/wp-json\/wp\/v2\/media\/14625"}],"wp:attachment":[{"href":"https:\/\/beautybusinessholland.com\/de\/wp-json\/wp\/v2\/media?parent=14539"}],"wp:term":[{"taxonomy":"product_brand","embeddable":true,"href":"https:\/\/beautybusinessholland.com\/de\/wp-json\/wp\/v2\/product_brand?post=14539"},{"taxonomy":"product_cat","embeddable":true,"href":"https:\/\/beautybusinessholland.com\/de\/wp-json\/wp\/v2\/product_cat?post=14539"},{"taxonomy":"product_tag","embeddable":true,"href":"https:\/\/beautybusinessholland.com\/de\/wp-json\/wp\/v2\/product_tag?post=14539"}],"curies":[{"name":"wp","href":"https:\/\/api.w.org\/{rel}","templated":true}]}}