{"id":15300,"date":"2026-04-27T11:04:39","date_gmt":"2026-04-27T09:04:39","guid":{"rendered":"https:\/\/beautybusinessholland.com\/product\/beautylizer-srl\/"},"modified":"2026-04-27T11:28:09","modified_gmt":"2026-04-27T09:28:09","slug":"beautylizer-srl","status":"publish","type":"product","link":"https:\/\/beautybusinessholland.com\/de\/produkt\/beautylizer-srl\/","title":{"rendered":"Beautylizer\u00ae RSL"},"content":{"rendered":"<p>Die Beautylizer\u00ae RSL Sculpting ist eine erstklassige K\u00f6rperkonturmaschine, die in Dubai hergestellt wird und f\u00fcr professionelle Kliniken, Sch\u00f6nheitssalons, Wellnesszentren und postoperative Erholungsbehandlungen entwickelt wurde. Das Ger\u00e4t vereint Vibrokompression, Mikrokompression und LED-Therapie zu einer leistungsstarken Behandlung. Dank des einzigartigen Handst\u00fccks mit 72 medizinischen Silikonkugeln wird der K\u00f6rper rhythmisch massiert, angehoben und stimuliert, ohne die Haut zu sch\u00e4digen.  <\/p>\n<p>Der Beautylizer\u00ae RSL zeichnet sich durch die starke wissenschaftliche Grundlage hinter der Technologie aus. Die Pr\u00e4sentation wird mehrere klinische Studien und Fallstudien identifizieren, die Verbesserungen bei Cellulite, Hautqualit\u00e4t, Mikrozirkulation, Lymphdrainage, Hautstraffung, Fibrose und Volumenreduktion zeigen. Eine Pilotstudie beschrieb unter anderem eine Verringerung der mittleren Adipozytengr\u00f6\u00dfe, eine Verbesserung der Gef\u00e4\u00dfstrukturen und eine Zunahme der Dichte der Gef\u00e4\u00dfkomponenten nach kombinierter Kompressions-Vibrationstherapie.  <\/p>\n<p>Die Behandlung basiert auf drei Kr\u00e4ften: rotierende Kugeln, Vibrationen und rotes LED-Licht. Die Kugeln erzeugen eine pumpende, kompressive und hebende Bewegung, die den Lymphfluss anregt und \u00fcbersch\u00fcssige Fl\u00fcssigkeit besser abflie\u00dfen l\u00e4sst. Die Vibration aktiviert die Haut und das darunterliegende Gewebe, w\u00e4hrend das 650nm rote LED-Licht zur Hautverbesserung, Elastizit\u00e4t und Kollagenunterst\u00fctzung beitr\u00e4gt.  <\/p>\n<p>F\u00fcr die Klienten f\u00fchlt sich die Behandlung angenehm, nicht-invasiv und aktivierend an. Es ist kein spezieller Anzug erforderlich, und die Behandlung kann ohne \u00d6l durchgef\u00fchrt werden. Daher ist der Beautylizer\u00ae RSL auch sehr geeignet f\u00fcr eine breite Zielgruppe, einschlie\u00dflich Kunden, die an Figurverbesserung, Hautstraffung, Entspannung, Cellulite-Verringerung oder Erholung nach einer Fettabsaugung arbeiten.  <\/p>\n<p data-start=\"47\" data-end=\"78\">Geeignet f\u00fcr unter anderem:<\/p>\n<p data-start=\"80\" data-end=\"586\" data-is-last-node=\"\" data-is-only-node=\"\">\u2022 Sch\u00f6nheitssalons, die K\u00f6rperkonturierung anbieten m\u00f6chten<br data-start=\"132\" data-end=\"135\">\u2022 Haut- und Laserkliniken mit K\u00f6rperbehandlungen<br data-start=\"186\" data-end=\"189\" data-is-only-node=\"\">\u2022 Wellnesszentren und Spas mit Massagekonzepten<br data-start=\"235\" data-end=\"238\">\u2022 Massagepraktiken und therapeutische Zentren<br data-start=\"282\" data-end=\"285\">\u2022 Kliniken zur Erholung nach der Fettabsaugung<br data-start=\"325\" data-end=\"328\">\u2022 \u00c4sthetische Kliniken mit Hautverbesserungsprogrammen<br data-start=\"381\" data-end=\"384\">\u2022 Schlankungsstudios und Spezialisten f\u00fcr K\u00f6rperformung<br data-start=\"430\" data-end=\"433\">\u2022 Sport- und Erholungszentren zur Muskelentspannung<br data-start=\"480\" data-end=\"483\">\u2022 Premium-Salons mit Cellulitebehandlungen<br data-start=\"536\" data-end=\"539\">\u2022 Kliniken, die Kryolipolyse oder HIFU kombinieren<\/p>\n<p><iframe loading=\"lazy\" title=\"Beautylizer RSL \u2014 an innovative massage device for reducing cellulite and body-sculpting\" width=\"800\" height=\"450\" src=\"https:\/\/www.youtube.com\/embed\/vPx0qAFjfqM?feature=oembed\" frameborder=\"0\" allow=\"accelerometer; autoplay; clipboard-write; encrypted-media; gyroscope; picture-in-picture; web-share\" referrerpolicy=\"strict-origin-when-cross-origin\" allowfullscreen><\/iframe><\/p>\n","protected":false},"excerpt":{"rendered":"<p>Die Beautylizer\u00ae RSL Sculpting ist eine erstklassige K\u00f6rperkonturmaschine, die in Dubai hergestellt wird und f\u00fcr professionelle Kliniken, Sch\u00f6nheitssalons, Wellnesszentren und postoperative Erholungsbehandlungen entwickelt wurde. Das Ger\u00e4t vereint Vibrokompression, Mikrokompression und LED-Therapie zu einer leistungsstarken Behandlung. Dank des einzigartigen Handst\u00fccks mit 72 medizinischen Silikonkugeln wird der K\u00f6rper rhythmisch massiert, angehoben und stimuliert, ohne die Haut zu [&hellip;]<\/p>\n","protected":false},"featured_media":0,"template":"","meta":{"_acf_changed":false,"footnotes":""},"product_brand":[],"product_cat":[109],"product_tag":[],"class_list":{"0":"post-15300","1":"product","2":"type-product","3":"status-publish","5":"product_cat-korperformung","7":"first","8":"instock","9":"shipping-taxable","10":"purchasable","11":"product-type-simple"},"acf":[],"yoast_head":"<!-- This site is optimized with the Yoast SEO plugin v27.3 - https:\/\/yoast.com\/product\/yoast-seo-wordpress\/ -->\n<title>Beautylizer SRL-Maschine | Hergestellt in Dubai RSL Bildhauerei<\/title>\n<meta name=\"description\" content=\"Beautylizer SRL ist eine hochwertige RSL-Sculpting-Maschine, die in Dubai hergestellt wurde und f\u00fcr Cellulite, Lymphdrainage, Hautstraffung und K\u00f6rperkonturierung entwickelt wurde.\" \/>\n<meta name=\"robots\" content=\"index, follow, max-snippet:-1, max-image-preview:large, max-video-preview:-1\" \/>\n<link rel=\"canonical\" href=\"https:\/\/beautybusinessholland.com\/de\/produkt\/beautylizer-srl\/\" \/>\n<meta property=\"og:locale\" content=\"de_DE\" \/>\n<meta property=\"og:type\" content=\"article\" \/>\n<meta property=\"og:title\" content=\"Beautylizer SRL-Maschine | Hergestellt in Dubai RSL Bildhauerei\" \/>\n<meta property=\"og:description\" content=\"Beautylizer SRL ist eine hochwertige RSL-Sculpting-Maschine, die in Dubai hergestellt wurde und f\u00fcr Cellulite, Lymphdrainage, Hautstraffung und K\u00f6rperkonturierung entwickelt wurde.\" \/>\n<meta property=\"og:url\" content=\"https:\/\/beautybusinessholland.com\/de\/produkt\/beautylizer-srl\/\" \/>\n<meta property=\"og:site_name\" content=\"Beauty Business Holland\" \/>\n<meta property=\"article:modified_time\" content=\"2026-04-27T09:28:09+00:00\" \/>\n<meta name=\"twitter:card\" content=\"summary_large_image\" \/>\n<meta name=\"twitter:label1\" content=\"Gesch\u00e4tzte Lesezeit\" \/>\n\t<meta name=\"twitter:data1\" content=\"2\u00a0Minute\" \/>\n<!-- \/ Yoast SEO plugin. -->","yoast_head_json":{"title":"Beautylizer SRL-Maschine | Hergestellt in Dubai RSL Bildhauerei","description":"Beautylizer SRL ist eine hochwertige RSL-Sculpting-Maschine, die in Dubai hergestellt wurde und f\u00fcr Cellulite, Lymphdrainage, Hautstraffung und K\u00f6rperkonturierung entwickelt wurde.","robots":{"index":"index","follow":"follow","max-snippet":"max-snippet:-1","max-image-preview":"max-image-preview:large","max-video-preview":"max-video-preview:-1"},"canonical":"https:\/\/beautybusinessholland.com\/de\/produkt\/beautylizer-srl\/","og_locale":"de_DE","og_type":"article","og_title":"Beautylizer SRL-Maschine | Hergestellt in Dubai RSL Bildhauerei","og_description":"Beautylizer SRL ist eine hochwertige RSL-Sculpting-Maschine, die in Dubai hergestellt wurde und f\u00fcr Cellulite, Lymphdrainage, Hautstraffung und K\u00f6rperkonturierung entwickelt wurde.","og_url":"https:\/\/beautybusinessholland.com\/de\/produkt\/beautylizer-srl\/","og_site_name":"Beauty Business Holland","article_modified_time":"2026-04-27T09:28:09+00:00","twitter_card":"summary_large_image","twitter_misc":{"Gesch\u00e4tzte Lesezeit":"2\u00a0Minute"},"schema":{"@context":"https:\/\/schema.org","@graph":[{"@type":"WebPage","@id":"https:\/\/beautybusinessholland.com\/de\/produkt\/beautylizer-srl\/","url":"https:\/\/beautybusinessholland.com\/de\/produkt\/beautylizer-srl\/","name":"Beautylizer SRL-Maschine | Hergestellt in Dubai RSL Bildhauerei","isPartOf":{"@id":"https:\/\/beautybusinessholland.com\/de\/#website"},"datePublished":"2026-04-27T09:04:39+00:00","dateModified":"2026-04-27T09:28:09+00:00","description":"Beautylizer SRL ist eine hochwertige RSL-Sculpting-Maschine, die in Dubai hergestellt wurde und f\u00fcr Cellulite, Lymphdrainage, Hautstraffung und K\u00f6rperkonturierung entwickelt wurde.","breadcrumb":{"@id":"https:\/\/beautybusinessholland.com\/de\/produkt\/beautylizer-srl\/#breadcrumb"},"inLanguage":"de","potentialAction":[{"@type":"ReadAction","target":["https:\/\/beautybusinessholland.com\/de\/produkt\/beautylizer-srl\/"]}]},{"@type":"BreadcrumbList","@id":"https:\/\/beautybusinessholland.com\/de\/produkt\/beautylizer-srl\/#breadcrumb","itemListElement":[{"@type":"ListItem","position":1,"name":"Heim","item":"https:\/\/beautybusinessholland.com\/de\/beauty-business-holland\/"},{"@type":"ListItem","position":2,"name":"Laden","item":"https:\/\/beautybusinessholland.com\/winkel\/"},{"@type":"ListItem","position":3,"name":"Beautylizer\u00ae RSL"}]},{"@type":"WebSite","@id":"https:\/\/beautybusinessholland.com\/de\/#website","url":"https:\/\/beautybusinessholland.com\/de\/","name":"Beauty Business Holland","description":"Beauty &amp; Health Care","publisher":{"@id":"https:\/\/beautybusinessholland.com\/de\/#organization"},"potentialAction":[{"@type":"SearchAction","target":{"@type":"EntryPoint","urlTemplate":"https:\/\/beautybusinessholland.com\/de\/?s={search_term_string}"},"query-input":{"@type":"PropertyValueSpecification","valueRequired":true,"valueName":"search_term_string"}}],"inLanguage":"de"},{"@type":"Organization","@id":"https:\/\/beautybusinessholland.com\/de\/#organization","name":"Beauty Business Holland","url":"https:\/\/beautybusinessholland.com\/de\/","logo":{"@type":"ImageObject","inLanguage":"de","@id":"https:\/\/beautybusinessholland.com\/de\/#\/schema\/logo\/image\/","url":"https:\/\/beautybusinessholland.com\/wp-content\/uploads\/2025\/04\/email-logo.png","contentUrl":"https:\/\/beautybusinessholland.com\/wp-content\/uploads\/2025\/04\/email-logo.png","width":300,"height":79,"caption":"Beauty Business Holland"},"image":{"@id":"https:\/\/beautybusinessholland.com\/de\/#\/schema\/logo\/image\/"}}]}},"_links":{"self":[{"href":"https:\/\/beautybusinessholland.com\/de\/wp-json\/wp\/v2\/product\/15300","targetHints":{"allow":["GET"]}}],"collection":[{"href":"https:\/\/beautybusinessholland.com\/de\/wp-json\/wp\/v2\/product"}],"about":[{"href":"https:\/\/beautybusinessholland.com\/de\/wp-json\/wp\/v2\/types\/product"}],"version-history":[{"count":5,"href":"https:\/\/beautybusinessholland.com\/de\/wp-json\/wp\/v2\/product\/15300\/revisions"}],"predecessor-version":[{"id":15355,"href":"https:\/\/beautybusinessholland.com\/de\/wp-json\/wp\/v2\/product\/15300\/revisions\/15355"}],"wp:attachment":[{"href":"https:\/\/beautybusinessholland.com\/de\/wp-json\/wp\/v2\/media?parent=15300"}],"wp:term":[{"taxonomy":"product_brand","embeddable":true,"href":"https:\/\/beautybusinessholland.com\/de\/wp-json\/wp\/v2\/product_brand?post=15300"},{"taxonomy":"product_cat","embeddable":true,"href":"https:\/\/beautybusinessholland.com\/de\/wp-json\/wp\/v2\/product_cat?post=15300"},{"taxonomy":"product_tag","embeddable":true,"href":"https:\/\/beautybusinessholland.com\/de\/wp-json\/wp\/v2\/product_tag?post=15300"}],"curies":[{"name":"wp","href":"https:\/\/api.w.org\/{rel}","templated":true}]}}