{"id":9279,"date":"2025-05-15T15:48:31","date_gmt":"2025-05-15T13:48:31","guid":{"rendered":"https:\/\/beautybusinessholland.com\/politique-de-confidentialite\/"},"modified":"2025-09-02T12:16:34","modified_gmt":"2025-09-02T10:16:34","slug":"politique-de-confidentialite","status":"publish","type":"page","link":"https:\/\/beautybusinessholland.com\/fr\/politique-de-confidentialite\/","title":{"rendered":"Politique de confidentialit\u00e9"},"content":{"rendered":"\t\t<div data-elementor-type=\"wp-page\" data-elementor-id=\"9279\" class=\"elementor elementor-9279 elementor-3180\" data-elementor-post-type=\"page\">\n\t\t\t\t<div class=\"elementor-element elementor-element-f589ed7 e-flex e-con-boxed e-con e-parent\" data-id=\"f589ed7\" data-element_type=\"container\" data-e-type=\"container\">\n\t\t\t\t\t<div class=\"e-con-inner\">\n\t\t<div class=\"elementor-element elementor-element-6a40576 e-con-full e-flex e-con e-child\" data-id=\"6a40576\" data-element_type=\"container\" data-e-type=\"container\">\n\t\t\t\t<div class=\"elementor-element elementor-element-775acfb elementor-widget elementor-widget-heading\" data-id=\"775acfb\" data-element_type=\"widget\" data-e-type=\"widget\" data-widget_type=\"heading.default\">\n\t\t\t\t<div class=\"elementor-widget-container\">\n\t\t\t\t\t<h2 class=\"elementor-heading-title elementor-size-default\">Politique de confidentialit\u00e9<\/h2>\t\t\t\t<\/div>\n\t\t\t\t<\/div>\n\t\t\t\t<div class=\"elementor-element elementor-element-decdb17 elementor-widget elementor-widget-text-editor\" data-id=\"decdb17\" data-element_type=\"widget\" data-e-type=\"widget\" data-widget_type=\"text-editor.default\">\n\t\t\t\t<div class=\"elementor-widget-container\">\n\t\t\t\t\t\t\t\t\t<p>Cette politique de confidentialit\u00e9 d\u00e9crit comment nous recueillons, utilisons et prot\u00e9geons les informations que vous nous fournissez lorsque vous utilisez notre site Web.<\/p>\t\t\t\t\t\t\t\t<\/div>\n\t\t\t\t<\/div>\n\t\t\t\t<div class=\"elementor-element elementor-element-9e2d6c7 privacy-content-section elementor-widget elementor-widget-text-editor\" data-id=\"9e2d6c7\" data-element_type=\"widget\" data-e-type=\"widget\" data-widget_type=\"text-editor.default\">\n\t\t\t\t<div class=\"elementor-widget-container\">\n\t\t\t\t\t\t\t\t\t<p><strong>1. Collecte d\u2019informations<\/strong><br>Nous recueillons des informations que vous fournissez volontairement, telles que votre nom, votre adresse e-mail et d\u2019autres informations de contact lorsque vous vous inscrivez \u00e0 notre newsletter, cr\u00e9ez un compte ou participez \u00e0 une enqu\u00eate ou \u00e0 une promotion. Nous recueillons \u00e9galement automatiquement des informations sur votre utilisation de notre site Web gr\u00e2ce \u00e0 l\u2019utilisation de cookies et de technologies similaires. Ces informations comprennent votre adresse IP, le type de navigateur, les pages visit\u00e9es, l\u2019heure et la dur\u00e9e de votre visite, ainsi que la fa\u00e7on dont vous interagissez avec notre site Web.  <\/p>\n<p><strong>2. Utilisation des informations<\/strong><br>Nous utilisons les informations que nous recueillons pour :<\/p>\n<ul>\n<li>Am\u00e9liorer et personnaliser notre site web et nos services ;<\/li>\n<li>Fournir un service et une assistance \u00e0 la client\u00e8le&nbsp;;<\/li>\n<li>Maintenir les communications avec vous, y compris vous envoyer des mises \u00e0 jour et des promotions&nbsp;;<\/li>\n<li>Am\u00e9liorer la s\u00e9curit\u00e9 de notre site Web et pr\u00e9venir la fraude ;<\/li>\n<li>Respectez les exigences l\u00e9gales.<\/li>\n<\/ul>\n<p><\/p>\n<p><strong>3. Partage des informations<\/strong><br>Vos informations personnelles ne seront pas vendues, lou\u00e9es ou partag\u00e9es avec des tiers, sauf dans les cas suivants :<\/p>\n<ul>\n<li>Avec des prestataires de services travaillant en notre nom, tels que Google Analytics, Google Ads et LinkedIn Ads, qui nous aident \u00e0 analyser et \u00e0 am\u00e9liorer notre site Web. Ces fournisseurs n\u2019ont acc\u00e8s \u00e0 vos informations que dans la mesure n\u00e9cessaire \u00e0 l\u2019ex\u00e9cution de ces t\u00e2ches et sont tenus de ne pas utiliser vos donn\u00e9es \u00e0 d\u2019autres fins. <\/li>\n<li>Pour se conformer \u00e0 toute loi, proc\u00e9dure judiciaire ou demande gouvernementale.<\/li>\n<\/ul>\n<p><\/p>\n<p><strong>4. Cookies et technologies de suivi<\/strong><br>Nous utilisons des cookies et des technologies de suivi similaires pour m\u00e9moriser vos pr\u00e9f\u00e9rences, analyser l\u2019utilisation de notre site Web et soutenir nos efforts de marketing. Vous pouvez configurer votre navigateur pour qu\u2019il refuse tous les cookies ou pour qu\u2019il vous indique quand un cookie est envoy\u00e9. Cependant, veuillez noter que certaines parties de notre site Web peuvent ne pas fonctionner correctement si vous d\u00e9sactivez les cookies.  <\/p>\n<p><strong>5. S\u00e9curit\u00e9 des donn\u00e9es<\/strong><br>Nous prenons la s\u00e9curit\u00e9 de vos informations personnelles au s\u00e9rieux et mettons en \u0153uvre des mesures techniques et organisationnelles appropri\u00e9es pour prot\u00e9ger vos informations contre l\u2019acc\u00e8s, la modification, la divulgation ou la destruction non autoris\u00e9s.<\/p>\n<p><strong>6. Vos droits<\/strong><br>Vous disposez d\u2019un droit d\u2019acc\u00e8s, de rectification, d\u2019effacement et de limitation du traitement de vos donn\u00e9es personnelles. Veuillez nous contacter \u00e0 <a href=\"mailto:info@beautybusinessholland.com\">l\u2019info@beautybusinessholland.com<\/a> si vous souhaitez exercer ces droits. <\/p>\n<p><strong>7. Modifications de la politique de confidentialit\u00e9<\/strong><br>Nous pouvons mettre \u00e0 jour cette politique de confidentialit\u00e9 de temps \u00e0 autre. Nous publierons tout changement sur cette page et, si les changements sont importants, nous vous en informerons de mani\u00e8re plus visible. <\/p>\n<p><strong>8. Coordonn\u00e9es<\/strong><br>Si vous avez des questions sur la pr\u00e9sente politique de confidentialit\u00e9 ou sur notre traitement de vos informations personnelles, veuillez nous contacter \u00e0 <a href=\"mailto:info@beautybusinessholland.com\">l\u2019adresse info@beautybusinessholland.com<\/a>.<\/p>\n<p>En utilisant notre site Web, vous consentez \u00e0 la collecte et \u00e0 l\u2019utilisation de renseignements conform\u00e9ment \u00e0 la pr\u00e9sente politique de confidentialit\u00e9.&nbsp;<\/p>\t\t\t\t\t\t\t\t<\/div>\n\t\t\t\t<\/div>\n\t\t\t\t<\/div>\n\t\t\t\t\t<\/div>\n\t\t\t\t<\/div>\n\t\t\t\t<\/div>\n\t\t","protected":false},"excerpt":{"rendered":"<p>Politique de confidentialit\u00e9 Cette politique de confidentialit\u00e9 d\u00e9crit comment nous recueillons, utilisons et prot\u00e9geons les informations que vous nous fournissez lorsque vous utilisez notre site Web. 1. Collecte d\u2019informationsNous recueillons des informations que vous fournissez volontairement, telles que votre nom, votre adresse e-mail et d\u2019autres informations de contact lorsque vous vous inscrivez \u00e0 notre newsletter, [&hellip;]<\/p>\n","protected":false},"author":1,"featured_media":0,"parent":0,"menu_order":0,"comment_status":"closed","ping_status":"closed","template":"elementor_header_footer","meta":{"_acf_changed":false,"footnotes":""},"class_list":["post-9279","page","type-page","status-publish","hentry"],"acf":[],"yoast_head":"<!-- This site is optimized with the Yoast SEO plugin v27.5 - https:\/\/yoast.com\/product\/yoast-seo-wordpress\/ -->\n<title>Politique de confidentialit\u00e9 - Beauty Business Holland<\/title>\n<meta name=\"robots\" content=\"index, follow, max-snippet:-1, max-image-preview:large, max-video-preview:-1\" \/>\n<link rel=\"canonical\" href=\"https:\/\/beautybusinessholland.com\/fr\/politique-de-confidentialite\/\" \/>\n<meta property=\"og:locale\" content=\"fr_FR\" \/>\n<meta property=\"og:type\" content=\"article\" \/>\n<meta property=\"og:title\" content=\"Politique de confidentialit\u00e9 - Beauty Business Holland\" \/>\n<meta property=\"og:description\" content=\"Politique de confidentialit\u00e9 Cette politique de confidentialit\u00e9 d\u00e9crit comment nous recueillons, utilisons et prot\u00e9geons les informations que vous nous fournissez lorsque vous utilisez notre site Web. 1. Collecte d\u2019informationsNous recueillons des informations que vous fournissez volontairement, telles que votre nom, votre adresse e-mail et d\u2019autres informations de contact lorsque vous vous inscrivez \u00e0 notre newsletter, [&hellip;]\" \/>\n<meta property=\"og:url\" content=\"https:\/\/beautybusinessholland.com\/fr\/politique-de-confidentialite\/\" \/>\n<meta property=\"og:site_name\" content=\"Beauty Business Holland\" \/>\n<meta property=\"article:modified_time\" content=\"2025-09-02T10:16:34+00:00\" \/>\n<meta name=\"twitter:card\" content=\"summary_large_image\" \/>\n<meta name=\"twitter:label1\" content=\"Dur\u00e9e de lecture estim\u00e9e\" \/>\n\t<meta name=\"twitter:data1\" content=\"3 minutes\" \/>\n<!-- \/ Yoast SEO plugin. -->","yoast_head_json":{"title":"Politique de confidentialit\u00e9 - Beauty Business Holland","robots":{"index":"index","follow":"follow","max-snippet":"max-snippet:-1","max-image-preview":"max-image-preview:large","max-video-preview":"max-video-preview:-1"},"canonical":"https:\/\/beautybusinessholland.com\/fr\/politique-de-confidentialite\/","og_locale":"fr_FR","og_type":"article","og_title":"Politique de confidentialit\u00e9 - Beauty Business Holland","og_description":"Politique de confidentialit\u00e9 Cette politique de confidentialit\u00e9 d\u00e9crit comment nous recueillons, utilisons et prot\u00e9geons les informations que vous nous fournissez lorsque vous utilisez notre site Web. 1. Collecte d\u2019informationsNous recueillons des informations que vous fournissez volontairement, telles que votre nom, votre adresse e-mail et d\u2019autres informations de contact lorsque vous vous inscrivez \u00e0 notre newsletter, [&hellip;]","og_url":"https:\/\/beautybusinessholland.com\/fr\/politique-de-confidentialite\/","og_site_name":"Beauty Business Holland","article_modified_time":"2025-09-02T10:16:34+00:00","twitter_card":"summary_large_image","twitter_misc":{"Dur\u00e9e de lecture estim\u00e9e":"3 minutes"},"schema":{"@context":"https:\/\/schema.org","@graph":[{"@type":"WebPage","@id":"https:\/\/beautybusinessholland.com\/fr\/politique-de-confidentialite\/","url":"https:\/\/beautybusinessholland.com\/fr\/politique-de-confidentialite\/","name":"Politique de confidentialit\u00e9 - Beauty Business Holland","isPartOf":{"@id":"https:\/\/beautybusinessholland.com\/fr\/#website"},"datePublished":"2025-05-15T13:48:31+00:00","dateModified":"2025-09-02T10:16:34+00:00","breadcrumb":{"@id":"https:\/\/beautybusinessholland.com\/fr\/politique-de-confidentialite\/#breadcrumb"},"inLanguage":"fr-FR","potentialAction":[{"@type":"ReadAction","target":["https:\/\/beautybusinessholland.com\/fr\/politique-de-confidentialite\/"]}]},{"@type":"BreadcrumbList","@id":"https:\/\/beautybusinessholland.com\/fr\/politique-de-confidentialite\/#breadcrumb","itemListElement":[{"@type":"ListItem","position":1,"name":"Domicile","item":"https:\/\/beautybusinessholland.com\/fr\/"},{"@type":"ListItem","position":2,"name":"Politique de confidentialit\u00e9"}]},{"@type":"WebSite","@id":"https:\/\/beautybusinessholland.com\/fr\/#website","url":"https:\/\/beautybusinessholland.com\/fr\/","name":"Beauty Business Holland","description":"Beauty &amp; Health Care","publisher":{"@id":"https:\/\/beautybusinessholland.com\/fr\/#organization"},"potentialAction":[{"@type":"SearchAction","target":{"@type":"EntryPoint","urlTemplate":"https:\/\/beautybusinessholland.com\/fr\/?s={search_term_string}"},"query-input":{"@type":"PropertyValueSpecification","valueRequired":true,"valueName":"search_term_string"}}],"inLanguage":"fr-FR"},{"@type":"Organization","@id":"https:\/\/beautybusinessholland.com\/fr\/#organization","name":"Beauty Business Holland","url":"https:\/\/beautybusinessholland.com\/fr\/","logo":{"@type":"ImageObject","inLanguage":"fr-FR","@id":"https:\/\/beautybusinessholland.com\/fr\/#\/schema\/logo\/image\/","url":"https:\/\/beautybusinessholland.com\/wp-content\/uploads\/2025\/04\/email-logo.png","contentUrl":"https:\/\/beautybusinessholland.com\/wp-content\/uploads\/2025\/04\/email-logo.png","width":300,"height":79,"caption":"Beauty Business Holland"},"image":{"@id":"https:\/\/beautybusinessholland.com\/fr\/#\/schema\/logo\/image\/"}}]}},"_links":{"self":[{"href":"https:\/\/beautybusinessholland.com\/fr\/wp-json\/wp\/v2\/pages\/9279","targetHints":{"allow":["GET"]}}],"collection":[{"href":"https:\/\/beautybusinessholland.com\/fr\/wp-json\/wp\/v2\/pages"}],"about":[{"href":"https:\/\/beautybusinessholland.com\/fr\/wp-json\/wp\/v2\/types\/page"}],"author":[{"embeddable":true,"href":"https:\/\/beautybusinessholland.com\/fr\/wp-json\/wp\/v2\/users\/1"}],"replies":[{"embeddable":true,"href":"https:\/\/beautybusinessholland.com\/fr\/wp-json\/wp\/v2\/comments?post=9279"}],"version-history":[{"count":0,"href":"https:\/\/beautybusinessholland.com\/fr\/wp-json\/wp\/v2\/pages\/9279\/revisions"}],"wp:attachment":[{"href":"https:\/\/beautybusinessholland.com\/fr\/wp-json\/wp\/v2\/media?parent=9279"}],"curies":[{"name":"wp","href":"https:\/\/api.w.org\/{rel}","templated":true}]}}