{"id":9328,"date":"2025-05-16T13:22:09","date_gmt":"2025-05-16T11:22:09","guid":{"rendered":"https:\/\/beautybusinessholland.com\/conditions-generales-de-location\/"},"modified":"2025-09-02T16:26:16","modified_gmt":"2025-09-02T14:26:16","slug":"conditions-generales-de-location","status":"publish","type":"page","link":"https:\/\/beautybusinessholland.com\/fr\/conditions-generales-de-location\/","title":{"rendered":"Conditions g\u00e9n\u00e9rales de location"},"content":{"rendered":"\t\t<div data-elementor-type=\"wp-page\" data-elementor-id=\"9328\" class=\"elementor elementor-9328 elementor-3486\" data-elementor-post-type=\"page\">\n\t\t\t\t<div class=\"elementor-element elementor-element-4551e11 e-flex e-con-boxed e-con e-parent\" data-id=\"4551e11\" data-element_type=\"container\" data-e-type=\"container\">\n\t\t\t\t\t<div class=\"e-con-inner\">\n\t\t\t\t<div class=\"elementor-element elementor-element-2777bfe elementor-widget elementor-widget-heading\" data-id=\"2777bfe\" data-element_type=\"widget\" data-e-type=\"widget\" data-widget_type=\"heading.default\">\n\t\t\t\t<div class=\"elementor-widget-container\">\n\t\t\t\t\t<h2 class=\"elementor-heading-title elementor-size-default\">CONDITIONS G\u00c9N\u00c9RALES DE LOCATION<\/h2>\t\t\t\t<\/div>\n\t\t\t\t<\/div>\n\t\t<div class=\"elementor-element elementor-element-e05a5cd e-con-full e-flex e-con e-child\" data-id=\"e05a5cd\" data-element_type=\"container\" data-e-type=\"container\">\n\t\t\t\t<div class=\"elementor-element elementor-element-609bc50 elementor-widget elementor-widget-heading\" data-id=\"609bc50\" data-element_type=\"widget\" data-e-type=\"widget\" data-widget_type=\"heading.default\">\n\t\t\t\t<div class=\"elementor-widget-container\">\n\t\t\t\t\t<h3 class=\"elementor-heading-title elementor-size-default\">1. Utilisation, entretien et r\u00e9paration<\/h3>\t\t\t\t<\/div>\n\t\t\t\t<\/div>\n\t\t\t\t<div class=\"elementor-element elementor-element-2af45c4 elementor-widget elementor-widget-text-editor\" data-id=\"2af45c4\" data-element_type=\"widget\" data-e-type=\"widget\" data-widget_type=\"text-editor.default\">\n\t\t\t\t<div class=\"elementor-widget-container\">\n\t\t\t\t\t\t\t\t\t<p><strong>1.1<\/strong> Le locataire doit utiliser les locaux lou\u00e9s conform\u00e9ment \u00e0 toutes les lois et r\u00e9glementations applicables et aux exigences et r\u00e9glementations des entreprises de services publics qui fournissent du gaz, de l\u2019eau et\/ou de l\u2019\u00e9lectricit\u00e9. Il est de la responsabilit\u00e9 du locataire de fournir tous les permis, approbations et\/ou exemptions requis. <\/p><p><b>1.2<\/b> Le locataire traitera le bien lou\u00e9 avec le soin n\u00e9cessaire.<\/p><p><b>1.3<\/b> Le Locataire doit se conformer aux exigences et r\u00e9glementations fix\u00e9es par le Bailleur en ce qui concerne l\u2019entretien et l\u2019utilisation du Bien lou\u00e9.<\/p><p><b>1.4<\/b> Si, bien qu\u2019il ait \u00e9t\u00e9 mis en demeure par \u00e9crit, le locataire n\u2019ex\u00e9cute pas les travaux de r\u00e9paration qui rel\u00e8vent de sa responsabilit\u00e9 dans un d\u00e9lai raisonnable pr\u00e9vu dans la mise en demeure, le bailleur peut faire ex\u00e9cuter les travaux aux frais et risques du locataire.<\/p><p><b>1.5<\/b> Les travaux de r\u00e9paration qui ne sont pas \u00e0 la charge du locataire sur la base de la loi et du contrat de location sont \u00e0 la charge du bailleur. Le locataire rendra compte des travaux d\u2019entretien n\u00e9cessaires au locateur en temps opportun et le locateur effectuera les travaux dans un d\u00e9lai raisonnable. <\/p><p><b>1.6<\/b> Le locataire doit \u00e0 tout moment donner au bailleur la possibilit\u00e9 d\u2019effectuer tous les entretiens et r\u00e9parations.<\/p>\t\t\t\t\t\t\t\t<\/div>\n\t\t\t\t<\/div>\n\t\t\t\t<div class=\"elementor-element elementor-element-7baf68d elementor-widget elementor-widget-heading\" data-id=\"7baf68d\" data-element_type=\"widget\" data-e-type=\"widget\" data-widget_type=\"heading.default\">\n\t\t\t\t<div class=\"elementor-widget-container\">\n\t\t\t\t\t<h3 class=\"elementor-heading-title elementor-size-default\">2. Loyer, d\u00e9p\u00f4t et taxes<\/h3>\t\t\t\t<\/div>\n\t\t\t\t<\/div>\n\t\t\t\t<div class=\"elementor-element elementor-element-8ba8ebc elementor-widget elementor-widget-text-editor\" data-id=\"8ba8ebc\" data-element_type=\"widget\" data-e-type=\"widget\" data-widget_type=\"text-editor.default\">\n\t\t\t\t<div class=\"elementor-widget-container\">\n\t\t\t\t\t\t\t\t\t<p><b>2.1<\/b> Le propri\u00e9taire a le droit d\u2019augmenter le loyer chaque ann\u00e9e sur la base de l\u2019indice des prix \u00e0 la consommation (IPC), s\u00e9rie de tous les m\u00e9nages, publi\u00e9 par Statistics Netherlands (CBS), pour la premi\u00e8re fois le 1er janvier de l\u2019ann\u00e9e suivant l\u2019ann\u00e9e au cours de laquelle le bail a \u00e9t\u00e9 conclu, puis le 1er janvier de chaque ann\u00e9e.<\/p><p><b>2.2<\/b> Le Locateur peut proc\u00e9der \u00e0 une r\u00e9gularisation du loyer sans avoir \u00e0 en informer le Locataire au pr\u00e9alable.<\/p><p><b>2.3<\/b> Le bailleur se r\u00e9serve le droit de d\u00e9duire de la caution les mensualit\u00e9s de location expir\u00e9es, ainsi que les frais de r\u00e9paration n\u00e9cessaires.<\/p><p><b>2.4<\/b> Toutes les taxes per\u00e7ues au titre du Bien lou\u00e9 sont \u00e0 la charge du Locataire, m\u00eame si elles sont factur\u00e9es au Bailleur. Le locataire paiera ces taxes \u00e0 la premi\u00e8re demande du bailleur. Si le Locataire n\u2019a pas r\u00e9gl\u00e9 lesdites charges dans les 7 jours suivant la premi\u00e8re demande du Bailleur, il sera en d\u00e9faut de plein droit.    <\/p>\t\t\t\t\t\t\t\t<\/div>\n\t\t\t\t<\/div>\n\t\t\t\t<div class=\"elementor-element elementor-element-bd9b110 elementor-widget elementor-widget-heading\" data-id=\"bd9b110\" data-element_type=\"widget\" data-e-type=\"widget\" data-widget_type=\"heading.default\">\n\t\t\t\t<div class=\"elementor-widget-container\">\n\t\t\t\t\t<h3 class=\"elementor-heading-title elementor-size-default\">3. Responsabilit\u00e9<\/h3>\t\t\t\t<\/div>\n\t\t\t\t<\/div>\n\t\t\t\t<div class=\"elementor-element elementor-element-e5ede43 elementor-widget elementor-widget-text-editor\" data-id=\"e5ede43\" data-element_type=\"widget\" data-e-type=\"widget\" data-widget_type=\"text-editor.default\">\n\t\t\t\t<div class=\"elementor-widget-container\">\n\t\t\t\t\t\t\t\t\t<p><b>3.1<\/b> Le locataire est responsable de tous les dommages caus\u00e9s au bien lou\u00e9, \u00e0 moins qu\u2019il ne prouve que lui-m\u00eame et les personnes dont il est responsable et\/ou redevables envers le bailleur ne sont pas fautifs en ce qui concerne la survenance des dommages.<\/p><p><b>3.2<\/b> Les dispositions du premier alin\u00e9a n\u2019affectent pas le fait que le Locataire est tenu par la loi et le contrat de bail d\u2019entretenir, de r\u00e9parer et\/ou de remplacer certains \u00e9l\u00e9ments du Bien lou\u00e9.<\/p><p><b>3.3<\/b> Le bailleur n\u2019est pas responsable des dommages subis par le locataire en raison de d\u00e9fauts du bien lou\u00e9, sauf si (i) ces d\u00e9fauts \u00e9taient connus du bailleur au d\u00e9but du bail, ou (ii) les d\u00e9fauts sont imputables au bailleur sur la base d\u2019une obligation l\u00e9gale.  <\/p><p><b>3.4<\/b> Le bailleur n\u2019est pas responsable des dommages subis par le locataire en raison de d\u00e9fauts de modifications ou d\u2019ajouts effectu\u00e9s par le locataire au bien lou\u00e9.<\/p><p><b>3.5<\/b> Le bailleur n\u2019est pas responsable des dommages caus\u00e9s par des causes ind\u00e9pendantes de la volont\u00e9 du bailleur, telles que, mais sans s\u2019y limiter, le gel, la temp\u00eate, la foudre, les \u00e9meutes, les conflits arm\u00e9s, les catastrophes naturelles et autres calamit\u00e9s.<\/p><p><b>3.6<\/b> Le bailleur n\u2019est pas responsable des pertes d\u2019exploitation du locataire, sauf s\u2019il s\u2019agit d\u2019une perte d\u2019exploitation r\u00e9sultant d\u2019une intention ou d\u2019une n\u00e9gligence grave de la part du bailleur lui-m\u00eame.  <\/p>\t\t\t\t\t\t\t\t<\/div>\n\t\t\t\t<\/div>\n\t\t\t\t<div class=\"elementor-element elementor-element-dd43877 elementor-widget elementor-widget-heading\" data-id=\"dd43877\" data-element_type=\"widget\" data-e-type=\"widget\" data-widget_type=\"heading.default\">\n\t\t\t\t<div class=\"elementor-widget-container\">\n\t\t\t\t\t<h3 class=\"elementor-heading-title elementor-size-default\">4. Locataire en d\u00e9faut<\/h3>\t\t\t\t<\/div>\n\t\t\t\t<\/div>\n\t\t\t\t<div class=\"elementor-element elementor-element-cd60eb2 elementor-widget elementor-widget-text-editor\" data-id=\"cd60eb2\" data-element_type=\"widget\" data-e-type=\"widget\" data-widget_type=\"text-editor.default\">\n\t\t\t\t<div class=\"elementor-widget-container\">\n\t\t\t\t\t\t\t\t\t<p><b>4.1<\/b> Si le locataire ne remplit pas ses obligations en vertu du contrat de bail, le bailleur mettra le locataire en demeure de s\u2019y conformer, ce qui lui accordera un d\u00e9lai raisonnable pour s\u2019y conformer, \u00e0 moins que l\u2019ex\u00e9cution ne soit (par nature) d\u00e9finitivement impossible. Si la mise en conformit\u00e9 est d\u00e9finitivement impossible, ou si la mise en conformit\u00e9 en temps opportun n\u2019est toujours pas fournie apr\u00e8s la mise en demeure, le bailleur peut : <\/p><p><b>4.1.1<\/b> r\u00e9silier le bail pr\u00e9matur\u00e9ment ; et\/ou<\/p><p><b>4.1.2<\/b> Imposer au locataire une p\u00e9nalit\u00e9 imm\u00e9diatement exigible de 2.000 euros.  <\/p>\t\t\t\t\t\t\t\t<\/div>\n\t\t\t\t<\/div>\n\t\t\t\t<div class=\"elementor-element elementor-element-e68775d elementor-widget elementor-widget-heading\" data-id=\"e68775d\" data-element_type=\"widget\" data-e-type=\"widget\" data-widget_type=\"heading.default\">\n\t\t\t\t<div class=\"elementor-widget-container\">\n\t\t\t\t\t<h3 class=\"elementor-heading-title elementor-size-default\">5. Fin du bail et livraison<\/h3>\t\t\t\t<\/div>\n\t\t\t\t<\/div>\n\t\t\t\t<div class=\"elementor-element elementor-element-41c4bc2 elementor-widget elementor-widget-text-editor\" data-id=\"41c4bc2\" data-element_type=\"widget\" data-e-type=\"widget\" data-widget_type=\"text-editor.default\">\n\t\t\t\t<div class=\"elementor-widget-container\">\n\t\t\t\t\t\t\t\t\t<p><b>5.1<\/b> A la fin du bail, le Locataire livrera les Locaux lou\u00e9s au Bailleur dans l\u2019\u00e9tat d\u00e9crit dans le proc\u00e8s-verbal de livraison, compte tenu de l\u2019usure normale et du vieillissement.<\/p><p><b>5.2<\/b> Le bailleur se chargera lui-m\u00eame de la livraison et\/ou du retour des marchandises lou\u00e9es.<\/p><p><b>5.3<\/b> Si le locataire n\u2019a pas r\u00e9par\u00e9 les d\u00e9fauts en temps voulu et de mani\u00e8re compl\u00e8te ou n\u2019a pas livr\u00e9 le bien lou\u00e9 \u00e0 la fin du bail conform\u00e9ment aux dispositions du paragraphe 1, le bailleur a le droit de les faire ex\u00e9cuter aux frais du locataire lui-m\u00eame.<\/p><p><b>5.4<\/b> Le bail prend \u00e9galement fin en cas de cessation des paiements ou de faillite du Locataire.  <\/p>\t\t\t\t\t\t\t\t<\/div>\n\t\t\t\t<\/div>\n\t\t\t\t<div class=\"elementor-element elementor-element-24f3380 elementor-widget elementor-widget-heading\" data-id=\"24f3380\" data-element_type=\"widget\" data-e-type=\"widget\" data-widget_type=\"heading.default\">\n\t\t\t\t<div class=\"elementor-widget-container\">\n\t\t\t\t\t<h3 class=\"elementor-heading-title elementor-size-default\">6. Divers<\/h3>\t\t\t\t<\/div>\n\t\t\t\t<\/div>\n\t\t\t\t<div class=\"elementor-element elementor-element-451c2f7 elementor-widget elementor-widget-text-editor\" data-id=\"451c2f7\" data-element_type=\"widget\" data-e-type=\"widget\" data-widget_type=\"text-editor.default\">\n\t\t\t\t<div class=\"elementor-widget-container\">\n\t\t\t\t\t\t\t\t\t<p><b>6.1<\/b> Si une partie du contrat de location est nulle ou annulable, cela n\u2019affecte pas les autres dispositions du contrat de location. Dans ce cas, une disposition nulle ou annulable sera remplac\u00e9e par une disposition qui se rapproche le plus de ce que les parties avaient \u00e0 l\u2019esprit lors de la conclusion du bail sur ce point. <\/p><p><b>6.2<\/b> Le contrat de location et les pr\u00e9sentes conditions g\u00e9n\u00e9rales de location sont r\u00e9gis par le droit n\u00e9erlandais.<\/p><p><b>6.3<\/b> Tous les litiges survenus entre les parties \u00e0 la suite du bail ou en relation avec celui-ci seront soumis au tribunal d\u2019instance de Midden-Nederland.  <\/p>\t\t\t\t\t\t\t\t<\/div>\n\t\t\t\t<\/div>\n\t\t\t\t<div class=\"elementor-element elementor-element-2dfebf1 elementor-widget elementor-widget-heading\" data-id=\"2dfebf1\" data-element_type=\"widget\" data-e-type=\"widget\" data-widget_type=\"heading.default\">\n\t\t\t\t<div class=\"elementor-widget-container\">\n\t\t\t\t\t<h3 class=\"elementor-heading-title elementor-size-default\">7. Signature \u00e9lectronique<\/h3>\t\t\t\t<\/div>\n\t\t\t\t<\/div>\n\t\t\t\t<div class=\"elementor-element elementor-element-d798086 elementor-widget elementor-widget-text-editor\" data-id=\"d798086\" data-element_type=\"widget\" data-e-type=\"widget\" data-widget_type=\"text-editor.default\">\n\t\t\t\t<div class=\"elementor-widget-container\">\n\t\t\t\t\t\t\t\t\t<p><b>7.1<\/b> Les parties conviennent que le pr\u00e9sent accord peut \u00eatre sign\u00e9 \u00e9lectroniquement.<\/p><p><b>7.2<\/b> Les signatures \u00e9lectroniques plac\u00e9es en vertu du pr\u00e9sent Accord ont la m\u00eame valeur juridique et contraignante que les signatures manuscrites, conform\u00e9ment aux dispositions du R\u00e8glement eIDAS.<\/p><p><b>7.3<\/b> Les Parties reconnaissent que la signature \u00e9lectronique constitue une preuve valable de leur accord sur l\u2019objet du pr\u00e9sent Accord.<\/p><p><b>7.4<\/b> Le Vendeur et l\u2019Acheteur d\u00e9clarent que la version num\u00e9rique sign\u00e9e du pr\u00e9sent Contrat est r\u00e9put\u00e9e \u00eatre le document original.  <\/p>\t\t\t\t\t\t\t\t<\/div>\n\t\t\t\t<\/div>\n\t\t\t\t<\/div>\n\t\t\t\t\t<\/div>\n\t\t\t\t<\/div>\n\t\t\t\t<\/div>\n\t\t","protected":false},"excerpt":{"rendered":"<p>CONDITIONS G\u00c9N\u00c9RALES DE LOCATION 1. Utilisation, entretien et r\u00e9paration 1.1 Le locataire doit utiliser les locaux lou\u00e9s conform\u00e9ment \u00e0 toutes les lois et r\u00e9glementations applicables et aux exigences et r\u00e9glementations des entreprises de services publics qui fournissent du gaz, de l\u2019eau et\/ou de l\u2019\u00e9lectricit\u00e9. Il est de la responsabilit\u00e9 du locataire de fournir tous les [&hellip;]<\/p>\n","protected":false},"author":1,"featured_media":0,"parent":0,"menu_order":0,"comment_status":"closed","ping_status":"closed","template":"elementor_header_footer","meta":{"_acf_changed":false,"footnotes":""},"class_list":["post-9328","page","type-page","status-publish","hentry"],"acf":[],"yoast_head":"<!-- This site is optimized with the Yoast SEO plugin v27.5 - https:\/\/yoast.com\/product\/yoast-seo-wordpress\/ -->\n<title>Conditions g\u00e9n\u00e9rales de location - Beauty Business Holland<\/title>\n<meta name=\"robots\" content=\"index, follow, max-snippet:-1, max-image-preview:large, max-video-preview:-1\" \/>\n<link rel=\"canonical\" href=\"https:\/\/beautybusinessholland.com\/fr\/conditions-generales-de-location\/\" \/>\n<meta property=\"og:locale\" content=\"fr_FR\" \/>\n<meta property=\"og:type\" content=\"article\" \/>\n<meta property=\"og:title\" content=\"Conditions g\u00e9n\u00e9rales de location - Beauty Business Holland\" \/>\n<meta property=\"og:description\" content=\"CONDITIONS G\u00c9N\u00c9RALES DE LOCATION 1. Utilisation, entretien et r\u00e9paration 1.1 Le locataire doit utiliser les locaux lou\u00e9s conform\u00e9ment \u00e0 toutes les lois et r\u00e9glementations applicables et aux exigences et r\u00e9glementations des entreprises de services publics qui fournissent du gaz, de l\u2019eau et\/ou de l\u2019\u00e9lectricit\u00e9. Il est de la responsabilit\u00e9 du locataire de fournir tous les [&hellip;]\" \/>\n<meta property=\"og:url\" content=\"https:\/\/beautybusinessholland.com\/fr\/conditions-generales-de-location\/\" \/>\n<meta property=\"og:site_name\" content=\"Beauty Business Holland\" \/>\n<meta property=\"article:modified_time\" content=\"2025-09-02T14:26:16+00:00\" \/>\n<meta name=\"twitter:card\" content=\"summary_large_image\" \/>\n<meta name=\"twitter:label1\" content=\"Dur\u00e9e de lecture estim\u00e9e\" \/>\n\t<meta name=\"twitter:data1\" content=\"6 minutes\" \/>\n<!-- \/ Yoast SEO plugin. -->","yoast_head_json":{"title":"Conditions g\u00e9n\u00e9rales de location - Beauty Business Holland","robots":{"index":"index","follow":"follow","max-snippet":"max-snippet:-1","max-image-preview":"max-image-preview:large","max-video-preview":"max-video-preview:-1"},"canonical":"https:\/\/beautybusinessholland.com\/fr\/conditions-generales-de-location\/","og_locale":"fr_FR","og_type":"article","og_title":"Conditions g\u00e9n\u00e9rales de location - Beauty Business Holland","og_description":"CONDITIONS G\u00c9N\u00c9RALES DE LOCATION 1. Utilisation, entretien et r\u00e9paration 1.1 Le locataire doit utiliser les locaux lou\u00e9s conform\u00e9ment \u00e0 toutes les lois et r\u00e9glementations applicables et aux exigences et r\u00e9glementations des entreprises de services publics qui fournissent du gaz, de l\u2019eau et\/ou de l\u2019\u00e9lectricit\u00e9. Il est de la responsabilit\u00e9 du locataire de fournir tous les [&hellip;]","og_url":"https:\/\/beautybusinessholland.com\/fr\/conditions-generales-de-location\/","og_site_name":"Beauty Business Holland","article_modified_time":"2025-09-02T14:26:16+00:00","twitter_card":"summary_large_image","twitter_misc":{"Dur\u00e9e de lecture estim\u00e9e":"6 minutes"},"schema":{"@context":"https:\/\/schema.org","@graph":[{"@type":"WebPage","@id":"https:\/\/beautybusinessholland.com\/fr\/conditions-generales-de-location\/","url":"https:\/\/beautybusinessholland.com\/fr\/conditions-generales-de-location\/","name":"Conditions g\u00e9n\u00e9rales de location - Beauty Business Holland","isPartOf":{"@id":"https:\/\/beautybusinessholland.com\/fr\/#website"},"datePublished":"2025-05-16T11:22:09+00:00","dateModified":"2025-09-02T14:26:16+00:00","breadcrumb":{"@id":"https:\/\/beautybusinessholland.com\/fr\/conditions-generales-de-location\/#breadcrumb"},"inLanguage":"fr-FR","potentialAction":[{"@type":"ReadAction","target":["https:\/\/beautybusinessholland.com\/fr\/conditions-generales-de-location\/"]}]},{"@type":"BreadcrumbList","@id":"https:\/\/beautybusinessholland.com\/fr\/conditions-generales-de-location\/#breadcrumb","itemListElement":[{"@type":"ListItem","position":1,"name":"Domicile","item":"https:\/\/beautybusinessholland.com\/fr\/"},{"@type":"ListItem","position":2,"name":"Conditions g\u00e9n\u00e9rales de location"}]},{"@type":"WebSite","@id":"https:\/\/beautybusinessholland.com\/fr\/#website","url":"https:\/\/beautybusinessholland.com\/fr\/","name":"Beauty Business Holland","description":"Beauty &amp; Health Care","publisher":{"@id":"https:\/\/beautybusinessholland.com\/fr\/#organization"},"potentialAction":[{"@type":"SearchAction","target":{"@type":"EntryPoint","urlTemplate":"https:\/\/beautybusinessholland.com\/fr\/?s={search_term_string}"},"query-input":{"@type":"PropertyValueSpecification","valueRequired":true,"valueName":"search_term_string"}}],"inLanguage":"fr-FR"},{"@type":"Organization","@id":"https:\/\/beautybusinessholland.com\/fr\/#organization","name":"Beauty Business Holland","url":"https:\/\/beautybusinessholland.com\/fr\/","logo":{"@type":"ImageObject","inLanguage":"fr-FR","@id":"https:\/\/beautybusinessholland.com\/fr\/#\/schema\/logo\/image\/","url":"https:\/\/beautybusinessholland.com\/wp-content\/uploads\/2025\/04\/email-logo.png","contentUrl":"https:\/\/beautybusinessholland.com\/wp-content\/uploads\/2025\/04\/email-logo.png","width":300,"height":79,"caption":"Beauty Business Holland"},"image":{"@id":"https:\/\/beautybusinessholland.com\/fr\/#\/schema\/logo\/image\/"}}]}},"_links":{"self":[{"href":"https:\/\/beautybusinessholland.com\/fr\/wp-json\/wp\/v2\/pages\/9328","targetHints":{"allow":["GET"]}}],"collection":[{"href":"https:\/\/beautybusinessholland.com\/fr\/wp-json\/wp\/v2\/pages"}],"about":[{"href":"https:\/\/beautybusinessholland.com\/fr\/wp-json\/wp\/v2\/types\/page"}],"author":[{"embeddable":true,"href":"https:\/\/beautybusinessholland.com\/fr\/wp-json\/wp\/v2\/users\/1"}],"replies":[{"embeddable":true,"href":"https:\/\/beautybusinessholland.com\/fr\/wp-json\/wp\/v2\/comments?post=9328"}],"version-history":[{"count":0,"href":"https:\/\/beautybusinessholland.com\/fr\/wp-json\/wp\/v2\/pages\/9328\/revisions"}],"wp:attachment":[{"href":"https:\/\/beautybusinessholland.com\/fr\/wp-json\/wp\/v2\/media?parent=9328"}],"curies":[{"name":"wp","href":"https:\/\/api.w.org\/{rel}","templated":true}]}}