{"id":12295,"date":"2025-10-31T10:42:20","date_gmt":"2025-10-31T09:42:20","guid":{"rendered":"https:\/\/beautybusinessholland.com\/?post_type=product&#038;p=12295"},"modified":"2026-05-08T08:04:23","modified_gmt":"2026-05-08T06:04:23","slug":"alexandrite-pulsar-kopie","status":"publish","type":"product","link":"https:\/\/beautybusinessholland.com\/fr\/produit\/alexandrite-pulsar-kopie\/","title":{"rendered":"ASTERO Alex Pulse"},"content":{"rendered":"<p>L\u2019ASTERO Alex Pulse est un puissant laser alexandrite et Nd&nbsp;:YAG \u00e0 longues impulsions (2-en-1) qui fonctionne avec des longueurs d\u2019onde doubles de 755 nm et 1064 nm. Cette technologie permet d\u2019agir plus profond\u00e9ment dans la peau pour une \u00e9pilation efficace, le traitement des probl\u00e8mes vasculaires et des infections fongiques des ongles. Gr\u00e2ce \u00e0 la plage d\u2019impulsions variable (0,25 \u00e0 100 ms), aux multiples tailles de spot et \u00e0 un syst\u00e8me de refroidissement avanc\u00e9, les traitements peuvent \u00eatre effectu\u00e9s en toute s\u00e9curit\u00e9 sur tous les types de peau, y compris les peaux bronz\u00e9es et fonc\u00e9es. L\u2019ASTERO Alex Pulse combine une \u00e9nergie \u00e9lev\u00e9e avec une pr\u00e9cision, et cible \u00e0 la fois les couches superficielles et profondes de la peau, sans endommager les tissus environnants. Cela rend le syst\u00e8me id\u00e9al pour les cliniques qui exigent des r\u00e9sultats polyvalents et fiables.    <\/p>\n","protected":false},"excerpt":{"rendered":"<p>L\u2019ASTERO Alex Pulse est un puissant laser alexandrite et Nd&nbsp;:YAG \u00e0 longues impulsions (2-en-1) qui fonctionne<\/p>\n","protected":false},"featured_media":12322,"template":"","meta":{"_acf_changed":false,"footnotes":""},"product_brand":[],"product_cat":[79,87,82],"product_tag":[],"class_list":{"0":"post-12295","1":"product","2":"type-product","3":"status-publish","4":"has-post-thumbnail","6":"product_cat-alexandrite","7":"product_cat-lasers-a-diodes","8":"product_cat-tout-lequipement","10":"first","11":"instock","12":"shipping-taxable","13":"purchasable","14":"product-type-simple"},"acf":[],"yoast_head":"<!-- This site is optimized with the Yoast SEO plugin v27.5 - https:\/\/yoast.com\/product\/yoast-seo-wordpress\/ -->\n<title>Laser Alexandrite 755 nm pour salons | Voir ASTERO Alex Pulse<\/title>\n<meta name=\"description\" content=\"Vous voulez acheter un laser Alexandrite ? D\u00e9couvrez ASTERO Alex Pulse 755nm pour l\u2019\u00e9pilation au laser, le rajeunissement cutan\u00e9, la pigmentation et les traitements vasculaires.\" \/>\n<meta name=\"robots\" content=\"index, follow, max-snippet:-1, max-image-preview:large, max-video-preview:-1\" \/>\n<link rel=\"canonical\" href=\"https:\/\/beautybusinessholland.com\/fr\/produit\/alexandrite-pulsar-kopie\/\" \/>\n<meta property=\"og:locale\" content=\"fr_FR\" \/>\n<meta property=\"og:type\" content=\"article\" \/>\n<meta property=\"og:title\" content=\"Laser Alexandrite 755 nm pour salons | Voir ASTERO Alex Pulse\" \/>\n<meta property=\"og:description\" content=\"Vous voulez acheter un laser Alexandrite ? D\u00e9couvrez ASTERO Alex Pulse 755nm pour l\u2019\u00e9pilation au laser, le rajeunissement cutan\u00e9, la pigmentation et les traitements vasculaires.\" \/>\n<meta property=\"og:url\" content=\"https:\/\/beautybusinessholland.com\/fr\/produit\/alexandrite-pulsar-kopie\/\" \/>\n<meta property=\"og:site_name\" content=\"Beauty Business Holland\" \/>\n<meta property=\"article:modified_time\" content=\"2026-05-08T06:04:23+00:00\" \/>\n<meta property=\"og:image\" content=\"https:\/\/beautybusinessholland.com\/wp-content\/uploads\/2025\/10\/astero-alex-pulse-1.jpg\" \/>\n\t<meta property=\"og:image:width\" content=\"600\" \/>\n\t<meta property=\"og:image:height\" content=\"600\" \/>\n\t<meta property=\"og:image:type\" content=\"image\/jpeg\" \/>\n<meta name=\"twitter:card\" content=\"summary_large_image\" \/>\n<meta name=\"twitter:label1\" content=\"Dur\u00e9e de lecture estim\u00e9e\" \/>\n\t<meta name=\"twitter:data1\" content=\"1 minute\" \/>\n<!-- \/ Yoast SEO plugin. -->","yoast_head_json":{"title":"Laser Alexandrite 755 nm pour salons | Voir ASTERO Alex Pulse","description":"Vous voulez acheter un laser Alexandrite ? D\u00e9couvrez ASTERO Alex Pulse 755nm pour l\u2019\u00e9pilation au laser, le rajeunissement cutan\u00e9, la pigmentation et les traitements vasculaires.","robots":{"index":"index","follow":"follow","max-snippet":"max-snippet:-1","max-image-preview":"max-image-preview:large","max-video-preview":"max-video-preview:-1"},"canonical":"https:\/\/beautybusinessholland.com\/fr\/produit\/alexandrite-pulsar-kopie\/","og_locale":"fr_FR","og_type":"article","og_title":"Laser Alexandrite 755 nm pour salons | Voir ASTERO Alex Pulse","og_description":"Vous voulez acheter un laser Alexandrite ? D\u00e9couvrez ASTERO Alex Pulse 755nm pour l\u2019\u00e9pilation au laser, le rajeunissement cutan\u00e9, la pigmentation et les traitements vasculaires.","og_url":"https:\/\/beautybusinessholland.com\/fr\/produit\/alexandrite-pulsar-kopie\/","og_site_name":"Beauty Business Holland","article_modified_time":"2026-05-08T06:04:23+00:00","og_image":[{"width":600,"height":600,"url":"https:\/\/beautybusinessholland.com\/wp-content\/uploads\/2025\/10\/astero-alex-pulse-1.jpg","type":"image\/jpeg"}],"twitter_card":"summary_large_image","twitter_misc":{"Dur\u00e9e de lecture estim\u00e9e":"1 minute"},"schema":{"@context":"https:\/\/schema.org","@graph":[{"@type":"WebPage","@id":"https:\/\/beautybusinessholland.com\/fr\/produit\/alexandrite-pulsar-kopie\/","url":"https:\/\/beautybusinessholland.com\/fr\/produit\/alexandrite-pulsar-kopie\/","name":"Laser Alexandrite 755 nm pour salons | Voir ASTERO Alex Pulse","isPartOf":{"@id":"https:\/\/beautybusinessholland.com\/fr\/#website"},"primaryImageOfPage":{"@id":"https:\/\/beautybusinessholland.com\/fr\/produit\/alexandrite-pulsar-kopie\/#primaryimage"},"image":{"@id":"https:\/\/beautybusinessholland.com\/fr\/produit\/alexandrite-pulsar-kopie\/#primaryimage"},"thumbnailUrl":"https:\/\/beautybusinessholland.com\/wp-content\/uploads\/2025\/10\/astero-alex-pulse-1.jpg","datePublished":"2025-10-31T09:42:20+00:00","dateModified":"2026-05-08T06:04:23+00:00","description":"Vous voulez acheter un laser Alexandrite ? D\u00e9couvrez ASTERO Alex Pulse 755nm pour l\u2019\u00e9pilation au laser, le rajeunissement cutan\u00e9, la pigmentation et les traitements vasculaires.","breadcrumb":{"@id":"https:\/\/beautybusinessholland.com\/fr\/produit\/alexandrite-pulsar-kopie\/#breadcrumb"},"inLanguage":"fr-FR","potentialAction":[{"@type":"ReadAction","target":["https:\/\/beautybusinessholland.com\/fr\/produit\/alexandrite-pulsar-kopie\/"]}]},{"@type":"ImageObject","inLanguage":"fr-FR","@id":"https:\/\/beautybusinessholland.com\/fr\/produit\/alexandrite-pulsar-kopie\/#primaryimage","url":"https:\/\/beautybusinessholland.com\/wp-content\/uploads\/2025\/10\/astero-alex-pulse-1.jpg","contentUrl":"https:\/\/beautybusinessholland.com\/wp-content\/uploads\/2025\/10\/astero-alex-pulse-1.jpg","width":600,"height":600},{"@type":"BreadcrumbList","@id":"https:\/\/beautybusinessholland.com\/fr\/produit\/alexandrite-pulsar-kopie\/#breadcrumb","itemListElement":[{"@type":"ListItem","position":1,"name":"Domicile","item":"https:\/\/beautybusinessholland.com\/fr\/"},{"@type":"ListItem","position":2,"name":"Boutique","item":"https:\/\/beautybusinessholland.com\/fr\/boutique\/"},{"@type":"ListItem","position":3,"name":"ASTERO Alex Pulse"}]},{"@type":"WebSite","@id":"https:\/\/beautybusinessholland.com\/fr\/#website","url":"https:\/\/beautybusinessholland.com\/fr\/","name":"Beauty Business Holland","description":"Beauty &amp; Health Care","publisher":{"@id":"https:\/\/beautybusinessholland.com\/fr\/#organization"},"potentialAction":[{"@type":"SearchAction","target":{"@type":"EntryPoint","urlTemplate":"https:\/\/beautybusinessholland.com\/fr\/?s={search_term_string}"},"query-input":{"@type":"PropertyValueSpecification","valueRequired":true,"valueName":"search_term_string"}}],"inLanguage":"fr-FR"},{"@type":"Organization","@id":"https:\/\/beautybusinessholland.com\/fr\/#organization","name":"Beauty Business Holland","url":"https:\/\/beautybusinessholland.com\/fr\/","logo":{"@type":"ImageObject","inLanguage":"fr-FR","@id":"https:\/\/beautybusinessholland.com\/fr\/#\/schema\/logo\/image\/","url":"https:\/\/beautybusinessholland.com\/wp-content\/uploads\/2025\/04\/email-logo.png","contentUrl":"https:\/\/beautybusinessholland.com\/wp-content\/uploads\/2025\/04\/email-logo.png","width":300,"height":79,"caption":"Beauty Business Holland"},"image":{"@id":"https:\/\/beautybusinessholland.com\/fr\/#\/schema\/logo\/image\/"}}]}},"_links":{"self":[{"href":"https:\/\/beautybusinessholland.com\/fr\/wp-json\/wp\/v2\/product\/12295","targetHints":{"allow":["GET"]}}],"collection":[{"href":"https:\/\/beautybusinessholland.com\/fr\/wp-json\/wp\/v2\/product"}],"about":[{"href":"https:\/\/beautybusinessholland.com\/fr\/wp-json\/wp\/v2\/types\/product"}],"version-history":[{"count":1,"href":"https:\/\/beautybusinessholland.com\/fr\/wp-json\/wp\/v2\/product\/12295\/revisions"}],"predecessor-version":[{"id":15547,"href":"https:\/\/beautybusinessholland.com\/fr\/wp-json\/wp\/v2\/product\/12295\/revisions\/15547"}],"wp:featuredmedia":[{"embeddable":true,"href":"https:\/\/beautybusinessholland.com\/fr\/wp-json\/wp\/v2\/media\/12322"}],"wp:attachment":[{"href":"https:\/\/beautybusinessholland.com\/fr\/wp-json\/wp\/v2\/media?parent=12295"}],"wp:term":[{"taxonomy":"product_brand","embeddable":true,"href":"https:\/\/beautybusinessholland.com\/fr\/wp-json\/wp\/v2\/product_brand?post=12295"},{"taxonomy":"product_cat","embeddable":true,"href":"https:\/\/beautybusinessholland.com\/fr\/wp-json\/wp\/v2\/product_cat?post=12295"},{"taxonomy":"product_tag","embeddable":true,"href":"https:\/\/beautybusinessholland.com\/fr\/wp-json\/wp\/v2\/product_tag?post=12295"}],"curies":[{"name":"wp","href":"https:\/\/api.w.org\/{rel}","templated":true}]}}