{"id":12336,"date":"2025-10-31T11:23:46","date_gmt":"2025-10-31T10:23:46","guid":{"rendered":"https:\/\/beautybusinessholland.com\/?post_type=product&#038;p=12336"},"modified":"2026-03-27T13:12:10","modified_gmt":"2026-03-27T12:12:10","slug":"picosecond-laser-platina-kopie","status":"publish","type":"product","link":"https:\/\/beautybusinessholland.com\/fr\/produit\/picosecond-laser-platina-kopie\/","title":{"rendered":"PICOSECOND LASER GOLD"},"content":{"rendered":"<p>Le PicoSecond Gold est un puissant pico laser qui fonctionne avec une dur\u00e9e d\u2019impulsion ultra-courte de seulement 6 picosecondes. Cette technologie offre une action photom\u00e9canique explosive sur le pigment sans endommager le tissu environnant, conduisant \u00e0 des traitements tr\u00e8s efficaces avec un temps d\u2019arr\u00eat minimal. Gr\u00e2ce aux doubles longueurs d\u2019onde de 1064 nm et 532 nm, le PicoSecond Gold convient \u00e0 une large gamme d\u2019indications, allant de la suppression des tatouages aux traitements pigmentaires en passant par le rajeunissement de la peau. La lumi\u00e8re avanc\u00e9e de vis\u00e9e, l\u2019\u00e9cran tactile facile \u00e0 utiliser et les r\u00e9glages de puissance flexibles rendent ce syst\u00e8me populaire aupr\u00e8s des professionnels du monde entier.   <\/p>\n","protected":false},"excerpt":{"rendered":"<p>Le PicoSecond Gold est un puissant pico laser qui fonctionne avec une dur\u00e9e d\u2019impulsion ultra-courte de seulement 6 nanosecondes.<\/p>\n","protected":false},"featured_media":8055,"template":"","meta":{"_acf_changed":false,"footnotes":""},"product_brand":[],"product_cat":[84,82],"product_tag":[],"class_list":{"0":"post-12336","1":"product","2":"type-product","3":"status-publish","4":"has-post-thumbnail","6":"product_cat-picoseconde-yag","7":"product_cat-tout-lequipement","9":"first","10":"instock","11":"shipping-taxable","12":"purchasable","13":"product-type-simple"},"acf":[],"yoast_head":"<!-- This site is optimized with the Yoast SEO plugin v27.5 - https:\/\/yoast.com\/product\/yoast-seo-wordpress\/ -->\n<title>Achetez un laser picoseconde \u2013 Tatouage, pigment, peeling au carbone | Beauty Business Holland<\/title>\n<meta name=\"description\" content=\"Achetez un laser professionnel \u00e0 la picoseconde pour l\u2019\u00e9limination des tatouages et les traitements pigmentaires. Le PicoSecond Gold offre des impulsions ultra-courtes puissantes et une grande pr\u00e9cision.\" \/>\n<meta name=\"robots\" content=\"index, follow, max-snippet:-1, max-image-preview:large, max-video-preview:-1\" \/>\n<link rel=\"canonical\" href=\"https:\/\/beautybusinessholland.com\/fr\/produit\/picosecond-laser-platina-kopie\/\" \/>\n<meta property=\"og:locale\" content=\"fr_FR\" \/>\n<meta property=\"og:type\" content=\"article\" \/>\n<meta property=\"og:title\" content=\"Achetez un laser picoseconde \u2013 Tatouage, pigment, peeling au carbone | Beauty Business Holland\" \/>\n<meta property=\"og:description\" content=\"Achetez un laser professionnel \u00e0 la picoseconde pour l\u2019\u00e9limination des tatouages et les traitements pigmentaires. Le PicoSecond Gold offre des impulsions ultra-courtes puissantes et une grande pr\u00e9cision.\" \/>\n<meta property=\"og:url\" content=\"https:\/\/beautybusinessholland.com\/fr\/produit\/picosecond-laser-platina-kopie\/\" \/>\n<meta property=\"og:site_name\" content=\"Beauty Business Holland\" \/>\n<meta property=\"article:modified_time\" content=\"2026-03-27T12:12:10+00:00\" \/>\n<meta property=\"og:image\" content=\"https:\/\/beautybusinessholland.com\/wp-content\/uploads\/2025\/04\/pico-laser-2.webp\" \/>\n\t<meta property=\"og:image:width\" content=\"600\" \/>\n\t<meta property=\"og:image:height\" content=\"600\" \/>\n\t<meta property=\"og:image:type\" content=\"image\/webp\" \/>\n<meta name=\"twitter:card\" content=\"summary_large_image\" \/>\n<meta name=\"twitter:label1\" content=\"Dur\u00e9e de lecture estim\u00e9e\" \/>\n\t<meta name=\"twitter:data1\" content=\"2 minutes\" \/>\n<!-- \/ Yoast SEO plugin. -->","yoast_head_json":{"title":"Achetez un laser picoseconde \u2013 Tatouage, pigment, peeling au carbone | Beauty Business Holland","description":"Achetez un laser professionnel \u00e0 la picoseconde pour l\u2019\u00e9limination des tatouages et les traitements pigmentaires. Le PicoSecond Gold offre des impulsions ultra-courtes puissantes et une grande pr\u00e9cision.","robots":{"index":"index","follow":"follow","max-snippet":"max-snippet:-1","max-image-preview":"max-image-preview:large","max-video-preview":"max-video-preview:-1"},"canonical":"https:\/\/beautybusinessholland.com\/fr\/produit\/picosecond-laser-platina-kopie\/","og_locale":"fr_FR","og_type":"article","og_title":"Achetez un laser picoseconde \u2013 Tatouage, pigment, peeling au carbone | Beauty Business Holland","og_description":"Achetez un laser professionnel \u00e0 la picoseconde pour l\u2019\u00e9limination des tatouages et les traitements pigmentaires. Le PicoSecond Gold offre des impulsions ultra-courtes puissantes et une grande pr\u00e9cision.","og_url":"https:\/\/beautybusinessholland.com\/fr\/produit\/picosecond-laser-platina-kopie\/","og_site_name":"Beauty Business Holland","article_modified_time":"2026-03-27T12:12:10+00:00","og_image":[{"width":600,"height":600,"url":"https:\/\/beautybusinessholland.com\/wp-content\/uploads\/2025\/04\/pico-laser-2.webp","type":"image\/webp"}],"twitter_card":"summary_large_image","twitter_misc":{"Dur\u00e9e de lecture estim\u00e9e":"2 minutes"},"schema":{"@context":"https:\/\/schema.org","@graph":[{"@type":"WebPage","@id":"https:\/\/beautybusinessholland.com\/fr\/produit\/picosecond-laser-platina-kopie\/","url":"https:\/\/beautybusinessholland.com\/fr\/produit\/picosecond-laser-platina-kopie\/","name":"Achetez un laser picoseconde \u2013 Tatouage, pigment, peeling au carbone | Beauty Business Holland","isPartOf":{"@id":"https:\/\/beautybusinessholland.com\/fr\/#website"},"primaryImageOfPage":{"@id":"https:\/\/beautybusinessholland.com\/fr\/produit\/picosecond-laser-platina-kopie\/#primaryimage"},"image":{"@id":"https:\/\/beautybusinessholland.com\/fr\/produit\/picosecond-laser-platina-kopie\/#primaryimage"},"thumbnailUrl":"https:\/\/beautybusinessholland.com\/wp-content\/uploads\/2025\/04\/pico-laser-2.webp","datePublished":"2025-10-31T10:23:46+00:00","dateModified":"2026-03-27T12:12:10+00:00","description":"Achetez un laser professionnel \u00e0 la picoseconde pour l\u2019\u00e9limination des tatouages et les traitements pigmentaires. Le PicoSecond Gold offre des impulsions ultra-courtes puissantes et une grande pr\u00e9cision.","breadcrumb":{"@id":"https:\/\/beautybusinessholland.com\/fr\/produit\/picosecond-laser-platina-kopie\/#breadcrumb"},"inLanguage":"fr-FR","potentialAction":[{"@type":"ReadAction","target":["https:\/\/beautybusinessholland.com\/fr\/produit\/picosecond-laser-platina-kopie\/"]}]},{"@type":"ImageObject","inLanguage":"fr-FR","@id":"https:\/\/beautybusinessholland.com\/fr\/produit\/picosecond-laser-platina-kopie\/#primaryimage","url":"https:\/\/beautybusinessholland.com\/wp-content\/uploads\/2025\/04\/pico-laser-2.webp","contentUrl":"https:\/\/beautybusinessholland.com\/wp-content\/uploads\/2025\/04\/pico-laser-2.webp","width":600,"height":600},{"@type":"BreadcrumbList","@id":"https:\/\/beautybusinessholland.com\/fr\/produit\/picosecond-laser-platina-kopie\/#breadcrumb","itemListElement":[{"@type":"ListItem","position":1,"name":"Domicile","item":"https:\/\/beautybusinessholland.com\/fr\/entreprise-de-beaute-hollande\/"},{"@type":"ListItem","position":2,"name":"Boutique","item":"https:\/\/beautybusinessholland.com\/fr\/boutique\/"},{"@type":"ListItem","position":3,"name":"PICOSECOND LASER GOLD"}]},{"@type":"WebSite","@id":"https:\/\/beautybusinessholland.com\/fr\/#website","url":"https:\/\/beautybusinessholland.com\/fr\/","name":"Beauty Business Holland","description":"Beauty &amp; Health Care","publisher":{"@id":"https:\/\/beautybusinessholland.com\/fr\/#organization"},"potentialAction":[{"@type":"SearchAction","target":{"@type":"EntryPoint","urlTemplate":"https:\/\/beautybusinessholland.com\/fr\/?s={search_term_string}"},"query-input":{"@type":"PropertyValueSpecification","valueRequired":true,"valueName":"search_term_string"}}],"inLanguage":"fr-FR"},{"@type":"Organization","@id":"https:\/\/beautybusinessholland.com\/fr\/#organization","name":"Beauty Business Holland","url":"https:\/\/beautybusinessholland.com\/fr\/","logo":{"@type":"ImageObject","inLanguage":"fr-FR","@id":"https:\/\/beautybusinessholland.com\/fr\/#\/schema\/logo\/image\/","url":"https:\/\/beautybusinessholland.com\/wp-content\/uploads\/2025\/04\/email-logo.png","contentUrl":"https:\/\/beautybusinessholland.com\/wp-content\/uploads\/2025\/04\/email-logo.png","width":300,"height":79,"caption":"Beauty Business Holland"},"image":{"@id":"https:\/\/beautybusinessholland.com\/fr\/#\/schema\/logo\/image\/"}}]}},"_links":{"self":[{"href":"https:\/\/beautybusinessholland.com\/fr\/wp-json\/wp\/v2\/product\/12336","targetHints":{"allow":["GET"]}}],"collection":[{"href":"https:\/\/beautybusinessholland.com\/fr\/wp-json\/wp\/v2\/product"}],"about":[{"href":"https:\/\/beautybusinessholland.com\/fr\/wp-json\/wp\/v2\/types\/product"}],"version-history":[{"count":0,"href":"https:\/\/beautybusinessholland.com\/fr\/wp-json\/wp\/v2\/product\/12336\/revisions"}],"wp:featuredmedia":[{"embeddable":true,"href":"https:\/\/beautybusinessholland.com\/fr\/wp-json\/wp\/v2\/media\/8055"}],"wp:attachment":[{"href":"https:\/\/beautybusinessholland.com\/fr\/wp-json\/wp\/v2\/media?parent=12336"}],"wp:term":[{"taxonomy":"product_brand","embeddable":true,"href":"https:\/\/beautybusinessholland.com\/fr\/wp-json\/wp\/v2\/product_brand?post=12336"},{"taxonomy":"product_cat","embeddable":true,"href":"https:\/\/beautybusinessholland.com\/fr\/wp-json\/wp\/v2\/product_cat?post=12336"},{"taxonomy":"product_tag","embeddable":true,"href":"https:\/\/beautybusinessholland.com\/fr\/wp-json\/wp\/v2\/product_tag?post=12336"}],"curies":[{"name":"wp","href":"https:\/\/api.w.org\/{rel}","templated":true}]}}