{"id":13984,"date":"2026-02-26T13:58:24","date_gmt":"2026-02-26T12:58:24","guid":{"rendered":"https:\/\/beautybusinessholland.com\/?post_type=product&#038;p=13984"},"modified":"2026-02-26T14:07:11","modified_gmt":"2026-02-26T13:07:11","slug":"astero-frax-co2-kopie","status":"publish","type":"product","link":"https:\/\/beautybusinessholland.com\/fr\/produit\/astero-frax-co2-kopie\/","title":{"rendered":"Frax Co2 Korea"},"content":{"rendered":"<p data-start=\"98\" data-end=\"573\">Le Frax CO\u2082 Korea est un laser m\u00e9dical avanc\u00e9 au CO\u2082 pour le rajeunissement cutan\u00e9, l\u2019am\u00e9lioration de la peau et les applications chirurgicales. Ce laser de haute qualit\u00e9 est fabriqu\u00e9 \u00e0 100 % en Cor\u00e9e du Sud et est reconnu pour sa fiabilit\u00e9, sa pr\u00e9cision et ses r\u00e9sultats cliniques. Gr\u00e2ce \u00e0 la puissante technologie CO\u2082 de 10 600 nm, le laser peut provoquer des micro-d\u00e9g\u00e2ts contr\u00f4l\u00e9s dans la peau, stimulant une production intensive de collag\u00e8ne et renouvelant visiblement la peau.  <\/p>\n<p data-start=\"575\" data-end=\"796\">La machine propose plusieurs modes de traitement, incluant une utilisation fractionn\u00e9e, chirurgicale et gyn\u00e9cologique optionnelle. Cela en fait une solution polyvalente et tout-en-un pour les cliniques professionnelles et les salons haut de gamme. <\/p>\n<p data-start=\"798\" data-end=\"985\">Le Frax CO\u2082 Cor\u00e9e respecte les r\u00e9glementations europ\u00e9ennes les plus strictes et poss\u00e8de le certificat obligatoire MDR 2028, garantissant un investissement \u00e0 l\u2019\u00e9preuve de l\u2019avenir.<\/p>\n<p>Pi\u00e8ce vaginale optionnelle pour 1 000 EUR.<\/p>\n","protected":false},"excerpt":{"rendered":"<p>Le Frax Co2 Korea est un syst\u00e8me laser fractionnaire CO\u2082 avanc\u00e9 qui fonctionne \u00e0 une longueur d\u2019onde de 10 600<\/p>\n","protected":false},"featured_media":14001,"template":"","meta":{"_acf_changed":false,"footnotes":""},"product_brand":[],"product_cat":[93,82],"product_tag":[],"class_list":{"0":"post-13984","1":"product","2":"type-product","3":"status-publish","4":"has-post-thumbnail","6":"product_cat-lasers-a-co2","7":"product_cat-tout-lequipement","9":"first","10":"instock","11":"sale","12":"shipping-taxable","13":"purchasable","14":"product-type-simple"},"acf":[],"yoast_head":"<!-- This site is optimized with the Yoast SEO plugin v27.3 - https:\/\/yoast.com\/product\/yoast-seo-wordpress\/ -->\n<title>Frax Co2 Korea - Beauty Business Holland<\/title>\n<meta name=\"robots\" content=\"index, follow, max-snippet:-1, max-image-preview:large, max-video-preview:-1\" \/>\n<link rel=\"canonical\" href=\"https:\/\/beautybusinessholland.com\/fr\/produit\/astero-frax-co2-kopie\/\" \/>\n<meta property=\"og:locale\" content=\"fr_FR\" \/>\n<meta property=\"og:type\" content=\"article\" \/>\n<meta property=\"og:title\" content=\"Frax Co2 Korea - Beauty Business Holland\" \/>\n<meta property=\"og:description\" content=\"Le Frax Co2 Korea est un syst\u00e8me laser fractionnaire CO\u2082 avanc\u00e9 qui fonctionne \u00e0 une longueur d\u2019onde de 10 600\" \/>\n<meta property=\"og:url\" content=\"https:\/\/beautybusinessholland.com\/fr\/produit\/astero-frax-co2-kopie\/\" \/>\n<meta property=\"og:site_name\" content=\"Beauty Business Holland\" \/>\n<meta property=\"article:modified_time\" content=\"2026-02-26T13:07:11+00:00\" \/>\n<meta property=\"og:image\" content=\"https:\/\/beautybusinessholland.com\/wp-content\/uploads\/2026\/02\/506128fc-f8d9-4221-9e3c-e4967ed7deec-1.jpg\" \/>\n\t<meta property=\"og:image:width\" content=\"1492\" \/>\n\t<meta property=\"og:image:height\" content=\"2048\" \/>\n\t<meta property=\"og:image:type\" content=\"image\/jpeg\" \/>\n<meta name=\"twitter:card\" content=\"summary_large_image\" \/>\n<meta name=\"twitter:label1\" content=\"Dur\u00e9e de lecture estim\u00e9e\" \/>\n\t<meta name=\"twitter:data1\" content=\"1 minute\" \/>\n<!-- \/ Yoast SEO plugin. -->","yoast_head_json":{"title":"Frax Co2 Korea - Beauty Business Holland","robots":{"index":"index","follow":"follow","max-snippet":"max-snippet:-1","max-image-preview":"max-image-preview:large","max-video-preview":"max-video-preview:-1"},"canonical":"https:\/\/beautybusinessholland.com\/fr\/produit\/astero-frax-co2-kopie\/","og_locale":"fr_FR","og_type":"article","og_title":"Frax Co2 Korea - Beauty Business Holland","og_description":"Le Frax Co2 Korea est un syst\u00e8me laser fractionnaire CO\u2082 avanc\u00e9 qui fonctionne \u00e0 une longueur d\u2019onde de 10 600","og_url":"https:\/\/beautybusinessholland.com\/fr\/produit\/astero-frax-co2-kopie\/","og_site_name":"Beauty Business Holland","article_modified_time":"2026-02-26T13:07:11+00:00","og_image":[{"width":1492,"height":2048,"url":"https:\/\/beautybusinessholland.com\/wp-content\/uploads\/2026\/02\/506128fc-f8d9-4221-9e3c-e4967ed7deec-1.jpg","type":"image\/jpeg"}],"twitter_card":"summary_large_image","twitter_misc":{"Dur\u00e9e de lecture estim\u00e9e":"1 minute"},"schema":{"@context":"https:\/\/schema.org","@graph":[{"@type":"WebPage","@id":"https:\/\/beautybusinessholland.com\/fr\/produit\/astero-frax-co2-kopie\/","url":"https:\/\/beautybusinessholland.com\/fr\/produit\/astero-frax-co2-kopie\/","name":"Frax Co2 Korea - Beauty Business Holland","isPartOf":{"@id":"https:\/\/beautybusinessholland.com\/fr\/#website"},"primaryImageOfPage":{"@id":"https:\/\/beautybusinessholland.com\/fr\/produit\/astero-frax-co2-kopie\/#primaryimage"},"image":{"@id":"https:\/\/beautybusinessholland.com\/fr\/produit\/astero-frax-co2-kopie\/#primaryimage"},"thumbnailUrl":"https:\/\/beautybusinessholland.com\/wp-content\/uploads\/2026\/02\/506128fc-f8d9-4221-9e3c-e4967ed7deec-1.jpg","datePublished":"2026-02-26T12:58:24+00:00","dateModified":"2026-02-26T13:07:11+00:00","breadcrumb":{"@id":"https:\/\/beautybusinessholland.com\/fr\/produit\/astero-frax-co2-kopie\/#breadcrumb"},"inLanguage":"fr-FR","potentialAction":[{"@type":"ReadAction","target":["https:\/\/beautybusinessholland.com\/fr\/produit\/astero-frax-co2-kopie\/"]}]},{"@type":"ImageObject","inLanguage":"fr-FR","@id":"https:\/\/beautybusinessholland.com\/fr\/produit\/astero-frax-co2-kopie\/#primaryimage","url":"https:\/\/beautybusinessholland.com\/wp-content\/uploads\/2026\/02\/506128fc-f8d9-4221-9e3c-e4967ed7deec-1.jpg","contentUrl":"https:\/\/beautybusinessholland.com\/wp-content\/uploads\/2026\/02\/506128fc-f8d9-4221-9e3c-e4967ed7deec-1.jpg","width":1492,"height":2048},{"@type":"BreadcrumbList","@id":"https:\/\/beautybusinessholland.com\/fr\/produit\/astero-frax-co2-kopie\/#breadcrumb","itemListElement":[{"@type":"ListItem","position":1,"name":"Domicile","item":"https:\/\/beautybusinessholland.com\/fr\/entreprise-de-beaute-hollande\/"},{"@type":"ListItem","position":2,"name":"Boutique","item":"https:\/\/beautybusinessholland.com\/fr\/boutique\/"},{"@type":"ListItem","position":3,"name":"Frax Co2 Korea"}]},{"@type":"WebSite","@id":"https:\/\/beautybusinessholland.com\/fr\/#website","url":"https:\/\/beautybusinessholland.com\/fr\/","name":"Beauty Business Holland","description":"Beauty &amp; Health Care","publisher":{"@id":"https:\/\/beautybusinessholland.com\/fr\/#organization"},"potentialAction":[{"@type":"SearchAction","target":{"@type":"EntryPoint","urlTemplate":"https:\/\/beautybusinessholland.com\/fr\/?s={search_term_string}"},"query-input":{"@type":"PropertyValueSpecification","valueRequired":true,"valueName":"search_term_string"}}],"inLanguage":"fr-FR"},{"@type":"Organization","@id":"https:\/\/beautybusinessholland.com\/fr\/#organization","name":"Beauty Business Holland","url":"https:\/\/beautybusinessholland.com\/fr\/","logo":{"@type":"ImageObject","inLanguage":"fr-FR","@id":"https:\/\/beautybusinessholland.com\/fr\/#\/schema\/logo\/image\/","url":"https:\/\/beautybusinessholland.com\/wp-content\/uploads\/2025\/04\/email-logo.png","contentUrl":"https:\/\/beautybusinessholland.com\/wp-content\/uploads\/2025\/04\/email-logo.png","width":300,"height":79,"caption":"Beauty Business Holland"},"image":{"@id":"https:\/\/beautybusinessholland.com\/fr\/#\/schema\/logo\/image\/"}}]}},"_links":{"self":[{"href":"https:\/\/beautybusinessholland.com\/fr\/wp-json\/wp\/v2\/product\/13984","targetHints":{"allow":["GET"]}}],"collection":[{"href":"https:\/\/beautybusinessholland.com\/fr\/wp-json\/wp\/v2\/product"}],"about":[{"href":"https:\/\/beautybusinessholland.com\/fr\/wp-json\/wp\/v2\/types\/product"}],"version-history":[{"count":0,"href":"https:\/\/beautybusinessholland.com\/fr\/wp-json\/wp\/v2\/product\/13984\/revisions"}],"wp:featuredmedia":[{"embeddable":true,"href":"https:\/\/beautybusinessholland.com\/fr\/wp-json\/wp\/v2\/media\/14001"}],"wp:attachment":[{"href":"https:\/\/beautybusinessholland.com\/fr\/wp-json\/wp\/v2\/media?parent=13984"}],"wp:term":[{"taxonomy":"product_brand","embeddable":true,"href":"https:\/\/beautybusinessholland.com\/fr\/wp-json\/wp\/v2\/product_brand?post=13984"},{"taxonomy":"product_cat","embeddable":true,"href":"https:\/\/beautybusinessholland.com\/fr\/wp-json\/wp\/v2\/product_cat?post=13984"},{"taxonomy":"product_tag","embeddable":true,"href":"https:\/\/beautybusinessholland.com\/fr\/wp-json\/wp\/v2\/product_tag?post=13984"}],"curies":[{"name":"wp","href":"https:\/\/api.w.org\/{rel}","templated":true}]}}