{"id":14513,"date":"2026-04-09T14:43:50","date_gmt":"2026-04-09T12:43:50","guid":{"rendered":"https:\/\/beautybusinessholland.com\/?post_type=product&#038;p=14513"},"modified":"2026-04-09T15:26:43","modified_gmt":"2026-04-09T13:26:43","slug":"medisco-skinbooster-hyaluronzuur-kopie","status":"publish","type":"product","link":"https:\/\/beautybusinessholland.com\/fr\/produit\/medisco-skinbooster-hyaluronzuur-kopie\/","title":{"rendered":"MEDISCO SKINBOOSTER PDRN EXO"},"content":{"rendered":"<p>Maintenant, les deux ingr\u00e9dients les plus puissants dans une m\u00eame formule \u2013 Exosome de raisin et PDRN combin\u00e9s pour des r\u00e9sultats optimaux !<\/p>\n<p>Un puissant booster contenant 5 000 PPM PDRN (ADN sodique) et exosomes de raisin, qui favorisent la r\u00e9g\u00e9n\u00e9ration cutan\u00e9e, l\u2019\u00e9lasticit\u00e9 et la r\u00e9paration de la barri\u00e8re cutan\u00e9e.<br \/>\nAHA + PHA affine doucement la texture de la peau, tandis qu\u2019un complexe d\u2019acide hyaluronique multimol\u00e9culaire procure une hydratation profonde et durable.<\/p>\n<p>Adapt\u00e9 aux types de peau :<\/p>\n<p>* Production excessive de s\u00e9bum et accumulation de cellules<br \/>\n mortes* Pores<br \/>\n bouch\u00e9s ou dilat\u00e9s* Peau sujette aux points noirs et impuret\u00e9s<br \/>\n* Peau<br \/>\n irrit\u00e9e ou sujette \u00e0 l\u2019acn\u00e9* Peau<br \/>\n s\u00e8che, d\u00e9shydrat\u00e9e ou sensible* Barri\u00e8re cutan\u00e9e affaiblie n\u00e9cessitant r\u00e9paration et hydratation<br \/>\n* Texture terne, rugueuse ou in\u00e9gale<\/p>\n<p>Avantages :<\/p>\n<p>* Stimule la r\u00e9g\u00e9n\u00e9ration et l\u2019\u00e9lasticit\u00e9<br \/>\n de la peau * Affine la peau<br \/>\n rugueuse et irr\u00e9guli\u00e8re * Hydratation profonde et r\u00e9tention<br \/>\n d\u2019hydratation * \u00c9claircit la peau<br \/>\n terne et fatigu\u00e9e * Protection antioxydante pour un \u00e9clat<br \/>\n juv\u00e9nile* Apaise la peau sensible ou facilement irritable<\/p>\n<p>PDRN \u00b7 Exosome du raisin \u00b7 AHA \u00b7 PHA \u00b7 Complexe d\u2019acide hyaluronique<\/p>\n","protected":false},"excerpt":{"rendered":"<p>Maintenant, les deux ingr\u00e9dients les plus puissants dans une m\u00eame formule \u2013 Exosome de raisin et PDRN combin\u00e9s pour des r\u00e9sultats optimaux ! Un puissant booster contenant 5 000 PPM PDRN (ADN sodique) et exosomes de raisin, qui favorisent la r\u00e9g\u00e9n\u00e9ration cutan\u00e9e, l\u2019\u00e9lasticit\u00e9 et la r\u00e9paration de la barri\u00e8re cutan\u00e9e. AHA + PHA affine doucement [&hellip;]<\/p>\n","protected":false},"featured_media":14550,"template":"","meta":{"_acf_changed":false,"footnotes":""},"product_brand":[],"product_cat":[100],"product_tag":[],"class_list":{"0":"post-14513","1":"product","2":"type-product","3":"status-publish","4":"has-post-thumbnail","6":"product_cat-cosmetiques-coreens","8":"first","9":"instock","10":"shipping-taxable","11":"purchasable","12":"product-type-simple"},"acf":[],"yoast_head":"<!-- This site is optimized with the Yoast SEO plugin v27.3 - https:\/\/yoast.com\/product\/yoast-seo-wordpress\/ -->\n<title>MEDISCO SKINBOOSTER PDRN EXO - Beauty Business Holland<\/title>\n<meta name=\"robots\" content=\"index, follow, max-snippet:-1, max-image-preview:large, max-video-preview:-1\" \/>\n<link rel=\"canonical\" href=\"https:\/\/beautybusinessholland.com\/fr\/produit\/medisco-skinbooster-hyaluronzuur-kopie\/\" \/>\n<meta property=\"og:locale\" content=\"fr_FR\" \/>\n<meta property=\"og:type\" content=\"article\" \/>\n<meta property=\"og:title\" content=\"MEDISCO SKINBOOSTER PDRN EXO - Beauty Business Holland\" \/>\n<meta property=\"og:description\" content=\"Maintenant, les deux ingr\u00e9dients les plus puissants dans une m\u00eame formule \u2013 Exosome de raisin et PDRN combin\u00e9s pour des r\u00e9sultats optimaux ! Un puissant booster contenant 5 000 PPM PDRN (ADN sodique) et exosomes de raisin, qui favorisent la r\u00e9g\u00e9n\u00e9ration cutan\u00e9e, l\u2019\u00e9lasticit\u00e9 et la r\u00e9paration de la barri\u00e8re cutan\u00e9e. AHA + PHA affine doucement [&hellip;]\" \/>\n<meta property=\"og:url\" content=\"https:\/\/beautybusinessholland.com\/fr\/produit\/medisco-skinbooster-hyaluronzuur-kopie\/\" \/>\n<meta property=\"og:site_name\" content=\"Beauty Business Holland\" \/>\n<meta property=\"article:modified_time\" content=\"2026-04-09T13:26:43+00:00\" \/>\n<meta property=\"og:image\" content=\"https:\/\/beautybusinessholland.com\/wp-content\/uploads\/2026\/04\/WhatsApp-Image-2026-04-09-at-15.21.45-1.jpeg\" \/>\n\t<meta property=\"og:image:width\" content=\"1235\" \/>\n\t<meta property=\"og:image:height\" content=\"1225\" \/>\n\t<meta property=\"og:image:type\" content=\"image\/jpeg\" \/>\n<meta name=\"twitter:card\" content=\"summary_large_image\" \/>\n<meta name=\"twitter:label1\" content=\"Dur\u00e9e de lecture estim\u00e9e\" \/>\n\t<meta name=\"twitter:data1\" content=\"1 minute\" \/>\n<!-- \/ Yoast SEO plugin. -->","yoast_head_json":{"title":"MEDISCO SKINBOOSTER PDRN EXO - Beauty Business Holland","robots":{"index":"index","follow":"follow","max-snippet":"max-snippet:-1","max-image-preview":"max-image-preview:large","max-video-preview":"max-video-preview:-1"},"canonical":"https:\/\/beautybusinessholland.com\/fr\/produit\/medisco-skinbooster-hyaluronzuur-kopie\/","og_locale":"fr_FR","og_type":"article","og_title":"MEDISCO SKINBOOSTER PDRN EXO - Beauty Business Holland","og_description":"Maintenant, les deux ingr\u00e9dients les plus puissants dans une m\u00eame formule \u2013 Exosome de raisin et PDRN combin\u00e9s pour des r\u00e9sultats optimaux ! Un puissant booster contenant 5 000 PPM PDRN (ADN sodique) et exosomes de raisin, qui favorisent la r\u00e9g\u00e9n\u00e9ration cutan\u00e9e, l\u2019\u00e9lasticit\u00e9 et la r\u00e9paration de la barri\u00e8re cutan\u00e9e. AHA + PHA affine doucement [&hellip;]","og_url":"https:\/\/beautybusinessholland.com\/fr\/produit\/medisco-skinbooster-hyaluronzuur-kopie\/","og_site_name":"Beauty Business Holland","article_modified_time":"2026-04-09T13:26:43+00:00","og_image":[{"width":1235,"height":1225,"url":"https:\/\/beautybusinessholland.com\/wp-content\/uploads\/2026\/04\/WhatsApp-Image-2026-04-09-at-15.21.45-1.jpeg","type":"image\/jpeg"}],"twitter_card":"summary_large_image","twitter_misc":{"Dur\u00e9e de lecture estim\u00e9e":"1 minute"},"schema":{"@context":"https:\/\/schema.org","@graph":[{"@type":"WebPage","@id":"https:\/\/beautybusinessholland.com\/fr\/produit\/medisco-skinbooster-hyaluronzuur-kopie\/","url":"https:\/\/beautybusinessholland.com\/fr\/produit\/medisco-skinbooster-hyaluronzuur-kopie\/","name":"MEDISCO SKINBOOSTER PDRN EXO - Beauty Business Holland","isPartOf":{"@id":"https:\/\/beautybusinessholland.com\/fr\/#website"},"primaryImageOfPage":{"@id":"https:\/\/beautybusinessholland.com\/fr\/produit\/medisco-skinbooster-hyaluronzuur-kopie\/#primaryimage"},"image":{"@id":"https:\/\/beautybusinessholland.com\/fr\/produit\/medisco-skinbooster-hyaluronzuur-kopie\/#primaryimage"},"thumbnailUrl":"https:\/\/beautybusinessholland.com\/wp-content\/uploads\/2026\/04\/WhatsApp-Image-2026-04-09-at-15.21.45-1.jpeg","datePublished":"2026-04-09T12:43:50+00:00","dateModified":"2026-04-09T13:26:43+00:00","breadcrumb":{"@id":"https:\/\/beautybusinessholland.com\/fr\/produit\/medisco-skinbooster-hyaluronzuur-kopie\/#breadcrumb"},"inLanguage":"fr-FR","potentialAction":[{"@type":"ReadAction","target":["https:\/\/beautybusinessholland.com\/fr\/produit\/medisco-skinbooster-hyaluronzuur-kopie\/"]}]},{"@type":"ImageObject","inLanguage":"fr-FR","@id":"https:\/\/beautybusinessholland.com\/fr\/produit\/medisco-skinbooster-hyaluronzuur-kopie\/#primaryimage","url":"https:\/\/beautybusinessholland.com\/wp-content\/uploads\/2026\/04\/WhatsApp-Image-2026-04-09-at-15.21.45-1.jpeg","contentUrl":"https:\/\/beautybusinessholland.com\/wp-content\/uploads\/2026\/04\/WhatsApp-Image-2026-04-09-at-15.21.45-1.jpeg","width":1235,"height":1225},{"@type":"BreadcrumbList","@id":"https:\/\/beautybusinessholland.com\/fr\/produit\/medisco-skinbooster-hyaluronzuur-kopie\/#breadcrumb","itemListElement":[{"@type":"ListItem","position":1,"name":"Domicile","item":"https:\/\/beautybusinessholland.com\/fr\/entreprise-de-beaute-hollande\/"},{"@type":"ListItem","position":2,"name":"Boutique","item":"https:\/\/beautybusinessholland.com\/fr\/boutique\/"},{"@type":"ListItem","position":3,"name":"MEDISCO SKINBOOSTER PDRN EXO"}]},{"@type":"WebSite","@id":"https:\/\/beautybusinessholland.com\/fr\/#website","url":"https:\/\/beautybusinessholland.com\/fr\/","name":"Beauty Business Holland","description":"Beauty &amp; Health Care","publisher":{"@id":"https:\/\/beautybusinessholland.com\/fr\/#organization"},"potentialAction":[{"@type":"SearchAction","target":{"@type":"EntryPoint","urlTemplate":"https:\/\/beautybusinessholland.com\/fr\/?s={search_term_string}"},"query-input":{"@type":"PropertyValueSpecification","valueRequired":true,"valueName":"search_term_string"}}],"inLanguage":"fr-FR"},{"@type":"Organization","@id":"https:\/\/beautybusinessholland.com\/fr\/#organization","name":"Beauty Business Holland","url":"https:\/\/beautybusinessholland.com\/fr\/","logo":{"@type":"ImageObject","inLanguage":"fr-FR","@id":"https:\/\/beautybusinessholland.com\/fr\/#\/schema\/logo\/image\/","url":"https:\/\/beautybusinessholland.com\/wp-content\/uploads\/2025\/04\/email-logo.png","contentUrl":"https:\/\/beautybusinessholland.com\/wp-content\/uploads\/2025\/04\/email-logo.png","width":300,"height":79,"caption":"Beauty Business Holland"},"image":{"@id":"https:\/\/beautybusinessholland.com\/fr\/#\/schema\/logo\/image\/"}}]}},"_links":{"self":[{"href":"https:\/\/beautybusinessholland.com\/fr\/wp-json\/wp\/v2\/product\/14513","targetHints":{"allow":["GET"]}}],"collection":[{"href":"https:\/\/beautybusinessholland.com\/fr\/wp-json\/wp\/v2\/product"}],"about":[{"href":"https:\/\/beautybusinessholland.com\/fr\/wp-json\/wp\/v2\/types\/product"}],"version-history":[{"count":2,"href":"https:\/\/beautybusinessholland.com\/fr\/wp-json\/wp\/v2\/product\/14513\/revisions"}],"predecessor-version":[{"id":14560,"href":"https:\/\/beautybusinessholland.com\/fr\/wp-json\/wp\/v2\/product\/14513\/revisions\/14560"}],"wp:featuredmedia":[{"embeddable":true,"href":"https:\/\/beautybusinessholland.com\/fr\/wp-json\/wp\/v2\/media\/14550"}],"wp:attachment":[{"href":"https:\/\/beautybusinessholland.com\/fr\/wp-json\/wp\/v2\/media?parent=14513"}],"wp:term":[{"taxonomy":"product_brand","embeddable":true,"href":"https:\/\/beautybusinessholland.com\/fr\/wp-json\/wp\/v2\/product_brand?post=14513"},{"taxonomy":"product_cat","embeddable":true,"href":"https:\/\/beautybusinessholland.com\/fr\/wp-json\/wp\/v2\/product_cat?post=14513"},{"taxonomy":"product_tag","embeddable":true,"href":"https:\/\/beautybusinessholland.com\/fr\/wp-json\/wp\/v2\/product_tag?post=14513"}],"curies":[{"name":"wp","href":"https:\/\/api.w.org\/{rel}","templated":true}]}}