{"id":14518,"date":"2026-04-09T14:59:10","date_gmt":"2026-04-09T12:59:10","guid":{"rendered":"https:\/\/beautybusinessholland.com\/?post_type=product&#038;p=14518"},"modified":"2026-04-09T15:28:16","modified_gmt":"2026-04-09T13:28:16","slug":"medisco-skinbooster-hyaluronzuur-kopie-kopie","status":"publish","type":"product","link":"https:\/\/beautybusinessholland.com\/fr\/produit\/medisco-skinbooster-hyaluronzuur-kopie-kopie\/","title":{"rendered":"MEDISCO SKINBOOSTER AC BHA"},"content":{"rendered":"<p>MEDISCO SKINBOOSTER AC BHA &#8211; la solution puissante pour une peau claire, uniforme et saine<\/p>\n<p>Ce booster cutan\u00e9 avanc\u00e9 a \u00e9t\u00e9 sp\u00e9cialement d\u00e9velopp\u00e9 pour le traitement des probl\u00e8mes cutan\u00e9s, avec une forte concentration d\u2019AHA (10 080 PPM) et de BHA (1 900 PPM) afin d\u2019\u00e9liminer efficacement les cellules mortes et l\u2019exc\u00e8s de s\u00e9bum et de nettoyer profond\u00e9ment les pores bouch\u00e9s.<\/p>\n<p>De plus, la formule contient CICA-BIOTICS (5 000 PPM), du panth\u00e9nol (3 500 PPM) et de l\u2019Allanto\u00efne (500 PPM) pour apaiser la peau, renforcer la barri\u00e8re cutan\u00e9e et hydrater intens\u00e9ment.<\/p>\n<p>En combinant exfoliation avec soin et r\u00e9paration, ce booster aide \u00e0 am\u00e9liorer visiblement la peau pour une apparence plus lumineuse, plus lisse et plus saine.<\/p>\n<p>Avantages et effets<\/p>\n<p>* R\u00e9gule l\u2019exc\u00e8s de s\u00e9bum et exfolie doucement<br \/>\n* R\u00e9duit les<br \/>\n pores obstru\u00e9s et dilat\u00e9s* S\u2019attaque efficacement<br \/>\n aux points noirs, points blancs et impuret\u00e9s* Apaise la peau irrit\u00e9e et aide \u00e0 pr\u00e9venir<br \/>\n les boutons* Hydrate et renforce la peau<br \/>\n sensible et rapidement r\u00e9active* Soutient la r\u00e9cup\u00e9ration<br \/>\n de la barri\u00e8re cutan\u00e9e* Am\u00e9liore la texture de la peau et donne un \u00e9clat frais et radieux<\/p>\n<p>Ingr\u00e9dients cl\u00e9s :<\/p>\n<p>* CICA-BIOTICS (ingr\u00e9dient brevet\u00e9)<br \/>\n* AHA (acide lactique, acide glycolique)<br \/>\n* BHA (acide salicylique)<br \/>\n* LHA (acide salicylique caprylloyl)<\/p>\n<p>La combinaison parfaite pour une peau claire, lisse et \u00e9quilibr\u00e9e<\/p>\n","protected":false},"excerpt":{"rendered":"<p>MEDISCO SKINBOOSTER AC BHA &#8211; la solution puissante pour une peau claire, uniforme et saine Ce booster cutan\u00e9 avanc\u00e9 a \u00e9t\u00e9 sp\u00e9cialement d\u00e9velopp\u00e9 pour le traitement des probl\u00e8mes cutan\u00e9s, avec une forte concentration d\u2019AHA (10 080 PPM) et de BHA (1 900 PPM) afin d\u2019\u00e9liminer efficacement les cellules mortes et l\u2019exc\u00e8s de s\u00e9bum et de [&hellip;]<\/p>\n","protected":false},"featured_media":14572,"template":"","meta":{"_acf_changed":false,"footnotes":""},"product_brand":[],"product_cat":[100],"product_tag":[],"class_list":{"0":"post-14518","1":"product","2":"type-product","3":"status-publish","4":"has-post-thumbnail","6":"product_cat-cosmetiques-coreens","8":"first","9":"instock","10":"shipping-taxable","11":"purchasable","12":"product-type-simple"},"acf":[],"yoast_head":"<!-- This site is optimized with the Yoast SEO plugin v27.3 - https:\/\/yoast.com\/product\/yoast-seo-wordpress\/ -->\n<title>MEDISCO SKINBOOSTER AC BHA - Beauty Business Holland<\/title>\n<meta name=\"robots\" content=\"index, follow, max-snippet:-1, max-image-preview:large, max-video-preview:-1\" \/>\n<link rel=\"canonical\" href=\"https:\/\/beautybusinessholland.com\/fr\/produit\/medisco-skinbooster-hyaluronzuur-kopie-kopie\/\" \/>\n<meta property=\"og:locale\" content=\"fr_FR\" \/>\n<meta property=\"og:type\" content=\"article\" \/>\n<meta property=\"og:title\" content=\"MEDISCO SKINBOOSTER AC BHA - Beauty Business Holland\" \/>\n<meta property=\"og:description\" content=\"MEDISCO SKINBOOSTER AC BHA &#8211; la solution puissante pour une peau claire, uniforme et saine Ce booster cutan\u00e9 avanc\u00e9 a \u00e9t\u00e9 sp\u00e9cialement d\u00e9velopp\u00e9 pour le traitement des probl\u00e8mes cutan\u00e9s, avec une forte concentration d\u2019AHA (10 080 PPM) et de BHA (1 900 PPM) afin d\u2019\u00e9liminer efficacement les cellules mortes et l\u2019exc\u00e8s de s\u00e9bum et de [&hellip;]\" \/>\n<meta property=\"og:url\" content=\"https:\/\/beautybusinessholland.com\/fr\/produit\/medisco-skinbooster-hyaluronzuur-kopie-kopie\/\" \/>\n<meta property=\"og:site_name\" content=\"Beauty Business Holland\" \/>\n<meta property=\"article:modified_time\" content=\"2026-04-09T13:28:16+00:00\" \/>\n<meta property=\"og:image\" content=\"https:\/\/beautybusinessholland.com\/wp-content\/uploads\/2026\/04\/WhatsApp-Image-2026-04-09-at-15.21.46.jpeg\" \/>\n\t<meta property=\"og:image:width\" content=\"590\" \/>\n\t<meta property=\"og:image:height\" content=\"726\" \/>\n\t<meta property=\"og:image:type\" content=\"image\/jpeg\" \/>\n<meta name=\"twitter:card\" content=\"summary_large_image\" \/>\n<meta name=\"twitter:label1\" content=\"Dur\u00e9e de lecture estim\u00e9e\" \/>\n\t<meta name=\"twitter:data1\" content=\"1 minute\" \/>\n<!-- \/ Yoast SEO plugin. -->","yoast_head_json":{"title":"MEDISCO SKINBOOSTER AC BHA - Beauty Business Holland","robots":{"index":"index","follow":"follow","max-snippet":"max-snippet:-1","max-image-preview":"max-image-preview:large","max-video-preview":"max-video-preview:-1"},"canonical":"https:\/\/beautybusinessholland.com\/fr\/produit\/medisco-skinbooster-hyaluronzuur-kopie-kopie\/","og_locale":"fr_FR","og_type":"article","og_title":"MEDISCO SKINBOOSTER AC BHA - Beauty Business Holland","og_description":"MEDISCO SKINBOOSTER AC BHA &#8211; la solution puissante pour une peau claire, uniforme et saine Ce booster cutan\u00e9 avanc\u00e9 a \u00e9t\u00e9 sp\u00e9cialement d\u00e9velopp\u00e9 pour le traitement des probl\u00e8mes cutan\u00e9s, avec une forte concentration d\u2019AHA (10 080 PPM) et de BHA (1 900 PPM) afin d\u2019\u00e9liminer efficacement les cellules mortes et l\u2019exc\u00e8s de s\u00e9bum et de [&hellip;]","og_url":"https:\/\/beautybusinessholland.com\/fr\/produit\/medisco-skinbooster-hyaluronzuur-kopie-kopie\/","og_site_name":"Beauty Business Holland","article_modified_time":"2026-04-09T13:28:16+00:00","og_image":[{"width":590,"height":726,"url":"https:\/\/beautybusinessholland.com\/wp-content\/uploads\/2026\/04\/WhatsApp-Image-2026-04-09-at-15.21.46.jpeg","type":"image\/jpeg"}],"twitter_card":"summary_large_image","twitter_misc":{"Dur\u00e9e de lecture estim\u00e9e":"1 minute"},"schema":{"@context":"https:\/\/schema.org","@graph":[{"@type":"WebPage","@id":"https:\/\/beautybusinessholland.com\/fr\/produit\/medisco-skinbooster-hyaluronzuur-kopie-kopie\/","url":"https:\/\/beautybusinessholland.com\/fr\/produit\/medisco-skinbooster-hyaluronzuur-kopie-kopie\/","name":"MEDISCO SKINBOOSTER AC BHA - Beauty Business Holland","isPartOf":{"@id":"https:\/\/beautybusinessholland.com\/fr\/#website"},"primaryImageOfPage":{"@id":"https:\/\/beautybusinessholland.com\/fr\/produit\/medisco-skinbooster-hyaluronzuur-kopie-kopie\/#primaryimage"},"image":{"@id":"https:\/\/beautybusinessholland.com\/fr\/produit\/medisco-skinbooster-hyaluronzuur-kopie-kopie\/#primaryimage"},"thumbnailUrl":"https:\/\/beautybusinessholland.com\/wp-content\/uploads\/2026\/04\/WhatsApp-Image-2026-04-09-at-15.21.46.jpeg","datePublished":"2026-04-09T12:59:10+00:00","dateModified":"2026-04-09T13:28:16+00:00","breadcrumb":{"@id":"https:\/\/beautybusinessholland.com\/fr\/produit\/medisco-skinbooster-hyaluronzuur-kopie-kopie\/#breadcrumb"},"inLanguage":"fr-FR","potentialAction":[{"@type":"ReadAction","target":["https:\/\/beautybusinessholland.com\/fr\/produit\/medisco-skinbooster-hyaluronzuur-kopie-kopie\/"]}]},{"@type":"ImageObject","inLanguage":"fr-FR","@id":"https:\/\/beautybusinessholland.com\/fr\/produit\/medisco-skinbooster-hyaluronzuur-kopie-kopie\/#primaryimage","url":"https:\/\/beautybusinessholland.com\/wp-content\/uploads\/2026\/04\/WhatsApp-Image-2026-04-09-at-15.21.46.jpeg","contentUrl":"https:\/\/beautybusinessholland.com\/wp-content\/uploads\/2026\/04\/WhatsApp-Image-2026-04-09-at-15.21.46.jpeg","width":590,"height":726},{"@type":"BreadcrumbList","@id":"https:\/\/beautybusinessholland.com\/fr\/produit\/medisco-skinbooster-hyaluronzuur-kopie-kopie\/#breadcrumb","itemListElement":[{"@type":"ListItem","position":1,"name":"Domicile","item":"https:\/\/beautybusinessholland.com\/fr\/entreprise-de-beaute-hollande\/"},{"@type":"ListItem","position":2,"name":"Boutique","item":"https:\/\/beautybusinessholland.com\/fr\/boutique\/"},{"@type":"ListItem","position":3,"name":"MEDISCO SKINBOOSTER AC BHA"}]},{"@type":"WebSite","@id":"https:\/\/beautybusinessholland.com\/fr\/#website","url":"https:\/\/beautybusinessholland.com\/fr\/","name":"Beauty Business Holland","description":"Beauty &amp; Health Care","publisher":{"@id":"https:\/\/beautybusinessholland.com\/fr\/#organization"},"potentialAction":[{"@type":"SearchAction","target":{"@type":"EntryPoint","urlTemplate":"https:\/\/beautybusinessholland.com\/fr\/?s={search_term_string}"},"query-input":{"@type":"PropertyValueSpecification","valueRequired":true,"valueName":"search_term_string"}}],"inLanguage":"fr-FR"},{"@type":"Organization","@id":"https:\/\/beautybusinessholland.com\/fr\/#organization","name":"Beauty Business Holland","url":"https:\/\/beautybusinessholland.com\/fr\/","logo":{"@type":"ImageObject","inLanguage":"fr-FR","@id":"https:\/\/beautybusinessholland.com\/fr\/#\/schema\/logo\/image\/","url":"https:\/\/beautybusinessholland.com\/wp-content\/uploads\/2025\/04\/email-logo.png","contentUrl":"https:\/\/beautybusinessholland.com\/wp-content\/uploads\/2025\/04\/email-logo.png","width":300,"height":79,"caption":"Beauty Business Holland"},"image":{"@id":"https:\/\/beautybusinessholland.com\/fr\/#\/schema\/logo\/image\/"}}]}},"_links":{"self":[{"href":"https:\/\/beautybusinessholland.com\/fr\/wp-json\/wp\/v2\/product\/14518","targetHints":{"allow":["GET"]}}],"collection":[{"href":"https:\/\/beautybusinessholland.com\/fr\/wp-json\/wp\/v2\/product"}],"about":[{"href":"https:\/\/beautybusinessholland.com\/fr\/wp-json\/wp\/v2\/types\/product"}],"version-history":[{"count":2,"href":"https:\/\/beautybusinessholland.com\/fr\/wp-json\/wp\/v2\/product\/14518\/revisions"}],"predecessor-version":[{"id":14578,"href":"https:\/\/beautybusinessholland.com\/fr\/wp-json\/wp\/v2\/product\/14518\/revisions\/14578"}],"wp:featuredmedia":[{"embeddable":true,"href":"https:\/\/beautybusinessholland.com\/fr\/wp-json\/wp\/v2\/media\/14572"}],"wp:attachment":[{"href":"https:\/\/beautybusinessholland.com\/fr\/wp-json\/wp\/v2\/media?parent=14518"}],"wp:term":[{"taxonomy":"product_brand","embeddable":true,"href":"https:\/\/beautybusinessholland.com\/fr\/wp-json\/wp\/v2\/product_brand?post=14518"},{"taxonomy":"product_cat","embeddable":true,"href":"https:\/\/beautybusinessholland.com\/fr\/wp-json\/wp\/v2\/product_cat?post=14518"},{"taxonomy":"product_tag","embeddable":true,"href":"https:\/\/beautybusinessholland.com\/fr\/wp-json\/wp\/v2\/product_tag?post=14518"}],"curies":[{"name":"wp","href":"https:\/\/api.w.org\/{rel}","templated":true}]}}