{"id":14523,"date":"2026-04-09T15:00:17","date_gmt":"2026-04-09T13:00:17","guid":{"rendered":"https:\/\/beautybusinessholland.com\/?post_type=product&#038;p=14523"},"modified":"2026-04-09T15:30:58","modified_gmt":"2026-04-09T13:30:58","slug":"medisco-skinbooster-hyaluronzuur-kopie-kopie-kopie","status":"publish","type":"product","link":"https:\/\/beautybusinessholland.com\/fr\/produit\/medisco-skinbooster-hyaluronzuur-kopie-kopie-kopie\/","title":{"rendered":"MEDISCO MESO GLUTATHIONE"},"content":{"rendered":"<p>Dual : adapt\u00e9 \u00e0 la fois pour l\u2019injection et le microneedling !<\/p>\n<p>Le glutathion, \u00e9galement appel\u00e9 la m\u00e8re des antioxydants, est essentiel pour maintenir une peau saine. C\u2019est aussi un ingr\u00e9dient cl\u00e9 pour r\u00e9duire et pr\u00e9venir les taches de pigmentation.<br \/>\nMedico glutathion <\/p>\n<p>Caract\u00e9ristiques<br \/>\ndu produit Medisco Meso Glutathion contient du glutathion, \u00e9galement appel\u00e9 \u00ab antioxydant ma\u00eetre \u00bb, qui pr\u00e9vient les dommages cellulaires caus\u00e9s par les radicaux libres, mais aide \u00e9galement \u00e0 r\u00e9parer l\u2019ADN endommag\u00e9. Cela contribue \u00e0 l\u2019am\u00e9lioration de la peau et \u00e0 la pr\u00e9vention du vieillissement. De plus, elle aide \u00e0 inhiber la synth\u00e8se de la m\u00e9lanine, rendant la peau plus lumineuse.  <\/p>\n<p>Bienfaits et effets<br \/>\n \u2013 Antioxydant<br \/>\n \u2013 \u00c9claircissement<\/p>\n<p>Ingr\u00e9dients<br \/>\n actifs \u2013 Glutathion<\/p>\n<p>Domaines<br \/>\n d\u2019application \u2013 Face<\/p>\n<p>Comment utiliser et intervalle<br \/>\n de traitement* NE m\u00e9langez PAS les gammes de produits Medisco Meso. Utilisez chaque produit s\u00e9par\u00e9ment \u00e0 des intervalles de 1 \u00e0 2 semaines. <\/p>\n<p>Amplificateur<br \/>\nde peau injectable Injectez 0,05 \u2013 0,1 cc par pointe, avec un espacement de 0,3 \u00e0 0,5 cm, \u00e0 une profondeur de 0,2 \u00e0 0,6 mm.<br \/>\nLa fr\u00e9quence recommand\u00e9e du traitement est de 2 s\u00e9ances cons\u00e9cutives tous les 7 \u00e0 10 jours, suivies de s\u00e9ances p\u00e9riodiques avec une fr\u00e9quence d\u2019une s\u00e9ance toutes les 2 semaines<\/p>\n<p>2. MTS (Syst\u00e8me de Th\u00e9rapie par Microneedling)<br \/>\n Appliquer le produit de mani\u00e8re homog\u00e8ne et effectuer la proc\u00e9dure \u00e0 l\u2019aide de la machine Microneedling Therapy System (MTS).<br \/>\nPendant le traitement, commencez par la m\u00e2choire et d\u00e9placez-vous vers le front (direction oppos\u00e9e aux muscles).<\/p>\n<p>Composition<br \/>\n \u2013 4 ml x 5 fioles<\/p>\n<p>Temp\u00e9rature<br \/>\n de stockage \u2013 Gardez le produit \u00e0 l\u2019\u00e9cart du soleil direct.<br \/>\n\u2013 Conserver dans un endroit frais et sec \u00e0 une temp\u00e9rature de 2 \u00e0 28 \u00b0C.<br \/>\n\u2013 Fermez le couvercle et conservez-le au r\u00e9frig\u00e9rateur apr\u00e8s l\u2019ouverture.<\/p>\n","protected":false},"excerpt":{"rendered":"<p>Dual : adapt\u00e9 \u00e0 la fois pour l\u2019injection et le microneedling ! Le glutathion, \u00e9galement appel\u00e9 la m\u00e8re des antioxydants, est essentiel pour maintenir une peau saine. C\u2019est aussi un ingr\u00e9dient cl\u00e9 pour r\u00e9duire et pr\u00e9venir les taches de pigmentation. Medico glutathion Caract\u00e9ristiques du produit Medisco Meso Glutathion contient du glutathion, \u00e9galement appel\u00e9 \u00ab antioxydant [&hellip;]<\/p>\n","protected":false},"featured_media":14584,"template":"","meta":{"_acf_changed":false,"footnotes":""},"product_brand":[],"product_cat":[100],"product_tag":[],"class_list":{"0":"post-14523","1":"product","2":"type-product","3":"status-publish","4":"has-post-thumbnail","6":"product_cat-cosmetiques-coreens","8":"first","9":"instock","10":"shipping-taxable","11":"purchasable","12":"product-type-simple"},"acf":[],"yoast_head":"<!-- This site is optimized with the Yoast SEO plugin v27.3 - https:\/\/yoast.com\/product\/yoast-seo-wordpress\/ -->\n<title>MEDISCO MESO GLUTATHIONE - Beauty Business Holland<\/title>\n<meta name=\"robots\" content=\"index, follow, max-snippet:-1, max-image-preview:large, max-video-preview:-1\" \/>\n<link rel=\"canonical\" href=\"https:\/\/beautybusinessholland.com\/fr\/produit\/medisco-skinbooster-hyaluronzuur-kopie-kopie-kopie\/\" \/>\n<meta property=\"og:locale\" content=\"fr_FR\" \/>\n<meta property=\"og:type\" content=\"article\" \/>\n<meta property=\"og:title\" content=\"MEDISCO MESO GLUTATHIONE - Beauty Business Holland\" \/>\n<meta property=\"og:description\" content=\"Dual : adapt\u00e9 \u00e0 la fois pour l\u2019injection et le microneedling ! Le glutathion, \u00e9galement appel\u00e9 la m\u00e8re des antioxydants, est essentiel pour maintenir une peau saine. C\u2019est aussi un ingr\u00e9dient cl\u00e9 pour r\u00e9duire et pr\u00e9venir les taches de pigmentation. Medico glutathion Caract\u00e9ristiques du produit Medisco Meso Glutathion contient du glutathion, \u00e9galement appel\u00e9 \u00ab antioxydant [&hellip;]\" \/>\n<meta property=\"og:url\" content=\"https:\/\/beautybusinessholland.com\/fr\/produit\/medisco-skinbooster-hyaluronzuur-kopie-kopie-kopie\/\" \/>\n<meta property=\"og:site_name\" content=\"Beauty Business Holland\" \/>\n<meta property=\"article:modified_time\" content=\"2026-04-09T13:30:58+00:00\" \/>\n<meta property=\"og:image\" content=\"https:\/\/beautybusinessholland.com\/wp-content\/uploads\/2026\/04\/WhatsApp-Image-2026-04-09-at-15.21.49.jpeg\" \/>\n\t<meta property=\"og:image:width\" content=\"1365\" \/>\n\t<meta property=\"og:image:height\" content=\"1337\" \/>\n\t<meta property=\"og:image:type\" content=\"image\/jpeg\" \/>\n<meta name=\"twitter:card\" content=\"summary_large_image\" \/>\n<meta name=\"twitter:label1\" content=\"Dur\u00e9e de lecture estim\u00e9e\" \/>\n\t<meta name=\"twitter:data1\" content=\"1 minute\" \/>\n<!-- \/ Yoast SEO plugin. -->","yoast_head_json":{"title":"MEDISCO MESO GLUTATHIONE - Beauty Business Holland","robots":{"index":"index","follow":"follow","max-snippet":"max-snippet:-1","max-image-preview":"max-image-preview:large","max-video-preview":"max-video-preview:-1"},"canonical":"https:\/\/beautybusinessholland.com\/fr\/produit\/medisco-skinbooster-hyaluronzuur-kopie-kopie-kopie\/","og_locale":"fr_FR","og_type":"article","og_title":"MEDISCO MESO GLUTATHIONE - Beauty Business Holland","og_description":"Dual : adapt\u00e9 \u00e0 la fois pour l\u2019injection et le microneedling ! Le glutathion, \u00e9galement appel\u00e9 la m\u00e8re des antioxydants, est essentiel pour maintenir une peau saine. C\u2019est aussi un ingr\u00e9dient cl\u00e9 pour r\u00e9duire et pr\u00e9venir les taches de pigmentation. Medico glutathion Caract\u00e9ristiques du produit Medisco Meso Glutathion contient du glutathion, \u00e9galement appel\u00e9 \u00ab antioxydant [&hellip;]","og_url":"https:\/\/beautybusinessholland.com\/fr\/produit\/medisco-skinbooster-hyaluronzuur-kopie-kopie-kopie\/","og_site_name":"Beauty Business Holland","article_modified_time":"2026-04-09T13:30:58+00:00","og_image":[{"width":1365,"height":1337,"url":"https:\/\/beautybusinessholland.com\/wp-content\/uploads\/2026\/04\/WhatsApp-Image-2026-04-09-at-15.21.49.jpeg","type":"image\/jpeg"}],"twitter_card":"summary_large_image","twitter_misc":{"Dur\u00e9e de lecture estim\u00e9e":"1 minute"},"schema":{"@context":"https:\/\/schema.org","@graph":[{"@type":"WebPage","@id":"https:\/\/beautybusinessholland.com\/fr\/produit\/medisco-skinbooster-hyaluronzuur-kopie-kopie-kopie\/","url":"https:\/\/beautybusinessholland.com\/fr\/produit\/medisco-skinbooster-hyaluronzuur-kopie-kopie-kopie\/","name":"MEDISCO MESO GLUTATHIONE - Beauty Business Holland","isPartOf":{"@id":"https:\/\/beautybusinessholland.com\/fr\/#website"},"primaryImageOfPage":{"@id":"https:\/\/beautybusinessholland.com\/fr\/produit\/medisco-skinbooster-hyaluronzuur-kopie-kopie-kopie\/#primaryimage"},"image":{"@id":"https:\/\/beautybusinessholland.com\/fr\/produit\/medisco-skinbooster-hyaluronzuur-kopie-kopie-kopie\/#primaryimage"},"thumbnailUrl":"https:\/\/beautybusinessholland.com\/wp-content\/uploads\/2026\/04\/WhatsApp-Image-2026-04-09-at-15.21.49.jpeg","datePublished":"2026-04-09T13:00:17+00:00","dateModified":"2026-04-09T13:30:58+00:00","breadcrumb":{"@id":"https:\/\/beautybusinessholland.com\/fr\/produit\/medisco-skinbooster-hyaluronzuur-kopie-kopie-kopie\/#breadcrumb"},"inLanguage":"fr-FR","potentialAction":[{"@type":"ReadAction","target":["https:\/\/beautybusinessholland.com\/fr\/produit\/medisco-skinbooster-hyaluronzuur-kopie-kopie-kopie\/"]}]},{"@type":"ImageObject","inLanguage":"fr-FR","@id":"https:\/\/beautybusinessholland.com\/fr\/produit\/medisco-skinbooster-hyaluronzuur-kopie-kopie-kopie\/#primaryimage","url":"https:\/\/beautybusinessholland.com\/wp-content\/uploads\/2026\/04\/WhatsApp-Image-2026-04-09-at-15.21.49.jpeg","contentUrl":"https:\/\/beautybusinessholland.com\/wp-content\/uploads\/2026\/04\/WhatsApp-Image-2026-04-09-at-15.21.49.jpeg","width":1365,"height":1337},{"@type":"BreadcrumbList","@id":"https:\/\/beautybusinessholland.com\/fr\/produit\/medisco-skinbooster-hyaluronzuur-kopie-kopie-kopie\/#breadcrumb","itemListElement":[{"@type":"ListItem","position":1,"name":"Domicile","item":"https:\/\/beautybusinessholland.com\/fr\/entreprise-de-beaute-hollande\/"},{"@type":"ListItem","position":2,"name":"Boutique","item":"https:\/\/beautybusinessholland.com\/fr\/boutique\/"},{"@type":"ListItem","position":3,"name":"MEDISCO MESO GLUTATHIONE"}]},{"@type":"WebSite","@id":"https:\/\/beautybusinessholland.com\/fr\/#website","url":"https:\/\/beautybusinessholland.com\/fr\/","name":"Beauty Business Holland","description":"Beauty &amp; Health Care","publisher":{"@id":"https:\/\/beautybusinessholland.com\/fr\/#organization"},"potentialAction":[{"@type":"SearchAction","target":{"@type":"EntryPoint","urlTemplate":"https:\/\/beautybusinessholland.com\/fr\/?s={search_term_string}"},"query-input":{"@type":"PropertyValueSpecification","valueRequired":true,"valueName":"search_term_string"}}],"inLanguage":"fr-FR"},{"@type":"Organization","@id":"https:\/\/beautybusinessholland.com\/fr\/#organization","name":"Beauty Business Holland","url":"https:\/\/beautybusinessholland.com\/fr\/","logo":{"@type":"ImageObject","inLanguage":"fr-FR","@id":"https:\/\/beautybusinessholland.com\/fr\/#\/schema\/logo\/image\/","url":"https:\/\/beautybusinessholland.com\/wp-content\/uploads\/2025\/04\/email-logo.png","contentUrl":"https:\/\/beautybusinessholland.com\/wp-content\/uploads\/2025\/04\/email-logo.png","width":300,"height":79,"caption":"Beauty Business Holland"},"image":{"@id":"https:\/\/beautybusinessholland.com\/fr\/#\/schema\/logo\/image\/"}}]}},"_links":{"self":[{"href":"https:\/\/beautybusinessholland.com\/fr\/wp-json\/wp\/v2\/product\/14523","targetHints":{"allow":["GET"]}}],"collection":[{"href":"https:\/\/beautybusinessholland.com\/fr\/wp-json\/wp\/v2\/product"}],"about":[{"href":"https:\/\/beautybusinessholland.com\/fr\/wp-json\/wp\/v2\/types\/product"}],"version-history":[{"count":2,"href":"https:\/\/beautybusinessholland.com\/fr\/wp-json\/wp\/v2\/product\/14523\/revisions"}],"predecessor-version":[{"id":14601,"href":"https:\/\/beautybusinessholland.com\/fr\/wp-json\/wp\/v2\/product\/14523\/revisions\/14601"}],"wp:featuredmedia":[{"embeddable":true,"href":"https:\/\/beautybusinessholland.com\/fr\/wp-json\/wp\/v2\/media\/14584"}],"wp:attachment":[{"href":"https:\/\/beautybusinessholland.com\/fr\/wp-json\/wp\/v2\/media?parent=14523"}],"wp:term":[{"taxonomy":"product_brand","embeddable":true,"href":"https:\/\/beautybusinessholland.com\/fr\/wp-json\/wp\/v2\/product_brand?post=14523"},{"taxonomy":"product_cat","embeddable":true,"href":"https:\/\/beautybusinessholland.com\/fr\/wp-json\/wp\/v2\/product_cat?post=14523"},{"taxonomy":"product_tag","embeddable":true,"href":"https:\/\/beautybusinessholland.com\/fr\/wp-json\/wp\/v2\/product_tag?post=14523"}],"curies":[{"name":"wp","href":"https:\/\/api.w.org\/{rel}","templated":true}]}}