{"id":14528,"date":"2026-04-09T15:02:53","date_gmt":"2026-04-09T13:02:53","guid":{"rendered":"https:\/\/beautybusinessholland.com\/?post_type=product&#038;p=14528"},"modified":"2026-04-09T15:32:37","modified_gmt":"2026-04-09T13:32:37","slug":"medisco-skinbooster-hyaluronzuur-kopie-kopie-kopie-kopie","status":"publish","type":"product","link":"https:\/\/beautybusinessholland.com\/fr\/produit\/medisco-skinbooster-hyaluronzuur-kopie-kopie-kopie-kopie\/","title":{"rendered":"Medisco SkinGlow Mask"},"content":{"rendered":"<p>MEDISCO SkinGlow Mask &#8211; un masque peel-off luxueux pour une peau radieuse, hydrat\u00e9e et sur\u00e9lev\u00e9e.<br \/>\nLa fameuse lueur cor\u00e9enne, soutenue par des ann\u00e9es de progr\u00e8s scientifiques.<\/p>\n<p>La cr\u00e8me souple au collag\u00e8ne forme une couche transparente qui adh\u00e8re parfaitement \u00e0 la peau et la nourrit intens\u00e9ment avec du collag\u00e8ne et des ingr\u00e9dients actifs riches.<\/p>\n<p>* Donne \u00e0 la peau un \u00e9clat<br \/>\n naturel* Favorise l\u2019absorption des ingr\u00e9dients actifs apr\u00e8s le microneedling<br \/>\n* Offre un effet visiblement lifting gr\u00e2ce \u00e0 l\u2019adh\u00e9rence<br \/>\n* Pr\u00e9pare de mani\u00e8re optimale la peau au maquillage gr\u00e2ce \u00e0 une hydratation profonde<\/p>\n<p>Avantages et effets :<\/p>\n<p>* Am\u00e9liore l\u2019\u00e9lasticit\u00e9<br \/>\n de la peau * Stimule la r\u00e9g\u00e9n\u00e9ration<br \/>\n de la peau * Action<br \/>\n anti-\u00e2ge * \u00c9claircit la peau<br \/>\n * Apaise et adoucit<br \/>\n * Intens\u00e9ment<br \/>\n hydratant * Effet lifting<\/p>\n<p>Ingr\u00e9dients cl\u00e9s :<\/p>\n<p>* Extrait de collag\u00e8ne 70 %<br \/>\n * ADN de sodium (PDRN)<br \/>\n * Ad\u00e9nosine<br \/>\n * Niacinamide<br \/>\n * Extrait<br \/>\n de Centella Asiatica * Hyaluronate de sodium<\/p>\n<p>Points cl\u00e9s<\/p>\n<p>* Contient plus de 700 000 ppm d\u2019extrait<br \/>\n de collag\u00e8ne hydrolys\u00e9* 300 Da. Le collag\u00e8ne faible en mol\u00e9cule assure une<br \/>\n absorption plus rapide et plus profonde* Adh\u00e9re \u00e9troitement \u00e0 la peau et renforce l\u2019absorption des ingr\u00e9dients actifs apr\u00e8s un traitement de microneedling<\/p>\n<p>Pour une peau visiblement plus lisse, plus ferme et radieuse<\/p>\n","protected":false},"excerpt":{"rendered":"<p>MEDISCO SkinGlow Mask &#8211; un masque peel-off luxueux pour une peau radieuse, hydrat\u00e9e et sur\u00e9lev\u00e9e. La fameuse lueur cor\u00e9enne, soutenue par des ann\u00e9es de progr\u00e8s scientifiques. La cr\u00e8me souple au collag\u00e8ne forme une couche transparente qui adh\u00e8re parfaitement \u00e0 la peau et la nourrit intens\u00e9ment avec du collag\u00e8ne et des ingr\u00e9dients actifs riches. * Donne [&hellip;]<\/p>\n","protected":false},"featured_media":14603,"template":"","meta":{"_acf_changed":false,"footnotes":""},"product_brand":[],"product_cat":[100],"product_tag":[],"class_list":{"0":"post-14528","1":"product","2":"type-product","3":"status-publish","4":"has-post-thumbnail","6":"product_cat-cosmetiques-coreens","8":"first","9":"instock","10":"shipping-taxable","11":"purchasable","12":"product-type-simple"},"acf":[],"yoast_head":"<!-- This site is optimized with the Yoast SEO plugin v27.3 - https:\/\/yoast.com\/product\/yoast-seo-wordpress\/ -->\n<title>Medisco SkinGlow Mask - Beauty Business Holland<\/title>\n<meta name=\"robots\" content=\"index, follow, max-snippet:-1, max-image-preview:large, max-video-preview:-1\" \/>\n<link rel=\"canonical\" href=\"https:\/\/beautybusinessholland.com\/fr\/produit\/medisco-skinbooster-hyaluronzuur-kopie-kopie-kopie-kopie\/\" \/>\n<meta property=\"og:locale\" content=\"fr_FR\" \/>\n<meta property=\"og:type\" content=\"article\" \/>\n<meta property=\"og:title\" content=\"Medisco SkinGlow Mask - Beauty Business Holland\" \/>\n<meta property=\"og:description\" content=\"MEDISCO SkinGlow Mask &#8211; un masque peel-off luxueux pour une peau radieuse, hydrat\u00e9e et sur\u00e9lev\u00e9e. La fameuse lueur cor\u00e9enne, soutenue par des ann\u00e9es de progr\u00e8s scientifiques. La cr\u00e8me souple au collag\u00e8ne forme une couche transparente qui adh\u00e8re parfaitement \u00e0 la peau et la nourrit intens\u00e9ment avec du collag\u00e8ne et des ingr\u00e9dients actifs riches. * Donne [&hellip;]\" \/>\n<meta property=\"og:url\" content=\"https:\/\/beautybusinessholland.com\/fr\/produit\/medisco-skinbooster-hyaluronzuur-kopie-kopie-kopie-kopie\/\" \/>\n<meta property=\"og:site_name\" content=\"Beauty Business Holland\" \/>\n<meta property=\"article:modified_time\" content=\"2026-04-09T13:32:37+00:00\" \/>\n<meta property=\"og:image\" content=\"https:\/\/beautybusinessholland.com\/wp-content\/uploads\/2026\/04\/WhatsApp-Image-2026-04-09-at-15.21.52.jpeg\" \/>\n\t<meta property=\"og:image:width\" content=\"1237\" \/>\n\t<meta property=\"og:image:height\" content=\"1232\" \/>\n\t<meta property=\"og:image:type\" content=\"image\/jpeg\" \/>\n<meta name=\"twitter:card\" content=\"summary_large_image\" \/>\n<meta name=\"twitter:label1\" content=\"Dur\u00e9e de lecture estim\u00e9e\" \/>\n\t<meta name=\"twitter:data1\" content=\"1 minute\" \/>\n<!-- \/ Yoast SEO plugin. -->","yoast_head_json":{"title":"Medisco SkinGlow Mask - Beauty Business Holland","robots":{"index":"index","follow":"follow","max-snippet":"max-snippet:-1","max-image-preview":"max-image-preview:large","max-video-preview":"max-video-preview:-1"},"canonical":"https:\/\/beautybusinessholland.com\/fr\/produit\/medisco-skinbooster-hyaluronzuur-kopie-kopie-kopie-kopie\/","og_locale":"fr_FR","og_type":"article","og_title":"Medisco SkinGlow Mask - Beauty Business Holland","og_description":"MEDISCO SkinGlow Mask &#8211; un masque peel-off luxueux pour une peau radieuse, hydrat\u00e9e et sur\u00e9lev\u00e9e. La fameuse lueur cor\u00e9enne, soutenue par des ann\u00e9es de progr\u00e8s scientifiques. La cr\u00e8me souple au collag\u00e8ne forme une couche transparente qui adh\u00e8re parfaitement \u00e0 la peau et la nourrit intens\u00e9ment avec du collag\u00e8ne et des ingr\u00e9dients actifs riches. * Donne [&hellip;]","og_url":"https:\/\/beautybusinessholland.com\/fr\/produit\/medisco-skinbooster-hyaluronzuur-kopie-kopie-kopie-kopie\/","og_site_name":"Beauty Business Holland","article_modified_time":"2026-04-09T13:32:37+00:00","og_image":[{"width":1237,"height":1232,"url":"https:\/\/beautybusinessholland.com\/wp-content\/uploads\/2026\/04\/WhatsApp-Image-2026-04-09-at-15.21.52.jpeg","type":"image\/jpeg"}],"twitter_card":"summary_large_image","twitter_misc":{"Dur\u00e9e de lecture estim\u00e9e":"1 minute"},"schema":{"@context":"https:\/\/schema.org","@graph":[{"@type":"WebPage","@id":"https:\/\/beautybusinessholland.com\/fr\/produit\/medisco-skinbooster-hyaluronzuur-kopie-kopie-kopie-kopie\/","url":"https:\/\/beautybusinessholland.com\/fr\/produit\/medisco-skinbooster-hyaluronzuur-kopie-kopie-kopie-kopie\/","name":"Medisco SkinGlow Mask - Beauty Business Holland","isPartOf":{"@id":"https:\/\/beautybusinessholland.com\/fr\/#website"},"primaryImageOfPage":{"@id":"https:\/\/beautybusinessholland.com\/fr\/produit\/medisco-skinbooster-hyaluronzuur-kopie-kopie-kopie-kopie\/#primaryimage"},"image":{"@id":"https:\/\/beautybusinessholland.com\/fr\/produit\/medisco-skinbooster-hyaluronzuur-kopie-kopie-kopie-kopie\/#primaryimage"},"thumbnailUrl":"https:\/\/beautybusinessholland.com\/wp-content\/uploads\/2026\/04\/WhatsApp-Image-2026-04-09-at-15.21.52.jpeg","datePublished":"2026-04-09T13:02:53+00:00","dateModified":"2026-04-09T13:32:37+00:00","breadcrumb":{"@id":"https:\/\/beautybusinessholland.com\/fr\/produit\/medisco-skinbooster-hyaluronzuur-kopie-kopie-kopie-kopie\/#breadcrumb"},"inLanguage":"fr-FR","potentialAction":[{"@type":"ReadAction","target":["https:\/\/beautybusinessholland.com\/fr\/produit\/medisco-skinbooster-hyaluronzuur-kopie-kopie-kopie-kopie\/"]}]},{"@type":"ImageObject","inLanguage":"fr-FR","@id":"https:\/\/beautybusinessholland.com\/fr\/produit\/medisco-skinbooster-hyaluronzuur-kopie-kopie-kopie-kopie\/#primaryimage","url":"https:\/\/beautybusinessholland.com\/wp-content\/uploads\/2026\/04\/WhatsApp-Image-2026-04-09-at-15.21.52.jpeg","contentUrl":"https:\/\/beautybusinessholland.com\/wp-content\/uploads\/2026\/04\/WhatsApp-Image-2026-04-09-at-15.21.52.jpeg","width":1237,"height":1232},{"@type":"BreadcrumbList","@id":"https:\/\/beautybusinessholland.com\/fr\/produit\/medisco-skinbooster-hyaluronzuur-kopie-kopie-kopie-kopie\/#breadcrumb","itemListElement":[{"@type":"ListItem","position":1,"name":"Domicile","item":"https:\/\/beautybusinessholland.com\/fr\/entreprise-de-beaute-hollande\/"},{"@type":"ListItem","position":2,"name":"Boutique","item":"https:\/\/beautybusinessholland.com\/fr\/boutique\/"},{"@type":"ListItem","position":3,"name":"Medisco SkinGlow Mask"}]},{"@type":"WebSite","@id":"https:\/\/beautybusinessholland.com\/fr\/#website","url":"https:\/\/beautybusinessholland.com\/fr\/","name":"Beauty Business Holland","description":"Beauty &amp; Health Care","publisher":{"@id":"https:\/\/beautybusinessholland.com\/fr\/#organization"},"potentialAction":[{"@type":"SearchAction","target":{"@type":"EntryPoint","urlTemplate":"https:\/\/beautybusinessholland.com\/fr\/?s={search_term_string}"},"query-input":{"@type":"PropertyValueSpecification","valueRequired":true,"valueName":"search_term_string"}}],"inLanguage":"fr-FR"},{"@type":"Organization","@id":"https:\/\/beautybusinessholland.com\/fr\/#organization","name":"Beauty Business Holland","url":"https:\/\/beautybusinessholland.com\/fr\/","logo":{"@type":"ImageObject","inLanguage":"fr-FR","@id":"https:\/\/beautybusinessholland.com\/fr\/#\/schema\/logo\/image\/","url":"https:\/\/beautybusinessholland.com\/wp-content\/uploads\/2025\/04\/email-logo.png","contentUrl":"https:\/\/beautybusinessholland.com\/wp-content\/uploads\/2025\/04\/email-logo.png","width":300,"height":79,"caption":"Beauty Business Holland"},"image":{"@id":"https:\/\/beautybusinessholland.com\/fr\/#\/schema\/logo\/image\/"}}]}},"_links":{"self":[{"href":"https:\/\/beautybusinessholland.com\/fr\/wp-json\/wp\/v2\/product\/14528","targetHints":{"allow":["GET"]}}],"collection":[{"href":"https:\/\/beautybusinessholland.com\/fr\/wp-json\/wp\/v2\/product"}],"about":[{"href":"https:\/\/beautybusinessholland.com\/fr\/wp-json\/wp\/v2\/types\/product"}],"version-history":[{"count":2,"href":"https:\/\/beautybusinessholland.com\/fr\/wp-json\/wp\/v2\/product\/14528\/revisions"}],"predecessor-version":[{"id":14610,"href":"https:\/\/beautybusinessholland.com\/fr\/wp-json\/wp\/v2\/product\/14528\/revisions\/14610"}],"wp:featuredmedia":[{"embeddable":true,"href":"https:\/\/beautybusinessholland.com\/fr\/wp-json\/wp\/v2\/media\/14603"}],"wp:attachment":[{"href":"https:\/\/beautybusinessholland.com\/fr\/wp-json\/wp\/v2\/media?parent=14528"}],"wp:term":[{"taxonomy":"product_brand","embeddable":true,"href":"https:\/\/beautybusinessholland.com\/fr\/wp-json\/wp\/v2\/product_brand?post=14528"},{"taxonomy":"product_cat","embeddable":true,"href":"https:\/\/beautybusinessholland.com\/fr\/wp-json\/wp\/v2\/product_cat?post=14528"},{"taxonomy":"product_tag","embeddable":true,"href":"https:\/\/beautybusinessholland.com\/fr\/wp-json\/wp\/v2\/product_tag?post=14528"}],"curies":[{"name":"wp","href":"https:\/\/api.w.org\/{rel}","templated":true}]}}