{"id":14538,"date":"2026-04-09T15:05:47","date_gmt":"2026-04-09T13:05:47","guid":{"rendered":"https:\/\/beautybusinessholland.com\/?post_type=product&#038;p=14538"},"modified":"2026-04-09T15:34:43","modified_gmt":"2026-04-09T13:34:43","slug":"medisco-skinbooster-hyaluronzuur-kopie-kopie-kopie-kopie-kopie-kopie","status":"publish","type":"product","link":"https:\/\/beautybusinessholland.com\/fr\/produit\/medisco-skinbooster-hyaluronzuur-kopie-kopie-kopie-kopie-kopie-kopie\/","title":{"rendered":"MEDISCO MESO PDRN"},"content":{"rendered":"<p>Dual : adapt\u00e9 \u00e0 la fois pour l\u2019injection et le microneedling !<\/p>\n<p>Le Medisco Meso PDRN contient de l\u2019ADN sodique, qui stimule rapidement la synth\u00e8se du collag\u00e8ne et la r\u00e9g\u00e9n\u00e9ration de la peau, favorisant la r\u00e9paration et la sant\u00e9 de la peau. De plus, l\u2019hyaluronate de sodium apporte de l\u2019hydratation, de l\u2019hydratation, la pr\u00e9vention des rides et aide \u00e0 soulager la s\u00e9cheresse de la peau. <\/p>\n<p>La niacinamide inhibe le mouvement des pigments de m\u00e9lanine, r\u00e9duisant la quantit\u00e9 d\u00e9pos\u00e9e dans l\u2019\u00e9piderme et maintenant la peau propre et claire. L\u2019ad\u00e9nosine, gr\u00e2ce \u00e0 sa contribution \u00e0 la production et au transfert d\u2019\u00e9nergie cellulaire, conf\u00e8re vitalit\u00e9 et sant\u00e9 aux cellules de la peau. En plus de simplement fournir des nutriments \u00e0 la peau, il va encore plus loin en am\u00e9liorant fondamentalement la peau, en compl\u00e9tant un teint sain et beau.  <\/p>\n<p>Avantages et effets<\/p>\n<p>\u2013 R\u00e9g\u00e9n\u00e9ration cellulaire et prolif\u00e9ration<br \/>\n cellulaire \u2013 R\u00e9paration des cellules endommag\u00e9es et renforcement de la barri\u00e8re<br \/>\n cutan\u00e9e \u2013 Hydratation<br \/>\n \u2013 Am\u00e9lioration des rides gr\u00e2ce \u00e0 la production<br \/>\n de collag\u00e8ne \u2013 Am\u00e9lioration de l\u2019\u00e9lasticit\u00e9 gr\u00e2ce \u00e0 la combinaison avec les fibres<br \/>\n d\u2019\u00e9lastine \u2013 Inhibition du mouvement des pigments de m\u00e9lanine pour les changements de teint<\/p>\n<p>Ingr\u00e9dients actifs<\/p>\n<p>\u2013 Hyaluronate<br \/>\n de sodium \u2013 ADN<br \/>\n de sodium \u2013 Glutathion<br \/>\n \u2013 Niacinamide<br \/>\n \u2013 Ad\u00e9nosine<\/p>\n","protected":false},"excerpt":{"rendered":"<p>Dual : adapt\u00e9 \u00e0 la fois pour l\u2019injection et le microneedling ! Le Medisco Meso PDRN contient de l\u2019ADN sodique, qui stimule rapidement la synth\u00e8se du collag\u00e8ne et la r\u00e9g\u00e9n\u00e9ration de la peau, favorisant la r\u00e9paration et la sant\u00e9 de la peau. De plus, l\u2019hyaluronate de sodium apporte de l\u2019hydratation, de l\u2019hydratation, la pr\u00e9vention des [&hellip;]<\/p>\n","protected":false},"featured_media":14624,"template":"","meta":{"_acf_changed":false,"footnotes":""},"product_brand":[],"product_cat":[100],"product_tag":[],"class_list":{"0":"post-14538","1":"product","2":"type-product","3":"status-publish","4":"has-post-thumbnail","6":"product_cat-cosmetiques-coreens","8":"first","9":"instock","10":"shipping-taxable","11":"purchasable","12":"product-type-simple"},"acf":[],"yoast_head":"<!-- This site is optimized with the Yoast SEO plugin v27.3 - https:\/\/yoast.com\/product\/yoast-seo-wordpress\/ -->\n<title>MEDISCO MESO PDRN - Beauty Business Holland<\/title>\n<meta name=\"robots\" content=\"index, follow, max-snippet:-1, max-image-preview:large, max-video-preview:-1\" \/>\n<link rel=\"canonical\" href=\"https:\/\/beautybusinessholland.com\/fr\/produit\/medisco-skinbooster-hyaluronzuur-kopie-kopie-kopie-kopie-kopie-kopie\/\" \/>\n<meta property=\"og:locale\" content=\"fr_FR\" \/>\n<meta property=\"og:type\" content=\"article\" \/>\n<meta property=\"og:title\" content=\"MEDISCO MESO PDRN - Beauty Business Holland\" \/>\n<meta property=\"og:description\" content=\"Dual : adapt\u00e9 \u00e0 la fois pour l\u2019injection et le microneedling ! Le Medisco Meso PDRN contient de l\u2019ADN sodique, qui stimule rapidement la synth\u00e8se du collag\u00e8ne et la r\u00e9g\u00e9n\u00e9ration de la peau, favorisant la r\u00e9paration et la sant\u00e9 de la peau. De plus, l\u2019hyaluronate de sodium apporte de l\u2019hydratation, de l\u2019hydratation, la pr\u00e9vention des [&hellip;]\" \/>\n<meta property=\"og:url\" content=\"https:\/\/beautybusinessholland.com\/fr\/produit\/medisco-skinbooster-hyaluronzuur-kopie-kopie-kopie-kopie-kopie-kopie\/\" \/>\n<meta property=\"og:site_name\" content=\"Beauty Business Holland\" \/>\n<meta property=\"article:modified_time\" content=\"2026-04-09T13:34:43+00:00\" \/>\n<meta property=\"og:image\" content=\"https:\/\/beautybusinessholland.com\/wp-content\/uploads\/2026\/04\/WhatsApp-Image-2026-04-09-at-15.22.03.jpeg\" \/>\n\t<meta property=\"og:image:width\" content=\"1233\" \/>\n\t<meta property=\"og:image:height\" content=\"1232\" \/>\n\t<meta property=\"og:image:type\" content=\"image\/jpeg\" \/>\n<meta name=\"twitter:card\" content=\"summary_large_image\" \/>\n<meta name=\"twitter:label1\" content=\"Dur\u00e9e de lecture estim\u00e9e\" \/>\n\t<meta name=\"twitter:data1\" content=\"1 minute\" \/>\n<!-- \/ Yoast SEO plugin. -->","yoast_head_json":{"title":"MEDISCO MESO PDRN - Beauty Business Holland","robots":{"index":"index","follow":"follow","max-snippet":"max-snippet:-1","max-image-preview":"max-image-preview:large","max-video-preview":"max-video-preview:-1"},"canonical":"https:\/\/beautybusinessholland.com\/fr\/produit\/medisco-skinbooster-hyaluronzuur-kopie-kopie-kopie-kopie-kopie-kopie\/","og_locale":"fr_FR","og_type":"article","og_title":"MEDISCO MESO PDRN - Beauty Business Holland","og_description":"Dual : adapt\u00e9 \u00e0 la fois pour l\u2019injection et le microneedling ! Le Medisco Meso PDRN contient de l\u2019ADN sodique, qui stimule rapidement la synth\u00e8se du collag\u00e8ne et la r\u00e9g\u00e9n\u00e9ration de la peau, favorisant la r\u00e9paration et la sant\u00e9 de la peau. De plus, l\u2019hyaluronate de sodium apporte de l\u2019hydratation, de l\u2019hydratation, la pr\u00e9vention des [&hellip;]","og_url":"https:\/\/beautybusinessholland.com\/fr\/produit\/medisco-skinbooster-hyaluronzuur-kopie-kopie-kopie-kopie-kopie-kopie\/","og_site_name":"Beauty Business Holland","article_modified_time":"2026-04-09T13:34:43+00:00","og_image":[{"width":1233,"height":1232,"url":"https:\/\/beautybusinessholland.com\/wp-content\/uploads\/2026\/04\/WhatsApp-Image-2026-04-09-at-15.22.03.jpeg","type":"image\/jpeg"}],"twitter_card":"summary_large_image","twitter_misc":{"Dur\u00e9e de lecture estim\u00e9e":"1 minute"},"schema":{"@context":"https:\/\/schema.org","@graph":[{"@type":"WebPage","@id":"https:\/\/beautybusinessholland.com\/fr\/produit\/medisco-skinbooster-hyaluronzuur-kopie-kopie-kopie-kopie-kopie-kopie\/","url":"https:\/\/beautybusinessholland.com\/fr\/produit\/medisco-skinbooster-hyaluronzuur-kopie-kopie-kopie-kopie-kopie-kopie\/","name":"MEDISCO MESO PDRN - Beauty Business Holland","isPartOf":{"@id":"https:\/\/beautybusinessholland.com\/fr\/#website"},"primaryImageOfPage":{"@id":"https:\/\/beautybusinessholland.com\/fr\/produit\/medisco-skinbooster-hyaluronzuur-kopie-kopie-kopie-kopie-kopie-kopie\/#primaryimage"},"image":{"@id":"https:\/\/beautybusinessholland.com\/fr\/produit\/medisco-skinbooster-hyaluronzuur-kopie-kopie-kopie-kopie-kopie-kopie\/#primaryimage"},"thumbnailUrl":"https:\/\/beautybusinessholland.com\/wp-content\/uploads\/2026\/04\/WhatsApp-Image-2026-04-09-at-15.22.03.jpeg","datePublished":"2026-04-09T13:05:47+00:00","dateModified":"2026-04-09T13:34:43+00:00","breadcrumb":{"@id":"https:\/\/beautybusinessholland.com\/fr\/produit\/medisco-skinbooster-hyaluronzuur-kopie-kopie-kopie-kopie-kopie-kopie\/#breadcrumb"},"inLanguage":"fr-FR","potentialAction":[{"@type":"ReadAction","target":["https:\/\/beautybusinessholland.com\/fr\/produit\/medisco-skinbooster-hyaluronzuur-kopie-kopie-kopie-kopie-kopie-kopie\/"]}]},{"@type":"ImageObject","inLanguage":"fr-FR","@id":"https:\/\/beautybusinessholland.com\/fr\/produit\/medisco-skinbooster-hyaluronzuur-kopie-kopie-kopie-kopie-kopie-kopie\/#primaryimage","url":"https:\/\/beautybusinessholland.com\/wp-content\/uploads\/2026\/04\/WhatsApp-Image-2026-04-09-at-15.22.03.jpeg","contentUrl":"https:\/\/beautybusinessholland.com\/wp-content\/uploads\/2026\/04\/WhatsApp-Image-2026-04-09-at-15.22.03.jpeg","width":1233,"height":1232},{"@type":"BreadcrumbList","@id":"https:\/\/beautybusinessholland.com\/fr\/produit\/medisco-skinbooster-hyaluronzuur-kopie-kopie-kopie-kopie-kopie-kopie\/#breadcrumb","itemListElement":[{"@type":"ListItem","position":1,"name":"Domicile","item":"https:\/\/beautybusinessholland.com\/fr\/entreprise-de-beaute-hollande\/"},{"@type":"ListItem","position":2,"name":"Boutique","item":"https:\/\/beautybusinessholland.com\/fr\/boutique\/"},{"@type":"ListItem","position":3,"name":"MEDISCO MESO PDRN"}]},{"@type":"WebSite","@id":"https:\/\/beautybusinessholland.com\/fr\/#website","url":"https:\/\/beautybusinessholland.com\/fr\/","name":"Beauty Business Holland","description":"Beauty &amp; Health Care","publisher":{"@id":"https:\/\/beautybusinessholland.com\/fr\/#organization"},"potentialAction":[{"@type":"SearchAction","target":{"@type":"EntryPoint","urlTemplate":"https:\/\/beautybusinessholland.com\/fr\/?s={search_term_string}"},"query-input":{"@type":"PropertyValueSpecification","valueRequired":true,"valueName":"search_term_string"}}],"inLanguage":"fr-FR"},{"@type":"Organization","@id":"https:\/\/beautybusinessholland.com\/fr\/#organization","name":"Beauty Business Holland","url":"https:\/\/beautybusinessholland.com\/fr\/","logo":{"@type":"ImageObject","inLanguage":"fr-FR","@id":"https:\/\/beautybusinessholland.com\/fr\/#\/schema\/logo\/image\/","url":"https:\/\/beautybusinessholland.com\/wp-content\/uploads\/2025\/04\/email-logo.png","contentUrl":"https:\/\/beautybusinessholland.com\/wp-content\/uploads\/2025\/04\/email-logo.png","width":300,"height":79,"caption":"Beauty Business Holland"},"image":{"@id":"https:\/\/beautybusinessholland.com\/fr\/#\/schema\/logo\/image\/"}}]}},"_links":{"self":[{"href":"https:\/\/beautybusinessholland.com\/fr\/wp-json\/wp\/v2\/product\/14538","targetHints":{"allow":["GET"]}}],"collection":[{"href":"https:\/\/beautybusinessholland.com\/fr\/wp-json\/wp\/v2\/product"}],"about":[{"href":"https:\/\/beautybusinessholland.com\/fr\/wp-json\/wp\/v2\/types\/product"}],"version-history":[{"count":2,"href":"https:\/\/beautybusinessholland.com\/fr\/wp-json\/wp\/v2\/product\/14538\/revisions"}],"predecessor-version":[{"id":14634,"href":"https:\/\/beautybusinessholland.com\/fr\/wp-json\/wp\/v2\/product\/14538\/revisions\/14634"}],"wp:featuredmedia":[{"embeddable":true,"href":"https:\/\/beautybusinessholland.com\/fr\/wp-json\/wp\/v2\/media\/14624"}],"wp:attachment":[{"href":"https:\/\/beautybusinessholland.com\/fr\/wp-json\/wp\/v2\/media?parent=14538"}],"wp:term":[{"taxonomy":"product_brand","embeddable":true,"href":"https:\/\/beautybusinessholland.com\/fr\/wp-json\/wp\/v2\/product_brand?post=14538"},{"taxonomy":"product_cat","embeddable":true,"href":"https:\/\/beautybusinessholland.com\/fr\/wp-json\/wp\/v2\/product_cat?post=14538"},{"taxonomy":"product_tag","embeddable":true,"href":"https:\/\/beautybusinessholland.com\/fr\/wp-json\/wp\/v2\/product_tag?post=14538"}],"curies":[{"name":"wp","href":"https:\/\/api.w.org\/{rel}","templated":true}]}}