{"id":14544,"date":"2026-04-09T15:08:19","date_gmt":"2026-04-09T13:08:19","guid":{"rendered":"https:\/\/beautybusinessholland.com\/?post_type=product&#038;p=14544"},"modified":"2026-04-09T15:36:56","modified_gmt":"2026-04-09T13:36:56","slug":"medisco-skinbooster-hyaluronzuur-kopie-kopie-kopie-kopie-kopie-kopie-kopie","status":"publish","type":"product","link":"https:\/\/beautybusinessholland.com\/fr\/produit\/medisco-skinbooster-hyaluronzuur-kopie-kopie-kopie-kopie-kopie-kopie-kopie\/","title":{"rendered":"MEDISCO TOK TOK Carboxy CO"},"content":{"rendered":"<p>MEDISCO TOK TOK Carboxy CO\u2082 &#8211; le coup de pouce ultime pour une peau fra\u00eeche et \u00e9clatante.<\/p>\n<p>D\u00e9couvrez la puissance de la carboxyth\u00e9rapie sans injection gr\u00e2ce au traitement innovant MEDISCO TOK TOK CO\u2082. Ce traitement unique stimule la peau de l\u2019int\u00e9rieur vers l\u2019ext\u00e9rieur et offre imm\u00e9diatement un \u00e9clat sain et une am\u00e9lioration de la condition cutan\u00e9e. <\/p>\n<p>Comment cela fonctionne-t-il ?<br \/>\nLa r\u00e9action du CO\u2082 stimule l\u2019apport en oxyg\u00e8ne dans la peau, ce qui am\u00e9liore la circulation sanguine et aide les cellules cutan\u00e9es \u00e0 se renouveler plus rapidement.<\/p>\n<p>Avantages et effets :<\/p>\n<p>* Stimule la production d\u2019oxyg\u00e8ne dans la peau<br \/>\n* Am\u00e9liore la circulation sanguine et la r\u00e9g\u00e9n\u00e9ration<br \/>\n de la peau* \u00c9claircit et uniformise le teint<br \/>\n* R\u00e9duit les ridules et les signes de fatigue<br \/>\n* Affine la texture<br \/>\n de la peau* Apaise et hydrate la peau<\/p>\n<p>Parfait pour :<\/p>\n<p>* Peau<br \/>\n terne et fatigu\u00e9e* Mauvaise circulation<br \/>\n* Impuret\u00e9s et pores<br \/>\n dilat\u00e9s* Peau sensible \u00e0 r\u00e9cup\u00e9rer<br \/>\n* Traitements rapides de rehaussement<\/p>\n<p>R\u00e9sultat :<br \/>\n Une peau imm\u00e9diatement plus fra\u00eeche, plus pleine et \u00e9clatante \u2013 visible apr\u00e8s une seule s\u00e9ance.<\/p>\n<p>MEDISCO TOK TOK &#8211; la nouvelle g\u00e9n\u00e9ration de traitements carboxy CO\u2082 pour des r\u00e9sultats professionnels<\/p>\n","protected":false},"excerpt":{"rendered":"<p>MEDISCO TOK TOK Carboxy CO\u2082 &#8211; le coup de pouce ultime pour une peau fra\u00eeche et \u00e9clatante. D\u00e9couvrez la puissance de la carboxyth\u00e9rapie sans injection gr\u00e2ce au traitement innovant MEDISCO TOK TOK CO\u2082. Ce traitement unique stimule la peau de l\u2019int\u00e9rieur vers l\u2019ext\u00e9rieur et offre imm\u00e9diatement un \u00e9clat sain et une am\u00e9lioration de la condition [&hellip;]<\/p>\n","protected":false},"featured_media":14638,"template":"","meta":{"_acf_changed":false,"footnotes":""},"product_brand":[],"product_cat":[100],"product_tag":[],"class_list":{"0":"post-14544","1":"product","2":"type-product","3":"status-publish","4":"has-post-thumbnail","6":"product_cat-cosmetiques-coreens","8":"first","9":"instock","10":"shipping-taxable","11":"purchasable","12":"product-type-simple"},"acf":[],"yoast_head":"<!-- This site is optimized with the Yoast SEO plugin v27.3 - https:\/\/yoast.com\/product\/yoast-seo-wordpress\/ -->\n<title>MEDISCO TOK TOK Carboxy CO - Beauty Business Holland<\/title>\n<meta name=\"robots\" content=\"index, follow, max-snippet:-1, max-image-preview:large, max-video-preview:-1\" \/>\n<link rel=\"canonical\" href=\"https:\/\/beautybusinessholland.com\/fr\/produit\/medisco-skinbooster-hyaluronzuur-kopie-kopie-kopie-kopie-kopie-kopie-kopie\/\" \/>\n<meta property=\"og:locale\" content=\"fr_FR\" \/>\n<meta property=\"og:type\" content=\"article\" \/>\n<meta property=\"og:title\" content=\"MEDISCO TOK TOK Carboxy CO - Beauty Business Holland\" \/>\n<meta property=\"og:description\" content=\"MEDISCO TOK TOK Carboxy CO\u2082 &#8211; le coup de pouce ultime pour une peau fra\u00eeche et \u00e9clatante. D\u00e9couvrez la puissance de la carboxyth\u00e9rapie sans injection gr\u00e2ce au traitement innovant MEDISCO TOK TOK CO\u2082. Ce traitement unique stimule la peau de l\u2019int\u00e9rieur vers l\u2019ext\u00e9rieur et offre imm\u00e9diatement un \u00e9clat sain et une am\u00e9lioration de la condition [&hellip;]\" \/>\n<meta property=\"og:url\" content=\"https:\/\/beautybusinessholland.com\/fr\/produit\/medisco-skinbooster-hyaluronzuur-kopie-kopie-kopie-kopie-kopie-kopie-kopie\/\" \/>\n<meta property=\"og:site_name\" content=\"Beauty Business Holland\" \/>\n<meta property=\"article:modified_time\" content=\"2026-04-09T13:36:56+00:00\" \/>\n<meta property=\"og:image\" content=\"https:\/\/beautybusinessholland.com\/wp-content\/uploads\/2026\/04\/WhatsApp-Image-2026-04-09-at-15.22.06.jpeg\" \/>\n\t<meta property=\"og:image:width\" content=\"1600\" \/>\n\t<meta property=\"og:image:height\" content=\"1067\" \/>\n\t<meta property=\"og:image:type\" content=\"image\/jpeg\" \/>\n<meta name=\"twitter:card\" content=\"summary_large_image\" \/>\n<meta name=\"twitter:label1\" content=\"Dur\u00e9e de lecture estim\u00e9e\" \/>\n\t<meta name=\"twitter:data1\" content=\"1 minute\" \/>\n<!-- \/ Yoast SEO plugin. -->","yoast_head_json":{"title":"MEDISCO TOK TOK Carboxy CO - Beauty Business Holland","robots":{"index":"index","follow":"follow","max-snippet":"max-snippet:-1","max-image-preview":"max-image-preview:large","max-video-preview":"max-video-preview:-1"},"canonical":"https:\/\/beautybusinessholland.com\/fr\/produit\/medisco-skinbooster-hyaluronzuur-kopie-kopie-kopie-kopie-kopie-kopie-kopie\/","og_locale":"fr_FR","og_type":"article","og_title":"MEDISCO TOK TOK Carboxy CO - Beauty Business Holland","og_description":"MEDISCO TOK TOK Carboxy CO\u2082 &#8211; le coup de pouce ultime pour une peau fra\u00eeche et \u00e9clatante. D\u00e9couvrez la puissance de la carboxyth\u00e9rapie sans injection gr\u00e2ce au traitement innovant MEDISCO TOK TOK CO\u2082. Ce traitement unique stimule la peau de l\u2019int\u00e9rieur vers l\u2019ext\u00e9rieur et offre imm\u00e9diatement un \u00e9clat sain et une am\u00e9lioration de la condition [&hellip;]","og_url":"https:\/\/beautybusinessholland.com\/fr\/produit\/medisco-skinbooster-hyaluronzuur-kopie-kopie-kopie-kopie-kopie-kopie-kopie\/","og_site_name":"Beauty Business Holland","article_modified_time":"2026-04-09T13:36:56+00:00","og_image":[{"width":1600,"height":1067,"url":"https:\/\/beautybusinessholland.com\/wp-content\/uploads\/2026\/04\/WhatsApp-Image-2026-04-09-at-15.22.06.jpeg","type":"image\/jpeg"}],"twitter_card":"summary_large_image","twitter_misc":{"Dur\u00e9e de lecture estim\u00e9e":"1 minute"},"schema":{"@context":"https:\/\/schema.org","@graph":[{"@type":"WebPage","@id":"https:\/\/beautybusinessholland.com\/fr\/produit\/medisco-skinbooster-hyaluronzuur-kopie-kopie-kopie-kopie-kopie-kopie-kopie\/","url":"https:\/\/beautybusinessholland.com\/fr\/produit\/medisco-skinbooster-hyaluronzuur-kopie-kopie-kopie-kopie-kopie-kopie-kopie\/","name":"MEDISCO TOK TOK Carboxy CO - Beauty Business Holland","isPartOf":{"@id":"https:\/\/beautybusinessholland.com\/fr\/#website"},"primaryImageOfPage":{"@id":"https:\/\/beautybusinessholland.com\/fr\/produit\/medisco-skinbooster-hyaluronzuur-kopie-kopie-kopie-kopie-kopie-kopie-kopie\/#primaryimage"},"image":{"@id":"https:\/\/beautybusinessholland.com\/fr\/produit\/medisco-skinbooster-hyaluronzuur-kopie-kopie-kopie-kopie-kopie-kopie-kopie\/#primaryimage"},"thumbnailUrl":"https:\/\/beautybusinessholland.com\/wp-content\/uploads\/2026\/04\/WhatsApp-Image-2026-04-09-at-15.22.06.jpeg","datePublished":"2026-04-09T13:08:19+00:00","dateModified":"2026-04-09T13:36:56+00:00","breadcrumb":{"@id":"https:\/\/beautybusinessholland.com\/fr\/produit\/medisco-skinbooster-hyaluronzuur-kopie-kopie-kopie-kopie-kopie-kopie-kopie\/#breadcrumb"},"inLanguage":"fr-FR","potentialAction":[{"@type":"ReadAction","target":["https:\/\/beautybusinessholland.com\/fr\/produit\/medisco-skinbooster-hyaluronzuur-kopie-kopie-kopie-kopie-kopie-kopie-kopie\/"]}]},{"@type":"ImageObject","inLanguage":"fr-FR","@id":"https:\/\/beautybusinessholland.com\/fr\/produit\/medisco-skinbooster-hyaluronzuur-kopie-kopie-kopie-kopie-kopie-kopie-kopie\/#primaryimage","url":"https:\/\/beautybusinessholland.com\/wp-content\/uploads\/2026\/04\/WhatsApp-Image-2026-04-09-at-15.22.06.jpeg","contentUrl":"https:\/\/beautybusinessholland.com\/wp-content\/uploads\/2026\/04\/WhatsApp-Image-2026-04-09-at-15.22.06.jpeg","width":1600,"height":1067},{"@type":"BreadcrumbList","@id":"https:\/\/beautybusinessholland.com\/fr\/produit\/medisco-skinbooster-hyaluronzuur-kopie-kopie-kopie-kopie-kopie-kopie-kopie\/#breadcrumb","itemListElement":[{"@type":"ListItem","position":1,"name":"Domicile","item":"https:\/\/beautybusinessholland.com\/fr\/entreprise-de-beaute-hollande\/"},{"@type":"ListItem","position":2,"name":"Boutique","item":"https:\/\/beautybusinessholland.com\/fr\/boutique\/"},{"@type":"ListItem","position":3,"name":"MEDISCO TOK TOK Carboxy CO"}]},{"@type":"WebSite","@id":"https:\/\/beautybusinessholland.com\/fr\/#website","url":"https:\/\/beautybusinessholland.com\/fr\/","name":"Beauty Business Holland","description":"Beauty &amp; Health Care","publisher":{"@id":"https:\/\/beautybusinessholland.com\/fr\/#organization"},"potentialAction":[{"@type":"SearchAction","target":{"@type":"EntryPoint","urlTemplate":"https:\/\/beautybusinessholland.com\/fr\/?s={search_term_string}"},"query-input":{"@type":"PropertyValueSpecification","valueRequired":true,"valueName":"search_term_string"}}],"inLanguage":"fr-FR"},{"@type":"Organization","@id":"https:\/\/beautybusinessholland.com\/fr\/#organization","name":"Beauty Business Holland","url":"https:\/\/beautybusinessholland.com\/fr\/","logo":{"@type":"ImageObject","inLanguage":"fr-FR","@id":"https:\/\/beautybusinessholland.com\/fr\/#\/schema\/logo\/image\/","url":"https:\/\/beautybusinessholland.com\/wp-content\/uploads\/2025\/04\/email-logo.png","contentUrl":"https:\/\/beautybusinessholland.com\/wp-content\/uploads\/2025\/04\/email-logo.png","width":300,"height":79,"caption":"Beauty Business Holland"},"image":{"@id":"https:\/\/beautybusinessholland.com\/fr\/#\/schema\/logo\/image\/"}}]}},"_links":{"self":[{"href":"https:\/\/beautybusinessholland.com\/fr\/wp-json\/wp\/v2\/product\/14544","targetHints":{"allow":["GET"]}}],"collection":[{"href":"https:\/\/beautybusinessholland.com\/fr\/wp-json\/wp\/v2\/product"}],"about":[{"href":"https:\/\/beautybusinessholland.com\/fr\/wp-json\/wp\/v2\/types\/product"}],"version-history":[{"count":2,"href":"https:\/\/beautybusinessholland.com\/fr\/wp-json\/wp\/v2\/product\/14544\/revisions"}],"predecessor-version":[{"id":14647,"href":"https:\/\/beautybusinessholland.com\/fr\/wp-json\/wp\/v2\/product\/14544\/revisions\/14647"}],"wp:featuredmedia":[{"embeddable":true,"href":"https:\/\/beautybusinessholland.com\/fr\/wp-json\/wp\/v2\/media\/14638"}],"wp:attachment":[{"href":"https:\/\/beautybusinessholland.com\/fr\/wp-json\/wp\/v2\/media?parent=14544"}],"wp:term":[{"taxonomy":"product_brand","embeddable":true,"href":"https:\/\/beautybusinessholland.com\/fr\/wp-json\/wp\/v2\/product_brand?post=14544"},{"taxonomy":"product_cat","embeddable":true,"href":"https:\/\/beautybusinessholland.com\/fr\/wp-json\/wp\/v2\/product_cat?post=14544"},{"taxonomy":"product_tag","embeddable":true,"href":"https:\/\/beautybusinessholland.com\/fr\/wp-json\/wp\/v2\/product_tag?post=14544"}],"curies":[{"name":"wp","href":"https:\/\/api.w.org\/{rel}","templated":true}]}}