{"id":15301,"date":"2026-04-27T11:04:39","date_gmt":"2026-04-27T09:04:39","guid":{"rendered":"https:\/\/beautybusinessholland.com\/product\/beautylizer-srl\/"},"modified":"2026-04-27T11:28:09","modified_gmt":"2026-04-27T09:28:09","slug":"beautylizer-srl","status":"publish","type":"product","link":"https:\/\/beautybusinessholland.com\/fr\/produit\/beautylizer-srl\/","title":{"rendered":"Beautylizer\u00ae RSL"},"content":{"rendered":"<p>La Beautylizer\u00ae RSL Sculpting est une machine de remodelage corporelle haut de gamme, fabriqu\u00e9e \u00e0 Duba\u00ef, con\u00e7ue pour les cliniques professionnelles, les salons de beaut\u00e9, les centres de bien-\u00eatre et les traitements de r\u00e9cup\u00e9ration post-op\u00e9ratoire. L\u2019appareil combine vibrocompression, microcompression et th\u00e9rapie LED en un traitement puissant. Gr\u00e2ce \u00e0 la pi\u00e8ce unique avec 72 sph\u00e8res en silicone m\u00e9dical, le corps est mass\u00e9, soulev\u00e9 et stimul\u00e9 de fa\u00e7on rythmique, sans traumatiser la peau.  <\/p>\n<p>Le Beautylizer\u00ae RSL se distingue par la solide base scientifique de cette technologie. La pr\u00e9sentation identifiera de multiples essais cliniques et \u00e9tudes de cas d\u00e9montrant des am\u00e9liorations de la cellulite, de la qualit\u00e9 de la peau, de la microcirculation, du drainage lymphatique, du raffermissement cutan\u00e9, de la fibrose et de la r\u00e9duction du volume. Une \u00e9tude pilote a d\u00e9crit une diminution de la taille moyenne des adipocytes, une am\u00e9lioration des structures vasculaires et une augmentation de la densit\u00e9 des composants vasculaires apr\u00e8s une th\u00e9rapie combin\u00e9e compression-vibration, entre autres.  <\/p>\n<p>Le traitement fonctionne sur la base de trois forces : sph\u00e8res tournantes, vibrations et lumi\u00e8re LED rouge. Les sph\u00e8res cr\u00e9ent un mouvement de compression et de levage par pompage, stimulant le flux lymphatique et permettant \u00e0 l\u2019exc\u00e8s de liquide de mieux s\u2019\u00e9couler. La vibration active la peau et les tissus sous-jacents, tandis que la lumi\u00e8re LED rouge de 650 nm contribue \u00e0 l\u2019am\u00e9lioration de la peau, \u00e0 l\u2019\u00e9lasticit\u00e9 et au soutien du collag\u00e8ne.  <\/p>\n<p>Pour les clients, le traitement est confortable, non invasif et stimulant. Aucune combinaison sp\u00e9ciale n\u2019est requise, et le traitement peut \u00eatre effectu\u00e9 sans huile. En cons\u00e9quence, le Beautylizer\u00ae RSL convient \u00e9galement tr\u00e8s bien \u00e0 un large public cible, y compris les clients qui travaillent sur l\u2019am\u00e9lioration de la silhouette, le raffermissement de la peau, la relaxation, la r\u00e9duction de la cellulite ou la r\u00e9cup\u00e9ration apr\u00e8s liposuccion.  <\/p>\n<p data-start=\"47\" data-end=\"78\">Adapt\u00e9, entre autres \u00e0 :<\/p>\n<p data-start=\"80\" data-end=\"586\" data-is-last-node=\"\" data-is-only-node=\"\">\u2022 Les salons de beaut\u00e9 souhaitant proposer un remodelage corporel<br data-start=\"132\" data-end=\"135\">\u2022 Cliniques de la peau et au laser avec traitements corporels<br data-start=\"186\" data-end=\"189\" data-is-only-node=\"\">\u2022 Centres de bien-\u00eatre et spas avec des concepts de massage<br data-start=\"235\" data-end=\"238\">\u2022 Pratiques de massage et centres th\u00e9rapeutiques<br data-start=\"282\" data-end=\"285\">\u2022 Cliniques de r\u00e9cup\u00e9ration post-liposuccion<br data-start=\"325\" data-end=\"328\">\u2022 Cliniques esth\u00e9tiques avec programmes d\u2019am\u00e9lioration de la peau<br data-start=\"381\" data-end=\"384\">\u2022 Studios de mince et sp\u00e9cialistes du modelage corporel<br data-start=\"430\" data-end=\"433\">\u2022 Centres sportifs et de r\u00e9cup\u00e9ration pour la relaxation musculaire<br data-start=\"480\" data-end=\"483\">\u2022 Salons haut de gamme proposant des traitements contre la cellulite<br data-start=\"536\" data-end=\"539\">\u2022 Cliniques combinant la cryolipolyse ou HIFU<\/p>\n<p><iframe loading=\"lazy\" title=\"Beautylizer RSL \u2014 an innovative massage device for reducing cellulite and body-sculpting\" width=\"800\" height=\"450\" src=\"https:\/\/www.youtube.com\/embed\/vPx0qAFjfqM?feature=oembed\" frameborder=\"0\" allow=\"accelerometer; autoplay; clipboard-write; encrypted-media; gyroscope; picture-in-picture; web-share\" referrerpolicy=\"strict-origin-when-cross-origin\" allowfullscreen><\/iframe><\/p>\n","protected":false},"excerpt":{"rendered":"<p>La Beautylizer\u00ae RSL Sculpting est une machine de remodelage corporelle haut de gamme, fabriqu\u00e9e \u00e0 Duba\u00ef, con\u00e7ue pour les cliniques professionnelles, les salons de beaut\u00e9, les centres de bien-\u00eatre et les traitements de r\u00e9cup\u00e9ration post-op\u00e9ratoire. L\u2019appareil combine vibrocompression, microcompression et th\u00e9rapie LED en un traitement puissant. Gr\u00e2ce \u00e0 la pi\u00e8ce unique avec 72 sph\u00e8res en [&hellip;]<\/p>\n","protected":false},"featured_media":0,"template":"","meta":{"_acf_changed":false,"footnotes":""},"product_brand":[],"product_cat":[80],"product_tag":[],"class_list":{"0":"post-15301","1":"product","2":"type-product","3":"status-publish","5":"product_cat-modelage-du-corps","7":"first","8":"instock","9":"shipping-taxable","10":"purchasable","11":"product-type-simple"},"acf":[],"yoast_head":"<!-- This site is optimized with the Yoast SEO plugin v27.3 - https:\/\/yoast.com\/product\/yoast-seo-wordpress\/ -->\n<title>Beautylizer SRL Machine | Sculpture RSL fabriqu\u00e9e \u00e0 Duba\u00ef<\/title>\n<meta name=\"description\" content=\"Beautylizer SRL est une machine RSL de sculpture haut de gamme fabriqu\u00e9e \u00e0 Duba\u00ef, con\u00e7ue pour la cellulite, le drainage lymphatique, le raffermissement de la peau et le remodelage corporel.\" \/>\n<meta name=\"robots\" content=\"index, follow, max-snippet:-1, max-image-preview:large, max-video-preview:-1\" \/>\n<link rel=\"canonical\" href=\"https:\/\/beautybusinessholland.com\/fr\/produit\/beautylizer-srl\/\" \/>\n<meta property=\"og:locale\" content=\"fr_FR\" \/>\n<meta property=\"og:type\" content=\"article\" \/>\n<meta property=\"og:title\" content=\"Beautylizer SRL Machine | Sculpture RSL fabriqu\u00e9e \u00e0 Duba\u00ef\" \/>\n<meta property=\"og:description\" content=\"Beautylizer SRL est une machine RSL de sculpture haut de gamme fabriqu\u00e9e \u00e0 Duba\u00ef, con\u00e7ue pour la cellulite, le drainage lymphatique, le raffermissement de la peau et le remodelage corporel.\" \/>\n<meta property=\"og:url\" content=\"https:\/\/beautybusinessholland.com\/fr\/produit\/beautylizer-srl\/\" \/>\n<meta property=\"og:site_name\" content=\"Beauty Business Holland\" \/>\n<meta property=\"article:modified_time\" content=\"2026-04-27T09:28:09+00:00\" \/>\n<meta name=\"twitter:card\" content=\"summary_large_image\" \/>\n<meta name=\"twitter:label1\" content=\"Dur\u00e9e de lecture estim\u00e9e\" \/>\n\t<meta name=\"twitter:data1\" content=\"2 minutes\" \/>\n<!-- \/ Yoast SEO plugin. -->","yoast_head_json":{"title":"Beautylizer SRL Machine | Sculpture RSL fabriqu\u00e9e \u00e0 Duba\u00ef","description":"Beautylizer SRL est une machine RSL de sculpture haut de gamme fabriqu\u00e9e \u00e0 Duba\u00ef, con\u00e7ue pour la cellulite, le drainage lymphatique, le raffermissement de la peau et le remodelage corporel.","robots":{"index":"index","follow":"follow","max-snippet":"max-snippet:-1","max-image-preview":"max-image-preview:large","max-video-preview":"max-video-preview:-1"},"canonical":"https:\/\/beautybusinessholland.com\/fr\/produit\/beautylizer-srl\/","og_locale":"fr_FR","og_type":"article","og_title":"Beautylizer SRL Machine | Sculpture RSL fabriqu\u00e9e \u00e0 Duba\u00ef","og_description":"Beautylizer SRL est une machine RSL de sculpture haut de gamme fabriqu\u00e9e \u00e0 Duba\u00ef, con\u00e7ue pour la cellulite, le drainage lymphatique, le raffermissement de la peau et le remodelage corporel.","og_url":"https:\/\/beautybusinessholland.com\/fr\/produit\/beautylizer-srl\/","og_site_name":"Beauty Business Holland","article_modified_time":"2026-04-27T09:28:09+00:00","twitter_card":"summary_large_image","twitter_misc":{"Dur\u00e9e de lecture estim\u00e9e":"2 minutes"},"schema":{"@context":"https:\/\/schema.org","@graph":[{"@type":"WebPage","@id":"https:\/\/beautybusinessholland.com\/fr\/produit\/beautylizer-srl\/","url":"https:\/\/beautybusinessholland.com\/fr\/produit\/beautylizer-srl\/","name":"Beautylizer SRL Machine | Sculpture RSL fabriqu\u00e9e \u00e0 Duba\u00ef","isPartOf":{"@id":"https:\/\/beautybusinessholland.com\/fr\/#website"},"datePublished":"2026-04-27T09:04:39+00:00","dateModified":"2026-04-27T09:28:09+00:00","description":"Beautylizer SRL est une machine RSL de sculpture haut de gamme fabriqu\u00e9e \u00e0 Duba\u00ef, con\u00e7ue pour la cellulite, le drainage lymphatique, le raffermissement de la peau et le remodelage corporel.","breadcrumb":{"@id":"https:\/\/beautybusinessholland.com\/fr\/produit\/beautylizer-srl\/#breadcrumb"},"inLanguage":"fr-FR","potentialAction":[{"@type":"ReadAction","target":["https:\/\/beautybusinessholland.com\/fr\/produit\/beautylizer-srl\/"]}]},{"@type":"BreadcrumbList","@id":"https:\/\/beautybusinessholland.com\/fr\/produit\/beautylizer-srl\/#breadcrumb","itemListElement":[{"@type":"ListItem","position":1,"name":"Domicile","item":"https:\/\/beautybusinessholland.com\/fr\/entreprise-de-beaute-hollande\/"},{"@type":"ListItem","position":2,"name":"Boutique","item":"https:\/\/beautybusinessholland.com\/fr\/boutique\/"},{"@type":"ListItem","position":3,"name":"Beautylizer\u00ae RSL"}]},{"@type":"WebSite","@id":"https:\/\/beautybusinessholland.com\/fr\/#website","url":"https:\/\/beautybusinessholland.com\/fr\/","name":"Beauty Business Holland","description":"Beauty &amp; Health Care","publisher":{"@id":"https:\/\/beautybusinessholland.com\/fr\/#organization"},"potentialAction":[{"@type":"SearchAction","target":{"@type":"EntryPoint","urlTemplate":"https:\/\/beautybusinessholland.com\/fr\/?s={search_term_string}"},"query-input":{"@type":"PropertyValueSpecification","valueRequired":true,"valueName":"search_term_string"}}],"inLanguage":"fr-FR"},{"@type":"Organization","@id":"https:\/\/beautybusinessholland.com\/fr\/#organization","name":"Beauty Business Holland","url":"https:\/\/beautybusinessholland.com\/fr\/","logo":{"@type":"ImageObject","inLanguage":"fr-FR","@id":"https:\/\/beautybusinessholland.com\/fr\/#\/schema\/logo\/image\/","url":"https:\/\/beautybusinessholland.com\/wp-content\/uploads\/2025\/04\/email-logo.png","contentUrl":"https:\/\/beautybusinessholland.com\/wp-content\/uploads\/2025\/04\/email-logo.png","width":300,"height":79,"caption":"Beauty Business Holland"},"image":{"@id":"https:\/\/beautybusinessholland.com\/fr\/#\/schema\/logo\/image\/"}}]}},"_links":{"self":[{"href":"https:\/\/beautybusinessholland.com\/fr\/wp-json\/wp\/v2\/product\/15301","targetHints":{"allow":["GET"]}}],"collection":[{"href":"https:\/\/beautybusinessholland.com\/fr\/wp-json\/wp\/v2\/product"}],"about":[{"href":"https:\/\/beautybusinessholland.com\/fr\/wp-json\/wp\/v2\/types\/product"}],"version-history":[{"count":5,"href":"https:\/\/beautybusinessholland.com\/fr\/wp-json\/wp\/v2\/product\/15301\/revisions"}],"predecessor-version":[{"id":15356,"href":"https:\/\/beautybusinessholland.com\/fr\/wp-json\/wp\/v2\/product\/15301\/revisions\/15356"}],"wp:attachment":[{"href":"https:\/\/beautybusinessholland.com\/fr\/wp-json\/wp\/v2\/media?parent=15301"}],"wp:term":[{"taxonomy":"product_brand","embeddable":true,"href":"https:\/\/beautybusinessholland.com\/fr\/wp-json\/wp\/v2\/product_brand?post=15301"},{"taxonomy":"product_cat","embeddable":true,"href":"https:\/\/beautybusinessholland.com\/fr\/wp-json\/wp\/v2\/product_cat?post=15301"},{"taxonomy":"product_tag","embeddable":true,"href":"https:\/\/beautybusinessholland.com\/fr\/wp-json\/wp\/v2\/product_tag?post=15301"}],"curies":[{"name":"wp","href":"https:\/\/api.w.org\/{rel}","templated":true}]}}