{"id":9221,"date":"2025-04-28T14:43:55","date_gmt":"2025-04-28T12:43:55","guid":{"rendered":"https:\/\/beautybusinessholland.com\/product\/genelux-yag-coree\/"},"modified":"2025-10-08T15:50:39","modified_gmt":"2025-10-08T13:50:39","slug":"genelux-yag-korea","status":"publish","type":"product","link":"https:\/\/beautybusinessholland.com\/fr\/produit\/genelux-yag-korea\/","title":{"rendered":"GENELUX Yag Korea"},"content":{"rendered":"<p>Le GENELUX combine la puissante technologie Q-Switched Nd\u00a0:YAG bicolore avec un bo\u00eetier compact et portable pour une flexibilit\u00e9 et des r\u00e9sultats maximum. Gr\u00e2ce \u00e0 la combinaison unique du mode SPT et HPT, vous pouvez traiter efficacement les probl\u00e8mes de pigmentation et stimuler le rajeunissement de la peau en une seule s\u00e9ance. Le laser fonctionne \u00e0 1064 nm et 532 nm pour les couches de peau profondes et superficielles, id\u00e9al pour le tatouage, les pigments, l\u2019acn\u00e9 et la r\u00e9duction des pores, entre autres. Gr\u00e2ce \u00e0 sa cavit\u00e9 nano-c\u00e9ramique, sa longue dur\u00e9e de vie de 3 millions de tirs et sa technologie de refroidissement intelligente, GENELUX est \u00e0 la fois puissant et durable \u00e0 l\u2019usage. Avec le peeling doux, le peeling au carbone et la technique Genesis, ce laser offre des r\u00e9sultats \u00e9prouv\u00e9s avec un temps d\u2019arr\u00eat minimal. Certifi\u00e9 CE m\u00e9dical et con\u00e7u pour une utilisation professionnelle polyvalente. Choisissez la pr\u00e9cision, la polyvalence et l\u2019am\u00e9lioration de la peau avec une solution compacte.<\/p>\n","protected":false},"excerpt":{"rendered":"<p><span class=\"NormalTextRun SCXW138558906 BCX0\">Le GENELUX combine la puissante technologie Q-Switched Nd\u00a0:YAG bicolore avec un bo\u00eetier compact et portable pour une flexibilit\u00e9 et des r\u00e9sultats maximum.<\/span><\/p>\n","protected":false},"featured_media":7985,"template":"","meta":{"_acf_changed":false,"footnotes":""},"product_brand":[],"product_cat":[84,82],"product_tag":[],"class_list":{"0":"post-9221","1":"product","2":"type-product","3":"status-publish","4":"has-post-thumbnail","6":"product_cat-picoseconde-yag","7":"product_cat-tout-lequipement","9":"first","10":"instock","11":"shipping-taxable","12":"purchasable","13":"product-type-simple"},"acf":[],"yoast_head":"<!-- This site is optimized with the Yoast SEO plugin v27.3 - https:\/\/yoast.com\/product\/yoast-seo-wordpress\/ -->\n<title>GENELUX Yag Korea - Beauty Business Holland<\/title>\n<meta name=\"robots\" content=\"index, follow, max-snippet:-1, max-image-preview:large, max-video-preview:-1\" \/>\n<link rel=\"canonical\" href=\"https:\/\/beautybusinessholland.com\/fr\/produit\/genelux-yag-korea\/\" \/>\n<meta property=\"og:locale\" content=\"fr_FR\" \/>\n<meta property=\"og:type\" content=\"article\" \/>\n<meta property=\"og:title\" content=\"GENELUX Yag Korea - Beauty Business Holland\" \/>\n<meta property=\"og:description\" content=\"Le GENELUX combine la puissante technologie Q-Switched Nd\u00a0:YAG bicolore avec un bo\u00eetier compact et portable pour une flexibilit\u00e9 et des r\u00e9sultats maximum.\" \/>\n<meta property=\"og:url\" content=\"https:\/\/beautybusinessholland.com\/fr\/produit\/genelux-yag-korea\/\" \/>\n<meta property=\"og:site_name\" content=\"Beauty Business Holland\" \/>\n<meta property=\"article:modified_time\" content=\"2025-10-08T13:50:39+00:00\" \/>\n<meta property=\"og:image\" content=\"https:\/\/beautybusinessholland.com\/wp-content\/uploads\/2025\/04\/beauty-business-holland-genelux-yag-korea.jpg\" \/>\n\t<meta property=\"og:image:width\" content=\"1678\" \/>\n\t<meta property=\"og:image:height\" content=\"1678\" \/>\n\t<meta property=\"og:image:type\" content=\"image\/jpeg\" \/>\n<meta name=\"twitter:card\" content=\"summary_large_image\" \/>\n<meta name=\"twitter:label1\" content=\"Dur\u00e9e de lecture estim\u00e9e\" \/>\n\t<meta name=\"twitter:data1\" content=\"1 minute\" \/>\n<script type=\"application\/ld+json\" class=\"yoast-schema-graph\">{\"@context\":\"https:\\\/\\\/schema.org\",\"@graph\":[{\"@type\":\"WebPage\",\"@id\":\"https:\\\/\\\/beautybusinessholland.com\\\/fr\\\/produit\\\/genelux-yag-korea\\\/\",\"url\":\"https:\\\/\\\/beautybusinessholland.com\\\/fr\\\/produit\\\/genelux-yag-korea\\\/\",\"name\":\"GENELUX Yag Korea - Beauty Business Holland\",\"isPartOf\":{\"@id\":\"https:\\\/\\\/beautybusinessholland.com\\\/fr\\\/#website\"},\"primaryImageOfPage\":{\"@id\":\"https:\\\/\\\/beautybusinessholland.com\\\/fr\\\/produit\\\/genelux-yag-korea\\\/#primaryimage\"},\"image\":{\"@id\":\"https:\\\/\\\/beautybusinessholland.com\\\/fr\\\/produit\\\/genelux-yag-korea\\\/#primaryimage\"},\"thumbnailUrl\":\"https:\\\/\\\/beautybusinessholland.com\\\/wp-content\\\/uploads\\\/2025\\\/04\\\/beauty-business-holland-genelux-yag-korea.jpg\",\"datePublished\":\"2025-04-28T12:43:55+00:00\",\"dateModified\":\"2025-10-08T13:50:39+00:00\",\"breadcrumb\":{\"@id\":\"https:\\\/\\\/beautybusinessholland.com\\\/fr\\\/produit\\\/genelux-yag-korea\\\/#breadcrumb\"},\"inLanguage\":\"fr-FR\",\"potentialAction\":[{\"@type\":\"ReadAction\",\"target\":[\"https:\\\/\\\/beautybusinessholland.com\\\/fr\\\/produit\\\/genelux-yag-korea\\\/\"]}]},{\"@type\":\"ImageObject\",\"inLanguage\":\"fr-FR\",\"@id\":\"https:\\\/\\\/beautybusinessholland.com\\\/fr\\\/produit\\\/genelux-yag-korea\\\/#primaryimage\",\"url\":\"https:\\\/\\\/beautybusinessholland.com\\\/wp-content\\\/uploads\\\/2025\\\/04\\\/beauty-business-holland-genelux-yag-korea.jpg\",\"contentUrl\":\"https:\\\/\\\/beautybusinessholland.com\\\/wp-content\\\/uploads\\\/2025\\\/04\\\/beauty-business-holland-genelux-yag-korea.jpg\",\"width\":1678,\"height\":1678},{\"@type\":\"BreadcrumbList\",\"@id\":\"https:\\\/\\\/beautybusinessholland.com\\\/fr\\\/produit\\\/genelux-yag-korea\\\/#breadcrumb\",\"itemListElement\":[{\"@type\":\"ListItem\",\"position\":1,\"name\":\"Domicile\",\"item\":\"https:\\\/\\\/beautybusinessholland.com\\\/fr\\\/entreprise-de-beaute-hollande\\\/\"},{\"@type\":\"ListItem\",\"position\":2,\"name\":\"Boutique\",\"item\":\"https:\\\/\\\/beautybusinessholland.com\\\/fr\\\/boutique\\\/\"},{\"@type\":\"ListItem\",\"position\":3,\"name\":\"GENELUX Yag Korea\"}]},{\"@type\":\"WebSite\",\"@id\":\"https:\\\/\\\/beautybusinessholland.com\\\/fr\\\/#website\",\"url\":\"https:\\\/\\\/beautybusinessholland.com\\\/fr\\\/\",\"name\":\"Beauty Business Holland\",\"description\":\"Beauty &amp; Health Care\",\"publisher\":{\"@id\":\"https:\\\/\\\/beautybusinessholland.com\\\/fr\\\/#organization\"},\"potentialAction\":[{\"@type\":\"SearchAction\",\"target\":{\"@type\":\"EntryPoint\",\"urlTemplate\":\"https:\\\/\\\/beautybusinessholland.com\\\/fr\\\/?s={search_term_string}\"},\"query-input\":{\"@type\":\"PropertyValueSpecification\",\"valueRequired\":true,\"valueName\":\"search_term_string\"}}],\"inLanguage\":\"fr-FR\"},{\"@type\":\"Organization\",\"@id\":\"https:\\\/\\\/beautybusinessholland.com\\\/fr\\\/#organization\",\"name\":\"Beauty Business Holland\",\"url\":\"https:\\\/\\\/beautybusinessholland.com\\\/fr\\\/\",\"logo\":{\"@type\":\"ImageObject\",\"inLanguage\":\"fr-FR\",\"@id\":\"https:\\\/\\\/beautybusinessholland.com\\\/fr\\\/#\\\/schema\\\/logo\\\/image\\\/\",\"url\":\"https:\\\/\\\/beautybusinessholland.com\\\/wp-content\\\/uploads\\\/2025\\\/04\\\/email-logo.png\",\"contentUrl\":\"https:\\\/\\\/beautybusinessholland.com\\\/wp-content\\\/uploads\\\/2025\\\/04\\\/email-logo.png\",\"width\":300,\"height\":79,\"caption\":\"Beauty Business Holland\"},\"image\":{\"@id\":\"https:\\\/\\\/beautybusinessholland.com\\\/fr\\\/#\\\/schema\\\/logo\\\/image\\\/\"}}]}<\/script>\n<!-- \/ Yoast SEO plugin. -->","yoast_head_json":{"title":"GENELUX Yag Korea - Beauty Business Holland","robots":{"index":"index","follow":"follow","max-snippet":"max-snippet:-1","max-image-preview":"max-image-preview:large","max-video-preview":"max-video-preview:-1"},"canonical":"https:\/\/beautybusinessholland.com\/fr\/produit\/genelux-yag-korea\/","og_locale":"fr_FR","og_type":"article","og_title":"GENELUX Yag Korea - Beauty Business Holland","og_description":"Le GENELUX combine la puissante technologie Q-Switched Nd\u00a0:YAG bicolore avec un bo\u00eetier compact et portable pour une flexibilit\u00e9 et des r\u00e9sultats maximum.","og_url":"https:\/\/beautybusinessholland.com\/fr\/produit\/genelux-yag-korea\/","og_site_name":"Beauty Business Holland","article_modified_time":"2025-10-08T13:50:39+00:00","og_image":[{"width":1678,"height":1678,"url":"https:\/\/beautybusinessholland.com\/wp-content\/uploads\/2025\/04\/beauty-business-holland-genelux-yag-korea.jpg","type":"image\/jpeg"}],"twitter_card":"summary_large_image","twitter_misc":{"Dur\u00e9e de lecture estim\u00e9e":"1 minute"},"schema":{"@context":"https:\/\/schema.org","@graph":[{"@type":"WebPage","@id":"https:\/\/beautybusinessholland.com\/fr\/produit\/genelux-yag-korea\/","url":"https:\/\/beautybusinessholland.com\/fr\/produit\/genelux-yag-korea\/","name":"GENELUX Yag Korea - Beauty Business Holland","isPartOf":{"@id":"https:\/\/beautybusinessholland.com\/fr\/#website"},"primaryImageOfPage":{"@id":"https:\/\/beautybusinessholland.com\/fr\/produit\/genelux-yag-korea\/#primaryimage"},"image":{"@id":"https:\/\/beautybusinessholland.com\/fr\/produit\/genelux-yag-korea\/#primaryimage"},"thumbnailUrl":"https:\/\/beautybusinessholland.com\/wp-content\/uploads\/2025\/04\/beauty-business-holland-genelux-yag-korea.jpg","datePublished":"2025-04-28T12:43:55+00:00","dateModified":"2025-10-08T13:50:39+00:00","breadcrumb":{"@id":"https:\/\/beautybusinessholland.com\/fr\/produit\/genelux-yag-korea\/#breadcrumb"},"inLanguage":"fr-FR","potentialAction":[{"@type":"ReadAction","target":["https:\/\/beautybusinessholland.com\/fr\/produit\/genelux-yag-korea\/"]}]},{"@type":"ImageObject","inLanguage":"fr-FR","@id":"https:\/\/beautybusinessholland.com\/fr\/produit\/genelux-yag-korea\/#primaryimage","url":"https:\/\/beautybusinessholland.com\/wp-content\/uploads\/2025\/04\/beauty-business-holland-genelux-yag-korea.jpg","contentUrl":"https:\/\/beautybusinessholland.com\/wp-content\/uploads\/2025\/04\/beauty-business-holland-genelux-yag-korea.jpg","width":1678,"height":1678},{"@type":"BreadcrumbList","@id":"https:\/\/beautybusinessholland.com\/fr\/produit\/genelux-yag-korea\/#breadcrumb","itemListElement":[{"@type":"ListItem","position":1,"name":"Domicile","item":"https:\/\/beautybusinessholland.com\/fr\/entreprise-de-beaute-hollande\/"},{"@type":"ListItem","position":2,"name":"Boutique","item":"https:\/\/beautybusinessholland.com\/fr\/boutique\/"},{"@type":"ListItem","position":3,"name":"GENELUX Yag Korea"}]},{"@type":"WebSite","@id":"https:\/\/beautybusinessholland.com\/fr\/#website","url":"https:\/\/beautybusinessholland.com\/fr\/","name":"Beauty Business Holland","description":"Beauty &amp; Health Care","publisher":{"@id":"https:\/\/beautybusinessholland.com\/fr\/#organization"},"potentialAction":[{"@type":"SearchAction","target":{"@type":"EntryPoint","urlTemplate":"https:\/\/beautybusinessholland.com\/fr\/?s={search_term_string}"},"query-input":{"@type":"PropertyValueSpecification","valueRequired":true,"valueName":"search_term_string"}}],"inLanguage":"fr-FR"},{"@type":"Organization","@id":"https:\/\/beautybusinessholland.com\/fr\/#organization","name":"Beauty Business Holland","url":"https:\/\/beautybusinessholland.com\/fr\/","logo":{"@type":"ImageObject","inLanguage":"fr-FR","@id":"https:\/\/beautybusinessholland.com\/fr\/#\/schema\/logo\/image\/","url":"https:\/\/beautybusinessholland.com\/wp-content\/uploads\/2025\/04\/email-logo.png","contentUrl":"https:\/\/beautybusinessholland.com\/wp-content\/uploads\/2025\/04\/email-logo.png","width":300,"height":79,"caption":"Beauty Business Holland"},"image":{"@id":"https:\/\/beautybusinessholland.com\/fr\/#\/schema\/logo\/image\/"}}]}},"_links":{"self":[{"href":"https:\/\/beautybusinessholland.com\/fr\/wp-json\/wp\/v2\/product\/9221","targetHints":{"allow":["GET"]}}],"collection":[{"href":"https:\/\/beautybusinessholland.com\/fr\/wp-json\/wp\/v2\/product"}],"about":[{"href":"https:\/\/beautybusinessholland.com\/fr\/wp-json\/wp\/v2\/types\/product"}],"version-history":[{"count":0,"href":"https:\/\/beautybusinessholland.com\/fr\/wp-json\/wp\/v2\/product\/9221\/revisions"}],"wp:featuredmedia":[{"embeddable":true,"href":"https:\/\/beautybusinessholland.com\/fr\/wp-json\/wp\/v2\/media\/7985"}],"wp:attachment":[{"href":"https:\/\/beautybusinessholland.com\/fr\/wp-json\/wp\/v2\/media?parent=9221"}],"wp:term":[{"taxonomy":"product_brand","embeddable":true,"href":"https:\/\/beautybusinessholland.com\/fr\/wp-json\/wp\/v2\/product_brand?post=9221"},{"taxonomy":"product_cat","embeddable":true,"href":"https:\/\/beautybusinessholland.com\/fr\/wp-json\/wp\/v2\/product_cat?post=9221"},{"taxonomy":"product_tag","embeddable":true,"href":"https:\/\/beautybusinessholland.com\/fr\/wp-json\/wp\/v2\/product_tag?post=9221"}],"curies":[{"name":"wp","href":"https:\/\/api.w.org\/{rel}","templated":true}]}}