{"id":9243,"date":"2025-06-13T14:42:13","date_gmt":"2025-06-13T12:42:13","guid":{"rendered":"https:\/\/beautybusinessholland.com\/product\/booster-de-luxe-1\/"},"modified":"2025-10-08T15:42:44","modified_gmt":"2025-10-08T13:42:44","slug":"luxe-booster-set-1","status":"publish","type":"product","link":"https:\/\/beautybusinessholland.com\/fr\/produit\/luxe-booster-set-1\/","title":{"rendered":"Luxe Booster Set 1"},"content":{"rendered":"<p><strong>ASTERO Aqua &amp; Vedder LAB<\/strong><\/p>\n<p><em>Fabriqu\u00e9 aux Pays-Bas<\/em><\/p>\n<p>D\u00e9couvrez des r\u00e9sultats \u00e0 un niveau sup\u00e9rieur avec ce Booster Set exclusif, sp\u00e9cialement d\u00e9velopp\u00e9 par Vedder LAB pour \u00eatre utilis\u00e9 avec l\u2019appareil ASTERO Aqua.<\/p>\n<p>Ce set contient\u00a0:<\/p>\n<ul>\n<li>S\u00e9rum booster d\u2019hyaluron avec pr\u00e9biotiques<\/li>\n<li>S\u00e9rum booster de collag\u00e8ne avec pr\u00e9biotiques<\/li>\n<li>S\u00e9rum booster d\u2019effet \u00ab\u00a0toxine botulique\u00a0\u00bb aux pr\u00e9biotiques<\/li>\n<\/ul>\n<p>Optimis\u00e9s pour une utilisation avec les traitements Aqua Peeling, Oxygen Jet et Nano Meso, ces s\u00e9rums avanc\u00e9s hydratent, raffermissent et unifient la peau en profondeur &#8211; pour des r\u00e9sultats optimaux de vos traitements ASTERO Aqua.<\/p>\n<p>Pour une peau plus propre, plus \u00e9clatante et plus saine.<\/p>\n","protected":false},"excerpt":{"rendered":"<p>D\u00e9couvrez des r\u00e9sultats \u00e0 un niveau sup\u00e9rieur avec ce Booster Set exclusif, sp\u00e9cialement d\u00e9velopp\u00e9 par Vedder LAB pour \u00eatre utilis\u00e9 avec l\u2019appareil ASTERO Aqua.<\/p>\n","protected":false},"featured_media":8010,"template":"","meta":{"_acf_changed":false,"footnotes":""},"product_brand":[],"product_cat":[85],"product_tag":[],"class_list":{"0":"post-9243","1":"product","2":"type-product","3":"status-publish","4":"has-post-thumbnail","6":"product_cat-sets","8":"first","9":"instock","10":"shipping-taxable","11":"purchasable","12":"product-type-simple"},"acf":[],"yoast_head":"<!-- This site is optimized with the Yoast SEO plugin v27.5 - https:\/\/yoast.com\/product\/yoast-seo-wordpress\/ -->\n<title>Luxe Booster Set 1 - Beauty Business Holland<\/title>\n<meta name=\"robots\" content=\"index, follow, max-snippet:-1, max-image-preview:large, max-video-preview:-1\" \/>\n<link rel=\"canonical\" href=\"https:\/\/beautybusinessholland.com\/fr\/produit\/luxe-booster-set-1\/\" \/>\n<meta property=\"og:locale\" content=\"fr_FR\" \/>\n<meta property=\"og:type\" content=\"article\" \/>\n<meta property=\"og:title\" content=\"Luxe Booster Set 1 - Beauty Business Holland\" \/>\n<meta property=\"og:description\" content=\"D\u00e9couvrez des r\u00e9sultats \u00e0 un niveau sup\u00e9rieur avec ce Booster Set exclusif, sp\u00e9cialement d\u00e9velopp\u00e9 par Vedder LAB pour \u00eatre utilis\u00e9 avec l\u2019appareil ASTERO Aqua.\" \/>\n<meta property=\"og:url\" content=\"https:\/\/beautybusinessholland.com\/fr\/produit\/luxe-booster-set-1\/\" \/>\n<meta property=\"og:site_name\" content=\"Beauty Business Holland\" \/>\n<meta property=\"article:modified_time\" content=\"2025-10-08T13:42:44+00:00\" \/>\n<meta property=\"og:image\" content=\"https:\/\/beautybusinessholland.com\/wp-content\/uploads\/2025\/06\/beauty-business-holland-luxe-booster-set-1.jpg\" \/>\n\t<meta property=\"og:image:width\" content=\"904\" \/>\n\t<meta property=\"og:image:height\" content=\"904\" \/>\n\t<meta property=\"og:image:type\" content=\"image\/jpeg\" \/>\n<meta name=\"twitter:card\" content=\"summary_large_image\" \/>\n<meta name=\"twitter:label1\" content=\"Dur\u00e9e de lecture estim\u00e9e\" \/>\n\t<meta name=\"twitter:data1\" content=\"1 minute\" \/>\n<!-- \/ Yoast SEO plugin. -->","yoast_head_json":{"title":"Luxe Booster Set 1 - Beauty Business Holland","robots":{"index":"index","follow":"follow","max-snippet":"max-snippet:-1","max-image-preview":"max-image-preview:large","max-video-preview":"max-video-preview:-1"},"canonical":"https:\/\/beautybusinessholland.com\/fr\/produit\/luxe-booster-set-1\/","og_locale":"fr_FR","og_type":"article","og_title":"Luxe Booster Set 1 - Beauty Business Holland","og_description":"D\u00e9couvrez des r\u00e9sultats \u00e0 un niveau sup\u00e9rieur avec ce Booster Set exclusif, sp\u00e9cialement d\u00e9velopp\u00e9 par Vedder LAB pour \u00eatre utilis\u00e9 avec l\u2019appareil ASTERO Aqua.","og_url":"https:\/\/beautybusinessholland.com\/fr\/produit\/luxe-booster-set-1\/","og_site_name":"Beauty Business Holland","article_modified_time":"2025-10-08T13:42:44+00:00","og_image":[{"width":904,"height":904,"url":"https:\/\/beautybusinessholland.com\/wp-content\/uploads\/2025\/06\/beauty-business-holland-luxe-booster-set-1.jpg","type":"image\/jpeg"}],"twitter_card":"summary_large_image","twitter_misc":{"Dur\u00e9e de lecture estim\u00e9e":"1 minute"},"schema":{"@context":"https:\/\/schema.org","@graph":[{"@type":"WebPage","@id":"https:\/\/beautybusinessholland.com\/fr\/produit\/luxe-booster-set-1\/","url":"https:\/\/beautybusinessholland.com\/fr\/produit\/luxe-booster-set-1\/","name":"Luxe Booster Set 1 - Beauty Business Holland","isPartOf":{"@id":"https:\/\/beautybusinessholland.com\/fr\/#website"},"primaryImageOfPage":{"@id":"https:\/\/beautybusinessholland.com\/fr\/produit\/luxe-booster-set-1\/#primaryimage"},"image":{"@id":"https:\/\/beautybusinessholland.com\/fr\/produit\/luxe-booster-set-1\/#primaryimage"},"thumbnailUrl":"https:\/\/beautybusinessholland.com\/wp-content\/uploads\/2025\/06\/beauty-business-holland-luxe-booster-set-1.jpg","datePublished":"2025-06-13T12:42:13+00:00","dateModified":"2025-10-08T13:42:44+00:00","breadcrumb":{"@id":"https:\/\/beautybusinessholland.com\/fr\/produit\/luxe-booster-set-1\/#breadcrumb"},"inLanguage":"fr-FR","potentialAction":[{"@type":"ReadAction","target":["https:\/\/beautybusinessholland.com\/fr\/produit\/luxe-booster-set-1\/"]}]},{"@type":"ImageObject","inLanguage":"fr-FR","@id":"https:\/\/beautybusinessholland.com\/fr\/produit\/luxe-booster-set-1\/#primaryimage","url":"https:\/\/beautybusinessholland.com\/wp-content\/uploads\/2025\/06\/beauty-business-holland-luxe-booster-set-1.jpg","contentUrl":"https:\/\/beautybusinessholland.com\/wp-content\/uploads\/2025\/06\/beauty-business-holland-luxe-booster-set-1.jpg","width":904,"height":904},{"@type":"BreadcrumbList","@id":"https:\/\/beautybusinessholland.com\/fr\/produit\/luxe-booster-set-1\/#breadcrumb","itemListElement":[{"@type":"ListItem","position":1,"name":"Domicile","item":"https:\/\/beautybusinessholland.com\/fr\/"},{"@type":"ListItem","position":2,"name":"Boutique","item":"https:\/\/beautybusinessholland.com\/fr\/boutique\/"},{"@type":"ListItem","position":3,"name":"Luxe Booster Set 1"}]},{"@type":"WebSite","@id":"https:\/\/beautybusinessholland.com\/fr\/#website","url":"https:\/\/beautybusinessholland.com\/fr\/","name":"Beauty Business Holland","description":"Beauty &amp; Health Care","publisher":{"@id":"https:\/\/beautybusinessholland.com\/fr\/#organization"},"potentialAction":[{"@type":"SearchAction","target":{"@type":"EntryPoint","urlTemplate":"https:\/\/beautybusinessholland.com\/fr\/?s={search_term_string}"},"query-input":{"@type":"PropertyValueSpecification","valueRequired":true,"valueName":"search_term_string"}}],"inLanguage":"fr-FR"},{"@type":"Organization","@id":"https:\/\/beautybusinessholland.com\/fr\/#organization","name":"Beauty Business Holland","url":"https:\/\/beautybusinessholland.com\/fr\/","logo":{"@type":"ImageObject","inLanguage":"fr-FR","@id":"https:\/\/beautybusinessholland.com\/fr\/#\/schema\/logo\/image\/","url":"https:\/\/beautybusinessholland.com\/wp-content\/uploads\/2025\/04\/email-logo.png","contentUrl":"https:\/\/beautybusinessholland.com\/wp-content\/uploads\/2025\/04\/email-logo.png","width":300,"height":79,"caption":"Beauty Business Holland"},"image":{"@id":"https:\/\/beautybusinessholland.com\/fr\/#\/schema\/logo\/image\/"}}]}},"_links":{"self":[{"href":"https:\/\/beautybusinessholland.com\/fr\/wp-json\/wp\/v2\/product\/9243","targetHints":{"allow":["GET"]}}],"collection":[{"href":"https:\/\/beautybusinessholland.com\/fr\/wp-json\/wp\/v2\/product"}],"about":[{"href":"https:\/\/beautybusinessholland.com\/fr\/wp-json\/wp\/v2\/types\/product"}],"version-history":[{"count":0,"href":"https:\/\/beautybusinessholland.com\/fr\/wp-json\/wp\/v2\/product\/9243\/revisions"}],"wp:featuredmedia":[{"embeddable":true,"href":"https:\/\/beautybusinessholland.com\/fr\/wp-json\/wp\/v2\/media\/8010"}],"wp:attachment":[{"href":"https:\/\/beautybusinessholland.com\/fr\/wp-json\/wp\/v2\/media?parent=9243"}],"wp:term":[{"taxonomy":"product_brand","embeddable":true,"href":"https:\/\/beautybusinessholland.com\/fr\/wp-json\/wp\/v2\/product_brand?post=9243"},{"taxonomy":"product_cat","embeddable":true,"href":"https:\/\/beautybusinessholland.com\/fr\/wp-json\/wp\/v2\/product_cat?post=9243"},{"taxonomy":"product_tag","embeddable":true,"href":"https:\/\/beautybusinessholland.com\/fr\/wp-json\/wp\/v2\/product_tag?post=9243"}],"curies":[{"name":"wp","href":"https:\/\/api.w.org\/{rel}","templated":true}]}}