{"id":9253,"date":"2025-04-29T08:45:58","date_gmt":"2025-04-29T06:45:58","guid":{"rendered":"https:\/\/beautybusinessholland.com\/product\/serum-a-la-vitamine-c\/"},"modified":"2025-10-08T15:30:32","modified_gmt":"2025-10-08T13:30:32","slug":"vitamin-c-serum","status":"publish","type":"product","link":"https:\/\/beautybusinessholland.com\/fr\/produit\/vitamin-c-serum\/","title":{"rendered":"Vitamin C Serum"},"content":{"rendered":"<p>Apportez \u00e9nergie et luminosit\u00e9 \u00e0 la peau avec ce puissant s\u00e9rum \u00e0 la vitamine C, sp\u00e9cialement formul\u00e9 pour prot\u00e9ger la peau des agresseurs environnementaux tout en favorisant un teint jeune et \u00e9clatant. Cette formule unique contient 2 % de vitamine C naturelle, de l\u2019acide f\u00e9rulique et de l\u2019extrait d\u2019argousier &#8211; une puissante combinaison d\u2019antioxydants et d\u2019ingr\u00e9dients nourrissants.<\/p>\n<p>La texture l\u00e9g\u00e8re rend le s\u00e9rum adapt\u00e9 \u00e0 un usage quotidien, tout en \u00e9tant rapidement absorb\u00e9 par la peau. La vitamine C aide \u00e0 r\u00e9duire les taches pigmentaires et assure un teint plus uniforme. L\u2019acide f\u00e9rulique favorise la fermet\u00e9 de la peau et agit avec la vitamine C pour lutter contre les dommages oxydatifs. L\u2019acide hyaluronique hydrate intens\u00e9ment et assure une peau souple et rebondie. Les huiles nourrissantes ajout\u00e9es adoucissent la peau et laissent un effet bonne mine.<\/p>\n","protected":false},"excerpt":{"rendered":"<p>Apportez de l\u2019\u00e9nergie et de la clart\u00e9 \u00e0 la peau avec ce puissant s\u00e9rum \u00e0 la vitamine C, sp\u00e9cialement formul\u00e9 pour prot\u00e9ger la peau<\/p>\n","protected":false},"featured_media":8021,"template":"","meta":{"_acf_changed":false,"footnotes":""},"product_brand":[],"product_cat":[89],"product_tag":[],"class_list":{"0":"post-9253","1":"product","2":"type-product","3":"status-publish","4":"has-post-thumbnail","6":"product_cat-serums-booster","8":"first","9":"instock","10":"shipping-taxable","11":"purchasable","12":"product-type-simple"},"acf":[],"yoast_head":"<!-- This site is optimized with the Yoast SEO plugin v27.5 - https:\/\/yoast.com\/product\/yoast-seo-wordpress\/ -->\n<title>Vitamin C Serum - Beauty Business Holland<\/title>\n<meta name=\"robots\" content=\"index, follow, max-snippet:-1, max-image-preview:large, max-video-preview:-1\" \/>\n<link rel=\"canonical\" href=\"https:\/\/beautybusinessholland.com\/fr\/produit\/vitamin-c-serum\/\" \/>\n<meta property=\"og:locale\" content=\"fr_FR\" \/>\n<meta property=\"og:type\" content=\"article\" \/>\n<meta property=\"og:title\" content=\"Vitamin C Serum - Beauty Business Holland\" \/>\n<meta property=\"og:description\" content=\"Apportez de l\u2019\u00e9nergie et de la clart\u00e9 \u00e0 la peau avec ce puissant s\u00e9rum \u00e0 la vitamine C, sp\u00e9cialement formul\u00e9 pour prot\u00e9ger la peau\" \/>\n<meta property=\"og:url\" content=\"https:\/\/beautybusinessholland.com\/fr\/produit\/vitamin-c-serum\/\" \/>\n<meta property=\"og:site_name\" content=\"Beauty Business Holland\" \/>\n<meta property=\"article:modified_time\" content=\"2025-10-08T13:30:32+00:00\" \/>\n<meta property=\"og:image\" content=\"https:\/\/beautybusinessholland.com\/wp-content\/uploads\/2025\/04\/vitamin-c.png\" \/>\n\t<meta property=\"og:image:width\" content=\"1201\" \/>\n\t<meta property=\"og:image:height\" content=\"1200\" \/>\n\t<meta property=\"og:image:type\" content=\"image\/png\" \/>\n<meta name=\"twitter:card\" content=\"summary_large_image\" \/>\n<meta name=\"twitter:label1\" content=\"Dur\u00e9e de lecture estim\u00e9e\" \/>\n\t<meta name=\"twitter:data1\" content=\"1 minute\" \/>\n<!-- \/ Yoast SEO plugin. -->","yoast_head_json":{"title":"Vitamin C Serum - Beauty Business Holland","robots":{"index":"index","follow":"follow","max-snippet":"max-snippet:-1","max-image-preview":"max-image-preview:large","max-video-preview":"max-video-preview:-1"},"canonical":"https:\/\/beautybusinessholland.com\/fr\/produit\/vitamin-c-serum\/","og_locale":"fr_FR","og_type":"article","og_title":"Vitamin C Serum - Beauty Business Holland","og_description":"Apportez de l\u2019\u00e9nergie et de la clart\u00e9 \u00e0 la peau avec ce puissant s\u00e9rum \u00e0 la vitamine C, sp\u00e9cialement formul\u00e9 pour prot\u00e9ger la peau","og_url":"https:\/\/beautybusinessholland.com\/fr\/produit\/vitamin-c-serum\/","og_site_name":"Beauty Business Holland","article_modified_time":"2025-10-08T13:30:32+00:00","og_image":[{"width":1201,"height":1200,"url":"https:\/\/beautybusinessholland.com\/wp-content\/uploads\/2025\/04\/vitamin-c.png","type":"image\/png"}],"twitter_card":"summary_large_image","twitter_misc":{"Dur\u00e9e de lecture estim\u00e9e":"1 minute"},"schema":{"@context":"https:\/\/schema.org","@graph":[{"@type":"WebPage","@id":"https:\/\/beautybusinessholland.com\/fr\/produit\/vitamin-c-serum\/","url":"https:\/\/beautybusinessholland.com\/fr\/produit\/vitamin-c-serum\/","name":"Vitamin C Serum - Beauty Business Holland","isPartOf":{"@id":"https:\/\/beautybusinessholland.com\/fr\/#website"},"primaryImageOfPage":{"@id":"https:\/\/beautybusinessholland.com\/fr\/produit\/vitamin-c-serum\/#primaryimage"},"image":{"@id":"https:\/\/beautybusinessholland.com\/fr\/produit\/vitamin-c-serum\/#primaryimage"},"thumbnailUrl":"https:\/\/beautybusinessholland.com\/wp-content\/uploads\/2025\/04\/vitamin-c.png","datePublished":"2025-04-29T06:45:58+00:00","dateModified":"2025-10-08T13:30:32+00:00","breadcrumb":{"@id":"https:\/\/beautybusinessholland.com\/fr\/produit\/vitamin-c-serum\/#breadcrumb"},"inLanguage":"fr-FR","potentialAction":[{"@type":"ReadAction","target":["https:\/\/beautybusinessholland.com\/fr\/produit\/vitamin-c-serum\/"]}]},{"@type":"ImageObject","inLanguage":"fr-FR","@id":"https:\/\/beautybusinessholland.com\/fr\/produit\/vitamin-c-serum\/#primaryimage","url":"https:\/\/beautybusinessholland.com\/wp-content\/uploads\/2025\/04\/vitamin-c.png","contentUrl":"https:\/\/beautybusinessholland.com\/wp-content\/uploads\/2025\/04\/vitamin-c.png","width":1201,"height":1200},{"@type":"BreadcrumbList","@id":"https:\/\/beautybusinessholland.com\/fr\/produit\/vitamin-c-serum\/#breadcrumb","itemListElement":[{"@type":"ListItem","position":1,"name":"Domicile","item":"https:\/\/beautybusinessholland.com\/fr\/"},{"@type":"ListItem","position":2,"name":"Boutique","item":"https:\/\/beautybusinessholland.com\/fr\/boutique\/"},{"@type":"ListItem","position":3,"name":"Vitamin C Serum"}]},{"@type":"WebSite","@id":"https:\/\/beautybusinessholland.com\/fr\/#website","url":"https:\/\/beautybusinessholland.com\/fr\/","name":"Beauty Business Holland","description":"Beauty &amp; Health Care","publisher":{"@id":"https:\/\/beautybusinessholland.com\/fr\/#organization"},"potentialAction":[{"@type":"SearchAction","target":{"@type":"EntryPoint","urlTemplate":"https:\/\/beautybusinessholland.com\/fr\/?s={search_term_string}"},"query-input":{"@type":"PropertyValueSpecification","valueRequired":true,"valueName":"search_term_string"}}],"inLanguage":"fr-FR"},{"@type":"Organization","@id":"https:\/\/beautybusinessholland.com\/fr\/#organization","name":"Beauty Business Holland","url":"https:\/\/beautybusinessholland.com\/fr\/","logo":{"@type":"ImageObject","inLanguage":"fr-FR","@id":"https:\/\/beautybusinessholland.com\/fr\/#\/schema\/logo\/image\/","url":"https:\/\/beautybusinessholland.com\/wp-content\/uploads\/2025\/04\/email-logo.png","contentUrl":"https:\/\/beautybusinessholland.com\/wp-content\/uploads\/2025\/04\/email-logo.png","width":300,"height":79,"caption":"Beauty Business Holland"},"image":{"@id":"https:\/\/beautybusinessholland.com\/fr\/#\/schema\/logo\/image\/"}}]}},"_links":{"self":[{"href":"https:\/\/beautybusinessholland.com\/fr\/wp-json\/wp\/v2\/product\/9253","targetHints":{"allow":["GET"]}}],"collection":[{"href":"https:\/\/beautybusinessholland.com\/fr\/wp-json\/wp\/v2\/product"}],"about":[{"href":"https:\/\/beautybusinessholland.com\/fr\/wp-json\/wp\/v2\/types\/product"}],"version-history":[{"count":0,"href":"https:\/\/beautybusinessholland.com\/fr\/wp-json\/wp\/v2\/product\/9253\/revisions"}],"wp:featuredmedia":[{"embeddable":true,"href":"https:\/\/beautybusinessholland.com\/fr\/wp-json\/wp\/v2\/media\/8021"}],"wp:attachment":[{"href":"https:\/\/beautybusinessholland.com\/fr\/wp-json\/wp\/v2\/media?parent=9253"}],"wp:term":[{"taxonomy":"product_brand","embeddable":true,"href":"https:\/\/beautybusinessholland.com\/fr\/wp-json\/wp\/v2\/product_brand?post=9253"},{"taxonomy":"product_cat","embeddable":true,"href":"https:\/\/beautybusinessholland.com\/fr\/wp-json\/wp\/v2\/product_cat?post=9253"},{"taxonomy":"product_tag","embeddable":true,"href":"https:\/\/beautybusinessholland.com\/fr\/wp-json\/wp\/v2\/product_tag?post=9253"}],"curies":[{"name":"wp","href":"https:\/\/api.w.org\/{rel}","templated":true}]}}