{"id":9256,"date":"2025-04-29T07:45:08","date_gmt":"2025-04-29T05:45:08","guid":{"rendered":"https:\/\/beautybusinessholland.com\/product\/creme-salicylique\/"},"modified":"2025-10-30T10:37:11","modified_gmt":"2025-10-30T09:37:11","slug":"salicylic-creme","status":"publish","type":"product","link":"https:\/\/beautybusinessholland.com\/fr\/produit\/salicylic-creme\/","title":{"rendered":"Salicylic Cr\u00e8me"},"content":{"rendered":"<p>Contre les pores obstru\u00e9s et les impuret\u00e9s<\/p>\n<p>Cette cr\u00e8me a\u00e9rienne de qualit\u00e9 cosm\u00e9ceutique a \u00e9t\u00e9 sp\u00e9cialement d\u00e9velopp\u00e9e pour les peaux grasses ou \u00e0 imperfections. La formule contient de l\u2019acide salicylique, qui p\u00e9n\u00e8tre profond\u00e9ment dans les pores pour dissoudre le s\u00e9bum accumul\u00e9 et les cellules mortes de la peau. Cela r\u00e9duit visiblement les points noirs et les pores dilat\u00e9s.  <\/p>\n<p>La cr\u00e8me aide non seulement \u00e0 purifier la peau, mais aussi \u00e0 pr\u00e9venir les cicatrices et les inflammations gr\u00e2ce \u00e0 ses ingr\u00e9dients apaisants et anti-inflammatoires. La formule non dess\u00e9chante garantit que la peau reste hydrat\u00e9e et douce au toucher. <\/p>\n<p>Remarque : l\u2019acide salicylique augmente la sensibilit\u00e9 de la peau aux rayons UV. Utilisez toujours une protection solaire pendant la journ\u00e9e. <\/p>\n","protected":false},"excerpt":{"rendered":"<p>Contre les pores obstru\u00e9s et les impuret\u00e9s Cette cr\u00e8me l\u00e9g\u00e8re de qualit\u00e9 cosm\u00e9ceutique<\/p>\n","protected":false},"featured_media":8013,"template":"","meta":{"_acf_changed":false,"footnotes":""},"product_brand":[],"product_cat":[91],"product_tag":[],"class_list":{"0":"post-9256","1":"product","2":"type-product","3":"status-publish","4":"has-post-thumbnail","6":"product_cat-cremes","8":"first","9":"instock","10":"shipping-taxable","11":"purchasable","12":"product-type-simple"},"acf":[],"yoast_head":"<!-- This site is optimized with the Yoast SEO plugin v27.3 - https:\/\/yoast.com\/product\/yoast-seo-wordpress\/ -->\n<title>Salicylic Cr\u00e8me - Beauty Business Holland<\/title>\n<meta name=\"robots\" content=\"index, follow, max-snippet:-1, max-image-preview:large, max-video-preview:-1\" \/>\n<link rel=\"canonical\" href=\"https:\/\/beautybusinessholland.com\/fr\/produit\/salicylic-creme\/\" \/>\n<meta property=\"og:locale\" content=\"fr_FR\" \/>\n<meta property=\"og:type\" content=\"article\" \/>\n<meta property=\"og:title\" content=\"Salicylic Cr\u00e8me - Beauty Business Holland\" \/>\n<meta property=\"og:description\" content=\"Contre les pores obstru\u00e9s et les impuret\u00e9s Cette cr\u00e8me l\u00e9g\u00e8re de qualit\u00e9 cosm\u00e9ceutique\" \/>\n<meta property=\"og:url\" content=\"https:\/\/beautybusinessholland.com\/fr\/produit\/salicylic-creme\/\" \/>\n<meta property=\"og:site_name\" content=\"Beauty Business Holland\" \/>\n<meta property=\"article:modified_time\" content=\"2025-10-30T09:37:11+00:00\" \/>\n<meta property=\"og:image\" content=\"https:\/\/beautybusinessholland.com\/wp-content\/uploads\/2025\/06\/beauty-business-holland-salicylic-cream.jpg\" \/>\n\t<meta property=\"og:image:width\" content=\"1328\" \/>\n\t<meta property=\"og:image:height\" content=\"1328\" \/>\n\t<meta property=\"og:image:type\" content=\"image\/jpeg\" \/>\n<meta name=\"twitter:card\" content=\"summary_large_image\" \/>\n<meta name=\"twitter:label1\" content=\"Dur\u00e9e de lecture estim\u00e9e\" \/>\n\t<meta name=\"twitter:data1\" content=\"1 minute\" \/>\n<!-- \/ Yoast SEO plugin. -->","yoast_head_json":{"title":"Salicylic Cr\u00e8me - Beauty Business Holland","robots":{"index":"index","follow":"follow","max-snippet":"max-snippet:-1","max-image-preview":"max-image-preview:large","max-video-preview":"max-video-preview:-1"},"canonical":"https:\/\/beautybusinessholland.com\/fr\/produit\/salicylic-creme\/","og_locale":"fr_FR","og_type":"article","og_title":"Salicylic Cr\u00e8me - Beauty Business Holland","og_description":"Contre les pores obstru\u00e9s et les impuret\u00e9s Cette cr\u00e8me l\u00e9g\u00e8re de qualit\u00e9 cosm\u00e9ceutique","og_url":"https:\/\/beautybusinessholland.com\/fr\/produit\/salicylic-creme\/","og_site_name":"Beauty Business Holland","article_modified_time":"2025-10-30T09:37:11+00:00","og_image":[{"width":1328,"height":1328,"url":"https:\/\/beautybusinessholland.com\/wp-content\/uploads\/2025\/06\/beauty-business-holland-salicylic-cream.jpg","type":"image\/jpeg"}],"twitter_card":"summary_large_image","twitter_misc":{"Dur\u00e9e de lecture estim\u00e9e":"1 minute"},"schema":{"@context":"https:\/\/schema.org","@graph":[{"@type":"WebPage","@id":"https:\/\/beautybusinessholland.com\/fr\/produit\/salicylic-creme\/","url":"https:\/\/beautybusinessholland.com\/fr\/produit\/salicylic-creme\/","name":"Salicylic Cr\u00e8me - Beauty Business Holland","isPartOf":{"@id":"https:\/\/beautybusinessholland.com\/fr\/#website"},"primaryImageOfPage":{"@id":"https:\/\/beautybusinessholland.com\/fr\/produit\/salicylic-creme\/#primaryimage"},"image":{"@id":"https:\/\/beautybusinessholland.com\/fr\/produit\/salicylic-creme\/#primaryimage"},"thumbnailUrl":"https:\/\/beautybusinessholland.com\/wp-content\/uploads\/2025\/06\/beauty-business-holland-salicylic-cream.jpg","datePublished":"2025-04-29T05:45:08+00:00","dateModified":"2025-10-30T09:37:11+00:00","breadcrumb":{"@id":"https:\/\/beautybusinessholland.com\/fr\/produit\/salicylic-creme\/#breadcrumb"},"inLanguage":"fr-FR","potentialAction":[{"@type":"ReadAction","target":["https:\/\/beautybusinessholland.com\/fr\/produit\/salicylic-creme\/"]}]},{"@type":"ImageObject","inLanguage":"fr-FR","@id":"https:\/\/beautybusinessholland.com\/fr\/produit\/salicylic-creme\/#primaryimage","url":"https:\/\/beautybusinessholland.com\/wp-content\/uploads\/2025\/06\/beauty-business-holland-salicylic-cream.jpg","contentUrl":"https:\/\/beautybusinessholland.com\/wp-content\/uploads\/2025\/06\/beauty-business-holland-salicylic-cream.jpg","width":1328,"height":1328},{"@type":"BreadcrumbList","@id":"https:\/\/beautybusinessholland.com\/fr\/produit\/salicylic-creme\/#breadcrumb","itemListElement":[{"@type":"ListItem","position":1,"name":"Domicile","item":"https:\/\/beautybusinessholland.com\/fr\/entreprise-de-beaute-hollande\/"},{"@type":"ListItem","position":2,"name":"Boutique","item":"https:\/\/beautybusinessholland.com\/fr\/boutique\/"},{"@type":"ListItem","position":3,"name":"Salicylic Cr\u00e8me"}]},{"@type":"WebSite","@id":"https:\/\/beautybusinessholland.com\/fr\/#website","url":"https:\/\/beautybusinessholland.com\/fr\/","name":"Beauty Business Holland","description":"Beauty &amp; Health Care","publisher":{"@id":"https:\/\/beautybusinessholland.com\/fr\/#organization"},"potentialAction":[{"@type":"SearchAction","target":{"@type":"EntryPoint","urlTemplate":"https:\/\/beautybusinessholland.com\/fr\/?s={search_term_string}"},"query-input":{"@type":"PropertyValueSpecification","valueRequired":true,"valueName":"search_term_string"}}],"inLanguage":"fr-FR"},{"@type":"Organization","@id":"https:\/\/beautybusinessholland.com\/fr\/#organization","name":"Beauty Business Holland","url":"https:\/\/beautybusinessholland.com\/fr\/","logo":{"@type":"ImageObject","inLanguage":"fr-FR","@id":"https:\/\/beautybusinessholland.com\/fr\/#\/schema\/logo\/image\/","url":"https:\/\/beautybusinessholland.com\/wp-content\/uploads\/2025\/04\/email-logo.png","contentUrl":"https:\/\/beautybusinessholland.com\/wp-content\/uploads\/2025\/04\/email-logo.png","width":300,"height":79,"caption":"Beauty Business Holland"},"image":{"@id":"https:\/\/beautybusinessholland.com\/fr\/#\/schema\/logo\/image\/"}}]}},"_links":{"self":[{"href":"https:\/\/beautybusinessholland.com\/fr\/wp-json\/wp\/v2\/product\/9256","targetHints":{"allow":["GET"]}}],"collection":[{"href":"https:\/\/beautybusinessholland.com\/fr\/wp-json\/wp\/v2\/product"}],"about":[{"href":"https:\/\/beautybusinessholland.com\/fr\/wp-json\/wp\/v2\/types\/product"}],"version-history":[{"count":0,"href":"https:\/\/beautybusinessholland.com\/fr\/wp-json\/wp\/v2\/product\/9256\/revisions"}],"wp:featuredmedia":[{"embeddable":true,"href":"https:\/\/beautybusinessholland.com\/fr\/wp-json\/wp\/v2\/media\/8013"}],"wp:attachment":[{"href":"https:\/\/beautybusinessholland.com\/fr\/wp-json\/wp\/v2\/media?parent=9256"}],"wp:term":[{"taxonomy":"product_brand","embeddable":true,"href":"https:\/\/beautybusinessholland.com\/fr\/wp-json\/wp\/v2\/product_brand?post=9256"},{"taxonomy":"product_cat","embeddable":true,"href":"https:\/\/beautybusinessholland.com\/fr\/wp-json\/wp\/v2\/product_cat?post=9256"},{"taxonomy":"product_tag","embeddable":true,"href":"https:\/\/beautybusinessholland.com\/fr\/wp-json\/wp\/v2\/product_tag?post=9256"}],"curies":[{"name":"wp","href":"https:\/\/api.w.org\/{rel}","templated":true}]}}