{"id":9257,"date":"2025-04-29T08:42:08","date_gmt":"2025-04-29T06:42:08","guid":{"rendered":"https:\/\/beautybusinessholland.com\/product\/serum-booster-anti-rides-aux-prebiotiques\/"},"modified":"2025-10-08T15:34:20","modified_gmt":"2025-10-08T13:34:20","slug":"anti-wrinkle-booster-serum-with-pre-biotics","status":"publish","type":"product","link":"https:\/\/beautybusinessholland.com\/fr\/produit\/anti-wrinkle-booster-serum-with-pre-biotics\/","title":{"rendered":"Anti Wrinkle Booster Serum With Pre-biotics"},"content":{"rendered":"<p>Ce s\u00e9rum anti-rides innovant cible les rides d\u2019expression et les rides, notamment autour des yeux et du front, pour r\u00e9duire leur apparence et pr\u00e9venir leur formation. Enrichi en un puissant peptide, le dipeptide diaminobutyroyl benzylamide diac\u00e9tate, ce s\u00e9rum d\u00e9tend les muscles du visage et r\u00e9duit les contractions musculaires, ce qui donne une peau plus lisse et plus jeune.<\/p>\n","protected":false},"excerpt":{"rendered":"<p>Ce s\u00e9rum anti-rides innovant cible les rides d\u2019expression et les rides, en particulier autour des yeux et du front<\/p>\n","protected":false},"featured_media":8018,"template":"","meta":{"_acf_changed":false,"footnotes":""},"product_brand":[],"product_cat":[89],"product_tag":[],"class_list":{"0":"post-9257","1":"product","2":"type-product","3":"status-publish","4":"has-post-thumbnail","6":"product_cat-serums-booster","8":"first","9":"instock","10":"shipping-taxable","11":"purchasable","12":"product-type-simple"},"acf":[],"yoast_head":"<!-- This site is optimized with the Yoast SEO plugin v27.5 - https:\/\/yoast.com\/product\/yoast-seo-wordpress\/ -->\n<title>Anti Wrinkle Booster Serum With Pre-biotics - Beauty Business Holland<\/title>\n<meta name=\"robots\" content=\"index, follow, max-snippet:-1, max-image-preview:large, max-video-preview:-1\" \/>\n<link rel=\"canonical\" href=\"https:\/\/beautybusinessholland.com\/fr\/produit\/anti-wrinkle-booster-serum-with-pre-biotics\/\" \/>\n<meta property=\"og:locale\" content=\"fr_FR\" \/>\n<meta property=\"og:type\" content=\"article\" \/>\n<meta property=\"og:title\" content=\"Anti Wrinkle Booster Serum With Pre-biotics - Beauty Business Holland\" \/>\n<meta property=\"og:description\" content=\"Ce s\u00e9rum anti-rides innovant cible les rides d\u2019expression et les rides, en particulier autour des yeux et du front\" \/>\n<meta property=\"og:url\" content=\"https:\/\/beautybusinessholland.com\/fr\/produit\/anti-wrinkle-booster-serum-with-pre-biotics\/\" \/>\n<meta property=\"og:site_name\" content=\"Beauty Business Holland\" \/>\n<meta property=\"article:modified_time\" content=\"2025-10-08T13:34:20+00:00\" \/>\n<meta property=\"og:image\" content=\"https:\/\/beautybusinessholland.com\/wp-content\/uploads\/2025\/04\/antiwrinkle-new.png\" \/>\n\t<meta property=\"og:image:width\" content=\"1200\" \/>\n\t<meta property=\"og:image:height\" content=\"1200\" \/>\n\t<meta property=\"og:image:type\" content=\"image\/png\" \/>\n<meta name=\"twitter:card\" content=\"summary_large_image\" \/>\n<meta name=\"twitter:label1\" content=\"Dur\u00e9e de lecture estim\u00e9e\" \/>\n\t<meta name=\"twitter:data1\" content=\"1 minute\" \/>\n<!-- \/ Yoast SEO plugin. -->","yoast_head_json":{"title":"Anti Wrinkle Booster Serum With Pre-biotics - Beauty Business Holland","robots":{"index":"index","follow":"follow","max-snippet":"max-snippet:-1","max-image-preview":"max-image-preview:large","max-video-preview":"max-video-preview:-1"},"canonical":"https:\/\/beautybusinessholland.com\/fr\/produit\/anti-wrinkle-booster-serum-with-pre-biotics\/","og_locale":"fr_FR","og_type":"article","og_title":"Anti Wrinkle Booster Serum With Pre-biotics - Beauty Business Holland","og_description":"Ce s\u00e9rum anti-rides innovant cible les rides d\u2019expression et les rides, en particulier autour des yeux et du front","og_url":"https:\/\/beautybusinessholland.com\/fr\/produit\/anti-wrinkle-booster-serum-with-pre-biotics\/","og_site_name":"Beauty Business Holland","article_modified_time":"2025-10-08T13:34:20+00:00","og_image":[{"width":1200,"height":1200,"url":"https:\/\/beautybusinessholland.com\/wp-content\/uploads\/2025\/04\/antiwrinkle-new.png","type":"image\/png"}],"twitter_card":"summary_large_image","twitter_misc":{"Dur\u00e9e de lecture estim\u00e9e":"1 minute"},"schema":{"@context":"https:\/\/schema.org","@graph":[{"@type":"WebPage","@id":"https:\/\/beautybusinessholland.com\/fr\/produit\/anti-wrinkle-booster-serum-with-pre-biotics\/","url":"https:\/\/beautybusinessholland.com\/fr\/produit\/anti-wrinkle-booster-serum-with-pre-biotics\/","name":"Anti Wrinkle Booster Serum With Pre-biotics - Beauty Business Holland","isPartOf":{"@id":"https:\/\/beautybusinessholland.com\/fr\/#website"},"primaryImageOfPage":{"@id":"https:\/\/beautybusinessholland.com\/fr\/produit\/anti-wrinkle-booster-serum-with-pre-biotics\/#primaryimage"},"image":{"@id":"https:\/\/beautybusinessholland.com\/fr\/produit\/anti-wrinkle-booster-serum-with-pre-biotics\/#primaryimage"},"thumbnailUrl":"https:\/\/beautybusinessholland.com\/wp-content\/uploads\/2025\/04\/antiwrinkle-new.png","datePublished":"2025-04-29T06:42:08+00:00","dateModified":"2025-10-08T13:34:20+00:00","breadcrumb":{"@id":"https:\/\/beautybusinessholland.com\/fr\/produit\/anti-wrinkle-booster-serum-with-pre-biotics\/#breadcrumb"},"inLanguage":"fr-FR","potentialAction":[{"@type":"ReadAction","target":["https:\/\/beautybusinessholland.com\/fr\/produit\/anti-wrinkle-booster-serum-with-pre-biotics\/"]}]},{"@type":"ImageObject","inLanguage":"fr-FR","@id":"https:\/\/beautybusinessholland.com\/fr\/produit\/anti-wrinkle-booster-serum-with-pre-biotics\/#primaryimage","url":"https:\/\/beautybusinessholland.com\/wp-content\/uploads\/2025\/04\/antiwrinkle-new.png","contentUrl":"https:\/\/beautybusinessholland.com\/wp-content\/uploads\/2025\/04\/antiwrinkle-new.png","width":1200,"height":1200},{"@type":"BreadcrumbList","@id":"https:\/\/beautybusinessholland.com\/fr\/produit\/anti-wrinkle-booster-serum-with-pre-biotics\/#breadcrumb","itemListElement":[{"@type":"ListItem","position":1,"name":"Domicile","item":"https:\/\/beautybusinessholland.com\/fr\/"},{"@type":"ListItem","position":2,"name":"Boutique","item":"https:\/\/beautybusinessholland.com\/fr\/boutique\/"},{"@type":"ListItem","position":3,"name":"Anti Wrinkle Booster Serum With Pre-biotics"}]},{"@type":"WebSite","@id":"https:\/\/beautybusinessholland.com\/fr\/#website","url":"https:\/\/beautybusinessholland.com\/fr\/","name":"Beauty Business Holland","description":"Beauty &amp; Health Care","publisher":{"@id":"https:\/\/beautybusinessholland.com\/fr\/#organization"},"potentialAction":[{"@type":"SearchAction","target":{"@type":"EntryPoint","urlTemplate":"https:\/\/beautybusinessholland.com\/fr\/?s={search_term_string}"},"query-input":{"@type":"PropertyValueSpecification","valueRequired":true,"valueName":"search_term_string"}}],"inLanguage":"fr-FR"},{"@type":"Organization","@id":"https:\/\/beautybusinessholland.com\/fr\/#organization","name":"Beauty Business Holland","url":"https:\/\/beautybusinessholland.com\/fr\/","logo":{"@type":"ImageObject","inLanguage":"fr-FR","@id":"https:\/\/beautybusinessholland.com\/fr\/#\/schema\/logo\/image\/","url":"https:\/\/beautybusinessholland.com\/wp-content\/uploads\/2025\/04\/email-logo.png","contentUrl":"https:\/\/beautybusinessholland.com\/wp-content\/uploads\/2025\/04\/email-logo.png","width":300,"height":79,"caption":"Beauty Business Holland"},"image":{"@id":"https:\/\/beautybusinessholland.com\/fr\/#\/schema\/logo\/image\/"}}]}},"_links":{"self":[{"href":"https:\/\/beautybusinessholland.com\/fr\/wp-json\/wp\/v2\/product\/9257","targetHints":{"allow":["GET"]}}],"collection":[{"href":"https:\/\/beautybusinessholland.com\/fr\/wp-json\/wp\/v2\/product"}],"about":[{"href":"https:\/\/beautybusinessholland.com\/fr\/wp-json\/wp\/v2\/types\/product"}],"version-history":[{"count":0,"href":"https:\/\/beautybusinessholland.com\/fr\/wp-json\/wp\/v2\/product\/9257\/revisions"}],"wp:featuredmedia":[{"embeddable":true,"href":"https:\/\/beautybusinessholland.com\/fr\/wp-json\/wp\/v2\/media\/8018"}],"wp:attachment":[{"href":"https:\/\/beautybusinessholland.com\/fr\/wp-json\/wp\/v2\/media?parent=9257"}],"wp:term":[{"taxonomy":"product_brand","embeddable":true,"href":"https:\/\/beautybusinessholland.com\/fr\/wp-json\/wp\/v2\/product_brand?post=9257"},{"taxonomy":"product_cat","embeddable":true,"href":"https:\/\/beautybusinessholland.com\/fr\/wp-json\/wp\/v2\/product_cat?post=9257"},{"taxonomy":"product_tag","embeddable":true,"href":"https:\/\/beautybusinessholland.com\/fr\/wp-json\/wp\/v2\/product_tag?post=9257"}],"curies":[{"name":"wp","href":"https:\/\/api.w.org\/{rel}","templated":true}]}}