{"id":9259,"date":"2025-04-29T07:39:49","date_gmt":"2025-04-29T05:39:49","guid":{"rendered":"https:\/\/beautybusinessholland.com\/product\/creme-de-jour-booster-declat\/"},"modified":"2025-10-08T15:37:10","modified_gmt":"2025-10-08T13:37:10","slug":"radiance-boosting-day-cream","status":"publish","type":"product","link":"https:\/\/beautybusinessholland.com\/fr\/produit\/radiance-boosting-day-cream\/","title":{"rendered":"Radiance-boosting Day Cream"},"content":{"rendered":"<p>Cette cr\u00e8me de jour velout\u00e9e est sp\u00e9cialement d\u00e9velopp\u00e9e pour am\u00e9liorer la texture de la peau, unifier le teint et donner \u00e0 la peau un \u00e9clat naturel. La formule est enrichie en acide hyaluronique et en extraits de fruits, notamment de l\u2019huile de fraise et de noyau d\u2019abricot, qui nourrissent, adoucissent et \u00e9claircissent intens\u00e9ment la peau.<\/p>\n<p>Id\u00e9al pour les peaux normales \u00e0 s\u00e8ches et matures, ainsi que pour la d\u00e9coloration ou l\u2019hyperpigmentation de la peau. La cr\u00e8me contient un FPS naturel d\u2019environ 15 gr\u00e2ce \u00e0 l\u2019oxyde de zinc, qui aide \u00e0 prot\u00e9ger contre les dommages quotidiens caus\u00e9s par les UV.<\/p>\n<p>La texture l\u00e9g\u00e8re fond sur la peau sans \u00eatre grasse et procure une hydratation longue dur\u00e9e, un aspect frais et un teint uniforme.<\/p>\n","protected":false},"excerpt":{"rendered":"<p>Cette cr\u00e8me de jour velout\u00e9e est sp\u00e9cialement d\u00e9velopp\u00e9e pour am\u00e9liorer la texture de la peau, unifier le teint et donner \u00e0 la peau un \u00e9clat naturel.<\/p>\n","protected":false},"featured_media":8016,"template":"","meta":{"_acf_changed":false,"footnotes":""},"product_brand":[],"product_cat":[91],"product_tag":[],"class_list":{"0":"post-9259","1":"product","2":"type-product","3":"status-publish","4":"has-post-thumbnail","6":"product_cat-cremes","8":"first","9":"instock","10":"shipping-taxable","11":"purchasable","12":"product-type-simple"},"acf":[],"yoast_head":"<!-- This site is optimized with the Yoast SEO plugin v27.3 - https:\/\/yoast.com\/product\/yoast-seo-wordpress\/ -->\n<title>Radiance-boosting Day Cream - Beauty Business Holland<\/title>\n<meta name=\"robots\" content=\"index, follow, max-snippet:-1, max-image-preview:large, max-video-preview:-1\" \/>\n<link rel=\"canonical\" href=\"https:\/\/beautybusinessholland.com\/fr\/produit\/radiance-boosting-day-cream\/\" \/>\n<meta property=\"og:locale\" content=\"fr_FR\" \/>\n<meta property=\"og:type\" content=\"article\" \/>\n<meta property=\"og:title\" content=\"Radiance-boosting Day Cream - Beauty Business Holland\" \/>\n<meta property=\"og:description\" content=\"Cette cr\u00e8me de jour velout\u00e9e est sp\u00e9cialement d\u00e9velopp\u00e9e pour am\u00e9liorer la texture de la peau, unifier le teint et donner \u00e0 la peau un \u00e9clat naturel.\" \/>\n<meta property=\"og:url\" content=\"https:\/\/beautybusinessholland.com\/fr\/produit\/radiance-boosting-day-cream\/\" \/>\n<meta property=\"og:site_name\" content=\"Beauty Business Holland\" \/>\n<meta property=\"article:modified_time\" content=\"2025-10-08T13:37:10+00:00\" \/>\n<meta property=\"og:image\" content=\"https:\/\/beautybusinessholland.com\/wp-content\/uploads\/2025\/06\/beauty-business-holland-radiance-boosting-day-cream.jpg\" \/>\n\t<meta property=\"og:image:width\" content=\"1284\" \/>\n\t<meta property=\"og:image:height\" content=\"1284\" \/>\n\t<meta property=\"og:image:type\" content=\"image\/jpeg\" \/>\n<meta name=\"twitter:card\" content=\"summary_large_image\" \/>\n<meta name=\"twitter:label1\" content=\"Dur\u00e9e de lecture estim\u00e9e\" \/>\n\t<meta name=\"twitter:data1\" content=\"1 minute\" \/>\n<!-- \/ Yoast SEO plugin. -->","yoast_head_json":{"title":"Radiance-boosting Day Cream - Beauty Business Holland","robots":{"index":"index","follow":"follow","max-snippet":"max-snippet:-1","max-image-preview":"max-image-preview:large","max-video-preview":"max-video-preview:-1"},"canonical":"https:\/\/beautybusinessholland.com\/fr\/produit\/radiance-boosting-day-cream\/","og_locale":"fr_FR","og_type":"article","og_title":"Radiance-boosting Day Cream - Beauty Business Holland","og_description":"Cette cr\u00e8me de jour velout\u00e9e est sp\u00e9cialement d\u00e9velopp\u00e9e pour am\u00e9liorer la texture de la peau, unifier le teint et donner \u00e0 la peau un \u00e9clat naturel.","og_url":"https:\/\/beautybusinessholland.com\/fr\/produit\/radiance-boosting-day-cream\/","og_site_name":"Beauty Business Holland","article_modified_time":"2025-10-08T13:37:10+00:00","og_image":[{"width":1284,"height":1284,"url":"https:\/\/beautybusinessholland.com\/wp-content\/uploads\/2025\/06\/beauty-business-holland-radiance-boosting-day-cream.jpg","type":"image\/jpeg"}],"twitter_card":"summary_large_image","twitter_misc":{"Dur\u00e9e de lecture estim\u00e9e":"1 minute"},"schema":{"@context":"https:\/\/schema.org","@graph":[{"@type":"WebPage","@id":"https:\/\/beautybusinessholland.com\/fr\/produit\/radiance-boosting-day-cream\/","url":"https:\/\/beautybusinessholland.com\/fr\/produit\/radiance-boosting-day-cream\/","name":"Radiance-boosting Day Cream - Beauty Business Holland","isPartOf":{"@id":"https:\/\/beautybusinessholland.com\/fr\/#website"},"primaryImageOfPage":{"@id":"https:\/\/beautybusinessholland.com\/fr\/produit\/radiance-boosting-day-cream\/#primaryimage"},"image":{"@id":"https:\/\/beautybusinessholland.com\/fr\/produit\/radiance-boosting-day-cream\/#primaryimage"},"thumbnailUrl":"https:\/\/beautybusinessholland.com\/wp-content\/uploads\/2025\/06\/beauty-business-holland-radiance-boosting-day-cream.jpg","datePublished":"2025-04-29T05:39:49+00:00","dateModified":"2025-10-08T13:37:10+00:00","breadcrumb":{"@id":"https:\/\/beautybusinessholland.com\/fr\/produit\/radiance-boosting-day-cream\/#breadcrumb"},"inLanguage":"fr-FR","potentialAction":[{"@type":"ReadAction","target":["https:\/\/beautybusinessholland.com\/fr\/produit\/radiance-boosting-day-cream\/"]}]},{"@type":"ImageObject","inLanguage":"fr-FR","@id":"https:\/\/beautybusinessholland.com\/fr\/produit\/radiance-boosting-day-cream\/#primaryimage","url":"https:\/\/beautybusinessholland.com\/wp-content\/uploads\/2025\/06\/beauty-business-holland-radiance-boosting-day-cream.jpg","contentUrl":"https:\/\/beautybusinessholland.com\/wp-content\/uploads\/2025\/06\/beauty-business-holland-radiance-boosting-day-cream.jpg","width":1284,"height":1284},{"@type":"BreadcrumbList","@id":"https:\/\/beautybusinessholland.com\/fr\/produit\/radiance-boosting-day-cream\/#breadcrumb","itemListElement":[{"@type":"ListItem","position":1,"name":"Domicile","item":"https:\/\/beautybusinessholland.com\/fr\/entreprise-de-beaute-hollande\/"},{"@type":"ListItem","position":2,"name":"Boutique","item":"https:\/\/beautybusinessholland.com\/fr\/boutique\/"},{"@type":"ListItem","position":3,"name":"Radiance-boosting Day Cream"}]},{"@type":"WebSite","@id":"https:\/\/beautybusinessholland.com\/fr\/#website","url":"https:\/\/beautybusinessholland.com\/fr\/","name":"Beauty Business Holland","description":"Beauty &amp; Health Care","publisher":{"@id":"https:\/\/beautybusinessholland.com\/fr\/#organization"},"potentialAction":[{"@type":"SearchAction","target":{"@type":"EntryPoint","urlTemplate":"https:\/\/beautybusinessholland.com\/fr\/?s={search_term_string}"},"query-input":{"@type":"PropertyValueSpecification","valueRequired":true,"valueName":"search_term_string"}}],"inLanguage":"fr-FR"},{"@type":"Organization","@id":"https:\/\/beautybusinessholland.com\/fr\/#organization","name":"Beauty Business Holland","url":"https:\/\/beautybusinessholland.com\/fr\/","logo":{"@type":"ImageObject","inLanguage":"fr-FR","@id":"https:\/\/beautybusinessholland.com\/fr\/#\/schema\/logo\/image\/","url":"https:\/\/beautybusinessholland.com\/wp-content\/uploads\/2025\/04\/email-logo.png","contentUrl":"https:\/\/beautybusinessholland.com\/wp-content\/uploads\/2025\/04\/email-logo.png","width":300,"height":79,"caption":"Beauty Business Holland"},"image":{"@id":"https:\/\/beautybusinessholland.com\/fr\/#\/schema\/logo\/image\/"}}]}},"_links":{"self":[{"href":"https:\/\/beautybusinessholland.com\/fr\/wp-json\/wp\/v2\/product\/9259","targetHints":{"allow":["GET"]}}],"collection":[{"href":"https:\/\/beautybusinessholland.com\/fr\/wp-json\/wp\/v2\/product"}],"about":[{"href":"https:\/\/beautybusinessholland.com\/fr\/wp-json\/wp\/v2\/types\/product"}],"version-history":[{"count":0,"href":"https:\/\/beautybusinessholland.com\/fr\/wp-json\/wp\/v2\/product\/9259\/revisions"}],"wp:featuredmedia":[{"embeddable":true,"href":"https:\/\/beautybusinessholland.com\/fr\/wp-json\/wp\/v2\/media\/8016"}],"wp:attachment":[{"href":"https:\/\/beautybusinessholland.com\/fr\/wp-json\/wp\/v2\/media?parent=9259"}],"wp:term":[{"taxonomy":"product_brand","embeddable":true,"href":"https:\/\/beautybusinessholland.com\/fr\/wp-json\/wp\/v2\/product_brand?post=9259"},{"taxonomy":"product_cat","embeddable":true,"href":"https:\/\/beautybusinessholland.com\/fr\/wp-json\/wp\/v2\/product_cat?post=9259"},{"taxonomy":"product_tag","embeddable":true,"href":"https:\/\/beautybusinessholland.com\/fr\/wp-json\/wp\/v2\/product_tag?post=9259"}],"curies":[{"name":"wp","href":"https:\/\/api.w.org\/{rel}","templated":true}]}}