{"id":9261,"date":"2025-04-29T07:36:20","date_gmt":"2025-04-29T05:36:20","guid":{"rendered":"https:\/\/beautybusinessholland.com\/product\/complexe-nourrissant-yeux\/"},"modified":"2025-10-08T15:39:50","modified_gmt":"2025-10-08T13:39:50","slug":"nourishing-eye-complex","status":"publish","type":"product","link":"https:\/\/beautybusinessholland.com\/fr\/produit\/nourishing-eye-complex\/","title":{"rendered":"Nourishing Eye Complex"},"content":{"rendered":"<p>Cette cr\u00e8me pour les yeux l\u00e9g\u00e8re mais nourrissante donne \u00e0 la peau du contour des yeux un aspect frais et repos\u00e9 instantan\u00e9ment. Gr\u00e2ce \u00e0 un m\u00e9lange soigneusement formul\u00e9 de trois extraits de plantes biologiques, la formule aide \u00e0 r\u00e9duire visiblement les poches et les cernes, tandis que l\u2019acide hyaluronique de diff\u00e9rents poids mol\u00e9culaires hydrate les ridules et lisse le grain de peau.<\/p>\n<p>Parfait pour un usage quotidien, matin et soir, pour un contour des yeux clair et uniforme.<\/p>\n","protected":false},"excerpt":{"rendered":"<p>Cette cr\u00e8me pour les yeux l\u00e9g\u00e8re mais nourrissante donne \u00e0 la peau du contour des yeux un aspect frais et repos\u00e9 instantan\u00e9ment.<\/p>\n","protected":false},"featured_media":8015,"template":"","meta":{"_acf_changed":false,"footnotes":""},"product_brand":[],"product_cat":[91],"product_tag":[],"class_list":{"0":"post-9261","1":"product","2":"type-product","3":"status-publish","4":"has-post-thumbnail","6":"product_cat-cremes","8":"first","9":"instock","10":"shipping-taxable","11":"purchasable","12":"product-type-simple"},"acf":[],"yoast_head":"<!-- This site is optimized with the Yoast SEO plugin v27.3 - https:\/\/yoast.com\/product\/yoast-seo-wordpress\/ -->\n<title>Nourishing Eye Complex - Beauty Business Holland<\/title>\n<meta name=\"robots\" content=\"index, follow, max-snippet:-1, max-image-preview:large, max-video-preview:-1\" \/>\n<link rel=\"canonical\" href=\"https:\/\/beautybusinessholland.com\/fr\/produit\/nourishing-eye-complex\/\" \/>\n<meta property=\"og:locale\" content=\"fr_FR\" \/>\n<meta property=\"og:type\" content=\"article\" \/>\n<meta property=\"og:title\" content=\"Nourishing Eye Complex - Beauty Business Holland\" \/>\n<meta property=\"og:description\" content=\"Cette cr\u00e8me pour les yeux l\u00e9g\u00e8re mais nourrissante donne \u00e0 la peau du contour des yeux un aspect frais et repos\u00e9 instantan\u00e9ment.\" \/>\n<meta property=\"og:url\" content=\"https:\/\/beautybusinessholland.com\/fr\/produit\/nourishing-eye-complex\/\" \/>\n<meta property=\"og:site_name\" content=\"Beauty Business Holland\" \/>\n<meta property=\"article:modified_time\" content=\"2025-10-08T13:39:50+00:00\" \/>\n<meta property=\"og:image\" content=\"https:\/\/beautybusinessholland.com\/wp-content\/uploads\/2025\/06\/beauty-business-holland-cosmetica-nourishing-eye-complex.jpg\" \/>\n\t<meta property=\"og:image:width\" content=\"1250\" \/>\n\t<meta property=\"og:image:height\" content=\"1250\" \/>\n\t<meta property=\"og:image:type\" content=\"image\/jpeg\" \/>\n<meta name=\"twitter:card\" content=\"summary_large_image\" \/>\n<meta name=\"twitter:label1\" content=\"Dur\u00e9e de lecture estim\u00e9e\" \/>\n\t<meta name=\"twitter:data1\" content=\"1 minute\" \/>\n<!-- \/ Yoast SEO plugin. -->","yoast_head_json":{"title":"Nourishing Eye Complex - Beauty Business Holland","robots":{"index":"index","follow":"follow","max-snippet":"max-snippet:-1","max-image-preview":"max-image-preview:large","max-video-preview":"max-video-preview:-1"},"canonical":"https:\/\/beautybusinessholland.com\/fr\/produit\/nourishing-eye-complex\/","og_locale":"fr_FR","og_type":"article","og_title":"Nourishing Eye Complex - Beauty Business Holland","og_description":"Cette cr\u00e8me pour les yeux l\u00e9g\u00e8re mais nourrissante donne \u00e0 la peau du contour des yeux un aspect frais et repos\u00e9 instantan\u00e9ment.","og_url":"https:\/\/beautybusinessholland.com\/fr\/produit\/nourishing-eye-complex\/","og_site_name":"Beauty Business Holland","article_modified_time":"2025-10-08T13:39:50+00:00","og_image":[{"width":1250,"height":1250,"url":"https:\/\/beautybusinessholland.com\/wp-content\/uploads\/2025\/06\/beauty-business-holland-cosmetica-nourishing-eye-complex.jpg","type":"image\/jpeg"}],"twitter_card":"summary_large_image","twitter_misc":{"Dur\u00e9e de lecture estim\u00e9e":"1 minute"},"schema":{"@context":"https:\/\/schema.org","@graph":[{"@type":"WebPage","@id":"https:\/\/beautybusinessholland.com\/fr\/produit\/nourishing-eye-complex\/","url":"https:\/\/beautybusinessholland.com\/fr\/produit\/nourishing-eye-complex\/","name":"Nourishing Eye Complex - Beauty Business Holland","isPartOf":{"@id":"https:\/\/beautybusinessholland.com\/fr\/#website"},"primaryImageOfPage":{"@id":"https:\/\/beautybusinessholland.com\/fr\/produit\/nourishing-eye-complex\/#primaryimage"},"image":{"@id":"https:\/\/beautybusinessholland.com\/fr\/produit\/nourishing-eye-complex\/#primaryimage"},"thumbnailUrl":"https:\/\/beautybusinessholland.com\/wp-content\/uploads\/2025\/06\/beauty-business-holland-cosmetica-nourishing-eye-complex.jpg","datePublished":"2025-04-29T05:36:20+00:00","dateModified":"2025-10-08T13:39:50+00:00","breadcrumb":{"@id":"https:\/\/beautybusinessholland.com\/fr\/produit\/nourishing-eye-complex\/#breadcrumb"},"inLanguage":"fr-FR","potentialAction":[{"@type":"ReadAction","target":["https:\/\/beautybusinessholland.com\/fr\/produit\/nourishing-eye-complex\/"]}]},{"@type":"ImageObject","inLanguage":"fr-FR","@id":"https:\/\/beautybusinessholland.com\/fr\/produit\/nourishing-eye-complex\/#primaryimage","url":"https:\/\/beautybusinessholland.com\/wp-content\/uploads\/2025\/06\/beauty-business-holland-cosmetica-nourishing-eye-complex.jpg","contentUrl":"https:\/\/beautybusinessholland.com\/wp-content\/uploads\/2025\/06\/beauty-business-holland-cosmetica-nourishing-eye-complex.jpg","width":1250,"height":1250},{"@type":"BreadcrumbList","@id":"https:\/\/beautybusinessholland.com\/fr\/produit\/nourishing-eye-complex\/#breadcrumb","itemListElement":[{"@type":"ListItem","position":1,"name":"Domicile","item":"https:\/\/beautybusinessholland.com\/fr\/entreprise-de-beaute-hollande\/"},{"@type":"ListItem","position":2,"name":"Boutique","item":"https:\/\/beautybusinessholland.com\/fr\/boutique\/"},{"@type":"ListItem","position":3,"name":"Nourishing Eye Complex"}]},{"@type":"WebSite","@id":"https:\/\/beautybusinessholland.com\/fr\/#website","url":"https:\/\/beautybusinessholland.com\/fr\/","name":"Beauty Business Holland","description":"Beauty &amp; Health Care","publisher":{"@id":"https:\/\/beautybusinessholland.com\/fr\/#organization"},"potentialAction":[{"@type":"SearchAction","target":{"@type":"EntryPoint","urlTemplate":"https:\/\/beautybusinessholland.com\/fr\/?s={search_term_string}"},"query-input":{"@type":"PropertyValueSpecification","valueRequired":true,"valueName":"search_term_string"}}],"inLanguage":"fr-FR"},{"@type":"Organization","@id":"https:\/\/beautybusinessholland.com\/fr\/#organization","name":"Beauty Business Holland","url":"https:\/\/beautybusinessholland.com\/fr\/","logo":{"@type":"ImageObject","inLanguage":"fr-FR","@id":"https:\/\/beautybusinessholland.com\/fr\/#\/schema\/logo\/image\/","url":"https:\/\/beautybusinessholland.com\/wp-content\/uploads\/2025\/04\/email-logo.png","contentUrl":"https:\/\/beautybusinessholland.com\/wp-content\/uploads\/2025\/04\/email-logo.png","width":300,"height":79,"caption":"Beauty Business Holland"},"image":{"@id":"https:\/\/beautybusinessholland.com\/fr\/#\/schema\/logo\/image\/"}}]}},"_links":{"self":[{"href":"https:\/\/beautybusinessholland.com\/fr\/wp-json\/wp\/v2\/product\/9261","targetHints":{"allow":["GET"]}}],"collection":[{"href":"https:\/\/beautybusinessholland.com\/fr\/wp-json\/wp\/v2\/product"}],"about":[{"href":"https:\/\/beautybusinessholland.com\/fr\/wp-json\/wp\/v2\/types\/product"}],"version-history":[{"count":0,"href":"https:\/\/beautybusinessholland.com\/fr\/wp-json\/wp\/v2\/product\/9261\/revisions"}],"wp:featuredmedia":[{"embeddable":true,"href":"https:\/\/beautybusinessholland.com\/fr\/wp-json\/wp\/v2\/media\/8015"}],"wp:attachment":[{"href":"https:\/\/beautybusinessholland.com\/fr\/wp-json\/wp\/v2\/media?parent=9261"}],"wp:term":[{"taxonomy":"product_brand","embeddable":true,"href":"https:\/\/beautybusinessholland.com\/fr\/wp-json\/wp\/v2\/product_brand?post=9261"},{"taxonomy":"product_cat","embeddable":true,"href":"https:\/\/beautybusinessholland.com\/fr\/wp-json\/wp\/v2\/product_cat?post=9261"},{"taxonomy":"product_tag","embeddable":true,"href":"https:\/\/beautybusinessholland.com\/fr\/wp-json\/wp\/v2\/product_tag?post=9261"}],"curies":[{"name":"wp","href":"https:\/\/api.w.org\/{rel}","templated":true}]}}