{"id":9262,"date":"2025-04-28T15:32:31","date_gmt":"2025-04-28T13:32:31","guid":{"rendered":"https:\/\/beautybusinessholland.com\/product\/ice-4e-generation\/"},"modified":"2025-11-12T14:08:58","modified_gmt":"2025-11-12T13:08:58","slug":"ice-4th-generation","status":"publish","type":"product","link":"https:\/\/beautybusinessholland.com\/fr\/produit\/ice-4th-generation\/","title":{"rendered":"ICE 4th Generation"},"content":{"rendered":"<p>Le laser \u00e0 diode de 4e g\u00e9n\u00e9ration ICE r\u00e9volutionne l\u2019\u00e9pilation au laser avec une dur\u00e9e d\u2019impulsion ultra-courte, une sortie puissante et des spots de tr\u00e8s grande taille pour des s\u00e9ances plus rapides et confortables. Avec quatre tailles de spot diff\u00e9rentes sur une seule pi\u00e8ce \u00e0 main, vous pouvez traiter sans effort n\u2019importe quelle zone du corps. L\u2019\u00e9cran tactile de 12 pouces offre un contr\u00f4le pr\u00e9cis de l\u2019\u00e9nergie, de la fr\u00e9quence et du refroidissement en temps r\u00e9el. Gr\u00e2ce au fonctionnement silencieux et au refroidissement par contact TEC \u00e0 360\u00b0, votre client profitera d\u2019une exp\u00e9rience pratiquement indolore. La machine fonctionne avec la technologie laser coh\u00e9rente am\u00e9ricaine originale pour des performances optimales et une longue dur\u00e9e de vie. Convient \u00e0 tous les types de peau et con\u00e7u pour la vitesse, la pr\u00e9cision et la fiabilit\u00e9. Une mise \u00e0 niveau puissante pour toute pratique professionnelle.<\/p>\n","protected":false},"excerpt":{"rendered":"<p>Le laser \u00e0 diode de 4e g\u00e9n\u00e9ration ICE r\u00e9volutionne l\u2019\u00e9pilation au laser gr\u00e2ce \u00e0 une dur\u00e9e d\u2019impulsion ultra-courte, une sortie puissante et des tailles de spot tr\u00e8s grandes pour des traitements plus rapides et plus efficaces.<\/p>\n","protected":false},"featured_media":7883,"template":"","meta":{"_acf_changed":false,"footnotes":""},"product_brand":[],"product_cat":[87,82],"product_tag":[],"class_list":{"0":"post-9262","1":"product","2":"type-product","3":"status-publish","4":"has-post-thumbnail","6":"product_cat-lasers-a-diodes","7":"product_cat-tout-lequipement","9":"first","10":"instock","11":"shipping-taxable","12":"purchasable","13":"product-type-simple"},"acf":[],"yoast_head":"<!-- This site is optimized with the Yoast SEO plugin v27.3 - https:\/\/yoast.com\/product\/yoast-seo-wordpress\/ -->\n<title>ICE 4th Generation - Beauty Business Holland<\/title>\n<meta name=\"robots\" content=\"index, follow, max-snippet:-1, max-image-preview:large, max-video-preview:-1\" \/>\n<link rel=\"canonical\" href=\"https:\/\/beautybusinessholland.com\/fr\/produit\/ice-4th-generation\/\" \/>\n<meta property=\"og:locale\" content=\"fr_FR\" \/>\n<meta property=\"og:type\" content=\"article\" \/>\n<meta property=\"og:title\" content=\"ICE 4th Generation - Beauty Business Holland\" \/>\n<meta property=\"og:description\" content=\"Le laser \u00e0 diode de 4e g\u00e9n\u00e9ration ICE r\u00e9volutionne l\u2019\u00e9pilation au laser gr\u00e2ce \u00e0 une dur\u00e9e d\u2019impulsion ultra-courte, une sortie puissante et des tailles de spot tr\u00e8s grandes pour des traitements plus rapides et plus efficaces.\" \/>\n<meta property=\"og:url\" content=\"https:\/\/beautybusinessholland.com\/fr\/produit\/ice-4th-generation\/\" \/>\n<meta property=\"og:site_name\" content=\"Beauty Business Holland\" \/>\n<meta property=\"article:modified_time\" content=\"2025-11-12T13:08:58+00:00\" \/>\n<meta property=\"og:image\" content=\"https:\/\/beautybusinessholland.com\/wp-content\/uploads\/2025\/04\/ice-4th-generation-1.jpg\" \/>\n\t<meta property=\"og:image:width\" content=\"1200\" \/>\n\t<meta property=\"og:image:height\" content=\"1200\" \/>\n\t<meta property=\"og:image:type\" content=\"image\/jpeg\" \/>\n<meta name=\"twitter:card\" content=\"summary_large_image\" \/>\n<meta name=\"twitter:label1\" content=\"Dur\u00e9e de lecture estim\u00e9e\" \/>\n\t<meta name=\"twitter:data1\" content=\"1 minute\" \/>\n<script type=\"application\/ld+json\" class=\"yoast-schema-graph\">{\"@context\":\"https:\\\/\\\/schema.org\",\"@graph\":[{\"@type\":\"WebPage\",\"@id\":\"https:\\\/\\\/beautybusinessholland.com\\\/fr\\\/produit\\\/ice-4th-generation\\\/\",\"url\":\"https:\\\/\\\/beautybusinessholland.com\\\/fr\\\/produit\\\/ice-4th-generation\\\/\",\"name\":\"ICE 4th Generation - Beauty Business Holland\",\"isPartOf\":{\"@id\":\"https:\\\/\\\/beautybusinessholland.com\\\/fr\\\/#website\"},\"primaryImageOfPage\":{\"@id\":\"https:\\\/\\\/beautybusinessholland.com\\\/fr\\\/produit\\\/ice-4th-generation\\\/#primaryimage\"},\"image\":{\"@id\":\"https:\\\/\\\/beautybusinessholland.com\\\/fr\\\/produit\\\/ice-4th-generation\\\/#primaryimage\"},\"thumbnailUrl\":\"https:\\\/\\\/beautybusinessholland.com\\\/wp-content\\\/uploads\\\/2025\\\/04\\\/ice-4th-generation-1.jpg\",\"datePublished\":\"2025-04-28T13:32:31+00:00\",\"dateModified\":\"2025-11-12T13:08:58+00:00\",\"breadcrumb\":{\"@id\":\"https:\\\/\\\/beautybusinessholland.com\\\/fr\\\/produit\\\/ice-4th-generation\\\/#breadcrumb\"},\"inLanguage\":\"fr-FR\",\"potentialAction\":[{\"@type\":\"ReadAction\",\"target\":[\"https:\\\/\\\/beautybusinessholland.com\\\/fr\\\/produit\\\/ice-4th-generation\\\/\"]}]},{\"@type\":\"ImageObject\",\"inLanguage\":\"fr-FR\",\"@id\":\"https:\\\/\\\/beautybusinessholland.com\\\/fr\\\/produit\\\/ice-4th-generation\\\/#primaryimage\",\"url\":\"https:\\\/\\\/beautybusinessholland.com\\\/wp-content\\\/uploads\\\/2025\\\/04\\\/ice-4th-generation-1.jpg\",\"contentUrl\":\"https:\\\/\\\/beautybusinessholland.com\\\/wp-content\\\/uploads\\\/2025\\\/04\\\/ice-4th-generation-1.jpg\",\"width\":1200,\"height\":1200},{\"@type\":\"BreadcrumbList\",\"@id\":\"https:\\\/\\\/beautybusinessholland.com\\\/fr\\\/produit\\\/ice-4th-generation\\\/#breadcrumb\",\"itemListElement\":[{\"@type\":\"ListItem\",\"position\":1,\"name\":\"Domicile\",\"item\":\"https:\\\/\\\/beautybusinessholland.com\\\/fr\\\/entreprise-de-beaute-hollande\\\/\"},{\"@type\":\"ListItem\",\"position\":2,\"name\":\"Boutique\",\"item\":\"https:\\\/\\\/beautybusinessholland.com\\\/fr\\\/boutique\\\/\"},{\"@type\":\"ListItem\",\"position\":3,\"name\":\"ICE 4th Generation\"}]},{\"@type\":\"WebSite\",\"@id\":\"https:\\\/\\\/beautybusinessholland.com\\\/fr\\\/#website\",\"url\":\"https:\\\/\\\/beautybusinessholland.com\\\/fr\\\/\",\"name\":\"Beauty Business Holland\",\"description\":\"Beauty &amp; Health Care\",\"publisher\":{\"@id\":\"https:\\\/\\\/beautybusinessholland.com\\\/fr\\\/#organization\"},\"potentialAction\":[{\"@type\":\"SearchAction\",\"target\":{\"@type\":\"EntryPoint\",\"urlTemplate\":\"https:\\\/\\\/beautybusinessholland.com\\\/fr\\\/?s={search_term_string}\"},\"query-input\":{\"@type\":\"PropertyValueSpecification\",\"valueRequired\":true,\"valueName\":\"search_term_string\"}}],\"inLanguage\":\"fr-FR\"},{\"@type\":\"Organization\",\"@id\":\"https:\\\/\\\/beautybusinessholland.com\\\/fr\\\/#organization\",\"name\":\"Beauty Business Holland\",\"url\":\"https:\\\/\\\/beautybusinessholland.com\\\/fr\\\/\",\"logo\":{\"@type\":\"ImageObject\",\"inLanguage\":\"fr-FR\",\"@id\":\"https:\\\/\\\/beautybusinessholland.com\\\/fr\\\/#\\\/schema\\\/logo\\\/image\\\/\",\"url\":\"https:\\\/\\\/beautybusinessholland.com\\\/wp-content\\\/uploads\\\/2025\\\/04\\\/email-logo.png\",\"contentUrl\":\"https:\\\/\\\/beautybusinessholland.com\\\/wp-content\\\/uploads\\\/2025\\\/04\\\/email-logo.png\",\"width\":300,\"height\":79,\"caption\":\"Beauty Business Holland\"},\"image\":{\"@id\":\"https:\\\/\\\/beautybusinessholland.com\\\/fr\\\/#\\\/schema\\\/logo\\\/image\\\/\"}}]}<\/script>\n<!-- \/ Yoast SEO plugin. -->","yoast_head_json":{"title":"ICE 4th Generation - Beauty Business Holland","robots":{"index":"index","follow":"follow","max-snippet":"max-snippet:-1","max-image-preview":"max-image-preview:large","max-video-preview":"max-video-preview:-1"},"canonical":"https:\/\/beautybusinessholland.com\/fr\/produit\/ice-4th-generation\/","og_locale":"fr_FR","og_type":"article","og_title":"ICE 4th Generation - Beauty Business Holland","og_description":"Le laser \u00e0 diode de 4e g\u00e9n\u00e9ration ICE r\u00e9volutionne l\u2019\u00e9pilation au laser gr\u00e2ce \u00e0 une dur\u00e9e d\u2019impulsion ultra-courte, une sortie puissante et des tailles de spot tr\u00e8s grandes pour des traitements plus rapides et plus efficaces.","og_url":"https:\/\/beautybusinessholland.com\/fr\/produit\/ice-4th-generation\/","og_site_name":"Beauty Business Holland","article_modified_time":"2025-11-12T13:08:58+00:00","og_image":[{"width":1200,"height":1200,"url":"https:\/\/beautybusinessholland.com\/wp-content\/uploads\/2025\/04\/ice-4th-generation-1.jpg","type":"image\/jpeg"}],"twitter_card":"summary_large_image","twitter_misc":{"Dur\u00e9e de lecture estim\u00e9e":"1 minute"},"schema":{"@context":"https:\/\/schema.org","@graph":[{"@type":"WebPage","@id":"https:\/\/beautybusinessholland.com\/fr\/produit\/ice-4th-generation\/","url":"https:\/\/beautybusinessholland.com\/fr\/produit\/ice-4th-generation\/","name":"ICE 4th Generation - Beauty Business Holland","isPartOf":{"@id":"https:\/\/beautybusinessholland.com\/fr\/#website"},"primaryImageOfPage":{"@id":"https:\/\/beautybusinessholland.com\/fr\/produit\/ice-4th-generation\/#primaryimage"},"image":{"@id":"https:\/\/beautybusinessholland.com\/fr\/produit\/ice-4th-generation\/#primaryimage"},"thumbnailUrl":"https:\/\/beautybusinessholland.com\/wp-content\/uploads\/2025\/04\/ice-4th-generation-1.jpg","datePublished":"2025-04-28T13:32:31+00:00","dateModified":"2025-11-12T13:08:58+00:00","breadcrumb":{"@id":"https:\/\/beautybusinessholland.com\/fr\/produit\/ice-4th-generation\/#breadcrumb"},"inLanguage":"fr-FR","potentialAction":[{"@type":"ReadAction","target":["https:\/\/beautybusinessholland.com\/fr\/produit\/ice-4th-generation\/"]}]},{"@type":"ImageObject","inLanguage":"fr-FR","@id":"https:\/\/beautybusinessholland.com\/fr\/produit\/ice-4th-generation\/#primaryimage","url":"https:\/\/beautybusinessholland.com\/wp-content\/uploads\/2025\/04\/ice-4th-generation-1.jpg","contentUrl":"https:\/\/beautybusinessholland.com\/wp-content\/uploads\/2025\/04\/ice-4th-generation-1.jpg","width":1200,"height":1200},{"@type":"BreadcrumbList","@id":"https:\/\/beautybusinessholland.com\/fr\/produit\/ice-4th-generation\/#breadcrumb","itemListElement":[{"@type":"ListItem","position":1,"name":"Domicile","item":"https:\/\/beautybusinessholland.com\/fr\/entreprise-de-beaute-hollande\/"},{"@type":"ListItem","position":2,"name":"Boutique","item":"https:\/\/beautybusinessholland.com\/fr\/boutique\/"},{"@type":"ListItem","position":3,"name":"ICE 4th Generation"}]},{"@type":"WebSite","@id":"https:\/\/beautybusinessholland.com\/fr\/#website","url":"https:\/\/beautybusinessholland.com\/fr\/","name":"Beauty Business Holland","description":"Beauty &amp; Health Care","publisher":{"@id":"https:\/\/beautybusinessholland.com\/fr\/#organization"},"potentialAction":[{"@type":"SearchAction","target":{"@type":"EntryPoint","urlTemplate":"https:\/\/beautybusinessholland.com\/fr\/?s={search_term_string}"},"query-input":{"@type":"PropertyValueSpecification","valueRequired":true,"valueName":"search_term_string"}}],"inLanguage":"fr-FR"},{"@type":"Organization","@id":"https:\/\/beautybusinessholland.com\/fr\/#organization","name":"Beauty Business Holland","url":"https:\/\/beautybusinessholland.com\/fr\/","logo":{"@type":"ImageObject","inLanguage":"fr-FR","@id":"https:\/\/beautybusinessholland.com\/fr\/#\/schema\/logo\/image\/","url":"https:\/\/beautybusinessholland.com\/wp-content\/uploads\/2025\/04\/email-logo.png","contentUrl":"https:\/\/beautybusinessholland.com\/wp-content\/uploads\/2025\/04\/email-logo.png","width":300,"height":79,"caption":"Beauty Business Holland"},"image":{"@id":"https:\/\/beautybusinessholland.com\/fr\/#\/schema\/logo\/image\/"}}]}},"_links":{"self":[{"href":"https:\/\/beautybusinessholland.com\/fr\/wp-json\/wp\/v2\/product\/9262","targetHints":{"allow":["GET"]}}],"collection":[{"href":"https:\/\/beautybusinessholland.com\/fr\/wp-json\/wp\/v2\/product"}],"about":[{"href":"https:\/\/beautybusinessholland.com\/fr\/wp-json\/wp\/v2\/types\/product"}],"version-history":[{"count":0,"href":"https:\/\/beautybusinessholland.com\/fr\/wp-json\/wp\/v2\/product\/9262\/revisions"}],"wp:featuredmedia":[{"embeddable":true,"href":"https:\/\/beautybusinessholland.com\/fr\/wp-json\/wp\/v2\/media\/7883"}],"wp:attachment":[{"href":"https:\/\/beautybusinessholland.com\/fr\/wp-json\/wp\/v2\/media?parent=9262"}],"wp:term":[{"taxonomy":"product_brand","embeddable":true,"href":"https:\/\/beautybusinessholland.com\/fr\/wp-json\/wp\/v2\/product_brand?post=9262"},{"taxonomy":"product_cat","embeddable":true,"href":"https:\/\/beautybusinessholland.com\/fr\/wp-json\/wp\/v2\/product_cat?post=9262"},{"taxonomy":"product_tag","embeddable":true,"href":"https:\/\/beautybusinessholland.com\/fr\/wp-json\/wp\/v2\/product_tag?post=9262"}],"curies":[{"name":"wp","href":"https:\/\/api.w.org\/{rel}","templated":true}]}}