{"id":9263,"date":"2025-04-29T06:50:04","date_gmt":"2025-04-29T04:50:04","guid":{"rendered":"https:\/\/beautybusinessholland.com\/product\/creme-de-jour-anti-age\/"},"modified":"2025-10-08T15:39:52","modified_gmt":"2025-10-08T13:39:52","slug":"anti-aging-day-cream","status":"publish","type":"product","link":"https:\/\/beautybusinessholland.com\/fr\/produit\/anti-aging-day-cream\/","title":{"rendered":"Anti-aging Day Cream"},"content":{"rendered":"<p>Sp\u00e9cialement formul\u00e9e pour les peaux s\u00e8ches et matures, cette cr\u00e8me de jour riche et velout\u00e9e combine des ingr\u00e9dients actifs marins avanc\u00e9s, des huiles v\u00e9g\u00e9tales hydratantes et un puissant complexe peptide-squalane pour une peau visiblement plus lisse et plus ferme.<\/p>\n<p>La formule contient du Palmitoyl Tripeptide-5 (Syn-Coll\u00ae), un peptide anti-\u00e2ge innovant qui stimule la production naturelle de collag\u00e8ne et aide ainsi \u00e0 r\u00e9duire l\u2019apparence des rides et ridules. Le squalane d\u2019olive, qui ressemble beaucoup au squal\u00e8ne de la peau, hydrate en profondeur et r\u00e9tablit l\u2019\u00e9quilibre lipidique naturel, tandis que les beurres et huiles v\u00e9g\u00e9taux nourrissent et adoucissent la peau.<\/p>\n<p>Gr\u00e2ce \u00e0 l\u2019acide hyaluronique de poids mol\u00e9culaire multiple, la peau re\u00e7oit une hydratation intense et durable, contribuant \u00e0 une peau plus ferme et d\u2019apparence plus jeune. La cr\u00e8me est douce et soyeuse, p\u00e9n\u00e8tre rapidement sans \u00eatre trop grasse et laisse une sensation de confort et de soins.<\/p>\n","protected":false},"excerpt":{"rendered":"<p>Cette cr\u00e8me de jour riche et velout\u00e9e a \u00e9t\u00e9 sp\u00e9cialement formul\u00e9e pour les peaux s\u00e8ches et matures et combine des ingr\u00e9dients actifs marins avanc\u00e9s<\/p>\n","protected":false},"featured_media":8014,"template":"","meta":{"_acf_changed":false,"footnotes":""},"product_brand":[],"product_cat":[91],"product_tag":[],"class_list":{"0":"post-9263","1":"product","2":"type-product","3":"status-publish","4":"has-post-thumbnail","6":"product_cat-cremes","8":"first","9":"instock","10":"shipping-taxable","11":"purchasable","12":"product-type-simple"},"acf":[],"yoast_head":"<!-- This site is optimized with the Yoast SEO plugin v27.3 - https:\/\/yoast.com\/product\/yoast-seo-wordpress\/ -->\n<title>Anti-aging Day Cream - Beauty Business Holland<\/title>\n<meta name=\"robots\" content=\"index, follow, max-snippet:-1, max-image-preview:large, max-video-preview:-1\" \/>\n<link rel=\"canonical\" href=\"https:\/\/beautybusinessholland.com\/fr\/produit\/anti-aging-day-cream\/\" \/>\n<meta property=\"og:locale\" content=\"fr_FR\" \/>\n<meta property=\"og:type\" content=\"article\" \/>\n<meta property=\"og:title\" content=\"Anti-aging Day Cream - Beauty Business Holland\" \/>\n<meta property=\"og:description\" content=\"Cette cr\u00e8me de jour riche et velout\u00e9e a \u00e9t\u00e9 sp\u00e9cialement formul\u00e9e pour les peaux s\u00e8ches et matures et combine des ingr\u00e9dients actifs marins avanc\u00e9s\" \/>\n<meta property=\"og:url\" content=\"https:\/\/beautybusinessholland.com\/fr\/produit\/anti-aging-day-cream\/\" \/>\n<meta property=\"og:site_name\" content=\"Beauty Business Holland\" \/>\n<meta property=\"article:modified_time\" content=\"2025-10-08T13:39:52+00:00\" \/>\n<meta property=\"og:image\" content=\"https:\/\/beautybusinessholland.com\/wp-content\/uploads\/2025\/06\/beauty-business-holland-cosmetica-anti-aging-cream.jpg\" \/>\n\t<meta property=\"og:image:width\" content=\"1246\" \/>\n\t<meta property=\"og:image:height\" content=\"1246\" \/>\n\t<meta property=\"og:image:type\" content=\"image\/jpeg\" \/>\n<meta name=\"twitter:card\" content=\"summary_large_image\" \/>\n<meta name=\"twitter:label1\" content=\"Dur\u00e9e de lecture estim\u00e9e\" \/>\n\t<meta name=\"twitter:data1\" content=\"1 minute\" \/>\n<!-- \/ Yoast SEO plugin. -->","yoast_head_json":{"title":"Anti-aging Day Cream - Beauty Business Holland","robots":{"index":"index","follow":"follow","max-snippet":"max-snippet:-1","max-image-preview":"max-image-preview:large","max-video-preview":"max-video-preview:-1"},"canonical":"https:\/\/beautybusinessholland.com\/fr\/produit\/anti-aging-day-cream\/","og_locale":"fr_FR","og_type":"article","og_title":"Anti-aging Day Cream - Beauty Business Holland","og_description":"Cette cr\u00e8me de jour riche et velout\u00e9e a \u00e9t\u00e9 sp\u00e9cialement formul\u00e9e pour les peaux s\u00e8ches et matures et combine des ingr\u00e9dients actifs marins avanc\u00e9s","og_url":"https:\/\/beautybusinessholland.com\/fr\/produit\/anti-aging-day-cream\/","og_site_name":"Beauty Business Holland","article_modified_time":"2025-10-08T13:39:52+00:00","og_image":[{"width":1246,"height":1246,"url":"https:\/\/beautybusinessholland.com\/wp-content\/uploads\/2025\/06\/beauty-business-holland-cosmetica-anti-aging-cream.jpg","type":"image\/jpeg"}],"twitter_card":"summary_large_image","twitter_misc":{"Dur\u00e9e de lecture estim\u00e9e":"1 minute"},"schema":{"@context":"https:\/\/schema.org","@graph":[{"@type":"WebPage","@id":"https:\/\/beautybusinessholland.com\/fr\/produit\/anti-aging-day-cream\/","url":"https:\/\/beautybusinessholland.com\/fr\/produit\/anti-aging-day-cream\/","name":"Anti-aging Day Cream - Beauty Business Holland","isPartOf":{"@id":"https:\/\/beautybusinessholland.com\/fr\/#website"},"primaryImageOfPage":{"@id":"https:\/\/beautybusinessholland.com\/fr\/produit\/anti-aging-day-cream\/#primaryimage"},"image":{"@id":"https:\/\/beautybusinessholland.com\/fr\/produit\/anti-aging-day-cream\/#primaryimage"},"thumbnailUrl":"https:\/\/beautybusinessholland.com\/wp-content\/uploads\/2025\/06\/beauty-business-holland-cosmetica-anti-aging-cream.jpg","datePublished":"2025-04-29T04:50:04+00:00","dateModified":"2025-10-08T13:39:52+00:00","breadcrumb":{"@id":"https:\/\/beautybusinessholland.com\/fr\/produit\/anti-aging-day-cream\/#breadcrumb"},"inLanguage":"fr-FR","potentialAction":[{"@type":"ReadAction","target":["https:\/\/beautybusinessholland.com\/fr\/produit\/anti-aging-day-cream\/"]}]},{"@type":"ImageObject","inLanguage":"fr-FR","@id":"https:\/\/beautybusinessholland.com\/fr\/produit\/anti-aging-day-cream\/#primaryimage","url":"https:\/\/beautybusinessholland.com\/wp-content\/uploads\/2025\/06\/beauty-business-holland-cosmetica-anti-aging-cream.jpg","contentUrl":"https:\/\/beautybusinessholland.com\/wp-content\/uploads\/2025\/06\/beauty-business-holland-cosmetica-anti-aging-cream.jpg","width":1246,"height":1246},{"@type":"BreadcrumbList","@id":"https:\/\/beautybusinessholland.com\/fr\/produit\/anti-aging-day-cream\/#breadcrumb","itemListElement":[{"@type":"ListItem","position":1,"name":"Domicile","item":"https:\/\/beautybusinessholland.com\/fr\/entreprise-de-beaute-hollande\/"},{"@type":"ListItem","position":2,"name":"Boutique","item":"https:\/\/beautybusinessholland.com\/fr\/boutique\/"},{"@type":"ListItem","position":3,"name":"Anti-aging Day Cream"}]},{"@type":"WebSite","@id":"https:\/\/beautybusinessholland.com\/fr\/#website","url":"https:\/\/beautybusinessholland.com\/fr\/","name":"Beauty Business Holland","description":"Beauty &amp; Health Care","publisher":{"@id":"https:\/\/beautybusinessholland.com\/fr\/#organization"},"potentialAction":[{"@type":"SearchAction","target":{"@type":"EntryPoint","urlTemplate":"https:\/\/beautybusinessholland.com\/fr\/?s={search_term_string}"},"query-input":{"@type":"PropertyValueSpecification","valueRequired":true,"valueName":"search_term_string"}}],"inLanguage":"fr-FR"},{"@type":"Organization","@id":"https:\/\/beautybusinessholland.com\/fr\/#organization","name":"Beauty Business Holland","url":"https:\/\/beautybusinessholland.com\/fr\/","logo":{"@type":"ImageObject","inLanguage":"fr-FR","@id":"https:\/\/beautybusinessholland.com\/fr\/#\/schema\/logo\/image\/","url":"https:\/\/beautybusinessholland.com\/wp-content\/uploads\/2025\/04\/email-logo.png","contentUrl":"https:\/\/beautybusinessholland.com\/wp-content\/uploads\/2025\/04\/email-logo.png","width":300,"height":79,"caption":"Beauty Business Holland"},"image":{"@id":"https:\/\/beautybusinessholland.com\/fr\/#\/schema\/logo\/image\/"}}]}},"_links":{"self":[{"href":"https:\/\/beautybusinessholland.com\/fr\/wp-json\/wp\/v2\/product\/9263","targetHints":{"allow":["GET"]}}],"collection":[{"href":"https:\/\/beautybusinessholland.com\/fr\/wp-json\/wp\/v2\/product"}],"about":[{"href":"https:\/\/beautybusinessholland.com\/fr\/wp-json\/wp\/v2\/types\/product"}],"version-history":[{"count":0,"href":"https:\/\/beautybusinessholland.com\/fr\/wp-json\/wp\/v2\/product\/9263\/revisions"}],"wp:featuredmedia":[{"embeddable":true,"href":"https:\/\/beautybusinessholland.com\/fr\/wp-json\/wp\/v2\/media\/8014"}],"wp:attachment":[{"href":"https:\/\/beautybusinessholland.com\/fr\/wp-json\/wp\/v2\/media?parent=9263"}],"wp:term":[{"taxonomy":"product_brand","embeddable":true,"href":"https:\/\/beautybusinessholland.com\/fr\/wp-json\/wp\/v2\/product_brand?post=9263"},{"taxonomy":"product_cat","embeddable":true,"href":"https:\/\/beautybusinessholland.com\/fr\/wp-json\/wp\/v2\/product_cat?post=9263"},{"taxonomy":"product_tag","embeddable":true,"href":"https:\/\/beautybusinessholland.com\/fr\/wp-json\/wp\/v2\/product_tag?post=9263"}],"curies":[{"name":"wp","href":"https:\/\/api.w.org\/{rel}","templated":true}]}}