{"id":9267,"date":"2025-04-28T16:09:06","date_gmt":"2025-04-28T14:09:06","guid":{"rendered":"https:\/\/beautybusinessholland.com\/product\/serum-booster-de-peptides-avec-prebiotiques\/"},"modified":"2025-10-08T15:39:57","modified_gmt":"2025-10-08T13:39:57","slug":"peptide-booster-serum-with-prebiotics","status":"publish","type":"product","link":"https:\/\/beautybusinessholland.com\/fr\/produit\/peptide-booster-serum-with-prebiotics\/","title":{"rendered":"Peptide booster serum with prebiotics"},"content":{"rendered":"<p><span data-contrast=\"auto\">Ce s\u00e9rum r\u00e9volutionnaire exploite le pouvoir d\u2019ingr\u00e9dients avanc\u00e9s pour combattre les signes visibles du vieillissement et r\u00e9v\u00e9ler un teint plus jeune et plus \u00e9clatant.<\/span><\/p>\n<p><span data-contrast=\"auto\">Le s\u00e9rum contient un puissant duo de peptides, MATRIXYL\u2122 Synthe&#8217;6 et MATRIXYL\u2122 Morphomix, qui agissent ensemble pour stimuler la production de collag\u00e8ne et la production d\u2019\u00e9lastine, r\u00e9duisant ainsi visiblement l\u2019apparence des rides et ridules.<\/span><\/p>\n<p><span data-contrast=\"auto\">L\u2019argireline, un peptide anti-rides bien connu, cible les rides d\u2019expression, en particulier autour des yeux et du front, et aide \u00e0 d\u00e9tendre la peau et \u00e0 r\u00e9duire les rides.<\/span><\/p>\n<p><span data-contrast=\"auto\">Syn-Coll, un extrait de collag\u00e8ne marin, restaure l\u2019\u00e9lasticit\u00e9 de la peau et lui donne une apparence plus ferme, plus rebondie et plus jeune.<\/span><\/p>\n<p><span data-contrast=\"auto\">Pour am\u00e9liorer davantage la sant\u00e9 et la r\u00e9silience de la peau, les pr\u00e9biotiques nourrissent le microbiome cutan\u00e9, l\u2019\u00e9cosyst\u00e8me d\u00e9licat de bact\u00e9ries b\u00e9n\u00e9fiques qui est essentiel au maintien d\u2019un teint \u00e9quilibr\u00e9. En soutenant le microbiome, les pr\u00e9biotiques aident \u00e0 renforcer les m\u00e9canismes de d\u00e9fense naturels de la peau, \u00e0 r\u00e9duire l\u2019inflammation et \u00e0 promouvoir la sant\u00e9 globale de la peau. <\/span><\/p>\n","protected":false},"excerpt":{"rendered":"<p><span data-contrast=\"auto\">Ce s\u00e9rum r\u00e9volutionnaire exploite le pouvoir d\u2019ingr\u00e9dients avanc\u00e9s pour r\u00e9duire le visible <\/span><\/p>\n","protected":false},"featured_media":8024,"template":"","meta":{"_acf_changed":false,"footnotes":""},"product_brand":[],"product_cat":[89],"product_tag":[],"class_list":{"0":"post-9267","1":"product","2":"type-product","3":"status-publish","4":"has-post-thumbnail","6":"product_cat-serums-booster","8":"first","9":"instock","10":"shipping-taxable","11":"purchasable","12":"product-type-simple"},"acf":[],"yoast_head":"<!-- This site is optimized with the Yoast SEO plugin v27.5 - https:\/\/yoast.com\/product\/yoast-seo-wordpress\/ -->\n<title>Peptide booster serum with prebiotics - Beauty Business Holland<\/title>\n<meta name=\"robots\" content=\"index, follow, max-snippet:-1, max-image-preview:large, max-video-preview:-1\" \/>\n<link rel=\"canonical\" href=\"https:\/\/beautybusinessholland.com\/fr\/produit\/peptide-booster-serum-with-prebiotics\/\" \/>\n<meta property=\"og:locale\" content=\"fr_FR\" \/>\n<meta property=\"og:type\" content=\"article\" \/>\n<meta property=\"og:title\" content=\"Peptide booster serum with prebiotics - Beauty Business Holland\" \/>\n<meta property=\"og:description\" content=\"Ce s\u00e9rum r\u00e9volutionnaire exploite le pouvoir d\u2019ingr\u00e9dients avanc\u00e9s pour r\u00e9duire le visible\" \/>\n<meta property=\"og:url\" content=\"https:\/\/beautybusinessholland.com\/fr\/produit\/peptide-booster-serum-with-prebiotics\/\" \/>\n<meta property=\"og:site_name\" content=\"Beauty Business Holland\" \/>\n<meta property=\"article:modified_time\" content=\"2025-10-08T13:39:57+00:00\" \/>\n<meta property=\"og:image\" content=\"https:\/\/beautybusinessholland.com\/wp-content\/uploads\/2025\/04\/peptide.png\" \/>\n\t<meta property=\"og:image:width\" content=\"1201\" \/>\n\t<meta property=\"og:image:height\" content=\"1200\" \/>\n\t<meta property=\"og:image:type\" content=\"image\/png\" \/>\n<meta name=\"twitter:card\" content=\"summary_large_image\" \/>\n<meta name=\"twitter:label1\" content=\"Dur\u00e9e de lecture estim\u00e9e\" \/>\n\t<meta name=\"twitter:data1\" content=\"2 minutes\" \/>\n<!-- \/ Yoast SEO plugin. -->","yoast_head_json":{"title":"Peptide booster serum with prebiotics - Beauty Business Holland","robots":{"index":"index","follow":"follow","max-snippet":"max-snippet:-1","max-image-preview":"max-image-preview:large","max-video-preview":"max-video-preview:-1"},"canonical":"https:\/\/beautybusinessholland.com\/fr\/produit\/peptide-booster-serum-with-prebiotics\/","og_locale":"fr_FR","og_type":"article","og_title":"Peptide booster serum with prebiotics - Beauty Business Holland","og_description":"Ce s\u00e9rum r\u00e9volutionnaire exploite le pouvoir d\u2019ingr\u00e9dients avanc\u00e9s pour r\u00e9duire le visible","og_url":"https:\/\/beautybusinessholland.com\/fr\/produit\/peptide-booster-serum-with-prebiotics\/","og_site_name":"Beauty Business Holland","article_modified_time":"2025-10-08T13:39:57+00:00","og_image":[{"width":1201,"height":1200,"url":"https:\/\/beautybusinessholland.com\/wp-content\/uploads\/2025\/04\/peptide.png","type":"image\/png"}],"twitter_card":"summary_large_image","twitter_misc":{"Dur\u00e9e de lecture estim\u00e9e":"2 minutes"},"schema":{"@context":"https:\/\/schema.org","@graph":[{"@type":"WebPage","@id":"https:\/\/beautybusinessholland.com\/fr\/produit\/peptide-booster-serum-with-prebiotics\/","url":"https:\/\/beautybusinessholland.com\/fr\/produit\/peptide-booster-serum-with-prebiotics\/","name":"Peptide booster serum with prebiotics - Beauty Business Holland","isPartOf":{"@id":"https:\/\/beautybusinessholland.com\/fr\/#website"},"primaryImageOfPage":{"@id":"https:\/\/beautybusinessholland.com\/fr\/produit\/peptide-booster-serum-with-prebiotics\/#primaryimage"},"image":{"@id":"https:\/\/beautybusinessholland.com\/fr\/produit\/peptide-booster-serum-with-prebiotics\/#primaryimage"},"thumbnailUrl":"https:\/\/beautybusinessholland.com\/wp-content\/uploads\/2025\/04\/peptide.png","datePublished":"2025-04-28T14:09:06+00:00","dateModified":"2025-10-08T13:39:57+00:00","breadcrumb":{"@id":"https:\/\/beautybusinessholland.com\/fr\/produit\/peptide-booster-serum-with-prebiotics\/#breadcrumb"},"inLanguage":"fr-FR","potentialAction":[{"@type":"ReadAction","target":["https:\/\/beautybusinessholland.com\/fr\/produit\/peptide-booster-serum-with-prebiotics\/"]}]},{"@type":"ImageObject","inLanguage":"fr-FR","@id":"https:\/\/beautybusinessholland.com\/fr\/produit\/peptide-booster-serum-with-prebiotics\/#primaryimage","url":"https:\/\/beautybusinessholland.com\/wp-content\/uploads\/2025\/04\/peptide.png","contentUrl":"https:\/\/beautybusinessholland.com\/wp-content\/uploads\/2025\/04\/peptide.png","width":1201,"height":1200},{"@type":"BreadcrumbList","@id":"https:\/\/beautybusinessholland.com\/fr\/produit\/peptide-booster-serum-with-prebiotics\/#breadcrumb","itemListElement":[{"@type":"ListItem","position":1,"name":"Domicile","item":"https:\/\/beautybusinessholland.com\/fr\/"},{"@type":"ListItem","position":2,"name":"Boutique","item":"https:\/\/beautybusinessholland.com\/fr\/boutique\/"},{"@type":"ListItem","position":3,"name":"Peptide booster serum with prebiotics"}]},{"@type":"WebSite","@id":"https:\/\/beautybusinessholland.com\/fr\/#website","url":"https:\/\/beautybusinessholland.com\/fr\/","name":"Beauty Business Holland","description":"Beauty &amp; Health Care","publisher":{"@id":"https:\/\/beautybusinessholland.com\/fr\/#organization"},"potentialAction":[{"@type":"SearchAction","target":{"@type":"EntryPoint","urlTemplate":"https:\/\/beautybusinessholland.com\/fr\/?s={search_term_string}"},"query-input":{"@type":"PropertyValueSpecification","valueRequired":true,"valueName":"search_term_string"}}],"inLanguage":"fr-FR"},{"@type":"Organization","@id":"https:\/\/beautybusinessholland.com\/fr\/#organization","name":"Beauty Business Holland","url":"https:\/\/beautybusinessholland.com\/fr\/","logo":{"@type":"ImageObject","inLanguage":"fr-FR","@id":"https:\/\/beautybusinessholland.com\/fr\/#\/schema\/logo\/image\/","url":"https:\/\/beautybusinessholland.com\/wp-content\/uploads\/2025\/04\/email-logo.png","contentUrl":"https:\/\/beautybusinessholland.com\/wp-content\/uploads\/2025\/04\/email-logo.png","width":300,"height":79,"caption":"Beauty Business Holland"},"image":{"@id":"https:\/\/beautybusinessholland.com\/fr\/#\/schema\/logo\/image\/"}}]}},"_links":{"self":[{"href":"https:\/\/beautybusinessholland.com\/fr\/wp-json\/wp\/v2\/product\/9267","targetHints":{"allow":["GET"]}}],"collection":[{"href":"https:\/\/beautybusinessholland.com\/fr\/wp-json\/wp\/v2\/product"}],"about":[{"href":"https:\/\/beautybusinessholland.com\/fr\/wp-json\/wp\/v2\/types\/product"}],"version-history":[{"count":0,"href":"https:\/\/beautybusinessholland.com\/fr\/wp-json\/wp\/v2\/product\/9267\/revisions"}],"wp:featuredmedia":[{"embeddable":true,"href":"https:\/\/beautybusinessholland.com\/fr\/wp-json\/wp\/v2\/media\/8024"}],"wp:attachment":[{"href":"https:\/\/beautybusinessholland.com\/fr\/wp-json\/wp\/v2\/media?parent=9267"}],"wp:term":[{"taxonomy":"product_brand","embeddable":true,"href":"https:\/\/beautybusinessholland.com\/fr\/wp-json\/wp\/v2\/product_brand?post=9267"},{"taxonomy":"product_cat","embeddable":true,"href":"https:\/\/beautybusinessholland.com\/fr\/wp-json\/wp\/v2\/product_cat?post=9267"},{"taxonomy":"product_tag","embeddable":true,"href":"https:\/\/beautybusinessholland.com\/fr\/wp-json\/wp\/v2\/product_tag?post=9267"}],"curies":[{"name":"wp","href":"https:\/\/api.w.org\/{rel}","templated":true}]}}