{"id":9269,"date":"2025-04-28T16:01:10","date_gmt":"2025-04-28T14:01:10","guid":{"rendered":"https:\/\/beautybusinessholland.com\/product\/serum-booster-de-collagene-avec-prebiotiques\/"},"modified":"2025-10-08T15:42:36","modified_gmt":"2025-10-08T13:42:36","slug":"collagen-booster-serum-with-prebiotics","status":"publish","type":"product","link":"https:\/\/beautybusinessholland.com\/fr\/produit\/collagen-booster-serum-with-prebiotics\/","title":{"rendered":"Collagen booster serum with prebiotics"},"content":{"rendered":"<p><span class=\"TextRun SCXW159704360 BCX0\" lang=\"NL\" xml:lang=\"NL\" data-contrast=\"auto\"><span class=\"NormalTextRun SCXW159704360 BCX0\">Ce s\u00e9rum puissant est sp\u00e9cialement formul\u00e9 pour r\u00e9duire visiblement l\u2019apparence des rides et ridules, favoriser l\u2019\u00e9lasticit\u00e9 de la peau et lui redonner une apparence plus jeune. Enrichi d\u2019ingr\u00e9dients puissants tels que le palmitoyl tripeptide-5, l\u2019extrait d\u2019algues et l\u2019extrait de fruit de citrus grandis, ce s\u00e9rum stimule la production de collag\u00e8ne, hydrate la peau et prot\u00e8ge contre les dommages caus\u00e9s par les radicaux libres. Le r\u00e9sultat est un teint plus ferme, plus lisse et plus \u00e9clatant. <\/span><\/span><\/p>\n","protected":false},"excerpt":{"rendered":"<p><span class=\"TextRun SCXW159704360 BCX0\" lang=\"NL\" xml:lang=\"NL\" data-contrast=\"auto\"><span class=\"NormalTextRun SCXW159704360 BCX0\">Ce s\u00e9rum puissant est sp\u00e9cialement formul\u00e9 pour r\u00e9duire visiblement l\u2019apparence des rides et ridules<\/span><\/span><\/p>\n","protected":false},"featured_media":8019,"template":"","meta":{"_acf_changed":false,"footnotes":""},"product_brand":[],"product_cat":[89],"product_tag":[],"class_list":{"0":"post-9269","1":"product","2":"type-product","3":"status-publish","4":"has-post-thumbnail","6":"product_cat-serums-booster","8":"first","9":"instock","10":"shipping-taxable","11":"purchasable","12":"product-type-simple"},"acf":[],"yoast_head":"<!-- This site is optimized with the Yoast SEO plugin v27.5 - https:\/\/yoast.com\/product\/yoast-seo-wordpress\/ -->\n<title>Collagen booster serum with prebiotics - Beauty Business Holland<\/title>\n<meta name=\"robots\" content=\"index, follow, max-snippet:-1, max-image-preview:large, max-video-preview:-1\" \/>\n<link rel=\"canonical\" href=\"https:\/\/beautybusinessholland.com\/fr\/produit\/collagen-booster-serum-with-prebiotics\/\" \/>\n<meta property=\"og:locale\" content=\"fr_FR\" \/>\n<meta property=\"og:type\" content=\"article\" \/>\n<meta property=\"og:title\" content=\"Collagen booster serum with prebiotics - Beauty Business Holland\" \/>\n<meta property=\"og:description\" content=\"Ce s\u00e9rum puissant est sp\u00e9cialement formul\u00e9 pour r\u00e9duire visiblement l\u2019apparence des rides et ridules\" \/>\n<meta property=\"og:url\" content=\"https:\/\/beautybusinessholland.com\/fr\/produit\/collagen-booster-serum-with-prebiotics\/\" \/>\n<meta property=\"og:site_name\" content=\"Beauty Business Holland\" \/>\n<meta property=\"article:modified_time\" content=\"2025-10-08T13:42:36+00:00\" \/>\n<meta property=\"og:image\" content=\"https:\/\/beautybusinessholland.com\/wp-content\/uploads\/2025\/04\/colleguen.jpg\" \/>\n\t<meta property=\"og:image:width\" content=\"800\" \/>\n\t<meta property=\"og:image:height\" content=\"799\" \/>\n\t<meta property=\"og:image:type\" content=\"image\/jpeg\" \/>\n<meta name=\"twitter:card\" content=\"summary_large_image\" \/>\n<meta name=\"twitter:label1\" content=\"Dur\u00e9e de lecture estim\u00e9e\" \/>\n\t<meta name=\"twitter:data1\" content=\"1 minute\" \/>\n<!-- \/ Yoast SEO plugin. -->","yoast_head_json":{"title":"Collagen booster serum with prebiotics - Beauty Business Holland","robots":{"index":"index","follow":"follow","max-snippet":"max-snippet:-1","max-image-preview":"max-image-preview:large","max-video-preview":"max-video-preview:-1"},"canonical":"https:\/\/beautybusinessholland.com\/fr\/produit\/collagen-booster-serum-with-prebiotics\/","og_locale":"fr_FR","og_type":"article","og_title":"Collagen booster serum with prebiotics - Beauty Business Holland","og_description":"Ce s\u00e9rum puissant est sp\u00e9cialement formul\u00e9 pour r\u00e9duire visiblement l\u2019apparence des rides et ridules","og_url":"https:\/\/beautybusinessholland.com\/fr\/produit\/collagen-booster-serum-with-prebiotics\/","og_site_name":"Beauty Business Holland","article_modified_time":"2025-10-08T13:42:36+00:00","og_image":[{"width":800,"height":799,"url":"https:\/\/beautybusinessholland.com\/wp-content\/uploads\/2025\/04\/colleguen.jpg","type":"image\/jpeg"}],"twitter_card":"summary_large_image","twitter_misc":{"Dur\u00e9e de lecture estim\u00e9e":"1 minute"},"schema":{"@context":"https:\/\/schema.org","@graph":[{"@type":"WebPage","@id":"https:\/\/beautybusinessholland.com\/fr\/produit\/collagen-booster-serum-with-prebiotics\/","url":"https:\/\/beautybusinessholland.com\/fr\/produit\/collagen-booster-serum-with-prebiotics\/","name":"Collagen booster serum with prebiotics - Beauty Business Holland","isPartOf":{"@id":"https:\/\/beautybusinessholland.com\/fr\/#website"},"primaryImageOfPage":{"@id":"https:\/\/beautybusinessholland.com\/fr\/produit\/collagen-booster-serum-with-prebiotics\/#primaryimage"},"image":{"@id":"https:\/\/beautybusinessholland.com\/fr\/produit\/collagen-booster-serum-with-prebiotics\/#primaryimage"},"thumbnailUrl":"https:\/\/beautybusinessholland.com\/wp-content\/uploads\/2025\/04\/colleguen.jpg","datePublished":"2025-04-28T14:01:10+00:00","dateModified":"2025-10-08T13:42:36+00:00","breadcrumb":{"@id":"https:\/\/beautybusinessholland.com\/fr\/produit\/collagen-booster-serum-with-prebiotics\/#breadcrumb"},"inLanguage":"fr-FR","potentialAction":[{"@type":"ReadAction","target":["https:\/\/beautybusinessholland.com\/fr\/produit\/collagen-booster-serum-with-prebiotics\/"]}]},{"@type":"ImageObject","inLanguage":"fr-FR","@id":"https:\/\/beautybusinessholland.com\/fr\/produit\/collagen-booster-serum-with-prebiotics\/#primaryimage","url":"https:\/\/beautybusinessholland.com\/wp-content\/uploads\/2025\/04\/colleguen.jpg","contentUrl":"https:\/\/beautybusinessholland.com\/wp-content\/uploads\/2025\/04\/colleguen.jpg","width":800,"height":799},{"@type":"BreadcrumbList","@id":"https:\/\/beautybusinessholland.com\/fr\/produit\/collagen-booster-serum-with-prebiotics\/#breadcrumb","itemListElement":[{"@type":"ListItem","position":1,"name":"Domicile","item":"https:\/\/beautybusinessholland.com\/fr\/"},{"@type":"ListItem","position":2,"name":"Boutique","item":"https:\/\/beautybusinessholland.com\/fr\/boutique\/"},{"@type":"ListItem","position":3,"name":"Collagen booster serum with prebiotics"}]},{"@type":"WebSite","@id":"https:\/\/beautybusinessholland.com\/fr\/#website","url":"https:\/\/beautybusinessholland.com\/fr\/","name":"Beauty Business Holland","description":"Beauty &amp; Health Care","publisher":{"@id":"https:\/\/beautybusinessholland.com\/fr\/#organization"},"potentialAction":[{"@type":"SearchAction","target":{"@type":"EntryPoint","urlTemplate":"https:\/\/beautybusinessholland.com\/fr\/?s={search_term_string}"},"query-input":{"@type":"PropertyValueSpecification","valueRequired":true,"valueName":"search_term_string"}}],"inLanguage":"fr-FR"},{"@type":"Organization","@id":"https:\/\/beautybusinessholland.com\/fr\/#organization","name":"Beauty Business Holland","url":"https:\/\/beautybusinessholland.com\/fr\/","logo":{"@type":"ImageObject","inLanguage":"fr-FR","@id":"https:\/\/beautybusinessholland.com\/fr\/#\/schema\/logo\/image\/","url":"https:\/\/beautybusinessholland.com\/wp-content\/uploads\/2025\/04\/email-logo.png","contentUrl":"https:\/\/beautybusinessholland.com\/wp-content\/uploads\/2025\/04\/email-logo.png","width":300,"height":79,"caption":"Beauty Business Holland"},"image":{"@id":"https:\/\/beautybusinessholland.com\/fr\/#\/schema\/logo\/image\/"}}]}},"_links":{"self":[{"href":"https:\/\/beautybusinessholland.com\/fr\/wp-json\/wp\/v2\/product\/9269","targetHints":{"allow":["GET"]}}],"collection":[{"href":"https:\/\/beautybusinessholland.com\/fr\/wp-json\/wp\/v2\/product"}],"about":[{"href":"https:\/\/beautybusinessholland.com\/fr\/wp-json\/wp\/v2\/types\/product"}],"version-history":[{"count":0,"href":"https:\/\/beautybusinessholland.com\/fr\/wp-json\/wp\/v2\/product\/9269\/revisions"}],"wp:featuredmedia":[{"embeddable":true,"href":"https:\/\/beautybusinessholland.com\/fr\/wp-json\/wp\/v2\/media\/8019"}],"wp:attachment":[{"href":"https:\/\/beautybusinessholland.com\/fr\/wp-json\/wp\/v2\/media?parent=9269"}],"wp:term":[{"taxonomy":"product_brand","embeddable":true,"href":"https:\/\/beautybusinessholland.com\/fr\/wp-json\/wp\/v2\/product_brand?post=9269"},{"taxonomy":"product_cat","embeddable":true,"href":"https:\/\/beautybusinessholland.com\/fr\/wp-json\/wp\/v2\/product_cat?post=9269"},{"taxonomy":"product_tag","embeddable":true,"href":"https:\/\/beautybusinessholland.com\/fr\/wp-json\/wp\/v2\/product_tag?post=9269"}],"curies":[{"name":"wp","href":"https:\/\/api.w.org\/{rel}","templated":true}]}}